{"id":951,"date":"2021-02-09T19:05:17","date_gmt":"2021-02-09T17:05:17","guid":{"rendered":"https:\/\/rijetke-bolesti.com\/?page_id=951"},"modified":"2023-08-28T14:30:08","modified_gmt":"2023-08-28T12:30:08","slug":"duchenneova-misicna-distrofija","status":"publish","type":"page","link":"https:\/\/rijetke-bolesti.com\/en\/rijetke-bolesti\/biblioteka\/duchenneova-misicna-distrofija\/","title":{"rendered":"Duchenneova mi\u0161i\u0107na distrofija"},"content":{"rendered":"<p><strong>\u0160to je Duchenneova mi\u0161i\u0107na distrofija (DMD)?<\/strong><\/p>\n\n\n\n<p>U ranim fazama DMD zahva\u0107a mi\u0161i\u0107e ramena i nadlaktice te mi\u0161i\u0107e kukova i bedara. Te slabosti dovode do pote\u0161ko\u0107a u podizanju s poda, penjanju stepenicama, odr\u017eavanju ravnote\u017ee i podizanju ruku.<\/p>\n\n\n\n<p>Duchenneova mi\u0161i\u0107na distrofija (DMD) genetski je poreme\u0107aj kojeg karakterizira progresivna degeneracija mi\u0161i\u0107a i slabost zbog promjena proteina koji se naziva distrofin i koji poma\u017ee odr\u017eavanju mi\u0161i\u0107nih stanica netaknutima. DMD je jedno od \u010detiri stanja koja su poznata kao distrofinopatije. Ostale tri bolesti koje pripadaju ovoj skupini su Beckerova mi\u0161i\u0107na distrofija (BMD, blagi oblik DMD-a); srednja klini\u010dka slika izme\u0111u DMD-a i BMD-a; i pro\u0161irena kardiomiopatija (bolest srca) povezana s DMD-om s malo ili nimalo klini\u010dke bolesti ko\u0161tanih ili voljnih mi\u0161i\u0107a.<\/p>\n\n\n\n<p>Simptomi DMD-a javljaju se u ranom djetinjstvu, obi\u010dno izme\u0111u 2. i 3. godine \u017eivota. Bolest prvenstveno poga\u0111a dje\u010dake, ali u rijetkim slu\u010dajevima mo\u017ee pogoditi i djevoj\u010dice.<\/p>\n\n\n\n<p>U Europi i Sjevernoj Americi prevalencija DMD-a iznosi otprilike 6 na 100.000 osoba.<\/p>\n\n\n\n<p><strong>Koji su simptomi DMD-a?<\/strong><\/p>\n\n\n\n<p>Mi\u0161i\u0107na slabost glavni je simptom DMD-a. Mo\u017ee se javiti ve\u0107 u 2. ili 3. godini \u017eivota, prvo utje\u010du\u0107i na proksimalne mi\u0161i\u0107e (one koji su u blizini sredi\u0161ta tijela), a kasnije na distalne mi\u0161i\u0107e udova (one koji su blizu ekstremiteta). Obi\u010dno su zahva\u0107eni donji vanjski mi\u0161i\u0107i prije gornjih vanjskih mi\u0161i\u0107a. Oboljelo dijete mo\u017ee imati pote\u0161ko\u0107e u skakanju, tr\u010danju i hodanju. Ostali simptomi uklju\u010duju pove\u0107anje listova, gegavi hod i lumbalnu lordozu (zakrivljenje kralje\u017enice prema unutra). Bolest kasnije zahva\u0107a i sr\u010dane i di\u0161ne mi\u0161i\u0107e. Progresivna slabost i skolioza rezultiraju o\u0161te\u0107enjem plu\u0107ne funkcije, \u0161to na kraju mo\u017ee uzrokovati akutno zatajenje di\u0161nog sustava.&nbsp;<\/p>\n\n\n\n<p>Beckerova mi\u0161i\u0107na distrofija (BMD) sli\u010dna je DMD-u, ali se javlja u tinejd\u017eerskoj ili ranoj odrasloj dobi. Tijek bolesti BMD-a je sporiji i manje predvidljiv nego DMD.<\/p>\n\n\n\n<p><strong>\u0160to uzrokuje DMD?<\/strong><\/p>\n\n\n\n<p>DMD je prvi opisao francuski neurolog Guillaume Benjamin Amand Duchenne 1860-ih godina, ali do 1980-ih malo se znalo o uzroku bilo kakve mi\u0161i\u0107ne distrofije. 1986. godine istra\u017eiva\u010di su uz potporu Udru\u017eenja mi\u0161i\u0107ne distrofije identificirali odre\u0111eni gen na X kromosomu koji, kada je o\u0161te\u0107en (mutiran), uzrokuje DMD. 1987. godine identificiran je protein povezan s ovim genom i nazvan distrofin. Nedostatak proteina distrofina u mi\u0161i\u0107nim stanicama uzrokuje njihovu krhko\u0107u te se one lako o\u0161te\u0107uju.<\/p>\n\n\n\n<p>DMD ima X-vezan obrazac recesivnog naslje\u0111ivanja i prenosi ga majka koja se naziva nositeljem. Za vi\u0161e informacija o na\u010dinu na koji mutacije gena uzrokuju DMD, pogledajte odjeljak Uzroci\/naslje\u0111ivanje.<\/p>\n\n\n\n<p><strong>Tko su \u201enositelji\u201c DMD-a?<\/strong><\/p>\n\n\n\n<p>Nositelji DMD-a su \u017eene koje imaju normalan gen za distrofin na jednom X kromosomu i abnormalni gen za distrofin na drugom X kromosomu. Ve\u0107ina nositelja DMD-a sami nemaju znakove i simptome bolesti, ali mali broj njih ih ima. Simptomi mogu varirati od blage slabosti ko\u0161tanih mi\u0161i\u0107a ili zahva\u0107enosti srca do te\u0161ke slabosti ili sr\u010danih posljedica i mogu se javiti u djetinjstvu ili odrasloj dobi.&nbsp;<\/p>\n\n\n\n<p><strong>Koje je o\u010dekivano trajanje \u017eivota osoba oboljelih od DMD-a?<\/strong><\/p>\n\n\n\n<p>Do relativno nedavno, dje\u010daci oboljeli od DMD-a obi\u010dno nisu \u017eivjeli puno dulje od tinejd\u017eerskih godina. Zahvaljuju\u0107i napretku u sr\u010danoj i respiratornoj njezi, o\u010dekivano trajanje \u017eivota se pove\u0107ava i mnogi mladi s DMD-om poha\u0111aju fakultet, imaju karijeru, vjen\u010daju se i imaju djecu. \u017divot do ranih 30-ih postaje sve \u010de\u0161\u0107i.&nbsp;<\/p>\n\n\n\n<hr class=\"wp-block-separator has-css-opacity\"\/>\n\n\n\n<h2 class=\"wp-block-heading\"><strong>PDF materijali<\/strong><\/h2>\n\n\n\n<div class=\"wp-block-file\"><a id=\"wp-block-file--media-b4393d77-700d-48c5-b3d5-273af2050143\" href=\"https:\/\/rijetke-bolesti.com\/wp-content\/uploads\/2021\/02\/DMD-letak1.pdf\">DMD-letak1<\/a><a href=\"https:\/\/rijetke-bolesti.com\/wp-content\/uploads\/2021\/02\/DMD-letak1.pdf\" class=\"wp-block-file__button wp-element-button\" download aria-describedby=\"wp-block-file--media-b4393d77-700d-48c5-b3d5-273af2050143\">Download<\/a><\/div>\n\n\n\n<div class=\"wp-block-file\"><a id=\"wp-block-file--media-94e5a111-9757-4e5b-865b-9ef956062311\" href=\"https:\/\/rijetke-bolesti.com\/wp-content\/uploads\/2021\/02\/DMD-red-flag.pdf\">DMD-red-flag<\/a><a href=\"https:\/\/rijetke-bolesti.com\/wp-content\/uploads\/2021\/02\/DMD-red-flag.pdf\" class=\"wp-block-file__button wp-element-button\" download aria-describedby=\"wp-block-file--media-94e5a111-9757-4e5b-865b-9ef956062311\">Download<\/a><\/div>\n\n\n\n<div class=\"wp-block-file\"><a id=\"wp-block-file--media-e3458fd5-473a-460c-8e23-9f0623e0ea48\" href=\"https:\/\/rijetke-bolesti.com\/wp-content\/uploads\/2022\/04\/Duchenneova-misicna-distrofija_compressed-1.pdf\">DMD- edukativni letak za djelatnike u \u0161kolstvu <\/a><a href=\"https:\/\/rijetke-bolesti.com\/wp-content\/uploads\/2022\/04\/Duchenneova-misicna-distrofija_compressed-1.pdf\" class=\"wp-block-file__button wp-element-button\" download aria-describedby=\"wp-block-file--media-e3458fd5-473a-460c-8e23-9f0623e0ea48\">Download<\/a><\/div>\n\n\n\n<hr class=\"wp-block-separator has-css-opacity\"\/>\n\n\n\n<p><strong>Knji\u017eica s uputama za vje\u017ebe istezanja<br><\/strong>namijenjeno djeci s duchenneovom mi\u0161i\u0107nom distrofijom<\/p>\n\n\n\n\n\n<div class=\"wp-block-buttons is-layout-flex wp-block-buttons-is-layout-flex\">\n<div class=\"wp-block-button\"><a class=\"wp-block-button__link wp-element-button\" href=\"https:\/\/drive.google.com\/drive\/u\/0\/folders\/1TNWtc8Dw3cpvaA1I2uAriqfmD8hfzXt6\">\u010cuvari svemira<\/a><\/div>\n<\/div>\n\n\n\n<p><\/p>\n\n\n\n<hr class=\"wp-block-separator has-css-opacity\"\/>\n\n\n\n<p><strong>KNJI\u017dICA S UPUTAMA ZA VJE\u017dBE ISTEZANJA<br><\/strong>NAMIJENJENO DJECI S DUCHENNEOVOM MI\u0160I\u0106NOM DISTROFIJOM<\/p>\n\n\n\n<div class=\"wp-block-buttons is-layout-flex wp-block-buttons-is-layout-flex\">\n<div class=\"wp-block-button\"><a class=\"wp-block-button__link wp-element-button\" href=\"https:\/\/drive.google.com\/drive\/u\/0\/folders\/1TNWtc8Dw3cpvaA1I2uAriqfmD8hfzXt6\">Branitelji galaksije<\/a><\/div>\n<\/div>\n\n\n\n<hr class=\"wp-block-separator has-css-opacity\"\/>\n\n\n\n<h2 class=\"wp-block-heading\">Video vje\u017ebe za oboljele od Duchennove mi\u0161i\u0107ne distrofije<\/h2>\n\n\n\n<div style=\"height:100px\" aria-hidden=\"true\" class=\"wp-block-spacer\"><\/div>\n\n\n\n<figure class=\"wp-block-embed aligncenter is-type-video is-provider-youtube wp-block-embed-youtube wp-embed-aspect-16-9 wp-has-aspect-ratio\"><div class=\"wp-block-embed__wrapper\">\n<iframe loading=\"lazy\" title=\"Vjez\u030cbe za Duchenne   sve\" width=\"500\" height=\"281\" src=\"https:\/\/www.youtube.com\/embed\/hkSpiYDnvQs?feature=oembed\" frameborder=\"0\" allow=\"accelerometer; autoplay; clipboard-write; encrypted-media; gyroscope; picture-in-picture; web-share\" referrerpolicy=\"strict-origin-when-cross-origin\" allowfullscreen><\/iframe>\n<\/div><\/figure>\n\n\n\n<div style=\"height:100px\" aria-hidden=\"true\" class=\"wp-block-spacer\"><\/div>\n\n\n\n<figure class=\"wp-block-embed is-type-video is-provider-youtube wp-block-embed-youtube wp-embed-aspect-16-9 wp-has-aspect-ratio\"><div class=\"wp-block-embed__wrapper\">\n<iframe loading=\"lazy\" title=\"Vjez\u030cbe za Duchenne primjer\" width=\"500\" height=\"281\" src=\"https:\/\/www.youtube.com\/embed\/tCTGELFe7SQ?feature=oembed\" frameborder=\"0\" allow=\"accelerometer; autoplay; clipboard-write; encrypted-media; gyroscope; picture-in-picture; web-share\" referrerpolicy=\"strict-origin-when-cross-origin\" allowfullscreen><\/iframe>\n<\/div><\/figure>\n\n\n\n<div style=\"height:100px\" aria-hidden=\"true\" class=\"wp-block-spacer\"><\/div>\n\n\n\n<figure class=\"wp-block-embed is-type-video is-provider-youtube wp-block-embed-youtube wp-embed-aspect-16-9 wp-has-aspect-ratio\"><div class=\"wp-block-embed__wrapper\">\n<iframe loading=\"lazy\" title=\"Multidisciplinarni pristup pacijentima s Duchenneovom mi\u0161i\u0107nom distrofijom- Anela \u010culo VMS 1.\" width=\"500\" height=\"281\" src=\"https:\/\/www.youtube.com\/embed\/k2GU7pv3djo?feature=oembed\" frameborder=\"0\" allow=\"accelerometer; autoplay; clipboard-write; encrypted-media; gyroscope; picture-in-picture; web-share\" referrerpolicy=\"strict-origin-when-cross-origin\" allowfullscreen><\/iframe>\n<\/div><\/figure>\n\n\n\n<div style=\"height:100px\" aria-hidden=\"true\" class=\"wp-block-spacer\"><\/div>\n\n\n\n<figure class=\"wp-block-embed is-type-video is-provider-youtube wp-block-embed-youtube wp-embed-aspect-16-9 wp-has-aspect-ratio\"><div class=\"wp-block-embed__wrapper\">\n<iframe loading=\"lazy\" title=\"Multidisciplinarni pristup pacijentima s Duchenneovom mi\u0161i\u0107nom distrofijom- Anela \u010culo VMS 2.\" width=\"500\" height=\"281\" src=\"https:\/\/www.youtube.com\/embed\/vtFWTQh4D9k?feature=oembed\" frameborder=\"0\" allow=\"accelerometer; autoplay; clipboard-write; encrypted-media; gyroscope; picture-in-picture; web-share\" referrerpolicy=\"strict-origin-when-cross-origin\" allowfullscreen><\/iframe>\n<\/div><\/figure>\n\n\n\n<div style=\"height:100px\" aria-hidden=\"true\" class=\"wp-block-spacer\"><\/div>\n\n\n\n<figure class=\"wp-block-embed is-type-video is-provider-youtube wp-block-embed-youtube wp-embed-aspect-16-9 wp-has-aspect-ratio\"><div class=\"wp-block-embed__wrapper\">\n<iframe loading=\"lazy\" title=\"Multidisciplinarni pristup pacijentima s Duchenneovom mi\u0161i\u0107nom distrofijom- Anela \u010culo VMS 3.\" width=\"500\" height=\"281\" src=\"https:\/\/www.youtube.com\/embed\/g9sTHxtloJA?feature=oembed\" frameborder=\"0\" allow=\"accelerometer; autoplay; clipboard-write; encrypted-media; gyroscope; picture-in-picture; web-share\" referrerpolicy=\"strict-origin-when-cross-origin\" allowfullscreen><\/iframe>\n<\/div><\/figure>","protected":false},"excerpt":{"rendered":"<p>\u0160to je Duchenneova mi\u0161i\u0107na distrofija (DMD)? U ranim fazama DMD zahva\u0107a mi\u0161i\u0107e ramena i nadlaktice te mi\u0161i\u0107e kukova i bedara. Te slabosti dovode do pote\u0161ko\u0107a u podizanju s poda, penjanju stepenicama, odr\u017eavanju ravnote\u017ee i podizanju ruku. Duchenneova mi\u0161i\u0107na distrofija (DMD) genetski je poreme\u0107aj kojeg karakterizira&#8230;<\/p>","protected":false},"author":2,"featured_media":0,"parent":666,"menu_order":0,"comment_status":"closed","ping_status":"closed","template":"","meta":{"content-type":"","footnotes":""},"class_list":["post-951","page","type-page","status-publish","hentry"],"yoast_head":"<!-- This site is optimized with the Yoast SEO plugin v26.0 - https:\/\/yoast.com\/wordpress\/plugins\/seo\/ -->\n<title>Duchenneova mi\u0161i\u0107na distrofija - Hrvatski savez za rijetke bolesti<\/title>\n<meta name=\"robots\" content=\"index, follow, max-snippet:-1, max-image-preview:large, max-video-preview:-1\" \/>\n<link rel=\"canonical\" href=\"https:\/\/rijetke-bolesti.com\/en\/rijetke-bolesti\/biblioteka\/duchenneova-misicna-distrofija\/\" \/>\n<meta property=\"og:locale\" content=\"en_GB\" \/>\n<meta property=\"og:type\" content=\"article\" \/>\n<meta property=\"og:title\" content=\"Duchenneova mi\u0161i\u0107na distrofija - Hrvatski savez za rijetke bolesti\" \/>\n<meta property=\"og:description\" content=\"\u0160to je Duchenneova mi\u0161i\u0107na distrofija (DMD)? U ranim fazama DMD zahva\u0107a mi\u0161i\u0107e ramena i nadlaktice te mi\u0161i\u0107e kukova i bedara. Te slabosti dovode do pote\u0161ko\u0107a u podizanju s poda, penjanju stepenicama, odr\u017eavanju ravnote\u017ee i podizanju ruku. Duchenneova mi\u0161i\u0107na distrofija (DMD) genetski je poreme\u0107aj kojeg karakterizira...\" \/>\n<meta property=\"og:url\" content=\"https:\/\/rijetke-bolesti.com\/en\/rijetke-bolesti\/biblioteka\/duchenneova-misicna-distrofija\/\" \/>\n<meta property=\"og:site_name\" content=\"Hrvatski savez za rijetke bolesti\" \/>\n<meta property=\"article:modified_time\" content=\"2023-08-28T12:30:08+00:00\" \/>\n<meta name=\"twitter:card\" content=\"summary_large_image\" \/>\n<meta name=\"twitter:label1\" content=\"Estimated reading time\" \/>\n\t<meta name=\"twitter:data1\" content=\"3 minutes\" \/>\n<script type=\"application\/ld+json\" class=\"yoast-schema-graph\">{\"@context\":\"https:\/\/schema.org\",\"@graph\":[{\"@type\":\"WebPage\",\"@id\":\"https:\/\/rijetke-bolesti.com\/rijetke-bolesti\/biblioteka\/duchenneova-misicna-distrofija\/\",\"url\":\"https:\/\/rijetke-bolesti.com\/rijetke-bolesti\/biblioteka\/duchenneova-misicna-distrofija\/\",\"name\":\"Duchenneova mi\u0161i\u0107na distrofija - Hrvatski savez za rijetke bolesti\",\"isPartOf\":{\"@id\":\"https:\/\/rijetke-bolesti.com\/#website\"},\"datePublished\":\"2021-02-09T17:05:17+00:00\",\"dateModified\":\"2023-08-28T12:30:08+00:00\",\"breadcrumb\":{\"@id\":\"https:\/\/rijetke-bolesti.com\/rijetke-bolesti\/biblioteka\/duchenneova-misicna-distrofija\/#breadcrumb\"},\"inLanguage\":\"en-GB\",\"potentialAction\":[{\"@type\":\"ReadAction\",\"target\":[\"https:\/\/rijetke-bolesti.com\/rijetke-bolesti\/biblioteka\/duchenneova-misicna-distrofija\/\"]}]},{\"@type\":\"BreadcrumbList\",\"@id\":\"https:\/\/rijetke-bolesti.com\/rijetke-bolesti\/biblioteka\/duchenneova-misicna-distrofija\/#breadcrumb\",\"itemListElement\":[{\"@type\":\"ListItem\",\"position\":1,\"name\":\"Home\",\"item\":\"https:\/\/rijetke-bolesti.com\/\"},{\"@type\":\"ListItem\",\"position\":2,\"name\":\"Rijetke bolesti\",\"item\":\"https:\/\/rijetke-bolesti.com\/rijetke-bolesti\/\"},{\"@type\":\"ListItem\",\"position\":3,\"name\":\"Rijetka biblioteka\",\"item\":\"https:\/\/rijetke-bolesti.com\/rijetke-bolesti\/biblioteka\/\"},{\"@type\":\"ListItem\",\"position\":4,\"name\":\"Duchenneova mi\u0161i\u0107na distrofija\"}]},{\"@type\":\"WebSite\",\"@id\":\"https:\/\/rijetke-bolesti.com\/#website\",\"url\":\"https:\/\/rijetke-bolesti.com\/\",\"name\":\"Hrvatski savez za rijetke bolesti\",\"description\":\"Za\u0161tita i unapre\u0111enje kvalitete \u017eivota osoba oboljelih\u00a0 od rijetkih bolesti\",\"potentialAction\":[{\"@type\":\"SearchAction\",\"target\":{\"@type\":\"EntryPoint\",\"urlTemplate\":\"https:\/\/rijetke-bolesti.com\/?s={search_term_string}\"},\"query-input\":{\"@type\":\"PropertyValueSpecification\",\"valueRequired\":true,\"valueName\":\"search_term_string\"}}],\"inLanguage\":\"en-GB\"}]}<\/script>\n<!-- \/ Yoast SEO plugin. -->","yoast_head_json":{"title":"Duchenneova mi\u0161i\u0107na distrofija - Hrvatski savez za rijetke bolesti","robots":{"index":"index","follow":"follow","max-snippet":"max-snippet:-1","max-image-preview":"max-image-preview:large","max-video-preview":"max-video-preview:-1"},"canonical":"https:\/\/rijetke-bolesti.com\/en\/rijetke-bolesti\/biblioteka\/duchenneova-misicna-distrofija\/","og_locale":"en_GB","og_type":"article","og_title":"Duchenneova mi\u0161i\u0107na distrofija - Hrvatski savez za rijetke bolesti","og_description":"\u0160to je Duchenneova mi\u0161i\u0107na distrofija (DMD)? U ranim fazama DMD zahva\u0107a mi\u0161i\u0107e ramena i nadlaktice te mi\u0161i\u0107e kukova i bedara. Te slabosti dovode do pote\u0161ko\u0107a u podizanju s poda, penjanju stepenicama, odr\u017eavanju ravnote\u017ee i podizanju ruku. Duchenneova mi\u0161i\u0107na distrofija (DMD) genetski je poreme\u0107aj kojeg karakterizira...","og_url":"https:\/\/rijetke-bolesti.com\/en\/rijetke-bolesti\/biblioteka\/duchenneova-misicna-distrofija\/","og_site_name":"Hrvatski savez za rijetke bolesti","article_modified_time":"2023-08-28T12:30:08+00:00","twitter_card":"summary_large_image","twitter_misc":{"Estimated reading time":"3 minutes"},"schema":{"@context":"https:\/\/schema.org","@graph":[{"@type":"WebPage","@id":"https:\/\/rijetke-bolesti.com\/rijetke-bolesti\/biblioteka\/duchenneova-misicna-distrofija\/","url":"https:\/\/rijetke-bolesti.com\/rijetke-bolesti\/biblioteka\/duchenneova-misicna-distrofija\/","name":"Duchenneova mi\u0161i\u0107na distrofija - Hrvatski savez za rijetke bolesti","isPartOf":{"@id":"https:\/\/rijetke-bolesti.com\/#website"},"datePublished":"2021-02-09T17:05:17+00:00","dateModified":"2023-08-28T12:30:08+00:00","breadcrumb":{"@id":"https:\/\/rijetke-bolesti.com\/rijetke-bolesti\/biblioteka\/duchenneova-misicna-distrofija\/#breadcrumb"},"inLanguage":"en-GB","potentialAction":[{"@type":"ReadAction","target":["https:\/\/rijetke-bolesti.com\/rijetke-bolesti\/biblioteka\/duchenneova-misicna-distrofija\/"]}]},{"@type":"BreadcrumbList","@id":"https:\/\/rijetke-bolesti.com\/rijetke-bolesti\/biblioteka\/duchenneova-misicna-distrofija\/#breadcrumb","itemListElement":[{"@type":"ListItem","position":1,"name":"Home","item":"https:\/\/rijetke-bolesti.com\/"},{"@type":"ListItem","position":2,"name":"Rijetke bolesti","item":"https:\/\/rijetke-bolesti.com\/rijetke-bolesti\/"},{"@type":"ListItem","position":3,"name":"Rijetka biblioteka","item":"https:\/\/rijetke-bolesti.com\/rijetke-bolesti\/biblioteka\/"},{"@type":"ListItem","position":4,"name":"Duchenneova mi\u0161i\u0107na distrofija"}]},{"@type":"WebSite","@id":"https:\/\/rijetke-bolesti.com\/#website","url":"https:\/\/rijetke-bolesti.com\/","name":"Hrvatski savez za rijetke bolesti","description":"Za\u0161tita i unapre\u0111enje kvalitete \u017eivota osoba oboljelih\u00a0 od rijetkih bolesti","potentialAction":[{"@type":"SearchAction","target":{"@type":"EntryPoint","urlTemplate":"https:\/\/rijetke-bolesti.com\/?s={search_term_string}"},"query-input":{"@type":"PropertyValueSpecification","valueRequired":true,"valueName":"search_term_string"}}],"inLanguage":"en-GB"}]}},"_links":{"self":[{"href":"https:\/\/rijetke-bolesti.com\/en\/wp-json\/wp\/v2\/pages\/951","targetHints":{"allow":["GET"]}}],"collection":[{"href":"https:\/\/rijetke-bolesti.com\/en\/wp-json\/wp\/v2\/pages"}],"about":[{"href":"https:\/\/rijetke-bolesti.com\/en\/wp-json\/wp\/v2\/types\/page"}],"author":[{"embeddable":true,"href":"https:\/\/rijetke-bolesti.com\/en\/wp-json\/wp\/v2\/users\/2"}],"replies":[{"embeddable":true,"href":"https:\/\/rijetke-bolesti.com\/en\/wp-json\/wp\/v2\/comments?post=951"}],"version-history":[{"count":14,"href":"https:\/\/rijetke-bolesti.com\/en\/wp-json\/wp\/v2\/pages\/951\/revisions"}],"predecessor-version":[{"id":3622,"href":"https:\/\/rijetke-bolesti.com\/en\/wp-json\/wp\/v2\/pages\/951\/revisions\/3622"}],"up":[{"embeddable":true,"href":"https:\/\/rijetke-bolesti.com\/en\/wp-json\/wp\/v2\/pages\/666"}],"wp:attachment":[{"href":"https:\/\/rijetke-bolesti.com\/en\/wp-json\/wp\/v2\/media?parent=951"}],"curies":[{"name":"wp","href":"https:\/\/api.w.org\/{rel}","templated":true}]}}