{"id":902,"date":"2020-12-22T21:03:55","date_gmt":"2020-12-22T19:03:55","guid":{"rendered":"https:\/\/rijetke-bolesti.com\/?page_id=902"},"modified":"2025-04-17T12:16:55","modified_gmt":"2025-04-17T10:16:55","slug":"donatori","status":"publish","type":"page","link":"https:\/\/rijetke-bolesti.com\/en\/nas-tim\/donatori\/","title":{"rendered":"Partners &amp; Donors"},"content":{"rendered":"<div class=\"wp-block-columns is-layout-flex wp-container-core-columns-is-layout-9d6595d7 wp-block-columns-is-layout-flex\">\n<div class=\"wp-block-column is-layout-flow wp-block-column-is-layout-flow\">\n<figure class=\"wp-block-image size-large\"><img loading=\"lazy\" decoding=\"async\" width=\"1024\" height=\"569\" src=\"https:\/\/rijetke-bolesti.com\/wp-content\/uploads\/2019\/03\/Infobip-Zaklada_logo1-1-1-1024x569.png\" alt=\"\" class=\"wp-image-4522\" srcset=\"https:\/\/rijetke-bolesti.com\/wp-content\/uploads\/2019\/03\/Infobip-Zaklada_logo1-1-1-1024x569.png 1024w, https:\/\/rijetke-bolesti.com\/wp-content\/uploads\/2019\/03\/Infobip-Zaklada_logo1-1-1-300x167.png 300w, https:\/\/rijetke-bolesti.com\/wp-content\/uploads\/2019\/03\/Infobip-Zaklada_logo1-1-1-768x427.png 768w, https:\/\/rijetke-bolesti.com\/wp-content\/uploads\/2019\/03\/Infobip-Zaklada_logo1-1-1.png 1418w\" sizes=\"auto, (max-width: 1024px) 100vw, 1024px\" \/><\/figure>\n<\/div>\n\n\n\n<div class=\"wp-block-column is-layout-flow wp-block-column-is-layout-flow\">\n<figure class=\"wp-block-image size-full\"><img loading=\"lazy\" decoding=\"async\" width=\"298\" height=\"142\" src=\"https:\/\/rijetke-bolesti.com\/wp-content\/uploads\/2021\/02\/sJeLew5g-1.png\" alt=\"\" class=\"wp-image-1225\"\/><\/figure>\n<\/div>\n\n\n\n<div class=\"wp-block-column is-layout-flow wp-block-column-is-layout-flow\">\n<figure class=\"wp-block-image size-full\"><img loading=\"lazy\" decoding=\"async\" width=\"512\" height=\"284\" src=\"https:\/\/rijetke-bolesti.com\/wp-content\/uploads\/2021\/02\/NAc.jpg\" alt=\"\" class=\"wp-image-1223\" srcset=\"https:\/\/rijetke-bolesti.com\/wp-content\/uploads\/2021\/02\/NAc.jpg 512w, https:\/\/rijetke-bolesti.com\/wp-content\/uploads\/2021\/02\/NAc-300x166.jpg 300w\" sizes=\"auto, (max-width: 512px) 100vw, 512px\" \/><\/figure>\n<\/div>\n<\/div>\n\n\n\n<div class=\"wp-block-columns is-layout-flex wp-container-core-columns-is-layout-9d6595d7 wp-block-columns-is-layout-flex\">\n<div class=\"wp-block-column is-layout-flow wp-block-column-is-layout-flow\">\n<figure class=\"wp-block-image size-large\"><img loading=\"lazy\" decoding=\"async\" width=\"1024\" height=\"676\" src=\"https:\/\/rijetke-bolesti.com\/wp-content\/uploads\/2019\/03\/Urbani-eventi-logo-1-1-1024x676.png\" alt=\"\" class=\"wp-image-4512\" srcset=\"https:\/\/rijetke-bolesti.com\/wp-content\/uploads\/2019\/03\/Urbani-eventi-logo-1-1-1024x676.png 1024w, https:\/\/rijetke-bolesti.com\/wp-content\/uploads\/2019\/03\/Urbani-eventi-logo-1-1-300x198.png 300w, https:\/\/rijetke-bolesti.com\/wp-content\/uploads\/2019\/03\/Urbani-eventi-logo-1-1-768x507.png 768w, https:\/\/rijetke-bolesti.com\/wp-content\/uploads\/2019\/03\/Urbani-eventi-logo-1-1.png 1529w\" sizes=\"auto, (max-width: 1024px) 100vw, 1024px\" \/><\/figure>\n<\/div>\n\n\n\n<div class=\"wp-block-column is-layout-flow wp-block-column-is-layout-flow\"><div class=\"wp-block-image\">\n<figure class=\"aligncenter size-full is-resized\"><img loading=\"lazy\" decoding=\"async\" width=\"253\" height=\"257\" src=\"https:\/\/rijetke-bolesti.com\/wp-content\/uploads\/2025\/03\/print_cmyk_pulsar-logo-2018.png\" alt=\"\" class=\"wp-image-4525\" style=\"width:143px;height:auto\"\/><\/figure>\n<\/div><\/div>\n\n\n\n<div class=\"wp-block-column is-layout-flow wp-block-column-is-layout-flow\">\n<figure class=\"wp-block-image size-full\"><img loading=\"lazy\" decoding=\"async\" width=\"457\" height=\"192\" src=\"https:\/\/rijetke-bolesti.com\/wp-content\/uploads\/2024\/04\/ACF-logo_PNG.png\" alt=\"\" class=\"wp-image-3862\" srcset=\"https:\/\/rijetke-bolesti.com\/wp-content\/uploads\/2024\/04\/ACF-logo_PNG.png 457w, https:\/\/rijetke-bolesti.com\/wp-content\/uploads\/2024\/04\/ACF-logo_PNG-300x126.png 300w\" sizes=\"auto, (max-width: 457px) 100vw, 457px\" \/><\/figure>\n<\/div>\n<\/div>\n\n\n\n<div class=\"wp-block-columns is-layout-flex wp-container-core-columns-is-layout-9d6595d7 wp-block-columns-is-layout-flex\">\n<div class=\"wp-block-column is-layout-flow wp-block-column-is-layout-flow\">\n<figure class=\"wp-block-image size-full\"><img loading=\"lazy\" decoding=\"async\" width=\"470\" height=\"141\" src=\"https:\/\/rijetke-bolesti.com\/wp-content\/uploads\/2019\/03\/HBOR.jpg\" alt=\"\" class=\"wp-image-4837\" srcset=\"https:\/\/rijetke-bolesti.com\/wp-content\/uploads\/2019\/03\/HBOR.jpg 470w, https:\/\/rijetke-bolesti.com\/wp-content\/uploads\/2019\/03\/HBOR-300x90.jpg 300w, https:\/\/rijetke-bolesti.com\/wp-content\/uploads\/2019\/03\/HBOR-18x5.jpg 18w\" sizes=\"auto, (max-width: 470px) 100vw, 470px\" \/><\/figure>\n<\/div>\n\n\n\n<div class=\"wp-block-column is-layout-flow wp-block-column-is-layout-flow\">\n<figure class=\"wp-block-image size-full\"><img loading=\"lazy\" decoding=\"async\" width=\"366\" height=\"244\" src=\"https:\/\/rijetke-bolesti.com\/wp-content\/uploads\/2021\/02\/MRMSOSP_logo_v-1.jpg\" alt=\"\" class=\"wp-image-1222\" srcset=\"https:\/\/rijetke-bolesti.com\/wp-content\/uploads\/2021\/02\/MRMSOSP_logo_v-1.jpg 366w, https:\/\/rijetke-bolesti.com\/wp-content\/uploads\/2021\/02\/MRMSOSP_logo_v-1-300x200.jpg 300w\" sizes=\"auto, (max-width: 366px) 100vw, 366px\" \/><\/figure>\n<\/div>\n\n\n\n<div class=\"wp-block-column is-layout-flow wp-block-column-is-layout-flow\">\n<figure class=\"wp-block-image size-full\"><img loading=\"lazy\" decoding=\"async\" width=\"608\" height=\"237\" src=\"https:\/\/rijetke-bolesti.com\/wp-content\/uploads\/2025\/04\/minzd-1-1-1.jpg\" alt=\"\" class=\"wp-image-4682\" srcset=\"https:\/\/rijetke-bolesti.com\/wp-content\/uploads\/2025\/04\/minzd-1-1-1.jpg 608w, https:\/\/rijetke-bolesti.com\/wp-content\/uploads\/2025\/04\/minzd-1-1-1-300x117.jpg 300w, https:\/\/rijetke-bolesti.com\/wp-content\/uploads\/2025\/04\/minzd-1-1-1-18x7.jpg 18w\" sizes=\"auto, (max-width: 608px) 100vw, 608px\" \/><\/figure>\n<\/div>\n<\/div>\n\n\n\n<div class=\"wp-block-columns is-layout-flex wp-container-core-columns-is-layout-9d6595d7 wp-block-columns-is-layout-flex\">\n<div class=\"wp-block-column is-layout-flow wp-block-column-is-layout-flow\"><\/div>\n\n\n\n<div class=\"wp-block-column is-layout-flow wp-block-column-is-layout-flow\"><\/div>\n\n\n\n<div class=\"wp-block-column is-layout-flow wp-block-column-is-layout-flow\"><\/div>\n<\/div>\n\n\n\n<div style=\"height:100px\" aria-hidden=\"true\" class=\"wp-block-spacer\"><\/div>\n\n\n\n<p><\/p>\n\n\n\n<div class=\"wp-block-media-text alignwide has-media-on-the-right is-stacked-on-mobile is-vertically-aligned-center\" style=\"grid-template-columns:auto 33%\"><div class=\"wp-block-media-text__content\">\n<p class=\"has-medium-font-size\"><strong>You can donate via barcode or to the account:<\/strong><br><strong>IBAN: HR5023600001101571337<\/strong><br><strong>SWIFT: ZABA HR2X<\/strong><\/p>\n<\/div><figure class=\"wp-block-media-text__media\"><img loading=\"lazy\" decoding=\"async\" width=\"562\" height=\"196\" src=\"https:\/\/rijetke-bolesti.com\/wp-content\/uploads\/2025\/01\/Bar-code.png\" alt=\"\" class=\"wp-image-4238 size-medium\" srcset=\"https:\/\/rijetke-bolesti.com\/wp-content\/uploads\/2025\/01\/Bar-code.png 562w, https:\/\/rijetke-bolesti.com\/wp-content\/uploads\/2025\/01\/Bar-code-300x105.png 300w\" sizes=\"auto, (max-width: 562px) 100vw, 562px\" \/><\/figure><\/div>","protected":false},"excerpt":{"rendered":"<p>Uplatu donacije mo\u017eete izvr\u0161iti putem barkoda ili na:IBAN: HR5023600001101571337SWIFT: ZABA HR2X<\/p>","protected":false},"author":2,"featured_media":0,"parent":674,"menu_order":0,"comment_status":"closed","ping_status":"closed","template":"","meta":{"content-type":"","footnotes":""},"class_list":["post-902","page","type-page","status-publish","hentry"],"yoast_head":"<!-- This site is optimized with the Yoast SEO plugin v26.0 - https:\/\/yoast.com\/wordpress\/plugins\/seo\/ -->\n<title>Partneri i donatori - Hrvatski savez za rijetke bolesti<\/title>\n<meta name=\"robots\" content=\"index, follow, max-snippet:-1, max-image-preview:large, max-video-preview:-1\" \/>\n<link rel=\"canonical\" href=\"https:\/\/rijetke-bolesti.com\/en\/nas-tim\/donatori\/\" \/>\n<meta property=\"og:locale\" content=\"en_GB\" \/>\n<meta property=\"og:type\" content=\"article\" \/>\n<meta property=\"og:title\" content=\"Partneri i donatori - Hrvatski savez za rijetke bolesti\" \/>\n<meta property=\"og:description\" content=\"Uplatu donacije mo\u017eete izvr\u0161iti putem barkoda ili na:IBAN: HR5023600001101571337SWIFT: ZABA HR2X\" \/>\n<meta property=\"og:url\" content=\"https:\/\/rijetke-bolesti.com\/en\/nas-tim\/donatori\/\" \/>\n<meta property=\"og:site_name\" content=\"Hrvatski savez za rijetke bolesti\" \/>\n<meta property=\"article:modified_time\" content=\"2025-04-17T10:16:55+00:00\" \/>\n<meta property=\"og:image\" content=\"https:\/\/rijetke-bolesti.com\/wp-content\/uploads\/2019\/03\/Infobip-Zaklada_logo1-1-1-1024x569.png\" \/>\n<meta name=\"twitter:card\" content=\"summary_large_image\" \/>\n<meta name=\"twitter:label1\" content=\"Estimated reading time\" \/>\n\t<meta name=\"twitter:data1\" content=\"3 minutes\" \/>\n<script type=\"application\/ld+json\" class=\"yoast-schema-graph\">{\"@context\":\"https:\/\/schema.org\",\"@graph\":[{\"@type\":\"WebPage\",\"@id\":\"https:\/\/rijetke-bolesti.com\/nas-tim\/donatori\/\",\"url\":\"https:\/\/rijetke-bolesti.com\/nas-tim\/donatori\/\",\"name\":\"Partneri i donatori - Hrvatski savez za rijetke bolesti\",\"isPartOf\":{\"@id\":\"https:\/\/rijetke-bolesti.com\/#website\"},\"primaryImageOfPage\":{\"@id\":\"https:\/\/rijetke-bolesti.com\/nas-tim\/donatori\/#primaryimage\"},\"image\":{\"@id\":\"https:\/\/rijetke-bolesti.com\/nas-tim\/donatori\/#primaryimage\"},\"thumbnailUrl\":\"https:\/\/rijetke-bolesti.com\/wp-content\/uploads\/2019\/03\/Infobip-Zaklada_logo1-1-1-1024x569.png\",\"datePublished\":\"2020-12-22T19:03:55+00:00\",\"dateModified\":\"2025-04-17T10:16:55+00:00\",\"breadcrumb\":{\"@id\":\"https:\/\/rijetke-bolesti.com\/nas-tim\/donatori\/#breadcrumb\"},\"inLanguage\":\"en-GB\",\"potentialAction\":[{\"@type\":\"ReadAction\",\"target\":[\"https:\/\/rijetke-bolesti.com\/nas-tim\/donatori\/\"]}]},{\"@type\":\"ImageObject\",\"inLanguage\":\"en-GB\",\"@id\":\"https:\/\/rijetke-bolesti.com\/nas-tim\/donatori\/#primaryimage\",\"url\":\"https:\/\/rijetke-bolesti.com\/wp-content\/uploads\/2019\/03\/Infobip-Zaklada_logo1-1-1-1024x569.png\",\"contentUrl\":\"https:\/\/rijetke-bolesti.com\/wp-content\/uploads\/2019\/03\/Infobip-Zaklada_logo1-1-1-1024x569.png\"},{\"@type\":\"BreadcrumbList\",\"@id\":\"https:\/\/rijetke-bolesti.com\/nas-tim\/donatori\/#breadcrumb\",\"itemListElement\":[{\"@type\":\"ListItem\",\"position\":1,\"name\":\"Home\",\"item\":\"https:\/\/rijetke-bolesti.com\/\"},{\"@type\":\"ListItem\",\"position\":2,\"name\":\"O nama\",\"item\":\"https:\/\/rijetke-bolesti.com\/nas-tim\/\"},{\"@type\":\"ListItem\",\"position\":3,\"name\":\"Partneri i donatori\"}]},{\"@type\":\"WebSite\",\"@id\":\"https:\/\/rijetke-bolesti.com\/#website\",\"url\":\"https:\/\/rijetke-bolesti.com\/\",\"name\":\"Hrvatski savez za rijetke bolesti\",\"description\":\"Za\u0161tita i unapre\u0111enje kvalitete \u017eivota osoba oboljelih\u00a0 od rijetkih bolesti\",\"potentialAction\":[{\"@type\":\"SearchAction\",\"target\":{\"@type\":\"EntryPoint\",\"urlTemplate\":\"https:\/\/rijetke-bolesti.com\/?s={search_term_string}\"},\"query-input\":{\"@type\":\"PropertyValueSpecification\",\"valueRequired\":true,\"valueName\":\"search_term_string\"}}],\"inLanguage\":\"en-GB\"}]}<\/script>\n<!-- \/ Yoast SEO plugin. -->","yoast_head_json":{"title":"Partneri i donatori - Hrvatski savez za rijetke bolesti","robots":{"index":"index","follow":"follow","max-snippet":"max-snippet:-1","max-image-preview":"max-image-preview:large","max-video-preview":"max-video-preview:-1"},"canonical":"https:\/\/rijetke-bolesti.com\/en\/nas-tim\/donatori\/","og_locale":"en_GB","og_type":"article","og_title":"Partneri i donatori - Hrvatski savez za rijetke bolesti","og_description":"Uplatu donacije mo\u017eete izvr\u0161iti putem barkoda ili na:IBAN: HR5023600001101571337SWIFT: ZABA HR2X","og_url":"https:\/\/rijetke-bolesti.com\/en\/nas-tim\/donatori\/","og_site_name":"Hrvatski savez za rijetke bolesti","article_modified_time":"2025-04-17T10:16:55+00:00","og_image":[{"url":"https:\/\/rijetke-bolesti.com\/wp-content\/uploads\/2019\/03\/Infobip-Zaklada_logo1-1-1-1024x569.png","type":"","width":"","height":""}],"twitter_card":"summary_large_image","twitter_misc":{"Estimated reading time":"3 minutes"},"schema":{"@context":"https:\/\/schema.org","@graph":[{"@type":"WebPage","@id":"https:\/\/rijetke-bolesti.com\/nas-tim\/donatori\/","url":"https:\/\/rijetke-bolesti.com\/nas-tim\/donatori\/","name":"Partneri i donatori - Hrvatski savez za rijetke bolesti","isPartOf":{"@id":"https:\/\/rijetke-bolesti.com\/#website"},"primaryImageOfPage":{"@id":"https:\/\/rijetke-bolesti.com\/nas-tim\/donatori\/#primaryimage"},"image":{"@id":"https:\/\/rijetke-bolesti.com\/nas-tim\/donatori\/#primaryimage"},"thumbnailUrl":"https:\/\/rijetke-bolesti.com\/wp-content\/uploads\/2019\/03\/Infobip-Zaklada_logo1-1-1-1024x569.png","datePublished":"2020-12-22T19:03:55+00:00","dateModified":"2025-04-17T10:16:55+00:00","breadcrumb":{"@id":"https:\/\/rijetke-bolesti.com\/nas-tim\/donatori\/#breadcrumb"},"inLanguage":"en-GB","potentialAction":[{"@type":"ReadAction","target":["https:\/\/rijetke-bolesti.com\/nas-tim\/donatori\/"]}]},{"@type":"ImageObject","inLanguage":"en-GB","@id":"https:\/\/rijetke-bolesti.com\/nas-tim\/donatori\/#primaryimage","url":"https:\/\/rijetke-bolesti.com\/wp-content\/uploads\/2019\/03\/Infobip-Zaklada_logo1-1-1-1024x569.png","contentUrl":"https:\/\/rijetke-bolesti.com\/wp-content\/uploads\/2019\/03\/Infobip-Zaklada_logo1-1-1-1024x569.png"},{"@type":"BreadcrumbList","@id":"https:\/\/rijetke-bolesti.com\/nas-tim\/donatori\/#breadcrumb","itemListElement":[{"@type":"ListItem","position":1,"name":"Home","item":"https:\/\/rijetke-bolesti.com\/"},{"@type":"ListItem","position":2,"name":"O nama","item":"https:\/\/rijetke-bolesti.com\/nas-tim\/"},{"@type":"ListItem","position":3,"name":"Partneri i donatori"}]},{"@type":"WebSite","@id":"https:\/\/rijetke-bolesti.com\/#website","url":"https:\/\/rijetke-bolesti.com\/","name":"Hrvatski savez za rijetke bolesti","description":"Za\u0161tita i unapre\u0111enje kvalitete \u017eivota osoba oboljelih\u00a0 od rijetkih bolesti","potentialAction":[{"@type":"SearchAction","target":{"@type":"EntryPoint","urlTemplate":"https:\/\/rijetke-bolesti.com\/?s={search_term_string}"},"query-input":{"@type":"PropertyValueSpecification","valueRequired":true,"valueName":"search_term_string"}}],"inLanguage":"en-GB"}]}},"_links":{"self":[{"href":"https:\/\/rijetke-bolesti.com\/en\/wp-json\/wp\/v2\/pages\/902","targetHints":{"allow":["GET"]}}],"collection":[{"href":"https:\/\/rijetke-bolesti.com\/en\/wp-json\/wp\/v2\/pages"}],"about":[{"href":"https:\/\/rijetke-bolesti.com\/en\/wp-json\/wp\/v2\/types\/page"}],"author":[{"embeddable":true,"href":"https:\/\/rijetke-bolesti.com\/en\/wp-json\/wp\/v2\/users\/2"}],"replies":[{"embeddable":true,"href":"https:\/\/rijetke-bolesti.com\/en\/wp-json\/wp\/v2\/comments?post=902"}],"version-history":[{"count":67,"href":"https:\/\/rijetke-bolesti.com\/en\/wp-json\/wp\/v2\/pages\/902\/revisions"}],"predecessor-version":[{"id":4926,"href":"https:\/\/rijetke-bolesti.com\/en\/wp-json\/wp\/v2\/pages\/902\/revisions\/4926"}],"up":[{"embeddable":true,"href":"https:\/\/rijetke-bolesti.com\/en\/wp-json\/wp\/v2\/pages\/674"}],"wp:attachment":[{"href":"https:\/\/rijetke-bolesti.com\/en\/wp-json\/wp\/v2\/media?parent=902"}],"curies":[{"name":"wp","href":"https:\/\/api.w.org\/{rel}","templated":true}]}}