{"id":843,"date":"2020-12-22T02:35:47","date_gmt":"2020-12-22T00:35:47","guid":{"rendered":"https:\/\/rijetke-bolesti.com\/?page_id=843"},"modified":"2021-03-26T15:26:40","modified_gmt":"2021-03-26T13:26:40","slug":"gaucherova-bolest","status":"publish","type":"page","link":"https:\/\/rijetke-bolesti.com\/en\/rijetke-bolesti\/biblioteka\/gaucherova-bolest\/","title":{"rendered":"Gaucherova bolest"},"content":{"rendered":"<h2 class=\"wp-block-heading\">Gaucherova bolest<\/h2>\n\n\n\n<p>Gaucherova bolest nasljedni je poreme\u0107aj koji zahva\u0107a mnoge organe i tkiva tijela. Znakovi i simptomi ove bolesti zna\u010dajno se razlikuju me\u0111u osobama koje od nje boluju. Istra\u017eiva\u010di su opisali nekoliko vrsta Gaucherove bolesti na temelju njihovih karakteristi\u010dnih obilje\u017eja.<\/p>\n\n\n\n<p>Gaucherova bolest tipa 1 naj\u010de\u0161\u0107i je oblik te bolesti. Tip 1 naziva se i ne-neuronopatskom Gaucherovom bole\u0161\u0107u, jer obi\u010dno ne zahva\u0107a mozak i le\u0111nu mo\u017edinu (sredi\u0161nji \u017eiv\u010dani sustav). Zna\u010dajke ove bolesti variraju od blagih do te\u0161kih i mogu se pojaviti bilo kada od djetinjstva do odrasle dobi. Glavni znakovi i simptomi uklju\u010duju pove\u0107anje jetre i slezene (hepatosplenomegaliju), niski broj crvenih krvnih stanica (anemiju), laki nastanak podljeva uzrokovanih smanjenjem krvnih plo\u010dica (trombocitopeniju), bolest plu\u0107a i abnormalnosti kostiju poput bolova u kostima, prijeloma i artritisa.<\/p>\n\n\n\n<p>Gaucherove bolesti tipa 2 i 3 poznate su kao neuronopatski oblik poreme\u0107aja jer ih karakteriziraju problemi koji utje\u010du na sredi\u0161nji \u017eiv\u010dani sustav. Uz gore opisane znakove i simptome, ovi tipovi bolesti mogu uzrokovati abnormalne pokrete o\u010diju, napadaje i o\u0161te\u0107enje mozga. Gaucherova bolest tipa 2 obi\u010dno uzrokuje po \u017eivot opasne zdravstvene probleme koji po\u010dinju u ranom djetinjstvu. Gaucherova bolest tipa 3 tako\u0111er utje\u010de na \u017eiv\u010dani sustav, ali se pogor\u0161ava sporije od tipa 2.<\/p>\n\n\n\n<p>Najte\u017ea vrsta Gaucherove bolesti naziva se perinatalni smrtonosni oblik. Ovaj oblik uzrokuje te\u0161ke ili po \u017eivot opasne komplikacije koje po\u010dinju prije ro\u0111enja ili u ranom djetinjstvu. Zna\u010dajke perinatalnog smrtonosnog oblika mogu uklju\u010divati jako oticanje uzrokovano nakupljanjem teku\u0107ine prije ro\u0111enja (hidrops fetalis), suhu, ljuskavu ko\u017eu (ihtiozu) ili druge ko\u017ene abnormalnosti, hepatosplenomegaliju, karakteristi\u010dne crte lica i ozbiljne neurolo\u0161ke probleme. Kao \u0161to mu i sam naziv govori, ve\u0107ina dojen\u010dadi s perinatalnim smrtonosnim oblikom Gaucherove bolesti pre\u017eivi samo nekoliko dana nakon ro\u0111enja.<\/p>\n\n\n\n<p>Jo\u0161 jedan oblik Gaucherove bolesti poznat je kao kardiovaskularni tip, jer prvenstveno utje\u010de na srce, uzrokuju\u0107i otvrdnjavanje (kalcifikaciju) sr\u010danih zalistaka. Osobe s kardiovaskularnim oblikom Gaucherove bolesti tako\u0111er mogu patiti od abnormalnosti oka, bolesti kostiju i blagog pove\u0107anja slezene (splenomegalije).<\/p>\n\n\n\n<div class=\"wp-block-file\"><a href=\"https:\/\/rijetke-bolesti.com\/wp-content\/uploads\/2020\/12\/gaucherova_bolest.pdf\">Gaucherova bolest<\/a><a href=\"https:\/\/rijetke-bolesti.com\/wp-content\/uploads\/2020\/12\/gaucherova_bolest.pdf\" class=\"wp-block-file__button\" download>Download<\/a><\/div>","protected":false},"excerpt":{"rendered":"<p>Gaucherova bolest Gaucherova bolest nasljedni je poreme\u0107aj koji zahva\u0107a mnoge organe i tkiva tijela. Znakovi i simptomi ove bolesti zna\u010dajno se razlikuju me\u0111u osobama koje od nje boluju. Istra\u017eiva\u010di su opisali nekoliko vrsta Gaucherove bolesti na temelju njihovih karakteristi\u010dnih obilje\u017eja. Gaucherova bolest tipa 1 naj\u010de\u0161\u0107i&#8230;<\/p>","protected":false},"author":2,"featured_media":0,"parent":666,"menu_order":0,"comment_status":"closed","ping_status":"closed","template":"","meta":{"content-type":"","footnotes":""},"class_list":["post-843","page","type-page","status-publish","hentry"],"yoast_head":"<!-- This site is optimized with the Yoast SEO plugin v26.0 - https:\/\/yoast.com\/wordpress\/plugins\/seo\/ -->\n<title>Gaucherova bolest - Hrvatski savez za rijetke bolesti<\/title>\n<meta name=\"robots\" content=\"index, follow, max-snippet:-1, max-image-preview:large, max-video-preview:-1\" \/>\n<link rel=\"canonical\" href=\"https:\/\/rijetke-bolesti.com\/en\/rijetke-bolesti\/biblioteka\/gaucherova-bolest\/\" \/>\n<meta property=\"og:locale\" content=\"en_GB\" \/>\n<meta property=\"og:type\" content=\"article\" \/>\n<meta property=\"og:title\" content=\"Gaucherova bolest - Hrvatski savez za rijetke bolesti\" \/>\n<meta property=\"og:description\" content=\"Gaucherova bolest Gaucherova bolest nasljedni je poreme\u0107aj koji zahva\u0107a mnoge organe i tkiva tijela. Znakovi i simptomi ove bolesti zna\u010dajno se razlikuju me\u0111u osobama koje od nje boluju. Istra\u017eiva\u010di su opisali nekoliko vrsta Gaucherove bolesti na temelju njihovih karakteristi\u010dnih obilje\u017eja. Gaucherova bolest tipa 1 naj\u010de\u0161\u0107i...\" \/>\n<meta property=\"og:url\" content=\"https:\/\/rijetke-bolesti.com\/en\/rijetke-bolesti\/biblioteka\/gaucherova-bolest\/\" \/>\n<meta property=\"og:site_name\" content=\"Hrvatski savez za rijetke bolesti\" \/>\n<meta property=\"article:modified_time\" content=\"2021-03-26T13:26:40+00:00\" \/>\n<meta name=\"twitter:card\" content=\"summary_large_image\" \/>\n<meta name=\"twitter:label1\" content=\"Estimated reading time\" \/>\n\t<meta name=\"twitter:data1\" content=\"2 minutes\" \/>\n<script type=\"application\/ld+json\" class=\"yoast-schema-graph\">{\"@context\":\"https:\/\/schema.org\",\"@graph\":[{\"@type\":\"WebPage\",\"@id\":\"https:\/\/rijetke-bolesti.com\/rijetke-bolesti\/biblioteka\/gaucherova-bolest\/\",\"url\":\"https:\/\/rijetke-bolesti.com\/rijetke-bolesti\/biblioteka\/gaucherova-bolest\/\",\"name\":\"Gaucherova bolest - Hrvatski savez za rijetke bolesti\",\"isPartOf\":{\"@id\":\"https:\/\/rijetke-bolesti.com\/#website\"},\"datePublished\":\"2020-12-22T00:35:47+00:00\",\"dateModified\":\"2021-03-26T13:26:40+00:00\",\"breadcrumb\":{\"@id\":\"https:\/\/rijetke-bolesti.com\/rijetke-bolesti\/biblioteka\/gaucherova-bolest\/#breadcrumb\"},\"inLanguage\":\"en-GB\",\"potentialAction\":[{\"@type\":\"ReadAction\",\"target\":[\"https:\/\/rijetke-bolesti.com\/rijetke-bolesti\/biblioteka\/gaucherova-bolest\/\"]}]},{\"@type\":\"BreadcrumbList\",\"@id\":\"https:\/\/rijetke-bolesti.com\/rijetke-bolesti\/biblioteka\/gaucherova-bolest\/#breadcrumb\",\"itemListElement\":[{\"@type\":\"ListItem\",\"position\":1,\"name\":\"Home\",\"item\":\"https:\/\/rijetke-bolesti.com\/\"},{\"@type\":\"ListItem\",\"position\":2,\"name\":\"Rijetke bolesti\",\"item\":\"https:\/\/rijetke-bolesti.com\/rijetke-bolesti\/\"},{\"@type\":\"ListItem\",\"position\":3,\"name\":\"Rijetka biblioteka\",\"item\":\"https:\/\/rijetke-bolesti.com\/rijetke-bolesti\/biblioteka\/\"},{\"@type\":\"ListItem\",\"position\":4,\"name\":\"Gaucherova bolest\"}]},{\"@type\":\"WebSite\",\"@id\":\"https:\/\/rijetke-bolesti.com\/#website\",\"url\":\"https:\/\/rijetke-bolesti.com\/\",\"name\":\"Hrvatski savez za rijetke bolesti\",\"description\":\"Za\u0161tita i unapre\u0111enje kvalitete \u017eivota osoba oboljelih\u00a0 od rijetkih bolesti\",\"potentialAction\":[{\"@type\":\"SearchAction\",\"target\":{\"@type\":\"EntryPoint\",\"urlTemplate\":\"https:\/\/rijetke-bolesti.com\/?s={search_term_string}\"},\"query-input\":{\"@type\":\"PropertyValueSpecification\",\"valueRequired\":true,\"valueName\":\"search_term_string\"}}],\"inLanguage\":\"en-GB\"}]}<\/script>\n<!-- \/ Yoast SEO plugin. -->","yoast_head_json":{"title":"Gaucherova bolest - Hrvatski savez za rijetke bolesti","robots":{"index":"index","follow":"follow","max-snippet":"max-snippet:-1","max-image-preview":"max-image-preview:large","max-video-preview":"max-video-preview:-1"},"canonical":"https:\/\/rijetke-bolesti.com\/en\/rijetke-bolesti\/biblioteka\/gaucherova-bolest\/","og_locale":"en_GB","og_type":"article","og_title":"Gaucherova bolest - Hrvatski savez za rijetke bolesti","og_description":"Gaucherova bolest Gaucherova bolest nasljedni je poreme\u0107aj koji zahva\u0107a mnoge organe i tkiva tijela. Znakovi i simptomi ove bolesti zna\u010dajno se razlikuju me\u0111u osobama koje od nje boluju. Istra\u017eiva\u010di su opisali nekoliko vrsta Gaucherove bolesti na temelju njihovih karakteristi\u010dnih obilje\u017eja. Gaucherova bolest tipa 1 naj\u010de\u0161\u0107i...","og_url":"https:\/\/rijetke-bolesti.com\/en\/rijetke-bolesti\/biblioteka\/gaucherova-bolest\/","og_site_name":"Hrvatski savez za rijetke bolesti","article_modified_time":"2021-03-26T13:26:40+00:00","twitter_card":"summary_large_image","twitter_misc":{"Estimated reading time":"2 minutes"},"schema":{"@context":"https:\/\/schema.org","@graph":[{"@type":"WebPage","@id":"https:\/\/rijetke-bolesti.com\/rijetke-bolesti\/biblioteka\/gaucherova-bolest\/","url":"https:\/\/rijetke-bolesti.com\/rijetke-bolesti\/biblioteka\/gaucherova-bolest\/","name":"Gaucherova bolest - Hrvatski savez za rijetke bolesti","isPartOf":{"@id":"https:\/\/rijetke-bolesti.com\/#website"},"datePublished":"2020-12-22T00:35:47+00:00","dateModified":"2021-03-26T13:26:40+00:00","breadcrumb":{"@id":"https:\/\/rijetke-bolesti.com\/rijetke-bolesti\/biblioteka\/gaucherova-bolest\/#breadcrumb"},"inLanguage":"en-GB","potentialAction":[{"@type":"ReadAction","target":["https:\/\/rijetke-bolesti.com\/rijetke-bolesti\/biblioteka\/gaucherova-bolest\/"]}]},{"@type":"BreadcrumbList","@id":"https:\/\/rijetke-bolesti.com\/rijetke-bolesti\/biblioteka\/gaucherova-bolest\/#breadcrumb","itemListElement":[{"@type":"ListItem","position":1,"name":"Home","item":"https:\/\/rijetke-bolesti.com\/"},{"@type":"ListItem","position":2,"name":"Rijetke bolesti","item":"https:\/\/rijetke-bolesti.com\/rijetke-bolesti\/"},{"@type":"ListItem","position":3,"name":"Rijetka biblioteka","item":"https:\/\/rijetke-bolesti.com\/rijetke-bolesti\/biblioteka\/"},{"@type":"ListItem","position":4,"name":"Gaucherova bolest"}]},{"@type":"WebSite","@id":"https:\/\/rijetke-bolesti.com\/#website","url":"https:\/\/rijetke-bolesti.com\/","name":"Hrvatski savez za rijetke bolesti","description":"Za\u0161tita i unapre\u0111enje kvalitete \u017eivota osoba oboljelih\u00a0 od rijetkih bolesti","potentialAction":[{"@type":"SearchAction","target":{"@type":"EntryPoint","urlTemplate":"https:\/\/rijetke-bolesti.com\/?s={search_term_string}"},"query-input":{"@type":"PropertyValueSpecification","valueRequired":true,"valueName":"search_term_string"}}],"inLanguage":"en-GB"}]}},"_links":{"self":[{"href":"https:\/\/rijetke-bolesti.com\/en\/wp-json\/wp\/v2\/pages\/843","targetHints":{"allow":["GET"]}}],"collection":[{"href":"https:\/\/rijetke-bolesti.com\/en\/wp-json\/wp\/v2\/pages"}],"about":[{"href":"https:\/\/rijetke-bolesti.com\/en\/wp-json\/wp\/v2\/types\/page"}],"author":[{"embeddable":true,"href":"https:\/\/rijetke-bolesti.com\/en\/wp-json\/wp\/v2\/users\/2"}],"replies":[{"embeddable":true,"href":"https:\/\/rijetke-bolesti.com\/en\/wp-json\/wp\/v2\/comments?post=843"}],"version-history":[{"count":3,"href":"https:\/\/rijetke-bolesti.com\/en\/wp-json\/wp\/v2\/pages\/843\/revisions"}],"predecessor-version":[{"id":1432,"href":"https:\/\/rijetke-bolesti.com\/en\/wp-json\/wp\/v2\/pages\/843\/revisions\/1432"}],"up":[{"embeddable":true,"href":"https:\/\/rijetke-bolesti.com\/en\/wp-json\/wp\/v2\/pages\/666"}],"wp:attachment":[{"href":"https:\/\/rijetke-bolesti.com\/en\/wp-json\/wp\/v2\/media?parent=843"}],"curies":[{"name":"wp","href":"https:\/\/api.w.org\/{rel}","templated":true}]}}