{"id":682,"date":"2020-12-17T20:05:47","date_gmt":"2020-12-17T18:05:47","guid":{"rendered":"https:\/\/rijetke-bolesti.com\/?page_id=682"},"modified":"2026-03-16T12:43:41","modified_gmt":"2026-03-16T10:43:41","slug":"zaposlenici","status":"publish","type":"page","link":"https:\/\/rijetke-bolesti.com\/en\/nas-tim\/zaposlenici\/","title":{"rendered":"Employees"},"content":{"rendered":"<h2 class=\"wp-block-heading\">Djelatnici Saveza<\/h2>\n\n\n\n<p><\/p>\n\n\n<p><strong>Sara Bajlo M.Sc.Econ.<\/strong>, President<\/p>\n<p>Operational management of the Alliance, including stakeholder engagement, media relations, marketing activities, awareness-raising campaigns, and advocacy on behalf of rare disease patients.<\/p>\n<p><strong>Suzana Novak, M.A.Soc.<\/strong>\u00a0Project Manager<\/p>\n<p>Preparation of project documentation, administration, and coordination of project implementation.\u00a0<\/p>\n<p><strong>Nikolina \u010covi\u0107 B.A. Soc.Wk<\/strong>, Social Worker<\/p>\n<p>Information on rights. Counseling, assistance, and support related to the realization of social welfare rights. Protection of the rights of people living with rare diseases. Monitoring changes in laws and regulations and providing recommendations to safeguard existing rights and introduce new rights for individuals affected by rare diseases.<\/p>\n<p><strong>Ivana Hrastar M.Soc.Wk.<\/strong>, Social Worker<\/p>\n<p>Collaboration and coordination with Social Welfare Centers and institutions in the fields of social care, healthcare, and education. Participation in working groups, professional conferences, and both national and international forums with the aim of advocating for and promoting the rights of individuals living with rare diseases.\u00a0<\/p>\n<p><strong>Maja Pravica mag. psych.<\/strong>, Psychologist<\/p>\n<p>Individual and group psychological counseling (in person, by phone, and online), psychoeducational workshops, webinars, and training sessions for individuals living with rare diseases. Emotional support and empowerment for individual members of the Alliance and their family members. Development of psychoeducational texts and materials aimed at educating and supporting patients and their families. Collaboration with member organizations through organized lectures, seminars, training sessions, and the creation of psychoeducational brochures tailored to the needs of specific member organizations.\u00a0<\/p>\n\n\n<div style=\"height:50px\" aria-hidden=\"true\" class=\"wp-block-spacer\"><\/div>","protected":false},"excerpt":{"rendered":"<p>Djelatnici Saveza Sara Bajlo mag.oec., Predsjednica saveza Operativno poslovanje Saveza. Odnosi s interesnim skupinama, mediji, marketing, kampanje podizanja svijesti i predstavljanje pacijenata oboljelih od rijetkih bolesti. Suzana Novak, mag.soc.,\u00a0Voditeljica projekata Pisanje projektne dokumentacije, administracija i koordinacija provedbe projekata.\u00a0 Nikolina \u010covi\u0107 dipl. soc. rad, Socijalna radnica&#8230;<\/p>","protected":false},"author":2,"featured_media":0,"parent":674,"menu_order":0,"comment_status":"closed","ping_status":"closed","template":"","meta":{"content-type":"","footnotes":""},"class_list":["post-682","page","type-page","status-publish","hentry"],"yoast_head":"<!-- This site is optimized with the Yoast SEO plugin v26.0 - https:\/\/yoast.com\/wordpress\/plugins\/seo\/ -->\n<title>Zaposlenici - Hrvatski savez za rijetke bolesti<\/title>\n<meta name=\"robots\" content=\"index, follow, max-snippet:-1, max-image-preview:large, max-video-preview:-1\" \/>\n<link rel=\"canonical\" href=\"https:\/\/rijetke-bolesti.com\/en\/nas-tim\/zaposlenici\/\" \/>\n<meta property=\"og:locale\" content=\"en_GB\" \/>\n<meta property=\"og:type\" content=\"article\" \/>\n<meta property=\"og:title\" content=\"Zaposlenici - Hrvatski savez za rijetke bolesti\" \/>\n<meta property=\"og:description\" content=\"Djelatnici Saveza Sara Bajlo mag.oec., Predsjednica saveza Operativno poslovanje Saveza. Odnosi s interesnim skupinama, mediji, marketing, kampanje podizanja svijesti i predstavljanje pacijenata oboljelih od rijetkih bolesti. Suzana Novak, mag.soc.,\u00a0Voditeljica projekata Pisanje projektne dokumentacije, administracija i koordinacija provedbe projekata.\u00a0 Nikolina \u010covi\u0107 dipl. soc. rad, Socijalna radnica...\" \/>\n<meta property=\"og:url\" content=\"https:\/\/rijetke-bolesti.com\/en\/nas-tim\/zaposlenici\/\" \/>\n<meta property=\"og:site_name\" content=\"Hrvatski savez za rijetke bolesti\" \/>\n<meta property=\"article:modified_time\" content=\"2026-03-16T10:43:41+00:00\" \/>\n<meta name=\"twitter:card\" content=\"summary_large_image\" \/>\n<meta name=\"twitter:label1\" content=\"Estimated reading time\" \/>\n\t<meta name=\"twitter:data1\" content=\"1 minute\" \/>\n<script type=\"application\/ld+json\" class=\"yoast-schema-graph\">{\"@context\":\"https:\/\/schema.org\",\"@graph\":[{\"@type\":\"WebPage\",\"@id\":\"https:\/\/rijetke-bolesti.com\/nas-tim\/zaposlenici\/\",\"url\":\"https:\/\/rijetke-bolesti.com\/nas-tim\/zaposlenici\/\",\"name\":\"Zaposlenici - Hrvatski savez za rijetke bolesti\",\"isPartOf\":{\"@id\":\"https:\/\/rijetke-bolesti.com\/#website\"},\"datePublished\":\"2020-12-17T18:05:47+00:00\",\"dateModified\":\"2026-03-16T10:43:41+00:00\",\"breadcrumb\":{\"@id\":\"https:\/\/rijetke-bolesti.com\/nas-tim\/zaposlenici\/#breadcrumb\"},\"inLanguage\":\"en-GB\",\"potentialAction\":[{\"@type\":\"ReadAction\",\"target\":[\"https:\/\/rijetke-bolesti.com\/nas-tim\/zaposlenici\/\"]}]},{\"@type\":\"BreadcrumbList\",\"@id\":\"https:\/\/rijetke-bolesti.com\/nas-tim\/zaposlenici\/#breadcrumb\",\"itemListElement\":[{\"@type\":\"ListItem\",\"position\":1,\"name\":\"Home\",\"item\":\"https:\/\/rijetke-bolesti.com\/\"},{\"@type\":\"ListItem\",\"position\":2,\"name\":\"O nama\",\"item\":\"https:\/\/rijetke-bolesti.com\/nas-tim\/\"},{\"@type\":\"ListItem\",\"position\":3,\"name\":\"Zaposlenici\"}]},{\"@type\":\"WebSite\",\"@id\":\"https:\/\/rijetke-bolesti.com\/#website\",\"url\":\"https:\/\/rijetke-bolesti.com\/\",\"name\":\"Hrvatski savez za rijetke bolesti\",\"description\":\"Za\u0161tita i unapre\u0111enje kvalitete \u017eivota osoba oboljelih\u00a0 od rijetkih bolesti\",\"potentialAction\":[{\"@type\":\"SearchAction\",\"target\":{\"@type\":\"EntryPoint\",\"urlTemplate\":\"https:\/\/rijetke-bolesti.com\/?s={search_term_string}\"},\"query-input\":{\"@type\":\"PropertyValueSpecification\",\"valueRequired\":true,\"valueName\":\"search_term_string\"}}],\"inLanguage\":\"en-GB\"}]}<\/script>\n<!-- \/ Yoast SEO plugin. -->","yoast_head_json":{"title":"Zaposlenici - Hrvatski savez za rijetke bolesti","robots":{"index":"index","follow":"follow","max-snippet":"max-snippet:-1","max-image-preview":"max-image-preview:large","max-video-preview":"max-video-preview:-1"},"canonical":"https:\/\/rijetke-bolesti.com\/en\/nas-tim\/zaposlenici\/","og_locale":"en_GB","og_type":"article","og_title":"Zaposlenici - Hrvatski savez za rijetke bolesti","og_description":"Djelatnici Saveza Sara Bajlo mag.oec., Predsjednica saveza Operativno poslovanje Saveza. Odnosi s interesnim skupinama, mediji, marketing, kampanje podizanja svijesti i predstavljanje pacijenata oboljelih od rijetkih bolesti. Suzana Novak, mag.soc.,\u00a0Voditeljica projekata Pisanje projektne dokumentacije, administracija i koordinacija provedbe projekata.\u00a0 Nikolina \u010covi\u0107 dipl. soc. rad, Socijalna radnica...","og_url":"https:\/\/rijetke-bolesti.com\/en\/nas-tim\/zaposlenici\/","og_site_name":"Hrvatski savez za rijetke bolesti","article_modified_time":"2026-03-16T10:43:41+00:00","twitter_card":"summary_large_image","twitter_misc":{"Estimated reading time":"1 minute"},"schema":{"@context":"https:\/\/schema.org","@graph":[{"@type":"WebPage","@id":"https:\/\/rijetke-bolesti.com\/nas-tim\/zaposlenici\/","url":"https:\/\/rijetke-bolesti.com\/nas-tim\/zaposlenici\/","name":"Zaposlenici - Hrvatski savez za rijetke bolesti","isPartOf":{"@id":"https:\/\/rijetke-bolesti.com\/#website"},"datePublished":"2020-12-17T18:05:47+00:00","dateModified":"2026-03-16T10:43:41+00:00","breadcrumb":{"@id":"https:\/\/rijetke-bolesti.com\/nas-tim\/zaposlenici\/#breadcrumb"},"inLanguage":"en-GB","potentialAction":[{"@type":"ReadAction","target":["https:\/\/rijetke-bolesti.com\/nas-tim\/zaposlenici\/"]}]},{"@type":"BreadcrumbList","@id":"https:\/\/rijetke-bolesti.com\/nas-tim\/zaposlenici\/#breadcrumb","itemListElement":[{"@type":"ListItem","position":1,"name":"Home","item":"https:\/\/rijetke-bolesti.com\/"},{"@type":"ListItem","position":2,"name":"O nama","item":"https:\/\/rijetke-bolesti.com\/nas-tim\/"},{"@type":"ListItem","position":3,"name":"Zaposlenici"}]},{"@type":"WebSite","@id":"https:\/\/rijetke-bolesti.com\/#website","url":"https:\/\/rijetke-bolesti.com\/","name":"Hrvatski savez za rijetke bolesti","description":"Za\u0161tita i unapre\u0111enje kvalitete \u017eivota osoba oboljelih\u00a0 od rijetkih bolesti","potentialAction":[{"@type":"SearchAction","target":{"@type":"EntryPoint","urlTemplate":"https:\/\/rijetke-bolesti.com\/?s={search_term_string}"},"query-input":{"@type":"PropertyValueSpecification","valueRequired":true,"valueName":"search_term_string"}}],"inLanguage":"en-GB"}]}},"_links":{"self":[{"href":"https:\/\/rijetke-bolesti.com\/en\/wp-json\/wp\/v2\/pages\/682","targetHints":{"allow":["GET"]}}],"collection":[{"href":"https:\/\/rijetke-bolesti.com\/en\/wp-json\/wp\/v2\/pages"}],"about":[{"href":"https:\/\/rijetke-bolesti.com\/en\/wp-json\/wp\/v2\/types\/page"}],"author":[{"embeddable":true,"href":"https:\/\/rijetke-bolesti.com\/en\/wp-json\/wp\/v2\/users\/2"}],"replies":[{"embeddable":true,"href":"https:\/\/rijetke-bolesti.com\/en\/wp-json\/wp\/v2\/comments?post=682"}],"version-history":[{"count":45,"href":"https:\/\/rijetke-bolesti.com\/en\/wp-json\/wp\/v2\/pages\/682\/revisions"}],"predecessor-version":[{"id":6239,"href":"https:\/\/rijetke-bolesti.com\/en\/wp-json\/wp\/v2\/pages\/682\/revisions\/6239"}],"up":[{"embeddable":true,"href":"https:\/\/rijetke-bolesti.com\/en\/wp-json\/wp\/v2\/pages\/674"}],"wp:attachment":[{"href":"https:\/\/rijetke-bolesti.com\/en\/wp-json\/wp\/v2\/media?parent=682"}],"curies":[{"name":"wp","href":"https:\/\/api.w.org\/{rel}","templated":true}]}}