{"id":680,"date":"2020-12-17T20:05:28","date_gmt":"2020-12-17T18:05:28","guid":{"rendered":"https:\/\/rijetke-bolesti.com\/?page_id=680"},"modified":"2025-04-23T12:25:06","modified_gmt":"2025-04-23T10:25:06","slug":"vanjski-suradnici-i-volonteri","status":"publish","type":"page","link":"https:\/\/rijetke-bolesti.com\/en\/nas-tim\/vanjski-suradnici-i-volonteri\/","title":{"rendered":"External Collaborators &amp; Volunteers"},"content":{"rendered":"<h2 class=\"wp-block-heading\"><strong>External Collaborators &amp; Volunteers<\/strong><\/h2>\n\n\n\n<div style=\"height:30px\" aria-hidden=\"true\" class=\"wp-block-spacer\"><\/div>\n\n\n\n<p><strong>The Educational-Rehabilitation Faculty,<\/strong> Voluntary Work Course within the Rehabilitation Program<\/p>\n\n\n\n<p><strong>School of Midwifery Zagreb for MDRB<\/strong><\/p>\n\n\n\n<p><strong>School of Nursing Vinogradska<\/strong><\/p>\n\n\n\n<p><strong>Social Work Study Center at the Faculty of Law, University of Zagreb,<\/strong> within the course Social Work with People with Disabilities \u2013 Practice<\/p>\n\n\n\n<div style=\"height:50px\" aria-hidden=\"true\" class=\"wp-block-spacer\"><\/div>\n\n\n<h3>Student Section for Rare Diseases<\/h3>\n<p>The Student Section for Rare Diseases has been bringing together medical students from the University of Zagreb\u2019s Faculty of Medicine for 6 years, providing responses to various medical inquiries from members of the Croatian Alliance for Rare Diseases (HSRB), as well as individuals living with rare diseases and their family members. In this way, the initiative aims to ease the process for those affected by rare diseases by offering them valuable medical insights and support. Through this collaboration, students are able to contribute to the well-being of those in need, making information and guidance more accessible.<\/p>\n<p>The students were awarded the Rector\u2019s Award from the Faculty of Medicine, University of Zagreb for their volunteer work.<\/p>\n<h2><img loading=\"lazy\" decoding=\"async\" class=\"alignnone size-medium wp-image-4952\" src=\"https:\/\/rijetke-bolesti.com\/wp-content\/uploads\/2019\/03\/ss-rijetke_bolesti-300x300.png\" alt=\"\" width=\"300\" height=\"300\" srcset=\"https:\/\/rijetke-bolesti.com\/wp-content\/uploads\/2019\/03\/ss-rijetke_bolesti-300x300.png 300w, https:\/\/rijetke-bolesti.com\/wp-content\/uploads\/2019\/03\/ss-rijetke_bolesti-1024x1024.png 1024w, https:\/\/rijetke-bolesti.com\/wp-content\/uploads\/2019\/03\/ss-rijetke_bolesti-150x150.png 150w, https:\/\/rijetke-bolesti.com\/wp-content\/uploads\/2019\/03\/ss-rijetke_bolesti-768x768.png 768w, https:\/\/rijetke-bolesti.com\/wp-content\/uploads\/2019\/03\/ss-rijetke_bolesti-1536x1536.png 1536w, https:\/\/rijetke-bolesti.com\/wp-content\/uploads\/2019\/03\/ss-rijetke_bolesti-12x12.png 12w, https:\/\/rijetke-bolesti.com\/wp-content\/uploads\/2019\/03\/ss-rijetke_bolesti-660x660.png 660w, https:\/\/rijetke-bolesti.com\/wp-content\/uploads\/2019\/03\/ss-rijetke_bolesti.png 1600w\" sizes=\"auto, (max-width: 300px) 100vw, 300px\" \/><\/h2>\n<h2>\u00a0<\/h2>\n<h3>The Student Help Line for Rare Diseases Project \u2013 Recipient of the Rector's Award for Socially Beneficial Work in the Academic and Wider Community<\/h3>\n<p>The free Helpline for Rare Diseases, 0800 9966, provides assistance to over 1,000 users annually. The professional staff addresses inquiries related to rights in social welfare, healthcare, pension systems, education, and other sectors. They handle requests, complaints, and questions concerning transportation, provide updates, organize student internships with users, arrange social activities such as theater visits, connect individuals with the same diagnosis within Croatia and the region, educate other professionals in helping professions, and offer individual or group psychological counseling to users.<\/p>\n<p><img loading=\"lazy\" decoding=\"async\" src=\"https:\/\/rijetke-bolesti.com\/wp-content\/uploads\/2021\/02\/studenti.png\" alt=\"\" width=\"1053\" height=\"686\" \/><\/p>\n<p>When it comes to medical information (such as details about diseases, treatment methods, and available therapies), student volunteers from the Faculty of Medicine, University of Zagreb play an indispensable role in the operation of the Rare Disease Helpline, a project they have been involved in since 2014.\u00a0<strong><em>Student Rare Disease Helpline<\/em><\/strong>\u00a0has been operational for six consecutive years, continually enhancing its work year by year. In response to inquiries about rare diagnoses, the students provide detailed and verified information, which is highly valuable to the users. In their work, the students demonstrate responsibility, professionalism, and motivation for working with rare diseases.\u00a0<em>Student Rare Disease Helpline\u00a0<\/em>has four senior volunteers who have been involved for several years, as well as thirteen new volunteers. The senior volunteers guide the new volunteers in their work and assist them in answering newly received cases. When writing information about a rare disease, which is the most common task, the volunteers typically search the following websites: Genetic and Rare Diseases Information Center (GARD), National Institutes of Health (NIH), and Orphanet. For information they are unable to find, they consult doctors specializing in rare diseases or specific fields.\nIn addition to searching for all relevant information, writing expert articles, and actively participating in national conferences on rare diseases and other public events organized by the Croatian Alliance for Rare Diseases and the Society for Rare Diseases within the Croatian Medical Association (HLZ), the student volunteers also organized the 1st Student Symposium on Rare Diseases this year, in observance of Rare Disease Day, at the Faculty of Medicine.<\/p>\n<p><img loading=\"lazy\" decoding=\"async\" src=\"https:\/\/rijetke-bolesti.com\/wp-content\/uploads\/2021\/02\/upiti.png\" alt=\"\" width=\"685\" height=\"394\" \/><\/p>\n<p>The first head of the helpline was Neven Obradovi\u0107-Kurid\u017ea, followed by Nikola \u0160o\u0161tar, both of whom were former active volunteers of the Students' Rare Disease Helpline and are now medical doctors. Since 2014, the number of volunteers on the helpline has continually fluctuated due to the graduation of senior students and the enrollment of new volunteers. When sixth-year students complete their studies and start working as doctors, they pass on the responsibility for the operation of the Students' Rare Disease Helpline to younger colleagues, who, through their enthusiasm and dedication, strive to elevate the work of the helpline each year and honor the trust placed in them by their senior colleagues. Such a handover of duties occurred just a few days ago when the previous head of the helpline, Josip Stoji\u0107, also a very active volunteer of the Students' Rare Disease Helpline, completed his studies and secured employment as a doctor. The project was diligently prepared by eleven students: Josip Stoji\u0107, Vana Vuki\u0107, Tomislav Smoljo, Lorena Podgorski, Ema Kova\u010devi\u0107, Ema \u0160\u0107ulac, Mia Kova\u010devi\u0107, Dorotea Sinjeri, Nika Barbara Pravica, Mirta \u0110uzel, and Dorotea Kozi\u0107.<\/p>\n<p><img loading=\"lazy\" decoding=\"async\" src=\"https:\/\/rijetke-bolesti.com\/wp-content\/uploads\/2021\/02\/volonteri.png\" alt=\"\" width=\"704\" height=\"409\" \/><\/p>\n<p>In their six years of operation, the students of the helpline have demonstrated an exceptional level of professionalism, conscientiousness, and responsibility in their work. We believe they are deserving recipients of the Rektor\u2019s Award\u00a0<em>\u201cAward for Socially Useful Work in Academia and the Broader Community.\u201d<\/em>They earn our recognition every day, and we are deeply grateful for the assistance they provide to this vulnerable group. We hope that the Rektor\u2019s Award<em>\u00a0<\/em>will serve as an additional motivation, encouraging them for future endeavors, and inspiring even greater student involvement in socially beneficial work. We thank them for their work and additional efforts that help raise awareness within the academic and broader communities about the issues surrounding rare diseases, which are still not widely understood.<\/p>","protected":false},"excerpt":{"rendered":"<p>Vanjski suradnici i volonteri Edukacijsko &#8211; rehabilitacijski fakultet u sklopu programa Rehabilitacija, kolegij Volonterski rad \u0160kola za primalje Zagreb za MDRB \u0160kola za medicinske sestre Vinogradska Studijski centar Socijalnog rada Pravnog fakulteta Sveu\u010dili\u0161ta u Zagrebu u sklopu kolegija Socijalni rad s osobama s invaliditetom &#8211;&#8230;<\/p>","protected":false},"author":2,"featured_media":0,"parent":674,"menu_order":0,"comment_status":"closed","ping_status":"closed","template":"","meta":{"content-type":"","footnotes":""},"class_list":["post-680","page","type-page","status-publish","hentry"],"yoast_head":"<!-- This site is optimized with the Yoast SEO plugin v26.0 - https:\/\/yoast.com\/wordpress\/plugins\/seo\/ -->\n<title>Volonteri i vanjski suradnici - Hrvatski savez za rijetke bolesti<\/title>\n<meta name=\"robots\" content=\"index, follow, max-snippet:-1, max-image-preview:large, max-video-preview:-1\" \/>\n<link rel=\"canonical\" href=\"https:\/\/rijetke-bolesti.com\/en\/nas-tim\/vanjski-suradnici-i-volonteri\/\" \/>\n<meta property=\"og:locale\" content=\"en_GB\" \/>\n<meta property=\"og:type\" content=\"article\" \/>\n<meta property=\"og:title\" content=\"Volonteri i vanjski suradnici - Hrvatski savez za rijetke bolesti\" \/>\n<meta property=\"og:description\" content=\"Vanjski suradnici i volonteri Edukacijsko &#8211; rehabilitacijski fakultet u sklopu programa Rehabilitacija, kolegij Volonterski rad \u0160kola za primalje Zagreb za MDRB \u0160kola za medicinske sestre Vinogradska Studijski centar Socijalnog rada Pravnog fakulteta Sveu\u010dili\u0161ta u Zagrebu u sklopu kolegija Socijalni rad s osobama s invaliditetom &#8211;...\" \/>\n<meta property=\"og:url\" content=\"https:\/\/rijetke-bolesti.com\/en\/nas-tim\/vanjski-suradnici-i-volonteri\/\" \/>\n<meta property=\"og:site_name\" content=\"Hrvatski savez za rijetke bolesti\" \/>\n<meta property=\"article:modified_time\" content=\"2025-04-23T10:25:06+00:00\" \/>\n<meta property=\"og:image\" content=\"https:\/\/rijetke-bolesti.com\/wp-content\/uploads\/2019\/03\/ss-rijetke_bolesti-300x300.png\" \/>\n<meta name=\"twitter:card\" content=\"summary_large_image\" \/>\n<meta name=\"twitter:label1\" content=\"Estimated reading time\" \/>\n\t<meta name=\"twitter:data1\" content=\"4 minutes\" \/>\n<script type=\"application\/ld+json\" class=\"yoast-schema-graph\">{\"@context\":\"https:\/\/schema.org\",\"@graph\":[{\"@type\":\"WebPage\",\"@id\":\"https:\/\/rijetke-bolesti.com\/nas-tim\/vanjski-suradnici-i-volonteri\/\",\"url\":\"https:\/\/rijetke-bolesti.com\/nas-tim\/vanjski-suradnici-i-volonteri\/\",\"name\":\"Volonteri i vanjski suradnici - Hrvatski savez za rijetke bolesti\",\"isPartOf\":{\"@id\":\"https:\/\/rijetke-bolesti.com\/#website\"},\"primaryImageOfPage\":{\"@id\":\"https:\/\/rijetke-bolesti.com\/nas-tim\/vanjski-suradnici-i-volonteri\/#primaryimage\"},\"image\":{\"@id\":\"https:\/\/rijetke-bolesti.com\/nas-tim\/vanjski-suradnici-i-volonteri\/#primaryimage\"},\"thumbnailUrl\":\"https:\/\/rijetke-bolesti.com\/wp-content\/uploads\/2019\/03\/ss-rijetke_bolesti-300x300.png\",\"datePublished\":\"2020-12-17T18:05:28+00:00\",\"dateModified\":\"2025-04-23T10:25:06+00:00\",\"breadcrumb\":{\"@id\":\"https:\/\/rijetke-bolesti.com\/nas-tim\/vanjski-suradnici-i-volonteri\/#breadcrumb\"},\"inLanguage\":\"en-GB\",\"potentialAction\":[{\"@type\":\"ReadAction\",\"target\":[\"https:\/\/rijetke-bolesti.com\/nas-tim\/vanjski-suradnici-i-volonteri\/\"]}]},{\"@type\":\"ImageObject\",\"inLanguage\":\"en-GB\",\"@id\":\"https:\/\/rijetke-bolesti.com\/nas-tim\/vanjski-suradnici-i-volonteri\/#primaryimage\",\"url\":\"https:\/\/rijetke-bolesti.com\/wp-content\/uploads\/2019\/03\/ss-rijetke_bolesti-300x300.png\",\"contentUrl\":\"https:\/\/rijetke-bolesti.com\/wp-content\/uploads\/2019\/03\/ss-rijetke_bolesti-300x300.png\"},{\"@type\":\"BreadcrumbList\",\"@id\":\"https:\/\/rijetke-bolesti.com\/nas-tim\/vanjski-suradnici-i-volonteri\/#breadcrumb\",\"itemListElement\":[{\"@type\":\"ListItem\",\"position\":1,\"name\":\"Home\",\"item\":\"https:\/\/rijetke-bolesti.com\/\"},{\"@type\":\"ListItem\",\"position\":2,\"name\":\"O nama\",\"item\":\"https:\/\/rijetke-bolesti.com\/nas-tim\/\"},{\"@type\":\"ListItem\",\"position\":3,\"name\":\"Volonteri i vanjski suradnici\"}]},{\"@type\":\"WebSite\",\"@id\":\"https:\/\/rijetke-bolesti.com\/#website\",\"url\":\"https:\/\/rijetke-bolesti.com\/\",\"name\":\"Hrvatski savez za rijetke bolesti\",\"description\":\"Za\u0161tita i unapre\u0111enje kvalitete \u017eivota osoba oboljelih\u00a0 od rijetkih bolesti\",\"potentialAction\":[{\"@type\":\"SearchAction\",\"target\":{\"@type\":\"EntryPoint\",\"urlTemplate\":\"https:\/\/rijetke-bolesti.com\/?s={search_term_string}\"},\"query-input\":{\"@type\":\"PropertyValueSpecification\",\"valueRequired\":true,\"valueName\":\"search_term_string\"}}],\"inLanguage\":\"en-GB\"}]}<\/script>\n<!-- \/ Yoast SEO plugin. -->","yoast_head_json":{"title":"Volonteri i vanjski suradnici - Hrvatski savez za rijetke bolesti","robots":{"index":"index","follow":"follow","max-snippet":"max-snippet:-1","max-image-preview":"max-image-preview:large","max-video-preview":"max-video-preview:-1"},"canonical":"https:\/\/rijetke-bolesti.com\/en\/nas-tim\/vanjski-suradnici-i-volonteri\/","og_locale":"en_GB","og_type":"article","og_title":"Volonteri i vanjski suradnici - Hrvatski savez za rijetke bolesti","og_description":"Vanjski suradnici i volonteri Edukacijsko &#8211; rehabilitacijski fakultet u sklopu programa Rehabilitacija, kolegij Volonterski rad \u0160kola za primalje Zagreb za MDRB \u0160kola za medicinske sestre Vinogradska Studijski centar Socijalnog rada Pravnog fakulteta Sveu\u010dili\u0161ta u Zagrebu u sklopu kolegija Socijalni rad s osobama s invaliditetom &#8211;...","og_url":"https:\/\/rijetke-bolesti.com\/en\/nas-tim\/vanjski-suradnici-i-volonteri\/","og_site_name":"Hrvatski savez za rijetke bolesti","article_modified_time":"2025-04-23T10:25:06+00:00","og_image":[{"url":"https:\/\/rijetke-bolesti.com\/wp-content\/uploads\/2019\/03\/ss-rijetke_bolesti-300x300.png","type":"","width":"","height":""}],"twitter_card":"summary_large_image","twitter_misc":{"Estimated reading time":"4 minutes"},"schema":{"@context":"https:\/\/schema.org","@graph":[{"@type":"WebPage","@id":"https:\/\/rijetke-bolesti.com\/nas-tim\/vanjski-suradnici-i-volonteri\/","url":"https:\/\/rijetke-bolesti.com\/nas-tim\/vanjski-suradnici-i-volonteri\/","name":"Volonteri i vanjski suradnici - Hrvatski savez za rijetke bolesti","isPartOf":{"@id":"https:\/\/rijetke-bolesti.com\/#website"},"primaryImageOfPage":{"@id":"https:\/\/rijetke-bolesti.com\/nas-tim\/vanjski-suradnici-i-volonteri\/#primaryimage"},"image":{"@id":"https:\/\/rijetke-bolesti.com\/nas-tim\/vanjski-suradnici-i-volonteri\/#primaryimage"},"thumbnailUrl":"https:\/\/rijetke-bolesti.com\/wp-content\/uploads\/2019\/03\/ss-rijetke_bolesti-300x300.png","datePublished":"2020-12-17T18:05:28+00:00","dateModified":"2025-04-23T10:25:06+00:00","breadcrumb":{"@id":"https:\/\/rijetke-bolesti.com\/nas-tim\/vanjski-suradnici-i-volonteri\/#breadcrumb"},"inLanguage":"en-GB","potentialAction":[{"@type":"ReadAction","target":["https:\/\/rijetke-bolesti.com\/nas-tim\/vanjski-suradnici-i-volonteri\/"]}]},{"@type":"ImageObject","inLanguage":"en-GB","@id":"https:\/\/rijetke-bolesti.com\/nas-tim\/vanjski-suradnici-i-volonteri\/#primaryimage","url":"https:\/\/rijetke-bolesti.com\/wp-content\/uploads\/2019\/03\/ss-rijetke_bolesti-300x300.png","contentUrl":"https:\/\/rijetke-bolesti.com\/wp-content\/uploads\/2019\/03\/ss-rijetke_bolesti-300x300.png"},{"@type":"BreadcrumbList","@id":"https:\/\/rijetke-bolesti.com\/nas-tim\/vanjski-suradnici-i-volonteri\/#breadcrumb","itemListElement":[{"@type":"ListItem","position":1,"name":"Home","item":"https:\/\/rijetke-bolesti.com\/"},{"@type":"ListItem","position":2,"name":"O nama","item":"https:\/\/rijetke-bolesti.com\/nas-tim\/"},{"@type":"ListItem","position":3,"name":"Volonteri i vanjski suradnici"}]},{"@type":"WebSite","@id":"https:\/\/rijetke-bolesti.com\/#website","url":"https:\/\/rijetke-bolesti.com\/","name":"Hrvatski savez za rijetke bolesti","description":"Za\u0161tita i unapre\u0111enje kvalitete \u017eivota osoba oboljelih\u00a0 od rijetkih bolesti","potentialAction":[{"@type":"SearchAction","target":{"@type":"EntryPoint","urlTemplate":"https:\/\/rijetke-bolesti.com\/?s={search_term_string}"},"query-input":{"@type":"PropertyValueSpecification","valueRequired":true,"valueName":"search_term_string"}}],"inLanguage":"en-GB"}]}},"_links":{"self":[{"href":"https:\/\/rijetke-bolesti.com\/en\/wp-json\/wp\/v2\/pages\/680","targetHints":{"allow":["GET"]}}],"collection":[{"href":"https:\/\/rijetke-bolesti.com\/en\/wp-json\/wp\/v2\/pages"}],"about":[{"href":"https:\/\/rijetke-bolesti.com\/en\/wp-json\/wp\/v2\/types\/page"}],"author":[{"embeddable":true,"href":"https:\/\/rijetke-bolesti.com\/en\/wp-json\/wp\/v2\/users\/2"}],"replies":[{"embeddable":true,"href":"https:\/\/rijetke-bolesti.com\/en\/wp-json\/wp\/v2\/comments?post=680"}],"version-history":[{"count":33,"href":"https:\/\/rijetke-bolesti.com\/en\/wp-json\/wp\/v2\/pages\/680\/revisions"}],"predecessor-version":[{"id":4961,"href":"https:\/\/rijetke-bolesti.com\/en\/wp-json\/wp\/v2\/pages\/680\/revisions\/4961"}],"up":[{"embeddable":true,"href":"https:\/\/rijetke-bolesti.com\/en\/wp-json\/wp\/v2\/pages\/674"}],"wp:attachment":[{"href":"https:\/\/rijetke-bolesti.com\/en\/wp-json\/wp\/v2\/media?parent=680"}],"curies":[{"name":"wp","href":"https:\/\/api.w.org\/{rel}","templated":true}]}}