{"id":678,"date":"2020-12-17T20:05:06","date_gmt":"2020-12-17T18:05:06","guid":{"rendered":"https:\/\/rijetke-bolesti.com\/?page_id=678"},"modified":"2026-04-02T14:31:58","modified_gmt":"2026-04-02T12:31:58","slug":"dokumentacija-saveza","status":"publish","type":"page","link":"https:\/\/rijetke-bolesti.com\/en\/nas-tim\/dokumentacija-saveza\/","title":{"rendered":"Alliance Documentation"},"content":{"rendered":"<div class=\"wp-block-file\"><a id=\"wp-block-file--media-234aa6c6-83eb-46d5-9f43-8dbd73ec8100\" href=\"https:\/\/rijetke-bolesti.com\/wp-content\/uploads\/2026\/04\/STATUT-HSRB.pdf\" target=\"_blank\" rel=\"noreferrer noopener\"><strong>STATUT-HSRB<\/strong><\/a><a href=\"https:\/\/rijetke-bolesti.com\/wp-content\/uploads\/2026\/04\/STATUT-HSRB.pdf\" class=\"wp-block-file__button wp-element-button\" download aria-describedby=\"wp-block-file--media-234aa6c6-83eb-46d5-9f43-8dbd73ec8100\">Download<\/a><\/div>\n\n\n\n<div class=\"wp-block-file\"><a id=\"wp-block-file--media-7ba5b987-8ce7-4c95-a582-5d493e9118b8\" href=\"https:\/\/rijetke-bolesti.com\/wp-content\/uploads\/2025\/06\/Izmjene-i-dopune-statuta.pdf\" target=\"_blank\" rel=\"noreferrer noopener\"><strong>IZMJENE I DOPUNE STATUTA<\/strong><\/a><a href=\"https:\/\/rijetke-bolesti.com\/wp-content\/uploads\/2025\/06\/Izmjene-i-dopune-statuta.pdf\" class=\"wp-block-file__button wp-element-button\" download aria-describedby=\"wp-block-file--media-7ba5b987-8ce7-4c95-a582-5d493e9118b8\">Download<\/a><\/div>\n\n\n\n<div class=\"wp-block-file\"><a id=\"wp-block-file--media-7b31a222-e8c4-43df-9ae4-f760d8e5a9da\" href=\"https:\/\/rijetke-bolesti.com\/wp-content\/uploads\/2021\/04\/Pravilnik-o-zastiti-osobnih-podataka-1.pdf\" target=\"_blank\" rel=\"noreferrer noopener\"><strong>PRAVILNIK O ZA\u0160TITI OSOBNIH PODATAKA<\/strong><\/a><a href=\"https:\/\/rijetke-bolesti.com\/wp-content\/uploads\/2021\/04\/Pravilnik-o-zastiti-osobnih-podataka-1.pdf\" class=\"wp-block-file__button wp-element-button\" download aria-describedby=\"wp-block-file--media-7b31a222-e8c4-43df-9ae4-f760d8e5a9da\">Download<\/a><\/div>\n\n\n\n<div style=\"height:20px\" aria-hidden=\"true\" class=\"wp-block-spacer\"><\/div>\n\n\n\n<hr class=\"wp-block-separator has-alpha-channel-opacity\"\/>\n\n\n\n<div style=\"height:30px\" aria-hidden=\"true\" class=\"wp-block-spacer\"><\/div>\n\n\n\n<h3 class=\"wp-block-heading\">Annual Reports and Plans<\/h3>\n\n\n\n<div style=\"height:20px\" aria-hidden=\"true\" class=\"wp-block-spacer\"><\/div>\n\n\n\n<h4 class=\"wp-block-heading\">Activity Reports<\/h4>\n\n\n\n<div class=\"wp-block-file\"><a id=\"wp-block-file--media-56ab5bab-ec38-44c4-9f97-4deb2d500707\" href=\"https:\/\/rijetke-bolesti.com\/wp-content\/uploads\/2026\/04\/GODISNJI-IZVJESTAJ-O-RADU-2025.pdf\">GODI\u0160NJI IZVJE\u0160TAJ O RADU 2025.<\/a><a href=\"https:\/\/rijetke-bolesti.com\/wp-content\/uploads\/2026\/04\/GODISNJI-IZVJESTAJ-O-RADU-2025.pdf\" class=\"wp-block-file__button wp-element-button\" download aria-describedby=\"wp-block-file--media-56ab5bab-ec38-44c4-9f97-4deb2d500707\">Download<\/a><\/div>\n\n\n\n<div class=\"wp-block-file\"><a id=\"wp-block-file--media-39a73b7e-66d9-4591-b927-21fc891e96c9\" href=\"https:\/\/rijetke-bolesti.com\/wp-content\/uploads\/2019\/03\/GODISNJI-IZVJESTAJ-O-RADU-2024.pdf\" target=\"_blank\" rel=\"noreferrer noopener\">GODI\u0160NJI IZVJE\u0160TAJ O RADU 2024.<\/a><a href=\"https:\/\/rijetke-bolesti.com\/wp-content\/uploads\/2019\/03\/GODISNJI-IZVJESTAJ-O-RADU-2024.pdf\" class=\"wp-block-file__button wp-element-button\" download aria-describedby=\"wp-block-file--media-39a73b7e-66d9-4591-b927-21fc891e96c9\">Download<\/a><\/div>\n\n\n\n<div class=\"wp-block-file\"><a id=\"wp-block-file--media-0fe9860b-2ebf-4c42-86e0-664d1422c495\" href=\"https:\/\/rijetke-bolesti.com\/wp-content\/uploads\/2019\/03\/GODISNJI-IZVJESTAJ-O-RADU-2023.pdf\" target=\"_blank\" rel=\"noreferrer noopener\">GODI\u0160NJI IZVJE\u0160TAJ O RADU 2023.<\/a><a href=\"https:\/\/rijetke-bolesti.com\/wp-content\/uploads\/2019\/03\/GODISNJI-IZVJESTAJ-O-RADU-2023.pdf\" class=\"wp-block-file__button wp-element-button\" download aria-describedby=\"wp-block-file--media-0fe9860b-2ebf-4c42-86e0-664d1422c495\">Download<\/a><\/div>\n\n\n\n<div class=\"wp-block-file\"><a id=\"wp-block-file--media-99038952-991c-4d8a-964e-2ee53720c952\" href=\"https:\/\/rijetke-bolesti.com\/wp-content\/uploads\/2019\/03\/GODISNJI-IZVJESTAJ-O-RADU-2022.pdf\" target=\"_blank\" rel=\"noreferrer noopener\">GODI\u0160NJI IZVJE\u0160TAJ O RADU 2022.<\/a><a href=\"https:\/\/rijetke-bolesti.com\/wp-content\/uploads\/2019\/03\/GODISNJI-IZVJESTAJ-O-RADU-2022.pdf\" class=\"wp-block-file__button wp-element-button\" download aria-describedby=\"wp-block-file--media-99038952-991c-4d8a-964e-2ee53720c952\">Download<\/a><\/div>\n\n\n\n<div class=\"wp-block-file\"><a id=\"wp-block-file--media-61e99891-d49e-4f62-a414-78002014fc23\" href=\"https:\/\/rijetke-bolesti.com\/wp-content\/uploads\/2019\/03\/GODISNJI-IZVJESTAJ-O-RADU-2021.pdf\" target=\"_blank\" rel=\"noreferrer noopener\">GODI\u0160NJI IZVJE\u0160TAJ O RADU 2021.<\/a><a href=\"https:\/\/rijetke-bolesti.com\/wp-content\/uploads\/2019\/03\/GODISNJI-IZVJESTAJ-O-RADU-2021.pdf\" class=\"wp-block-file__button wp-element-button\" download aria-describedby=\"wp-block-file--media-61e99891-d49e-4f62-a414-78002014fc23\">Download<\/a><\/div>\n\n\n\n<div class=\"wp-block-file\"><a id=\"wp-block-file--media-33af6228-e314-4a0a-829e-c8139a661e00\" href=\"https:\/\/rijetke-bolesti.com\/wp-content\/uploads\/2019\/03\/GODISNJI-IZVJESTAJ-O-RADU-2020.pdf\" target=\"_blank\" rel=\"noreferrer noopener\">GODI\u0160NJI IZVJE\u0160TAJ O RADU 2020.<\/a><a href=\"https:\/\/rijetke-bolesti.com\/wp-content\/uploads\/2019\/03\/GODISNJI-IZVJESTAJ-O-RADU-2020.pdf\" class=\"wp-block-file__button wp-element-button\" download aria-describedby=\"wp-block-file--media-33af6228-e314-4a0a-829e-c8139a661e00\">Download<\/a><\/div>\n\n\n\n<hr class=\"wp-block-separator has-css-opacity\"\/>\n\n\n\n<h4 class=\"wp-block-heading\">Financial Reports<\/h4>\n\n\n\n<div class=\"wp-block-file\"><a id=\"wp-block-file--media-223275a7-1b64-4c6a-ae34-0af6308c2a9a\" href=\"https:\/\/rijetke-bolesti.com\/wp-content\/uploads\/2019\/03\/FINANCIJSKI-IZVJESTAJ-2025.xls\" target=\"_blank\" rel=\"noreferrer noopener\">FINANCIJSKI IZVJE\u0160TAJ 2025<\/a><a href=\"https:\/\/rijetke-bolesti.com\/wp-content\/uploads\/2019\/03\/FINANCIJSKI-IZVJESTAJ-2025.xls\" class=\"wp-block-file__button wp-element-button\" download aria-describedby=\"wp-block-file--media-223275a7-1b64-4c6a-ae34-0af6308c2a9a\">Download<\/a><\/div>\n\n\n\n<div class=\"wp-block-file\"><a id=\"wp-block-file--media-e3d3cc31-207b-4b33-92c8-61007a333440\" href=\"https:\/\/rijetke-bolesti.com\/wp-content\/uploads\/2019\/03\/FINANCIJSKI-IZVJESTAJ-2024.pdf\" target=\"_blank\" rel=\"noreferrer noopener\">FINANCIJSKI IZVJE\u0160TAJ 2024<\/a><a href=\"https:\/\/rijetke-bolesti.com\/wp-content\/uploads\/2019\/03\/FINANCIJSKI-IZVJESTAJ-2024.pdf\" class=\"wp-block-file__button wp-element-button\" download aria-describedby=\"wp-block-file--media-e3d3cc31-207b-4b33-92c8-61007a333440\">Download<\/a><\/div>\n\n\n\n<div class=\"wp-block-file\"><a id=\"wp-block-file--media-a2fd06fe-a8e5-4518-8f46-6b86b0728588\" href=\"https:\/\/rijetke-bolesti.com\/wp-content\/uploads\/2019\/03\/FINANCIJSKI-IZVJESTAJ-2023.pdf\" target=\"_blank\" rel=\"noreferrer noopener\">FINANCIJSKI IZVJE\u0160TAJ 2023<\/a><a href=\"https:\/\/rijetke-bolesti.com\/wp-content\/uploads\/2019\/03\/FINANCIJSKI-IZVJESTAJ-2023.pdf\" class=\"wp-block-file__button wp-element-button\" download aria-describedby=\"wp-block-file--media-a2fd06fe-a8e5-4518-8f46-6b86b0728588\">Download<\/a><\/div>\n\n\n\n<div class=\"wp-block-file\"><a id=\"wp-block-file--media-7df7410b-ff76-4db4-a888-96bd5fd2dcca\" href=\"https:\/\/rijetke-bolesti.com\/wp-content\/uploads\/2019\/03\/FINANCIJSKI-IZVJESTAJ-2022.pdf\" target=\"_blank\" rel=\"noreferrer noopener\">FINANCIJSKI IZVJE\u0160TAJ 2022<\/a><a href=\"https:\/\/rijetke-bolesti.com\/wp-content\/uploads\/2019\/03\/FINANCIJSKI-IZVJESTAJ-2022.pdf\" class=\"wp-block-file__button wp-element-button\" download aria-describedby=\"wp-block-file--media-7df7410b-ff76-4db4-a888-96bd5fd2dcca\">Download<\/a><\/div>\n\n\n\n<div class=\"wp-block-file\"><a id=\"wp-block-file--media-4af9559f-6f1b-447d-a639-407600070c41\" href=\"https:\/\/rijetke-bolesti.com\/wp-content\/uploads\/2019\/03\/FINANCIJSKI-IZVJESTAJ-2021.pdf\" target=\"_blank\" rel=\"noreferrer noopener\">FINANCIJSKI IZVJE\u0160TAJ 2021<\/a><a href=\"https:\/\/rijetke-bolesti.com\/wp-content\/uploads\/2019\/03\/FINANCIJSKI-IZVJESTAJ-2021.pdf\" class=\"wp-block-file__button wp-element-button\" download aria-describedby=\"wp-block-file--media-4af9559f-6f1b-447d-a639-407600070c41\">Download<\/a><\/div>\n\n\n\n<div class=\"wp-block-file\"><a id=\"wp-block-file--media-0e62e9d2-ed6f-4a23-802a-e0005cb0a9eb\" href=\"https:\/\/rijetke-bolesti.com\/wp-content\/uploads\/2019\/03\/FINANCIJSKI-IZVJESTAJ-2020.pdf\" target=\"_blank\" rel=\"noreferrer noopener\">FINANCIJSKI IZVJE\u0160TAJ 2020<\/a><a href=\"https:\/\/rijetke-bolesti.com\/wp-content\/uploads\/2019\/03\/FINANCIJSKI-IZVJESTAJ-2020.pdf\" class=\"wp-block-file__button wp-element-button\" download aria-describedby=\"wp-block-file--media-0e62e9d2-ed6f-4a23-802a-e0005cb0a9eb\">Download<\/a><\/div>\n\n\n\n<hr class=\"wp-block-separator has-alpha-channel-opacity\"\/>\n\n\n\n<h4 class=\"wp-block-heading\">Operational Plans<\/h4>\n\n\n\n<div class=\"wp-block-file\"><a id=\"wp-block-file--media-f923e4ac-bd43-4950-94f9-19c9eaa8576a\" href=\"https:\/\/rijetke-bolesti.com\/wp-content\/uploads\/2019\/03\/OPERATIVNI-PLAN-2026.pdf\">OPERATIVNI PLAN 2026<\/a><a href=\"https:\/\/rijetke-bolesti.com\/wp-content\/uploads\/2019\/03\/OPERATIVNI-PLAN-2026.pdf\" class=\"wp-block-file__button wp-element-button\" download aria-describedby=\"wp-block-file--media-f923e4ac-bd43-4950-94f9-19c9eaa8576a\">Download<\/a><\/div>\n\n\n\n<div class=\"wp-block-file\"><a id=\"wp-block-file--media-c455c30c-b043-455e-8340-46537f264dad\" href=\"https:\/\/rijetke-bolesti.com\/wp-content\/uploads\/2019\/03\/OPERATIVNI-PLAN-2025.pdf\" target=\"_blank\" rel=\"noreferrer noopener\">OPERATIVNI PLAN 2025.<\/a><a href=\"https:\/\/rijetke-bolesti.com\/wp-content\/uploads\/2019\/03\/OPERATIVNI-PLAN-2025.pdf\" class=\"wp-block-file__button wp-element-button\" download aria-describedby=\"wp-block-file--media-c455c30c-b043-455e-8340-46537f264dad\">Download<\/a><\/div>\n\n\n\n<div class=\"wp-block-file\"><a id=\"wp-block-file--media-4d172162-79e6-420a-9e00-ab8b58f176a7\" href=\"https:\/\/rijetke-bolesti.com\/wp-content\/uploads\/2019\/03\/OPERATIVNI-PLAN-2024.pdf\" target=\"_blank\" rel=\"noreferrer noopener\">OPERATIVNI PLAN 2024.<\/a><a href=\"https:\/\/rijetke-bolesti.com\/wp-content\/uploads\/2019\/03\/OPERATIVNI-PLAN-2024.pdf\" class=\"wp-block-file__button wp-element-button\" download aria-describedby=\"wp-block-file--media-4d172162-79e6-420a-9e00-ab8b58f176a7\">Download<\/a><\/div>\n\n\n\n<div class=\"wp-block-file\"><a id=\"wp-block-file--media-0a14c524-c139-4339-a909-04407f5de064\" href=\"https:\/\/rijetke-bolesti.com\/wp-content\/uploads\/2019\/03\/OPERATIVNI-PLAN-2023.pdf\" target=\"_blank\" rel=\"noreferrer noopener\">OPERATIVNI PLAN 2023.<\/a><a href=\"https:\/\/rijetke-bolesti.com\/wp-content\/uploads\/2019\/03\/OPERATIVNI-PLAN-2023.pdf\" class=\"wp-block-file__button wp-element-button\" download aria-describedby=\"wp-block-file--media-0a14c524-c139-4339-a909-04407f5de064\">Download<\/a><\/div>\n\n\n\n<div class=\"wp-block-file\"><a id=\"wp-block-file--media-2138785d-a851-4eb3-ba96-df7cbbac77d0\" href=\"https:\/\/rijetke-bolesti.com\/wp-content\/uploads\/2025\/06\/OPERATIVNI-PLAN-2022.pdf\" target=\"_blank\" rel=\"noreferrer noopener\">OPERATIVNI PLAN 2022.<\/a><a href=\"https:\/\/rijetke-bolesti.com\/wp-content\/uploads\/2025\/06\/OPERATIVNI-PLAN-2022.pdf\" class=\"wp-block-file__button wp-element-button\" download aria-describedby=\"wp-block-file--media-2138785d-a851-4eb3-ba96-df7cbbac77d0\">Download<\/a><\/div>\n\n\n\n<div class=\"wp-block-file\"><a id=\"wp-block-file--media-3ef34607-e734-47b1-af77-e9907a90e234\" href=\"https:\/\/rijetke-bolesti.com\/wp-content\/uploads\/2019\/03\/OPERATIVNI-PLAN-2021.pdf\" target=\"_blank\" rel=\"noreferrer noopener\">OPERATIVNI PLAN 2021.<\/a><a href=\"https:\/\/rijetke-bolesti.com\/wp-content\/uploads\/2019\/03\/OPERATIVNI-PLAN-2021.pdf\" class=\"wp-block-file__button wp-element-button\" download aria-describedby=\"wp-block-file--media-3ef34607-e734-47b1-af77-e9907a90e234\">Download<\/a><\/div>\n<hr>\n<p>\n\n\n\n<h4 class=\"wp-block-heading\">Financial Plans<\/h4>\n\n\n\n<div class=\"wp-block-file\"><a id=\"wp-block-file--media-9db93241-a8f7-454d-8a28-914ddb4e5541\" href=\"https:\/\/rijetke-bolesti.com\/wp-content\/uploads\/2019\/03\/FINANCIJSKI-PLAN-2026.pdf\">FINANCIJSKI PLAN 2026<\/a><a href=\"https:\/\/rijetke-bolesti.com\/wp-content\/uploads\/2019\/03\/FINANCIJSKI-PLAN-2026.pdf\" class=\"wp-block-file__button wp-element-button\" download aria-describedby=\"wp-block-file--media-9db93241-a8f7-454d-8a28-914ddb4e5541\">Download<\/a><\/div>\n\n\n\n<div class=\"wp-block-file\"><a id=\"wp-block-file--media-9dfb4f68-7214-4452-9cdc-e78a7797979d\" href=\"https:\/\/rijetke-bolesti.com\/wp-content\/uploads\/2019\/03\/FINANCIJSKI-PLAN-2025.pdf\" target=\"_blank\" rel=\"noreferrer noopener\">FINANCIJSKI PLAN 2025.<\/a><a href=\"https:\/\/rijetke-bolesti.com\/wp-content\/uploads\/2019\/03\/FINANCIJSKI-PLAN-2025.pdf\" class=\"wp-block-file__button wp-element-button\" download aria-describedby=\"wp-block-file--media-9dfb4f68-7214-4452-9cdc-e78a7797979d\">Download<\/a><\/div>\n\n\n\n<div class=\"wp-block-file\"><a id=\"wp-block-file--media-0e3338ed-8ad6-45b9-add0-96195ea60ff5\" href=\"https:\/\/rijetke-bolesti.com\/wp-content\/uploads\/2019\/03\/FINANCIJSKI-PLAN-2024.pdf\" target=\"_blank\" rel=\"noreferrer noopener\">FINANCIJSKI PLAN 2024.<\/a><a href=\"https:\/\/rijetke-bolesti.com\/wp-content\/uploads\/2019\/03\/FINANCIJSKI-PLAN-2024.pdf\" class=\"wp-block-file__button wp-element-button\" download aria-describedby=\"wp-block-file--media-0e3338ed-8ad6-45b9-add0-96195ea60ff5\">Download<\/a><\/div>\n\n\n\n<div class=\"wp-block-file\"><a id=\"wp-block-file--media-30b3d7c8-f705-4e55-a859-b511c7ee901b\" href=\"https:\/\/rijetke-bolesti.com\/wp-content\/uploads\/2019\/03\/FINANCIJSKI-PLAN-2023.pdf\" target=\"_blank\" rel=\"noreferrer noopener\">FINANCIJSKI PLAN 2023.<\/a><a href=\"https:\/\/rijetke-bolesti.com\/wp-content\/uploads\/2019\/03\/FINANCIJSKI-PLAN-2023.pdf\" class=\"wp-block-file__button wp-element-button\" download aria-describedby=\"wp-block-file--media-30b3d7c8-f705-4e55-a859-b511c7ee901b\">Download<\/a><\/div>\n\n\n\n<div class=\"wp-block-file\"><a id=\"wp-block-file--media-cc9f3309-d222-4667-a327-bd384b3a93ba\" href=\"https:\/\/rijetke-bolesti.com\/wp-content\/uploads\/2019\/03\/FINANCIJSKI-PLAN-2022.pdf\" target=\"_blank\" rel=\"noreferrer noopener\">FINANCIJSKI PLAN 2022.<\/a><a href=\"https:\/\/rijetke-bolesti.com\/wp-content\/uploads\/2019\/03\/FINANCIJSKI-PLAN-2022.pdf\" class=\"wp-block-file__button wp-element-button\" download aria-describedby=\"wp-block-file--media-cc9f3309-d222-4667-a327-bd384b3a93ba\">Download<\/a><\/div>\n\n\n\n<div class=\"wp-block-file\"><a id=\"wp-block-file--media-44d29567-7c5e-49ba-8dbe-869894bafe4a\" href=\"https:\/\/rijetke-bolesti.com\/wp-content\/uploads\/2019\/03\/FINANCIJSKI-PLAN-2021.pdf\" target=\"_blank\" rel=\"noreferrer noopener\">FINANCIJSKI PLAN 2021.<\/a><a href=\"https:\/\/rijetke-bolesti.com\/wp-content\/uploads\/2019\/03\/FINANCIJSKI-PLAN-2021.pdf\" class=\"wp-block-file__button wp-element-button\" download aria-describedby=\"wp-block-file--media-44d29567-7c5e-49ba-8dbe-869894bafe4a\">Download<\/a><\/div>","protected":false},"excerpt":{"rendered":"<p>STATUT-HSRBDownload IZMJENE I DOPUNE STATUTADownload PRAVILNIK O ZA\u0160TITI OSOBNIH PODATAKADownload GODI\u0160NJI IZVJE\u0160TAJI I PLANOVI Izvje\u0161taji o radu GODI\u0160NJI IZVJE\u0160TAJ O RADU 2025.Download GODI\u0160NJI IZVJE\u0160TAJ O RADU 2024.Download GODI\u0160NJI IZVJE\u0160TAJ O RADU 2023.Download GODI\u0160NJI IZVJE\u0160TAJ O RADU 2022.Download GODI\u0160NJI IZVJE\u0160TAJ O RADU 2021.Download GODI\u0160NJI IZVJE\u0160TAJ O&#8230;<\/p>","protected":false},"author":2,"featured_media":0,"parent":674,"menu_order":0,"comment_status":"closed","ping_status":"closed","template":"","meta":{"content-type":"","footnotes":""},"class_list":["post-678","page","type-page","status-publish","hentry"],"yoast_head":"<!-- This site is optimized with the Yoast SEO plugin v26.0 - https:\/\/yoast.com\/wordpress\/plugins\/seo\/ -->\n<title>Dokumentacija saveza - Hrvatski savez za rijetke bolesti<\/title>\n<meta name=\"robots\" content=\"index, follow, max-snippet:-1, max-image-preview:large, max-video-preview:-1\" \/>\n<link rel=\"canonical\" href=\"https:\/\/rijetke-bolesti.com\/en\/nas-tim\/dokumentacija-saveza\/\" \/>\n<meta property=\"og:locale\" content=\"en_GB\" \/>\n<meta property=\"og:type\" content=\"article\" \/>\n<meta property=\"og:title\" content=\"Dokumentacija saveza - Hrvatski savez za rijetke bolesti\" \/>\n<meta property=\"og:description\" content=\"STATUT-HSRBDownload IZMJENE I DOPUNE STATUTADownload PRAVILNIK O ZA\u0160TITI OSOBNIH PODATAKADownload GODI\u0160NJI IZVJE\u0160TAJI I PLANOVI Izvje\u0161taji o radu GODI\u0160NJI IZVJE\u0160TAJ O RADU 2025.Download GODI\u0160NJI IZVJE\u0160TAJ O RADU 2024.Download GODI\u0160NJI IZVJE\u0160TAJ O RADU 2023.Download GODI\u0160NJI IZVJE\u0160TAJ O RADU 2022.Download GODI\u0160NJI IZVJE\u0160TAJ O RADU 2021.Download GODI\u0160NJI IZVJE\u0160TAJ O...\" \/>\n<meta property=\"og:url\" content=\"https:\/\/rijetke-bolesti.com\/en\/nas-tim\/dokumentacija-saveza\/\" \/>\n<meta property=\"og:site_name\" content=\"Hrvatski savez za rijetke bolesti\" \/>\n<meta property=\"article:modified_time\" content=\"2026-04-02T12:31:58+00:00\" \/>\n<meta name=\"twitter:card\" content=\"summary_large_image\" \/>\n<meta name=\"twitter:label1\" content=\"Estimated reading time\" \/>\n\t<meta name=\"twitter:data1\" content=\"1 minute\" \/>\n<script type=\"application\/ld+json\" class=\"yoast-schema-graph\">{\"@context\":\"https:\/\/schema.org\",\"@graph\":[{\"@type\":\"WebPage\",\"@id\":\"https:\/\/rijetke-bolesti.com\/nas-tim\/dokumentacija-saveza\/\",\"url\":\"https:\/\/rijetke-bolesti.com\/nas-tim\/dokumentacija-saveza\/\",\"name\":\"Dokumentacija saveza - Hrvatski savez za rijetke bolesti\",\"isPartOf\":{\"@id\":\"https:\/\/rijetke-bolesti.com\/#website\"},\"datePublished\":\"2020-12-17T18:05:06+00:00\",\"dateModified\":\"2026-04-02T12:31:58+00:00\",\"breadcrumb\":{\"@id\":\"https:\/\/rijetke-bolesti.com\/nas-tim\/dokumentacija-saveza\/#breadcrumb\"},\"inLanguage\":\"en-GB\",\"potentialAction\":[{\"@type\":\"ReadAction\",\"target\":[\"https:\/\/rijetke-bolesti.com\/nas-tim\/dokumentacija-saveza\/\"]}]},{\"@type\":\"BreadcrumbList\",\"@id\":\"https:\/\/rijetke-bolesti.com\/nas-tim\/dokumentacija-saveza\/#breadcrumb\",\"itemListElement\":[{\"@type\":\"ListItem\",\"position\":1,\"name\":\"Home\",\"item\":\"https:\/\/rijetke-bolesti.com\/\"},{\"@type\":\"ListItem\",\"position\":2,\"name\":\"O nama\",\"item\":\"https:\/\/rijetke-bolesti.com\/nas-tim\/\"},{\"@type\":\"ListItem\",\"position\":3,\"name\":\"Dokumentacija saveza\"}]},{\"@type\":\"WebSite\",\"@id\":\"https:\/\/rijetke-bolesti.com\/#website\",\"url\":\"https:\/\/rijetke-bolesti.com\/\",\"name\":\"Hrvatski savez za rijetke bolesti\",\"description\":\"Za\u0161tita i unapre\u0111enje kvalitete \u017eivota osoba oboljelih\u00a0 od rijetkih bolesti\",\"potentialAction\":[{\"@type\":\"SearchAction\",\"target\":{\"@type\":\"EntryPoint\",\"urlTemplate\":\"https:\/\/rijetke-bolesti.com\/?s={search_term_string}\"},\"query-input\":{\"@type\":\"PropertyValueSpecification\",\"valueRequired\":true,\"valueName\":\"search_term_string\"}}],\"inLanguage\":\"en-GB\"}]}<\/script>\n<!-- \/ Yoast SEO plugin. -->","yoast_head_json":{"title":"Dokumentacija saveza - Hrvatski savez za rijetke bolesti","robots":{"index":"index","follow":"follow","max-snippet":"max-snippet:-1","max-image-preview":"max-image-preview:large","max-video-preview":"max-video-preview:-1"},"canonical":"https:\/\/rijetke-bolesti.com\/en\/nas-tim\/dokumentacija-saveza\/","og_locale":"en_GB","og_type":"article","og_title":"Dokumentacija saveza - Hrvatski savez za rijetke bolesti","og_description":"STATUT-HSRBDownload IZMJENE I DOPUNE STATUTADownload PRAVILNIK O ZA\u0160TITI OSOBNIH PODATAKADownload GODI\u0160NJI IZVJE\u0160TAJI I PLANOVI Izvje\u0161taji o radu GODI\u0160NJI IZVJE\u0160TAJ O RADU 2025.Download GODI\u0160NJI IZVJE\u0160TAJ O RADU 2024.Download GODI\u0160NJI IZVJE\u0160TAJ O RADU 2023.Download GODI\u0160NJI IZVJE\u0160TAJ O RADU 2022.Download GODI\u0160NJI IZVJE\u0160TAJ O RADU 2021.Download GODI\u0160NJI IZVJE\u0160TAJ O...","og_url":"https:\/\/rijetke-bolesti.com\/en\/nas-tim\/dokumentacija-saveza\/","og_site_name":"Hrvatski savez za rijetke bolesti","article_modified_time":"2026-04-02T12:31:58+00:00","twitter_card":"summary_large_image","twitter_misc":{"Estimated reading time":"1 minute"},"schema":{"@context":"https:\/\/schema.org","@graph":[{"@type":"WebPage","@id":"https:\/\/rijetke-bolesti.com\/nas-tim\/dokumentacija-saveza\/","url":"https:\/\/rijetke-bolesti.com\/nas-tim\/dokumentacija-saveza\/","name":"Dokumentacija saveza - Hrvatski savez za rijetke bolesti","isPartOf":{"@id":"https:\/\/rijetke-bolesti.com\/#website"},"datePublished":"2020-12-17T18:05:06+00:00","dateModified":"2026-04-02T12:31:58+00:00","breadcrumb":{"@id":"https:\/\/rijetke-bolesti.com\/nas-tim\/dokumentacija-saveza\/#breadcrumb"},"inLanguage":"en-GB","potentialAction":[{"@type":"ReadAction","target":["https:\/\/rijetke-bolesti.com\/nas-tim\/dokumentacija-saveza\/"]}]},{"@type":"BreadcrumbList","@id":"https:\/\/rijetke-bolesti.com\/nas-tim\/dokumentacija-saveza\/#breadcrumb","itemListElement":[{"@type":"ListItem","position":1,"name":"Home","item":"https:\/\/rijetke-bolesti.com\/"},{"@type":"ListItem","position":2,"name":"O nama","item":"https:\/\/rijetke-bolesti.com\/nas-tim\/"},{"@type":"ListItem","position":3,"name":"Dokumentacija saveza"}]},{"@type":"WebSite","@id":"https:\/\/rijetke-bolesti.com\/#website","url":"https:\/\/rijetke-bolesti.com\/","name":"Hrvatski savez za rijetke bolesti","description":"Za\u0161tita i unapre\u0111enje kvalitete \u017eivota osoba oboljelih\u00a0 od rijetkih bolesti","potentialAction":[{"@type":"SearchAction","target":{"@type":"EntryPoint","urlTemplate":"https:\/\/rijetke-bolesti.com\/?s={search_term_string}"},"query-input":{"@type":"PropertyValueSpecification","valueRequired":true,"valueName":"search_term_string"}}],"inLanguage":"en-GB"}]}},"_links":{"self":[{"href":"https:\/\/rijetke-bolesti.com\/en\/wp-json\/wp\/v2\/pages\/678","targetHints":{"allow":["GET"]}}],"collection":[{"href":"https:\/\/rijetke-bolesti.com\/en\/wp-json\/wp\/v2\/pages"}],"about":[{"href":"https:\/\/rijetke-bolesti.com\/en\/wp-json\/wp\/v2\/types\/page"}],"author":[{"embeddable":true,"href":"https:\/\/rijetke-bolesti.com\/en\/wp-json\/wp\/v2\/users\/2"}],"replies":[{"embeddable":true,"href":"https:\/\/rijetke-bolesti.com\/en\/wp-json\/wp\/v2\/comments?post=678"}],"version-history":[{"count":109,"href":"https:\/\/rijetke-bolesti.com\/en\/wp-json\/wp\/v2\/pages\/678\/revisions"}],"predecessor-version":[{"id":6288,"href":"https:\/\/rijetke-bolesti.com\/en\/wp-json\/wp\/v2\/pages\/678\/revisions\/6288"}],"up":[{"embeddable":true,"href":"https:\/\/rijetke-bolesti.com\/en\/wp-json\/wp\/v2\/pages\/674"}],"wp:attachment":[{"href":"https:\/\/rijetke-bolesti.com\/en\/wp-json\/wp\/v2\/media?parent=678"}],"curies":[{"name":"wp","href":"https:\/\/api.w.org\/{rel}","templated":true}]}}