{"id":676,"date":"2020-12-17T20:04:45","date_gmt":"2020-12-17T18:04:45","guid":{"rendered":"https:\/\/rijetke-bolesti.com\/?page_id=676"},"modified":"2025-07-08T10:27:28","modified_gmt":"2025-07-08T08:27:28","slug":"predsjednistvo","status":"publish","type":"page","link":"https:\/\/rijetke-bolesti.com\/en\/nas-tim\/predsjednistvo\/","title":{"rendered":"Management Board"},"content":{"rendered":"<h3 class=\"wp-block-heading\">Management Board<\/h3>\n\n\n\n<p><\/p>\n\n\n\n<p><strong>Sara Bajlo<\/strong>, President of the Alliance<\/p>\n\n\n\n<p><strong>Jadranka Brozd<\/strong>, Vice President of the Alliance<\/p>\n\n\n\n<p><strong>Katarina \u010cizmin<\/strong>, Board Member<\/p>\n\n\n\n<p><strong>Kornelije Jurani\u0107<\/strong>, Board Member<\/p>\n\n\n\n<p><strong>Josip Stoji\u0107<\/strong>, Board Member<\/p>\n\n\n\n<p><strong>Vana Vuki\u0107<\/strong>, Board Member<\/p>\n\n\n\n<p><strong>Jasenka Wagner Kostadinovi\u0107<\/strong>, Board Member<\/p>\n\n\n\n<p><\/p>\n\n\n\n<div style=\"height:100px\" aria-hidden=\"true\" class=\"wp-block-spacer\"><\/div>\n\n\n\n<h3 class=\"wp-block-heading\">Supervisory Board<\/h3>\n\n\n\n<p><strong>Miranda Kokotovi\u0107<\/strong>, Board Member<\/p>\n\n\n\n<p><strong>Marina Lozan\u010di\u0107<\/strong>, Board Member<\/p>\n\n\n\n<p><strong>Ida Mirkovi\u0107 Knaus<\/strong>, Board Member<\/p>\n\n\n\n<p><\/p>\n\n\n\n<h3 class=\"wp-block-heading\"><\/h3>","protected":false},"excerpt":{"rendered":"<p>Upravni odbor Sara Bajlo, predsjednica Saveza Jadranka Brozd, dopredsjednica i \u010dlanica UO Katarina \u010cizmin, \u010dlanica UO Kornelije Jurani\u0107, \u010dlan UO Josip Stoji\u0107, \u010dlan UO Vana Vuki\u0107, \u010dlanica UO Jasenka Wagner Kostadinovi\u0107, \u010dlanica UO Nadzorni odbor Miranda Kokotovi\u0107, \u010dlanica NO Marina Lozan\u010di\u0107, \u010dlanica NO Ida Mirkovi\u0107&#8230;<\/p>","protected":false},"author":2,"featured_media":0,"parent":674,"menu_order":0,"comment_status":"closed","ping_status":"closed","template":"","meta":{"content-type":"","footnotes":""},"class_list":["post-676","page","type-page","status-publish","hentry"],"yoast_head":"<!-- This site is optimized with the Yoast SEO plugin v26.0 - https:\/\/yoast.com\/wordpress\/plugins\/seo\/ -->\n<title>Predsjedni\u0161tvo - Hrvatski savez za rijetke bolesti<\/title>\n<meta name=\"robots\" content=\"index, follow, max-snippet:-1, max-image-preview:large, max-video-preview:-1\" \/>\n<link rel=\"canonical\" href=\"https:\/\/rijetke-bolesti.com\/en\/nas-tim\/predsjednistvo\/\" \/>\n<meta property=\"og:locale\" content=\"en_GB\" \/>\n<meta property=\"og:type\" content=\"article\" \/>\n<meta property=\"og:title\" content=\"Predsjedni\u0161tvo - Hrvatski savez za rijetke bolesti\" \/>\n<meta property=\"og:description\" content=\"Upravni odbor Sara Bajlo, predsjednica Saveza Jadranka Brozd, dopredsjednica i \u010dlanica UO Katarina \u010cizmin, \u010dlanica UO Kornelije Jurani\u0107, \u010dlan UO Josip Stoji\u0107, \u010dlan UO Vana Vuki\u0107, \u010dlanica UO Jasenka Wagner Kostadinovi\u0107, \u010dlanica UO Nadzorni odbor Miranda Kokotovi\u0107, \u010dlanica NO Marina Lozan\u010di\u0107, \u010dlanica NO Ida Mirkovi\u0107...\" \/>\n<meta property=\"og:url\" content=\"https:\/\/rijetke-bolesti.com\/en\/nas-tim\/predsjednistvo\/\" \/>\n<meta property=\"og:site_name\" content=\"Hrvatski savez za rijetke bolesti\" \/>\n<meta property=\"article:modified_time\" content=\"2025-07-08T08:27:28+00:00\" \/>\n<meta name=\"twitter:card\" content=\"summary_large_image\" \/>\n<meta name=\"twitter:label1\" content=\"Estimated reading time\" \/>\n\t<meta name=\"twitter:data1\" content=\"1 minute\" \/>\n<script type=\"application\/ld+json\" class=\"yoast-schema-graph\">{\"@context\":\"https:\/\/schema.org\",\"@graph\":[{\"@type\":\"WebPage\",\"@id\":\"https:\/\/rijetke-bolesti.com\/nas-tim\/predsjednistvo\/\",\"url\":\"https:\/\/rijetke-bolesti.com\/nas-tim\/predsjednistvo\/\",\"name\":\"Predsjedni\u0161tvo - Hrvatski savez za rijetke bolesti\",\"isPartOf\":{\"@id\":\"https:\/\/rijetke-bolesti.com\/#website\"},\"datePublished\":\"2020-12-17T18:04:45+00:00\",\"dateModified\":\"2025-07-08T08:27:28+00:00\",\"breadcrumb\":{\"@id\":\"https:\/\/rijetke-bolesti.com\/nas-tim\/predsjednistvo\/#breadcrumb\"},\"inLanguage\":\"en-GB\",\"potentialAction\":[{\"@type\":\"ReadAction\",\"target\":[\"https:\/\/rijetke-bolesti.com\/nas-tim\/predsjednistvo\/\"]}]},{\"@type\":\"BreadcrumbList\",\"@id\":\"https:\/\/rijetke-bolesti.com\/nas-tim\/predsjednistvo\/#breadcrumb\",\"itemListElement\":[{\"@type\":\"ListItem\",\"position\":1,\"name\":\"Home\",\"item\":\"https:\/\/rijetke-bolesti.com\/\"},{\"@type\":\"ListItem\",\"position\":2,\"name\":\"O nama\",\"item\":\"https:\/\/rijetke-bolesti.com\/nas-tim\/\"},{\"@type\":\"ListItem\",\"position\":3,\"name\":\"Predsjedni\u0161tvo\"}]},{\"@type\":\"WebSite\",\"@id\":\"https:\/\/rijetke-bolesti.com\/#website\",\"url\":\"https:\/\/rijetke-bolesti.com\/\",\"name\":\"Hrvatski savez za rijetke bolesti\",\"description\":\"Za\u0161tita i unapre\u0111enje kvalitete \u017eivota osoba oboljelih\u00a0 od rijetkih bolesti\",\"potentialAction\":[{\"@type\":\"SearchAction\",\"target\":{\"@type\":\"EntryPoint\",\"urlTemplate\":\"https:\/\/rijetke-bolesti.com\/?s={search_term_string}\"},\"query-input\":{\"@type\":\"PropertyValueSpecification\",\"valueRequired\":true,\"valueName\":\"search_term_string\"}}],\"inLanguage\":\"en-GB\"}]}<\/script>\n<!-- \/ Yoast SEO plugin. -->","yoast_head_json":{"title":"Predsjedni\u0161tvo - Hrvatski savez za rijetke bolesti","robots":{"index":"index","follow":"follow","max-snippet":"max-snippet:-1","max-image-preview":"max-image-preview:large","max-video-preview":"max-video-preview:-1"},"canonical":"https:\/\/rijetke-bolesti.com\/en\/nas-tim\/predsjednistvo\/","og_locale":"en_GB","og_type":"article","og_title":"Predsjedni\u0161tvo - Hrvatski savez za rijetke bolesti","og_description":"Upravni odbor Sara Bajlo, predsjednica Saveza Jadranka Brozd, dopredsjednica i \u010dlanica UO Katarina \u010cizmin, \u010dlanica UO Kornelije Jurani\u0107, \u010dlan UO Josip Stoji\u0107, \u010dlan UO Vana Vuki\u0107, \u010dlanica UO Jasenka Wagner Kostadinovi\u0107, \u010dlanica UO Nadzorni odbor Miranda Kokotovi\u0107, \u010dlanica NO Marina Lozan\u010di\u0107, \u010dlanica NO Ida Mirkovi\u0107...","og_url":"https:\/\/rijetke-bolesti.com\/en\/nas-tim\/predsjednistvo\/","og_site_name":"Hrvatski savez za rijetke bolesti","article_modified_time":"2025-07-08T08:27:28+00:00","twitter_card":"summary_large_image","twitter_misc":{"Estimated reading time":"1 minute"},"schema":{"@context":"https:\/\/schema.org","@graph":[{"@type":"WebPage","@id":"https:\/\/rijetke-bolesti.com\/nas-tim\/predsjednistvo\/","url":"https:\/\/rijetke-bolesti.com\/nas-tim\/predsjednistvo\/","name":"Predsjedni\u0161tvo - Hrvatski savez za rijetke bolesti","isPartOf":{"@id":"https:\/\/rijetke-bolesti.com\/#website"},"datePublished":"2020-12-17T18:04:45+00:00","dateModified":"2025-07-08T08:27:28+00:00","breadcrumb":{"@id":"https:\/\/rijetke-bolesti.com\/nas-tim\/predsjednistvo\/#breadcrumb"},"inLanguage":"en-GB","potentialAction":[{"@type":"ReadAction","target":["https:\/\/rijetke-bolesti.com\/nas-tim\/predsjednistvo\/"]}]},{"@type":"BreadcrumbList","@id":"https:\/\/rijetke-bolesti.com\/nas-tim\/predsjednistvo\/#breadcrumb","itemListElement":[{"@type":"ListItem","position":1,"name":"Home","item":"https:\/\/rijetke-bolesti.com\/"},{"@type":"ListItem","position":2,"name":"O nama","item":"https:\/\/rijetke-bolesti.com\/nas-tim\/"},{"@type":"ListItem","position":3,"name":"Predsjedni\u0161tvo"}]},{"@type":"WebSite","@id":"https:\/\/rijetke-bolesti.com\/#website","url":"https:\/\/rijetke-bolesti.com\/","name":"Hrvatski savez za rijetke bolesti","description":"Za\u0161tita i unapre\u0111enje kvalitete \u017eivota osoba oboljelih\u00a0 od rijetkih bolesti","potentialAction":[{"@type":"SearchAction","target":{"@type":"EntryPoint","urlTemplate":"https:\/\/rijetke-bolesti.com\/?s={search_term_string}"},"query-input":{"@type":"PropertyValueSpecification","valueRequired":true,"valueName":"search_term_string"}}],"inLanguage":"en-GB"}]}},"_links":{"self":[{"href":"https:\/\/rijetke-bolesti.com\/en\/wp-json\/wp\/v2\/pages\/676","targetHints":{"allow":["GET"]}}],"collection":[{"href":"https:\/\/rijetke-bolesti.com\/en\/wp-json\/wp\/v2\/pages"}],"about":[{"href":"https:\/\/rijetke-bolesti.com\/en\/wp-json\/wp\/v2\/types\/page"}],"author":[{"embeddable":true,"href":"https:\/\/rijetke-bolesti.com\/en\/wp-json\/wp\/v2\/users\/2"}],"replies":[{"embeddable":true,"href":"https:\/\/rijetke-bolesti.com\/en\/wp-json\/wp\/v2\/comments?post=676"}],"version-history":[{"count":8,"href":"https:\/\/rijetke-bolesti.com\/en\/wp-json\/wp\/v2\/pages\/676\/revisions"}],"predecessor-version":[{"id":5481,"href":"https:\/\/rijetke-bolesti.com\/en\/wp-json\/wp\/v2\/pages\/676\/revisions\/5481"}],"up":[{"embeddable":true,"href":"https:\/\/rijetke-bolesti.com\/en\/wp-json\/wp\/v2\/pages\/674"}],"wp:attachment":[{"href":"https:\/\/rijetke-bolesti.com\/en\/wp-json\/wp\/v2\/media?parent=676"}],"curies":[{"name":"wp","href":"https:\/\/api.w.org\/{rel}","templated":true}]}}