{"id":674,"date":"2020-12-17T19:57:59","date_gmt":"2020-12-17T17:57:59","guid":{"rendered":"https:\/\/rijetke-bolesti.com\/?page_id=674"},"modified":"2025-06-11T13:59:32","modified_gmt":"2025-06-11T11:59:32","slug":"nas-tim","status":"publish","type":"page","link":"https:\/\/rijetke-bolesti.com\/en\/nas-tim\/","title":{"rendered":"About us"},"content":{"rendered":"<h1 class=\"wp-block-heading\">About the Alliance<\/h1>\n\n\n\n<p><strong>Croatian Alliance for Rare Diseases<\/strong>&nbsp;(HSRB) is a social-humanitarian, non-partisan, and non-profit association that brings together organizations with members affected by rare diseases, individuals suffering from rare diseases, and persons with disabilities resulting from rare diseases. This unites them into a single community within the Republic of Croatia to achieve, harmonize, and protect their individual and collective rights and interests.<\/p>\n\n\n\n<p>The Alliance represents its members in promoting humanitarian efforts, social inclusion, advancements in treatment, research, rehabilitation, and the protection of people affected by rare diseases in Croatia and worldwide.<\/p>\n\n\n\n<p>Through daily activities, the Alliance provides necessary support to its patient-members\u2014directly via phone or email\u2014and advocates for their rights to accurate information, access to treatment, and social services. It serves as an umbrella organization that brings together existing patient groups suffering from rare diseases, as well as individuals who, due to their small numbers, could not form their own organizations to address their issues collectively.<\/p>\n\n\n\n<p>By working together, we aim to ensure quality medical and psychosocial care for people with rare diseases through the adoption of a National Program for Rare Diseases.<br>Furthermore, we strive to improve access to existing treatments, develop centers of excellence for specific diseases and\/or groups of diseases, enable Croatian patients to participate in international medical research, provide psychological support for families, and reduce the social exclusion of rare disease patients.<\/p>","protected":false},"excerpt":{"rendered":"<p>O Savezu HRVATSKI SAVEZ ZA RIJETKE BOLESTI&nbsp;(HSRB) je socijalno-humanitarna, nestrana\u010dka i neprofitna udruga u koju se dobrovoljno udru\u017euju udruge s \u010dlanovima oboljelim od rijetkih bolesti, pojedinci oboljeli od rijetkih bolesti te osobe s invaliditetom nastalim kao posljedica rijetke bolesti, u jedinstvenu zajednicu na podru\u010dju Republike&#8230;<\/p>","protected":false},"author":2,"featured_media":0,"parent":0,"menu_order":0,"comment_status":"closed","ping_status":"closed","template":"","meta":{"content-type":"","footnotes":""},"class_list":["post-674","page","type-page","status-publish","hentry"],"yoast_head":"<!-- This site is optimized with the Yoast SEO plugin v26.0 - https:\/\/yoast.com\/wordpress\/plugins\/seo\/ -->\n<title>O nama - Hrvatski savez za rijetke bolesti<\/title>\n<meta name=\"robots\" content=\"index, follow, max-snippet:-1, max-image-preview:large, max-video-preview:-1\" \/>\n<link rel=\"canonical\" href=\"https:\/\/rijetke-bolesti.com\/en\/nas-tim\/\" \/>\n<meta property=\"og:locale\" content=\"en_GB\" \/>\n<meta property=\"og:type\" content=\"article\" \/>\n<meta property=\"og:title\" content=\"O nama - Hrvatski savez za rijetke bolesti\" \/>\n<meta property=\"og:description\" content=\"O Savezu HRVATSKI SAVEZ ZA RIJETKE BOLESTI&nbsp;(HSRB) je socijalno-humanitarna, nestrana\u010dka i neprofitna udruga u koju se dobrovoljno udru\u017euju udruge s \u010dlanovima oboljelim od rijetkih bolesti, pojedinci oboljeli od rijetkih bolesti te osobe s invaliditetom nastalim kao posljedica rijetke bolesti, u jedinstvenu zajednicu na podru\u010dju Republike...\" \/>\n<meta property=\"og:url\" content=\"https:\/\/rijetke-bolesti.com\/en\/nas-tim\/\" \/>\n<meta property=\"og:site_name\" content=\"Hrvatski savez za rijetke bolesti\" \/>\n<meta property=\"article:modified_time\" content=\"2025-06-11T11:59:32+00:00\" \/>\n<meta name=\"twitter:card\" content=\"summary_large_image\" \/>\n<meta name=\"twitter:label1\" content=\"Estimated reading time\" \/>\n\t<meta name=\"twitter:data1\" content=\"1 minute\" \/>\n<script type=\"application\/ld+json\" class=\"yoast-schema-graph\">{\"@context\":\"https:\/\/schema.org\",\"@graph\":[{\"@type\":\"WebPage\",\"@id\":\"https:\/\/rijetke-bolesti.com\/nas-tim\/\",\"url\":\"https:\/\/rijetke-bolesti.com\/nas-tim\/\",\"name\":\"O nama - Hrvatski savez za rijetke bolesti\",\"isPartOf\":{\"@id\":\"https:\/\/rijetke-bolesti.com\/#website\"},\"datePublished\":\"2020-12-17T17:57:59+00:00\",\"dateModified\":\"2025-06-11T11:59:32+00:00\",\"breadcrumb\":{\"@id\":\"https:\/\/rijetke-bolesti.com\/nas-tim\/#breadcrumb\"},\"inLanguage\":\"en-GB\",\"potentialAction\":[{\"@type\":\"ReadAction\",\"target\":[\"https:\/\/rijetke-bolesti.com\/nas-tim\/\"]}]},{\"@type\":\"BreadcrumbList\",\"@id\":\"https:\/\/rijetke-bolesti.com\/nas-tim\/#breadcrumb\",\"itemListElement\":[{\"@type\":\"ListItem\",\"position\":1,\"name\":\"Home\",\"item\":\"https:\/\/rijetke-bolesti.com\/\"},{\"@type\":\"ListItem\",\"position\":2,\"name\":\"O nama\"}]},{\"@type\":\"WebSite\",\"@id\":\"https:\/\/rijetke-bolesti.com\/#website\",\"url\":\"https:\/\/rijetke-bolesti.com\/\",\"name\":\"Hrvatski savez za rijetke bolesti\",\"description\":\"Za\u0161tita i unapre\u0111enje kvalitete \u017eivota osoba oboljelih\u00a0 od rijetkih bolesti\",\"potentialAction\":[{\"@type\":\"SearchAction\",\"target\":{\"@type\":\"EntryPoint\",\"urlTemplate\":\"https:\/\/rijetke-bolesti.com\/?s={search_term_string}\"},\"query-input\":{\"@type\":\"PropertyValueSpecification\",\"valueRequired\":true,\"valueName\":\"search_term_string\"}}],\"inLanguage\":\"en-GB\"}]}<\/script>\n<!-- \/ Yoast SEO plugin. -->","yoast_head_json":{"title":"O nama - Hrvatski savez za rijetke bolesti","robots":{"index":"index","follow":"follow","max-snippet":"max-snippet:-1","max-image-preview":"max-image-preview:large","max-video-preview":"max-video-preview:-1"},"canonical":"https:\/\/rijetke-bolesti.com\/en\/nas-tim\/","og_locale":"en_GB","og_type":"article","og_title":"O nama - Hrvatski savez za rijetke bolesti","og_description":"O Savezu HRVATSKI SAVEZ ZA RIJETKE BOLESTI&nbsp;(HSRB) je socijalno-humanitarna, nestrana\u010dka i neprofitna udruga u koju se dobrovoljno udru\u017euju udruge s \u010dlanovima oboljelim od rijetkih bolesti, pojedinci oboljeli od rijetkih bolesti te osobe s invaliditetom nastalim kao posljedica rijetke bolesti, u jedinstvenu zajednicu na podru\u010dju Republike...","og_url":"https:\/\/rijetke-bolesti.com\/en\/nas-tim\/","og_site_name":"Hrvatski savez za rijetke bolesti","article_modified_time":"2025-06-11T11:59:32+00:00","twitter_card":"summary_large_image","twitter_misc":{"Estimated reading time":"1 minute"},"schema":{"@context":"https:\/\/schema.org","@graph":[{"@type":"WebPage","@id":"https:\/\/rijetke-bolesti.com\/nas-tim\/","url":"https:\/\/rijetke-bolesti.com\/nas-tim\/","name":"O nama - Hrvatski savez za rijetke bolesti","isPartOf":{"@id":"https:\/\/rijetke-bolesti.com\/#website"},"datePublished":"2020-12-17T17:57:59+00:00","dateModified":"2025-06-11T11:59:32+00:00","breadcrumb":{"@id":"https:\/\/rijetke-bolesti.com\/nas-tim\/#breadcrumb"},"inLanguage":"en-GB","potentialAction":[{"@type":"ReadAction","target":["https:\/\/rijetke-bolesti.com\/nas-tim\/"]}]},{"@type":"BreadcrumbList","@id":"https:\/\/rijetke-bolesti.com\/nas-tim\/#breadcrumb","itemListElement":[{"@type":"ListItem","position":1,"name":"Home","item":"https:\/\/rijetke-bolesti.com\/"},{"@type":"ListItem","position":2,"name":"O nama"}]},{"@type":"WebSite","@id":"https:\/\/rijetke-bolesti.com\/#website","url":"https:\/\/rijetke-bolesti.com\/","name":"Hrvatski savez za rijetke bolesti","description":"Za\u0161tita i unapre\u0111enje kvalitete \u017eivota osoba oboljelih\u00a0 od rijetkih bolesti","potentialAction":[{"@type":"SearchAction","target":{"@type":"EntryPoint","urlTemplate":"https:\/\/rijetke-bolesti.com\/?s={search_term_string}"},"query-input":{"@type":"PropertyValueSpecification","valueRequired":true,"valueName":"search_term_string"}}],"inLanguage":"en-GB"}]}},"_links":{"self":[{"href":"https:\/\/rijetke-bolesti.com\/en\/wp-json\/wp\/v2\/pages\/674","targetHints":{"allow":["GET"]}}],"collection":[{"href":"https:\/\/rijetke-bolesti.com\/en\/wp-json\/wp\/v2\/pages"}],"about":[{"href":"https:\/\/rijetke-bolesti.com\/en\/wp-json\/wp\/v2\/types\/page"}],"author":[{"embeddable":true,"href":"https:\/\/rijetke-bolesti.com\/en\/wp-json\/wp\/v2\/users\/2"}],"replies":[{"embeddable":true,"href":"https:\/\/rijetke-bolesti.com\/en\/wp-json\/wp\/v2\/comments?post=674"}],"version-history":[{"count":3,"href":"https:\/\/rijetke-bolesti.com\/en\/wp-json\/wp\/v2\/pages\/674\/revisions"}],"predecessor-version":[{"id":5389,"href":"https:\/\/rijetke-bolesti.com\/en\/wp-json\/wp\/v2\/pages\/674\/revisions\/5389"}],"wp:attachment":[{"href":"https:\/\/rijetke-bolesti.com\/en\/wp-json\/wp\/v2\/media?parent=674"}],"curies":[{"name":"wp","href":"https:\/\/api.w.org\/{rel}","templated":true}]}}