{"id":670,"date":"2020-12-17T19:57:25","date_gmt":"2020-12-17T17:57:25","guid":{"rendered":"https:\/\/rijetke-bolesti.com\/?page_id=670"},"modified":"2025-04-08T12:50:35","modified_gmt":"2025-04-08T10:50:35","slug":"baza-rijetkih-bolesti","status":"publish","type":"page","link":"https:\/\/rijetke-bolesti.com\/en\/rijetke-bolesti\/baza-rijetkih-bolesti\/","title":{"rendered":"Rare Disease Database"},"content":{"rendered":"<h2 class=\"wp-block-heading\">First Data from the Rare Disease Database Presented<\/h2>\n\n\n\n<p>Croatian Alliance for Rare Diseases held a press conference on the&nbsp;<strong>\u201e<em>Universal Health Coverage Day\u201d<\/em><\/strong>, predstavio je prve kvantitativne podatke o rijetkim bolestima na uzorku od 860 osoba. Rije\u010d je o podacima koji prikazuju sociodemografske karakteristike te zdravstveni i socijalni profil osoba s rijetkim bolestima. Prikazani su podaci o ostvarivanju prava unutar zdravstvenog i socijalnog sustava. Cilj je da ove informacije postanu temelj za poduzimanje potrebnih iskoraka u podru\u010dju pru\u017eanja cjelokupne skrbi. Ovi podaci prikupljeni su u godinu dana, a u narednih nekoliko godina cilj je unijeti \u0161to ve\u0107i broj&nbsp; pacijenata s rijetkim bolestima.<\/p>\n\n\n\n<p><strong>Structure and Function of the Database<\/strong><\/p>\n\n\n\n<p>The database consists of 57 predefined questions, enabling the extraction and correlation of various statistical parameters. This software allows for quick and accurate information retrieval, with questions and predefined answers aligned with current healthcare and social system methodologies.<\/p>\n\n\n\n<p><strong>Key Findings<\/strong><\/p>\n\n\n\n<p>According to the initial data, the most critical areas requiring action are finding solutions for the high percentage of unemployed individuals with rare diseases and conducting a further analysis of the employment status of parents of children with rare diseases.\n\nRegarding children, the emphasis is on the importance of investing in specialized education, as half of the children with rare diseases of preschool and school age are unable to attend regular educational institutions.<\/p>\n\n\n\n<p>Potrebno je dodatno utvrditi za\u0161to velik broj pacijenata s rijetkim bolestima ima redovite tro\u0161kove na farmakolo\u0161ku terapiju, zdravstvene usluge i medicinska pomagala koja su im potrebna uz rijetke dijagnoze. Za najve\u0107i broj rijetkih bolesti ne postoji lijek i ovo su jedini na\u010dini dr\u017eanja bolesti pod kontrolom i spre\u010davanje daljnje progresije, stoga je potrebno na\u0107i rje\u0161enja da se osobama s rijetkim bolestima pru\u017ei adekvatna skrb.<\/p>\n\n\n\n<p>The Rare Disease Database has both operational and strategic value.\n\nIn the operational work of the Alliance, the database will enable efficient use of large volumes of data.\n\nIn daily practice, inquiries about rare diseases frequently come from healthcare professionals, social workers, students, local and national institutions, patient organizations from Croatia and abroad, business partners, academics, the media, and patients themselves. These inquiries are most often related to quantitative data, which will now be easily searchable based on specific needs.<\/p>\n\n\n\n<p><strong>First Step Toward a New National Program<\/strong><\/p>\n\n\n\n<p>The Rare Disease Database represents a crucial first step, not only in the systematization of data but also as a comprehensive analysis of the rare disease landscape, which has not existed until now.\n\nThis analysis is expected to become a key tool for planning and preparing a new National Rare Disease Program and making policy decisions regarding the organization of healthcare and social protection for those affected.\n\nThe current National Rare Disease Program (2015\u20132020) was developed based on European guidelines and recommendations, without an in-depth analysis of the situation in Croatia. Many of its set indicators were not achieved, highlighting the need for a new program.\n\nA new National Rare Disease Program is expected to be developed, and the Rare Disease Database will play a central role in analyzing the current situation. This data will be further refined in collaboration with institutional representatives to address newly identified needs.\n\nBeyond supporting the new national program, the database will also be valuable in identifying needs for European project applications, helping secure additional resources for rare disease care.<\/p>\n\n\n\n<div class=\"wp-block-file\"><a id=\"wp-block-file--media-2a657843-2b9d-4c76-84ac-75e59e7c2b2f\" href=\"https:\/\/rijetke-bolesti.com\/wp-content\/uploads\/2020\/12\/Prvi-podaci.pdf\"><strong>First Data<\/strong><\/a><\/div>\n\n\n\n<figure class=\"wp-block-embed aligncenter is-type-video is-provider-youtube wp-block-embed-youtube wp-embed-aspect-16-9 wp-has-aspect-ratio\"><div class=\"wp-block-embed__wrapper\">\n<iframe loading=\"lazy\" title=\"Predstavljanje prvih podataka o rijetkim bolestima\" width=\"500\" height=\"281\" src=\"https:\/\/www.youtube.com\/embed\/9-Jaq7_CmJU?feature=oembed\" frameborder=\"0\" allow=\"accelerometer; autoplay; clipboard-write; encrypted-media; gyroscope; picture-in-picture; web-share\" referrerpolicy=\"strict-origin-when-cross-origin\" allowfullscreen><\/iframe>\n<\/div><\/figure>\n\n\n\n<div style=\"height:100px\" aria-hidden=\"true\" class=\"wp-block-spacer\"><\/div>","protected":false},"excerpt":{"rendered":"<p>Predstavljeni prvi podaci iz Baze rijetkih bolesti Hrvatski savez za rijetke bolesti na konferenciji za novinare, simboli\u010dno na&nbsp;\u201eUniversal health coverage day\u201d, predstavio je prve kvantitativne podatke o rijetkim bolestima na uzorku od 860 osoba. Rije\u010d je o podacima koji prikazuju sociodemografske karakteristike te zdravstveni i&#8230;<\/p>","protected":false},"author":2,"featured_media":0,"parent":664,"menu_order":0,"comment_status":"closed","ping_status":"closed","template":"","meta":{"content-type":"","footnotes":""},"class_list":["post-670","page","type-page","status-publish","hentry"],"yoast_head":"<!-- This site is optimized with the Yoast SEO plugin v26.0 - https:\/\/yoast.com\/wordpress\/plugins\/seo\/ -->\n<title>Baza rijetkih bolesti - Hrvatski savez za rijetke bolesti<\/title>\n<meta name=\"robots\" content=\"index, follow, max-snippet:-1, max-image-preview:large, max-video-preview:-1\" \/>\n<link rel=\"canonical\" href=\"https:\/\/rijetke-bolesti.com\/en\/rijetke-bolesti\/baza-rijetkih-bolesti\/\" \/>\n<meta property=\"og:locale\" content=\"en_GB\" \/>\n<meta property=\"og:type\" content=\"article\" \/>\n<meta property=\"og:title\" content=\"Baza rijetkih bolesti - Hrvatski savez za rijetke bolesti\" \/>\n<meta property=\"og:description\" content=\"Predstavljeni prvi podaci iz Baze rijetkih bolesti Hrvatski savez za rijetke bolesti na konferenciji za novinare, simboli\u010dno na&nbsp;\u201eUniversal health coverage day\u201d, predstavio je prve kvantitativne podatke o rijetkim bolestima na uzorku od 860 osoba. Rije\u010d je o podacima koji prikazuju sociodemografske karakteristike te zdravstveni i...\" \/>\n<meta property=\"og:url\" content=\"https:\/\/rijetke-bolesti.com\/en\/rijetke-bolesti\/baza-rijetkih-bolesti\/\" \/>\n<meta property=\"og:site_name\" content=\"Hrvatski savez za rijetke bolesti\" \/>\n<meta property=\"article:modified_time\" content=\"2025-04-08T10:50:35+00:00\" \/>\n<meta name=\"twitter:card\" content=\"summary_large_image\" \/>\n<meta name=\"twitter:label1\" content=\"Estimated reading time\" \/>\n\t<meta name=\"twitter:data1\" content=\"3 minutes\" \/>\n<script type=\"application\/ld+json\" class=\"yoast-schema-graph\">{\"@context\":\"https:\/\/schema.org\",\"@graph\":[{\"@type\":\"WebPage\",\"@id\":\"https:\/\/rijetke-bolesti.com\/rijetke-bolesti\/baza-rijetkih-bolesti\/\",\"url\":\"https:\/\/rijetke-bolesti.com\/rijetke-bolesti\/baza-rijetkih-bolesti\/\",\"name\":\"Baza rijetkih bolesti - Hrvatski savez za rijetke bolesti\",\"isPartOf\":{\"@id\":\"https:\/\/rijetke-bolesti.com\/#website\"},\"datePublished\":\"2020-12-17T17:57:25+00:00\",\"dateModified\":\"2025-04-08T10:50:35+00:00\",\"breadcrumb\":{\"@id\":\"https:\/\/rijetke-bolesti.com\/rijetke-bolesti\/baza-rijetkih-bolesti\/#breadcrumb\"},\"inLanguage\":\"en-GB\",\"potentialAction\":[{\"@type\":\"ReadAction\",\"target\":[\"https:\/\/rijetke-bolesti.com\/rijetke-bolesti\/baza-rijetkih-bolesti\/\"]}]},{\"@type\":\"BreadcrumbList\",\"@id\":\"https:\/\/rijetke-bolesti.com\/rijetke-bolesti\/baza-rijetkih-bolesti\/#breadcrumb\",\"itemListElement\":[{\"@type\":\"ListItem\",\"position\":1,\"name\":\"Home\",\"item\":\"https:\/\/rijetke-bolesti.com\/\"},{\"@type\":\"ListItem\",\"position\":2,\"name\":\"Rijetke bolesti\",\"item\":\"https:\/\/rijetke-bolesti.com\/rijetke-bolesti\/\"},{\"@type\":\"ListItem\",\"position\":3,\"name\":\"Baza rijetkih bolesti\"}]},{\"@type\":\"WebSite\",\"@id\":\"https:\/\/rijetke-bolesti.com\/#website\",\"url\":\"https:\/\/rijetke-bolesti.com\/\",\"name\":\"Hrvatski savez za rijetke bolesti\",\"description\":\"Za\u0161tita i unapre\u0111enje kvalitete \u017eivota osoba oboljelih\u00a0 od rijetkih bolesti\",\"potentialAction\":[{\"@type\":\"SearchAction\",\"target\":{\"@type\":\"EntryPoint\",\"urlTemplate\":\"https:\/\/rijetke-bolesti.com\/?s={search_term_string}\"},\"query-input\":{\"@type\":\"PropertyValueSpecification\",\"valueRequired\":true,\"valueName\":\"search_term_string\"}}],\"inLanguage\":\"en-GB\"}]}<\/script>\n<!-- \/ Yoast SEO plugin. -->","yoast_head_json":{"title":"Baza rijetkih bolesti - Hrvatski savez za rijetke bolesti","robots":{"index":"index","follow":"follow","max-snippet":"max-snippet:-1","max-image-preview":"max-image-preview:large","max-video-preview":"max-video-preview:-1"},"canonical":"https:\/\/rijetke-bolesti.com\/en\/rijetke-bolesti\/baza-rijetkih-bolesti\/","og_locale":"en_GB","og_type":"article","og_title":"Baza rijetkih bolesti - Hrvatski savez za rijetke bolesti","og_description":"Predstavljeni prvi podaci iz Baze rijetkih bolesti Hrvatski savez za rijetke bolesti na konferenciji za novinare, simboli\u010dno na&nbsp;\u201eUniversal health coverage day\u201d, predstavio je prve kvantitativne podatke o rijetkim bolestima na uzorku od 860 osoba. Rije\u010d je o podacima koji prikazuju sociodemografske karakteristike te zdravstveni i...","og_url":"https:\/\/rijetke-bolesti.com\/en\/rijetke-bolesti\/baza-rijetkih-bolesti\/","og_site_name":"Hrvatski savez za rijetke bolesti","article_modified_time":"2025-04-08T10:50:35+00:00","twitter_card":"summary_large_image","twitter_misc":{"Estimated reading time":"3 minutes"},"schema":{"@context":"https:\/\/schema.org","@graph":[{"@type":"WebPage","@id":"https:\/\/rijetke-bolesti.com\/rijetke-bolesti\/baza-rijetkih-bolesti\/","url":"https:\/\/rijetke-bolesti.com\/rijetke-bolesti\/baza-rijetkih-bolesti\/","name":"Baza rijetkih bolesti - Hrvatski savez za rijetke bolesti","isPartOf":{"@id":"https:\/\/rijetke-bolesti.com\/#website"},"datePublished":"2020-12-17T17:57:25+00:00","dateModified":"2025-04-08T10:50:35+00:00","breadcrumb":{"@id":"https:\/\/rijetke-bolesti.com\/rijetke-bolesti\/baza-rijetkih-bolesti\/#breadcrumb"},"inLanguage":"en-GB","potentialAction":[{"@type":"ReadAction","target":["https:\/\/rijetke-bolesti.com\/rijetke-bolesti\/baza-rijetkih-bolesti\/"]}]},{"@type":"BreadcrumbList","@id":"https:\/\/rijetke-bolesti.com\/rijetke-bolesti\/baza-rijetkih-bolesti\/#breadcrumb","itemListElement":[{"@type":"ListItem","position":1,"name":"Home","item":"https:\/\/rijetke-bolesti.com\/"},{"@type":"ListItem","position":2,"name":"Rijetke bolesti","item":"https:\/\/rijetke-bolesti.com\/rijetke-bolesti\/"},{"@type":"ListItem","position":3,"name":"Baza rijetkih bolesti"}]},{"@type":"WebSite","@id":"https:\/\/rijetke-bolesti.com\/#website","url":"https:\/\/rijetke-bolesti.com\/","name":"Hrvatski savez za rijetke bolesti","description":"Za\u0161tita i unapre\u0111enje kvalitete \u017eivota osoba oboljelih\u00a0 od rijetkih bolesti","potentialAction":[{"@type":"SearchAction","target":{"@type":"EntryPoint","urlTemplate":"https:\/\/rijetke-bolesti.com\/?s={search_term_string}"},"query-input":{"@type":"PropertyValueSpecification","valueRequired":true,"valueName":"search_term_string"}}],"inLanguage":"en-GB"}]}},"_links":{"self":[{"href":"https:\/\/rijetke-bolesti.com\/en\/wp-json\/wp\/v2\/pages\/670","targetHints":{"allow":["GET"]}}],"collection":[{"href":"https:\/\/rijetke-bolesti.com\/en\/wp-json\/wp\/v2\/pages"}],"about":[{"href":"https:\/\/rijetke-bolesti.com\/en\/wp-json\/wp\/v2\/types\/page"}],"author":[{"embeddable":true,"href":"https:\/\/rijetke-bolesti.com\/en\/wp-json\/wp\/v2\/users\/2"}],"replies":[{"embeddable":true,"href":"https:\/\/rijetke-bolesti.com\/en\/wp-json\/wp\/v2\/comments?post=670"}],"version-history":[{"count":18,"href":"https:\/\/rijetke-bolesti.com\/en\/wp-json\/wp\/v2\/pages\/670\/revisions"}],"predecessor-version":[{"id":4754,"href":"https:\/\/rijetke-bolesti.com\/en\/wp-json\/wp\/v2\/pages\/670\/revisions\/4754"}],"up":[{"embeddable":true,"href":"https:\/\/rijetke-bolesti.com\/en\/wp-json\/wp\/v2\/pages\/664"}],"wp:attachment":[{"href":"https:\/\/rijetke-bolesti.com\/en\/wp-json\/wp\/v2\/media?parent=670"}],"curies":[{"name":"wp","href":"https:\/\/api.w.org\/{rel}","templated":true}]}}