{"id":660,"date":"2020-12-17T19:56:01","date_gmt":"2020-12-17T17:56:01","guid":{"rendered":"https:\/\/rijetke-bolesti.com\/?page_id=660"},"modified":"2021-02-18T11:42:00","modified_gmt":"2021-02-18T09:42:00","slug":"savjetovanje-udruga","status":"publish","type":"page","link":"https:\/\/rijetke-bolesti.com\/en\/usluge\/savjetovanje-udruga\/","title":{"rendered":"Association Counseling"},"content":{"rendered":"<p><\/p>\n<p>Assistance to member organizations in raising awareness about rare diseases, support from the social workers of the Federation in obtaining rights related to social welfare, offering professional psychological support to association members, conducting occupational therapy assessments and interventions, communicating with the public, and collaborating with the media.<\/p>\n<p><\/p>","protected":false},"excerpt":{"rendered":"<p>Assistance to member organizations in raising awareness about rare diseases, support from the social workers of the Federation in obtaining rights related to social welfare, offering professional psychological support to association members, conducting occupational therapy assessments and interventions, communicating with the public, and collaborating with the media.<\/p>","protected":false},"author":2,"featured_media":0,"parent":651,"menu_order":0,"comment_status":"closed","ping_status":"closed","template":"","meta":{"content-type":"","footnotes":""},"class_list":["post-660","page","type-page","status-publish","hentry"],"yoast_head":"<!-- This site is optimized with the Yoast SEO plugin v26.0 - https:\/\/yoast.com\/wordpress\/plugins\/seo\/ -->\n<title>Savjetovanje udruga - Hrvatski savez za rijetke bolesti<\/title>\n<meta name=\"robots\" content=\"index, follow, max-snippet:-1, max-image-preview:large, max-video-preview:-1\" \/>\n<link rel=\"canonical\" href=\"https:\/\/rijetke-bolesti.com\/en\/usluge\/savjetovanje-udruga\/\" \/>\n<meta property=\"og:locale\" content=\"en_GB\" \/>\n<meta property=\"og:type\" content=\"article\" \/>\n<meta property=\"og:title\" content=\"Savjetovanje udruga - Hrvatski savez za rijetke bolesti\" \/>\n<meta property=\"og:description\" content=\"Pomo\u0107 udrugama \u010dlanicama u podizanju svijesti o rijetkim bolestima, pomo\u0107 socijalnih radnica Saveza oko ostvarivanja prava iz podru\u010dja socijalne skrbi, pru\u017eanje stru\u010dne psiholo\u0161ke podr\u0161ke \u010dlanovima udruga, radno terapijska procjena i intervencija, komunikacija s s javnosti i suradnja s medijima.\" \/>\n<meta property=\"og:url\" content=\"https:\/\/rijetke-bolesti.com\/en\/usluge\/savjetovanje-udruga\/\" \/>\n<meta property=\"og:site_name\" content=\"Hrvatski savez za rijetke bolesti\" \/>\n<meta property=\"article:modified_time\" content=\"2021-02-18T09:42:00+00:00\" \/>\n<meta name=\"twitter:card\" content=\"summary_large_image\" \/>\n<script type=\"application\/ld+json\" class=\"yoast-schema-graph\">{\"@context\":\"https:\/\/schema.org\",\"@graph\":[{\"@type\":\"WebPage\",\"@id\":\"https:\/\/rijetke-bolesti.com\/usluge\/savjetovanje-udruga\/\",\"url\":\"https:\/\/rijetke-bolesti.com\/usluge\/savjetovanje-udruga\/\",\"name\":\"Savjetovanje udruga - Hrvatski savez za rijetke bolesti\",\"isPartOf\":{\"@id\":\"https:\/\/rijetke-bolesti.com\/#website\"},\"datePublished\":\"2020-12-17T17:56:01+00:00\",\"dateModified\":\"2021-02-18T09:42:00+00:00\",\"breadcrumb\":{\"@id\":\"https:\/\/rijetke-bolesti.com\/usluge\/savjetovanje-udruga\/#breadcrumb\"},\"inLanguage\":\"en-GB\",\"potentialAction\":[{\"@type\":\"ReadAction\",\"target\":[\"https:\/\/rijetke-bolesti.com\/usluge\/savjetovanje-udruga\/\"]}]},{\"@type\":\"BreadcrumbList\",\"@id\":\"https:\/\/rijetke-bolesti.com\/usluge\/savjetovanje-udruga\/#breadcrumb\",\"itemListElement\":[{\"@type\":\"ListItem\",\"position\":1,\"name\":\"Home\",\"item\":\"https:\/\/rijetke-bolesti.com\/\"},{\"@type\":\"ListItem\",\"position\":2,\"name\":\"Usluge\",\"item\":\"https:\/\/rijetke-bolesti.com\/usluge\/\"},{\"@type\":\"ListItem\",\"position\":3,\"name\":\"Savjetovanje udruga\"}]},{\"@type\":\"WebSite\",\"@id\":\"https:\/\/rijetke-bolesti.com\/#website\",\"url\":\"https:\/\/rijetke-bolesti.com\/\",\"name\":\"Hrvatski savez za rijetke bolesti\",\"description\":\"Za\u0161tita i unapre\u0111enje kvalitete \u017eivota osoba oboljelih\u00a0 od rijetkih bolesti\",\"potentialAction\":[{\"@type\":\"SearchAction\",\"target\":{\"@type\":\"EntryPoint\",\"urlTemplate\":\"https:\/\/rijetke-bolesti.com\/?s={search_term_string}\"},\"query-input\":{\"@type\":\"PropertyValueSpecification\",\"valueRequired\":true,\"valueName\":\"search_term_string\"}}],\"inLanguage\":\"en-GB\"}]}<\/script>\n<!-- \/ Yoast SEO plugin. -->","yoast_head_json":{"title":"Savjetovanje udruga - Hrvatski savez za rijetke bolesti","robots":{"index":"index","follow":"follow","max-snippet":"max-snippet:-1","max-image-preview":"max-image-preview:large","max-video-preview":"max-video-preview:-1"},"canonical":"https:\/\/rijetke-bolesti.com\/en\/usluge\/savjetovanje-udruga\/","og_locale":"en_GB","og_type":"article","og_title":"Savjetovanje udruga - Hrvatski savez za rijetke bolesti","og_description":"Pomo\u0107 udrugama \u010dlanicama u podizanju svijesti o rijetkim bolestima, pomo\u0107 socijalnih radnica Saveza oko ostvarivanja prava iz podru\u010dja socijalne skrbi, pru\u017eanje stru\u010dne psiholo\u0161ke podr\u0161ke \u010dlanovima udruga, radno terapijska procjena i intervencija, komunikacija s s javnosti i suradnja s medijima.","og_url":"https:\/\/rijetke-bolesti.com\/en\/usluge\/savjetovanje-udruga\/","og_site_name":"Hrvatski savez za rijetke bolesti","article_modified_time":"2021-02-18T09:42:00+00:00","twitter_card":"summary_large_image","schema":{"@context":"https:\/\/schema.org","@graph":[{"@type":"WebPage","@id":"https:\/\/rijetke-bolesti.com\/usluge\/savjetovanje-udruga\/","url":"https:\/\/rijetke-bolesti.com\/usluge\/savjetovanje-udruga\/","name":"Savjetovanje udruga - Hrvatski savez za rijetke bolesti","isPartOf":{"@id":"https:\/\/rijetke-bolesti.com\/#website"},"datePublished":"2020-12-17T17:56:01+00:00","dateModified":"2021-02-18T09:42:00+00:00","breadcrumb":{"@id":"https:\/\/rijetke-bolesti.com\/usluge\/savjetovanje-udruga\/#breadcrumb"},"inLanguage":"en-GB","potentialAction":[{"@type":"ReadAction","target":["https:\/\/rijetke-bolesti.com\/usluge\/savjetovanje-udruga\/"]}]},{"@type":"BreadcrumbList","@id":"https:\/\/rijetke-bolesti.com\/usluge\/savjetovanje-udruga\/#breadcrumb","itemListElement":[{"@type":"ListItem","position":1,"name":"Home","item":"https:\/\/rijetke-bolesti.com\/"},{"@type":"ListItem","position":2,"name":"Usluge","item":"https:\/\/rijetke-bolesti.com\/usluge\/"},{"@type":"ListItem","position":3,"name":"Savjetovanje udruga"}]},{"@type":"WebSite","@id":"https:\/\/rijetke-bolesti.com\/#website","url":"https:\/\/rijetke-bolesti.com\/","name":"Hrvatski savez za rijetke bolesti","description":"Za\u0161tita i unapre\u0111enje kvalitete \u017eivota osoba oboljelih\u00a0 od rijetkih bolesti","potentialAction":[{"@type":"SearchAction","target":{"@type":"EntryPoint","urlTemplate":"https:\/\/rijetke-bolesti.com\/?s={search_term_string}"},"query-input":{"@type":"PropertyValueSpecification","valueRequired":true,"valueName":"search_term_string"}}],"inLanguage":"en-GB"}]}},"_links":{"self":[{"href":"https:\/\/rijetke-bolesti.com\/en\/wp-json\/wp\/v2\/pages\/660","targetHints":{"allow":["GET"]}}],"collection":[{"href":"https:\/\/rijetke-bolesti.com\/en\/wp-json\/wp\/v2\/pages"}],"about":[{"href":"https:\/\/rijetke-bolesti.com\/en\/wp-json\/wp\/v2\/types\/page"}],"author":[{"embeddable":true,"href":"https:\/\/rijetke-bolesti.com\/en\/wp-json\/wp\/v2\/users\/2"}],"replies":[{"embeddable":true,"href":"https:\/\/rijetke-bolesti.com\/en\/wp-json\/wp\/v2\/comments?post=660"}],"version-history":[{"count":8,"href":"https:\/\/rijetke-bolesti.com\/en\/wp-json\/wp\/v2\/pages\/660\/revisions"}],"predecessor-version":[{"id":1153,"href":"https:\/\/rijetke-bolesti.com\/en\/wp-json\/wp\/v2\/pages\/660\/revisions\/1153"}],"up":[{"embeddable":true,"href":"https:\/\/rijetke-bolesti.com\/en\/wp-json\/wp\/v2\/pages\/651"}],"wp:attachment":[{"href":"https:\/\/rijetke-bolesti.com\/en\/wp-json\/wp\/v2\/media?parent=660"}],"curies":[{"name":"wp","href":"https:\/\/api.w.org\/{rel}","templated":true}]}}