{"id":658,"date":"2020-12-17T19:55:38","date_gmt":"2020-12-17T17:55:38","guid":{"rendered":"https:\/\/rijetke-bolesti.com\/?page_id=658"},"modified":"2024-09-24T11:39:43","modified_gmt":"2024-09-24T09:39:43","slug":"radna-terapija","status":"publish","type":"page","link":"https:\/\/rijetke-bolesti.com\/en\/usluge\/radna-terapija\/","title":{"rendered":"Occupational therapy counseling"},"content":{"rendered":"<p><\/p>\n\n\n\n<p><strong>Obavje\u0161tavamo korisnike da trenutno nemamo usluge radne terapije.<\/strong><\/p>\n\n\n\n<div class=\"wp-block-media-text alignwide is-stacked-on-mobile\" style=\"grid-template-columns:36% auto\"><figure class=\"wp-block-media-text__media\"><img loading=\"lazy\" decoding=\"async\" width=\"602\" height=\"848\" src=\"https:\/\/rijetke-bolesti.com\/wp-content\/uploads\/2021\/03\/Artboard-1.png\" alt=\"\" class=\"wp-image-1365 size-full\" srcset=\"https:\/\/rijetke-bolesti.com\/wp-content\/uploads\/2021\/03\/Artboard-1.png 602w, https:\/\/rijetke-bolesti.com\/wp-content\/uploads\/2021\/03\/Artboard-1-213x300.png 213w\" sizes=\"auto, (max-width: 602px) 100vw, 602px\" \/><\/figure><div class=\"wp-block-media-text__content\">\n<p class=\"has-large-font-size\">Edukativni materijali <\/p>\n\n\n\n<div class=\"wp-block-file\"><a href=\"https:\/\/rijetke-bolesti.com\/wp-content\/uploads\/2021\/03\/smjernice-compressed.pdf\">Smjernice za osobe s te\u0161ko\u0107ama u pokretanju<\/a><\/div>\n\n\n\n<div class=\"wp-block-file\"><a href=\"https:\/\/rijetke-bolesti.com\/wp-content\/uploads\/2021\/03\/6finall.png\">\u0160to je radna terapija? <\/a><\/div>\n<\/div><\/div>\n\n\n<p><strong>Occupational Therapy<\/strong> bavi se osobama \u010dije je optimalno funkcioniranje naru\u0161eno bole\u0161\u0107u, ozljedom ili nekim drugim stanjem.<\/p>\n<p>Radni terapeut je stru\u010dnjak koji radi sa svim dobnim skupinama na\u00a0 onim aktivnostima koje su njegovim korisnicima va\u017ene za svakodnevno funkcioniranje. Fokus radnog terapeuta su aktivnosti dnevnog \u017eivota koje se dijele na: <em><strong>aktivnosti samozbrinjavanja, aktivnosti produktivnosti i aktivnosti slobodnog vremena. <\/strong><\/em><\/p>\n<p>Cilj je korisnika osposobiti da samostalno funkcionira \u0161to optimalnije u sklopu svojih mogu\u0107nosti, na na\u010din da koristi <em><strong>svakodnevne aktivnosti kao terapijski medij. <\/strong><\/em><\/p>\n<p>Pedijatrijski radni terapeut radi na podizanju djetetovog samopouzdanja kroz<strong><em> facilitiranje djetetovih sposobnosti i vje\u0161tina.<\/em><\/strong> Tako radni terapeut u pedijatriji radi na finoj i gruboj motorici, kogniciji, hvatovima \u0161ake ili koordinaciji oko ruka koja je va\u017ena za pisanje i \u010ditanje, ali i mnoge druge aktivnosti. Usavr\u0161avanje<strong><em> aktivnosti samozbrinjavanja<\/em><\/strong> u vidu odijevanja, osobne higijene, samostalno hranjenje, vezivanje vezica i sli\u010dno. Djetetu se prenose korisne <strong><em>socijalne vje\u0161tine<\/em><\/strong> kako bi se sna\u0161lo u \u0161kolskom ili vrti\u0107kom okru\u017eenju. Osim toga djetetu daje alate koje treba da bi se nosilo s\u00a0 frustracijama i da bi se samostalno emocionalno izreguliralo kada je to potrebno. Tako\u0111er, djetetu se pru\u017eaju ciljani i odmjereni<strong><em> senzori\u010dki podra\u017eaji<\/em><\/strong> kako bi se moglo uredno razvijati.\u00a0<\/p>\n<p>Va\u017eno je napomenuti kako osim u\u010denja raznih vje\u0161tina,<strong><em> radni terapeut izra\u0111uje i prilago\u0111ava pomagala za dijete<\/em> <\/strong>( prilagodba oprema za kupanje, ortoze, prilagodba oprema za hranjenje i pisanje i sl.).<\/p>\n<p><strong><em> Ukratko, radni terapeut je osoba koja \u0107e osobi omogu\u0107iti da bez obzira na pote\u0161ko\u0107e koje ima ,funkcionira najbolje mogu\u0107e i da iskoristi svoj potencijal i \u017eivi kvalitetno.<\/em><\/strong><\/p>\n\n\n<p><\/p>\n\n\n<\/p>\n<p><img loading=\"lazy\" decoding=\"async\" class=\"alignleft\" src=\"https:\/\/rijetke-bolesti.com\/wp-content\/uploads\/2021\/03\/Final-Rt-savjetovaliste-1024x791.jpg\" sizes=\"auto, (max-width: 1024px) 100vw, 1024px\" srcset=\"https:\/\/rijetke-bolesti.com\/wp-content\/uploads\/2021\/03\/Final-Rt-savjetovaliste-1024x791.jpg 1024w, https:\/\/rijetke-bolesti.com\/wp-content\/uploads\/2021\/03\/Final-Rt-savjetovaliste-300x232.jpg 300w, https:\/\/rijetke-bolesti.com\/wp-content\/uploads\/2021\/03\/Final-Rt-savjetovaliste-768x593.jpg 768w, https:\/\/rijetke-bolesti.com\/wp-content\/uploads\/2021\/03\/Final-Rt-savjetovaliste-1536x1186.jpg 1536w, https:\/\/rijetke-bolesti.com\/wp-content\/uploads\/2021\/03\/Final-Rt-savjetovaliste-2048x1581.jpg 2048w\" alt=\"\" width=\"402\" height=\"311\" \/><\/p>\n<\/p>\n<figure><\/figure>\n\n\n<p><\/p>","protected":false},"excerpt":{"rendered":"<p>Obavje\u0161tavamo korisnike da trenutno nemamo usluge radne terapije. Edukativni materijali Smjernice za osobe s te\u0161ko\u0107ama u pokretanju \u0160to je radna terapija? Radna terapija bavi se osobama \u010dije je optimalno funkcioniranje naru\u0161eno bole\u0161\u0107u, ozljedom ili nekim drugim stanjem. Radni terapeut je stru\u010dnjak koji radi sa svim&#8230;<\/p>","protected":false},"author":2,"featured_media":0,"parent":651,"menu_order":0,"comment_status":"closed","ping_status":"closed","template":"","meta":{"content-type":"","footnotes":""},"class_list":["post-658","page","type-page","status-publish","hentry"],"yoast_head":"<!-- This site is optimized with the Yoast SEO plugin v26.0 - https:\/\/yoast.com\/wordpress\/plugins\/seo\/ -->\n<title>Radnoterapijsko savjetovali\u0161te - Hrvatski savez za rijetke bolesti<\/title>\n<meta name=\"robots\" content=\"index, follow, max-snippet:-1, max-image-preview:large, max-video-preview:-1\" \/>\n<link rel=\"canonical\" href=\"https:\/\/rijetke-bolesti.com\/en\/usluge\/radna-terapija\/\" \/>\n<meta property=\"og:locale\" content=\"en_GB\" \/>\n<meta property=\"og:type\" content=\"article\" \/>\n<meta property=\"og:title\" content=\"Radnoterapijsko savjetovali\u0161te - Hrvatski savez za rijetke bolesti\" \/>\n<meta property=\"og:description\" content=\"Obavje\u0161tavamo korisnike da trenutno nemamo usluge radne terapije. Edukativni materijali Smjernice za osobe s te\u0161ko\u0107ama u pokretanju \u0160to je radna terapija? Radna terapija bavi se osobama \u010dije je optimalno funkcioniranje naru\u0161eno bole\u0161\u0107u, ozljedom ili nekim drugim stanjem. Radni terapeut je stru\u010dnjak koji radi sa svim...\" \/>\n<meta property=\"og:url\" content=\"https:\/\/rijetke-bolesti.com\/en\/usluge\/radna-terapija\/\" \/>\n<meta property=\"og:site_name\" content=\"Hrvatski savez za rijetke bolesti\" \/>\n<meta property=\"article:modified_time\" content=\"2024-09-24T09:39:43+00:00\" \/>\n<meta property=\"og:image\" content=\"https:\/\/rijetke-bolesti.com\/wp-content\/uploads\/2021\/03\/Artboard-1.png\" \/>\n<meta name=\"twitter:card\" content=\"summary_large_image\" \/>\n<meta name=\"twitter:label1\" content=\"Estimated reading time\" \/>\n\t<meta name=\"twitter:data1\" content=\"2 minutes\" \/>\n<script type=\"application\/ld+json\" class=\"yoast-schema-graph\">{\"@context\":\"https:\/\/schema.org\",\"@graph\":[{\"@type\":\"WebPage\",\"@id\":\"https:\/\/rijetke-bolesti.com\/usluge\/radna-terapija\/\",\"url\":\"https:\/\/rijetke-bolesti.com\/usluge\/radna-terapija\/\",\"name\":\"Radnoterapijsko savjetovali\u0161te - Hrvatski savez za rijetke bolesti\",\"isPartOf\":{\"@id\":\"https:\/\/rijetke-bolesti.com\/#website\"},\"primaryImageOfPage\":{\"@id\":\"https:\/\/rijetke-bolesti.com\/usluge\/radna-terapija\/#primaryimage\"},\"image\":{\"@id\":\"https:\/\/rijetke-bolesti.com\/usluge\/radna-terapija\/#primaryimage\"},\"thumbnailUrl\":\"https:\/\/rijetke-bolesti.com\/wp-content\/uploads\/2021\/03\/Artboard-1.png\",\"datePublished\":\"2020-12-17T17:55:38+00:00\",\"dateModified\":\"2024-09-24T09:39:43+00:00\",\"breadcrumb\":{\"@id\":\"https:\/\/rijetke-bolesti.com\/usluge\/radna-terapija\/#breadcrumb\"},\"inLanguage\":\"en-GB\",\"potentialAction\":[{\"@type\":\"ReadAction\",\"target\":[\"https:\/\/rijetke-bolesti.com\/usluge\/radna-terapija\/\"]}]},{\"@type\":\"ImageObject\",\"inLanguage\":\"en-GB\",\"@id\":\"https:\/\/rijetke-bolesti.com\/usluge\/radna-terapija\/#primaryimage\",\"url\":\"https:\/\/rijetke-bolesti.com\/wp-content\/uploads\/2021\/03\/Artboard-1.png\",\"contentUrl\":\"https:\/\/rijetke-bolesti.com\/wp-content\/uploads\/2021\/03\/Artboard-1.png\"},{\"@type\":\"BreadcrumbList\",\"@id\":\"https:\/\/rijetke-bolesti.com\/usluge\/radna-terapija\/#breadcrumb\",\"itemListElement\":[{\"@type\":\"ListItem\",\"position\":1,\"name\":\"Home\",\"item\":\"https:\/\/rijetke-bolesti.com\/\"},{\"@type\":\"ListItem\",\"position\":2,\"name\":\"Usluge\",\"item\":\"https:\/\/rijetke-bolesti.com\/usluge\/\"},{\"@type\":\"ListItem\",\"position\":3,\"name\":\"Radnoterapijsko savjetovali\u0161te\"}]},{\"@type\":\"WebSite\",\"@id\":\"https:\/\/rijetke-bolesti.com\/#website\",\"url\":\"https:\/\/rijetke-bolesti.com\/\",\"name\":\"Hrvatski savez za rijetke bolesti\",\"description\":\"Za\u0161tita i unapre\u0111enje kvalitete \u017eivota osoba oboljelih\u00a0 od rijetkih bolesti\",\"potentialAction\":[{\"@type\":\"SearchAction\",\"target\":{\"@type\":\"EntryPoint\",\"urlTemplate\":\"https:\/\/rijetke-bolesti.com\/?s={search_term_string}\"},\"query-input\":{\"@type\":\"PropertyValueSpecification\",\"valueRequired\":true,\"valueName\":\"search_term_string\"}}],\"inLanguage\":\"en-GB\"}]}<\/script>\n<!-- \/ Yoast SEO plugin. -->","yoast_head_json":{"title":"Radnoterapijsko savjetovali\u0161te - Hrvatski savez za rijetke bolesti","robots":{"index":"index","follow":"follow","max-snippet":"max-snippet:-1","max-image-preview":"max-image-preview:large","max-video-preview":"max-video-preview:-1"},"canonical":"https:\/\/rijetke-bolesti.com\/en\/usluge\/radna-terapija\/","og_locale":"en_GB","og_type":"article","og_title":"Radnoterapijsko savjetovali\u0161te - Hrvatski savez za rijetke bolesti","og_description":"Obavje\u0161tavamo korisnike da trenutno nemamo usluge radne terapije. Edukativni materijali Smjernice za osobe s te\u0161ko\u0107ama u pokretanju \u0160to je radna terapija? Radna terapija bavi se osobama \u010dije je optimalno funkcioniranje naru\u0161eno bole\u0161\u0107u, ozljedom ili nekim drugim stanjem. Radni terapeut je stru\u010dnjak koji radi sa svim...","og_url":"https:\/\/rijetke-bolesti.com\/en\/usluge\/radna-terapija\/","og_site_name":"Hrvatski savez za rijetke bolesti","article_modified_time":"2024-09-24T09:39:43+00:00","og_image":[{"url":"https:\/\/rijetke-bolesti.com\/wp-content\/uploads\/2021\/03\/Artboard-1.png","type":"","width":"","height":""}],"twitter_card":"summary_large_image","twitter_misc":{"Estimated reading time":"2 minutes"},"schema":{"@context":"https:\/\/schema.org","@graph":[{"@type":"WebPage","@id":"https:\/\/rijetke-bolesti.com\/usluge\/radna-terapija\/","url":"https:\/\/rijetke-bolesti.com\/usluge\/radna-terapija\/","name":"Radnoterapijsko savjetovali\u0161te - Hrvatski savez za rijetke bolesti","isPartOf":{"@id":"https:\/\/rijetke-bolesti.com\/#website"},"primaryImageOfPage":{"@id":"https:\/\/rijetke-bolesti.com\/usluge\/radna-terapija\/#primaryimage"},"image":{"@id":"https:\/\/rijetke-bolesti.com\/usluge\/radna-terapija\/#primaryimage"},"thumbnailUrl":"https:\/\/rijetke-bolesti.com\/wp-content\/uploads\/2021\/03\/Artboard-1.png","datePublished":"2020-12-17T17:55:38+00:00","dateModified":"2024-09-24T09:39:43+00:00","breadcrumb":{"@id":"https:\/\/rijetke-bolesti.com\/usluge\/radna-terapija\/#breadcrumb"},"inLanguage":"en-GB","potentialAction":[{"@type":"ReadAction","target":["https:\/\/rijetke-bolesti.com\/usluge\/radna-terapija\/"]}]},{"@type":"ImageObject","inLanguage":"en-GB","@id":"https:\/\/rijetke-bolesti.com\/usluge\/radna-terapija\/#primaryimage","url":"https:\/\/rijetke-bolesti.com\/wp-content\/uploads\/2021\/03\/Artboard-1.png","contentUrl":"https:\/\/rijetke-bolesti.com\/wp-content\/uploads\/2021\/03\/Artboard-1.png"},{"@type":"BreadcrumbList","@id":"https:\/\/rijetke-bolesti.com\/usluge\/radna-terapija\/#breadcrumb","itemListElement":[{"@type":"ListItem","position":1,"name":"Home","item":"https:\/\/rijetke-bolesti.com\/"},{"@type":"ListItem","position":2,"name":"Usluge","item":"https:\/\/rijetke-bolesti.com\/usluge\/"},{"@type":"ListItem","position":3,"name":"Radnoterapijsko savjetovali\u0161te"}]},{"@type":"WebSite","@id":"https:\/\/rijetke-bolesti.com\/#website","url":"https:\/\/rijetke-bolesti.com\/","name":"Hrvatski savez za rijetke bolesti","description":"Za\u0161tita i unapre\u0111enje kvalitete \u017eivota osoba oboljelih\u00a0 od rijetkih bolesti","potentialAction":[{"@type":"SearchAction","target":{"@type":"EntryPoint","urlTemplate":"https:\/\/rijetke-bolesti.com\/?s={search_term_string}"},"query-input":{"@type":"PropertyValueSpecification","valueRequired":true,"valueName":"search_term_string"}}],"inLanguage":"en-GB"}]}},"_links":{"self":[{"href":"https:\/\/rijetke-bolesti.com\/en\/wp-json\/wp\/v2\/pages\/658","targetHints":{"allow":["GET"]}}],"collection":[{"href":"https:\/\/rijetke-bolesti.com\/en\/wp-json\/wp\/v2\/pages"}],"about":[{"href":"https:\/\/rijetke-bolesti.com\/en\/wp-json\/wp\/v2\/types\/page"}],"author":[{"embeddable":true,"href":"https:\/\/rijetke-bolesti.com\/en\/wp-json\/wp\/v2\/users\/2"}],"replies":[{"embeddable":true,"href":"https:\/\/rijetke-bolesti.com\/en\/wp-json\/wp\/v2\/comments?post=658"}],"version-history":[{"count":55,"href":"https:\/\/rijetke-bolesti.com\/en\/wp-json\/wp\/v2\/pages\/658\/revisions"}],"predecessor-version":[{"id":4037,"href":"https:\/\/rijetke-bolesti.com\/en\/wp-json\/wp\/v2\/pages\/658\/revisions\/4037"}],"up":[{"embeddable":true,"href":"https:\/\/rijetke-bolesti.com\/en\/wp-json\/wp\/v2\/pages\/651"}],"wp:attachment":[{"href":"https:\/\/rijetke-bolesti.com\/en\/wp-json\/wp\/v2\/media?parent=658"}],"curies":[{"name":"wp","href":"https:\/\/api.w.org\/{rel}","templated":true}]}}