{"id":656,"date":"2020-12-17T19:55:16","date_gmt":"2020-12-17T17:55:16","guid":{"rendered":"https:\/\/rijetke-bolesti.com\/?page_id=656"},"modified":"2025-07-01T11:14:25","modified_gmt":"2025-07-01T09:14:25","slug":"psiholoski-kutak","status":"publish","type":"page","link":"https:\/\/rijetke-bolesti.com\/en\/usluge\/psiholoski-kutak\/","title":{"rendered":"Psychological Support"},"content":{"rendered":"<\/p>\n<p><img loading=\"lazy\" decoding=\"async\" src=\"https:\/\/rijetke-bolesti.com\/wp-content\/uploads\/2021\/02\/marco-bianchetti-vzFTmxTl0DQ-unsplash-1024x683.jpg\" sizes=\"auto, (max-width: 1024px) 100vw, 1024px\" srcset=\"https:\/\/rijetke-bolesti.com\/wp-content\/uploads\/2021\/02\/marco-bianchetti-vzFTmxTl0DQ-unsplash-1024x683.jpg 1024w, https:\/\/rijetke-bolesti.com\/wp-content\/uploads\/2021\/02\/marco-bianchetti-vzFTmxTl0DQ-unsplash-300x200.jpg 300w, https:\/\/rijetke-bolesti.com\/wp-content\/uploads\/2021\/02\/marco-bianchetti-vzFTmxTl0DQ-unsplash-768x512.jpg 768w, https:\/\/rijetke-bolesti.com\/wp-content\/uploads\/2021\/02\/marco-bianchetti-vzFTmxTl0DQ-unsplash-1536x1024.jpg 1536w, https:\/\/rijetke-bolesti.com\/wp-content\/uploads\/2021\/02\/marco-bianchetti-vzFTmxTl0DQ-unsplash.jpg 1920w\" alt=\"\" width=\"1024\" height=\"683\" \/><\/p>\n<\/p>\n\n\n<p><strong>Chronic illnesses can drain the psychological resources of those affected, impact their close family members and surroundings, and often bring emotional difficulties such as feelings of anger, sadness, and symptoms of anxiety and depression.<br>Psychological support helps individuals better cope with the various emotional states, situations, and reactions that come with chronic illness. Counseling can also address other topics that are important to the person. The most common counseling topics include support in coping with a diagnosis, couples counseling, health-related anxiety, and managing anxiety and depressive symptoms.\n\nIndividual and group psychological counseling is offered by a psychologist in person, by phone, or via Zoom. Psychoeducational workshops are periodically organized, and psychoeducational articles are written for those affected.<\/strong><\/p>\n\n\n\n<p><strong>Psihologinju mo\u017eete kontaktirati na telefon 099\/659-6275 ili e-mailom na:\u00a0<a href=\"mailto:psiholog.hsrb@gmail.com\" target=\"_blank\" rel=\"noreferrer noopener\">psiholog.hsrb@gmail.com<\/a>\u00a0od 8:30 do 12:30 (pon, sri, pet) te od 12:00 do 16:00 (uto, \u010det).<\/strong><\/p>\n\n\n\n<div style=\"height:100px\" aria-hidden=\"true\" class=\"wp-block-spacer\"><\/div>\n\n\n\n<figure class=\"wp-block-embed aligncenter is-type-video is-provider-youtube wp-block-embed-youtube wp-embed-aspect-16-9 wp-has-aspect-ratio\"><div class=\"wp-block-embed__wrapper\">\n<iframe loading=\"lazy\" title=\"Mala psiholo\u0161ka rubrika-  Prihva\u0107anje dijagnoze rijetke bolesti\" width=\"500\" height=\"281\" src=\"https:\/\/www.youtube.com\/embed\/OzHBtT7uHm8?feature=oembed\" frameborder=\"0\" allow=\"accelerometer; autoplay; clipboard-write; encrypted-media; gyroscope; picture-in-picture; web-share\" referrerpolicy=\"strict-origin-when-cross-origin\" allowfullscreen><\/iframe>\n<\/div><\/figure>\n\n\n\n<div style=\"height:100px\" aria-hidden=\"true\" class=\"wp-block-spacer\"><\/div>\n\n\n\n<figure class=\"wp-block-embed is-type-video is-provider-youtube wp-block-embed-youtube wp-embed-aspect-16-9 wp-has-aspect-ratio\"><div class=\"wp-block-embed__wrapper\">\n<iframe loading=\"lazy\" title=\"Mala psiholo\u0161ka rubrika- Va\u017enost mentalnog zdravlja kod oboljelih od rijetkih bolesti\" width=\"500\" height=\"281\" src=\"https:\/\/www.youtube.com\/embed\/-lwJQDt9u84?feature=oembed\" frameborder=\"0\" allow=\"accelerometer; autoplay; clipboard-write; encrypted-media; gyroscope; picture-in-picture; web-share\" referrerpolicy=\"strict-origin-when-cross-origin\" allowfullscreen><\/iframe>\n<\/div><\/figure>\n\n\n\n<div style=\"height:100px\" aria-hidden=\"true\" class=\"wp-block-spacer\"><\/div>\n\n\n\n<figure class=\"wp-block-embed is-type-video is-provider-youtube wp-block-embed-youtube wp-embed-aspect-16-9 wp-has-aspect-ratio\"><div class=\"wp-block-embed__wrapper\">\n<iframe loading=\"lazy\" title=\"Mala psiholo\u0161ka rubrika- Izazovi Anderson-Fabryjeve bolesti\" width=\"500\" height=\"281\" src=\"https:\/\/www.youtube.com\/embed\/7dTBVL6CF9g?feature=oembed\" frameborder=\"0\" allow=\"accelerometer; autoplay; clipboard-write; encrypted-media; gyroscope; picture-in-picture; web-share\" referrerpolicy=\"strict-origin-when-cross-origin\" allowfullscreen><\/iframe>\n<\/div><\/figure>\n\n\n\n<div style=\"height:100px\" aria-hidden=\"true\" class=\"wp-block-spacer\"><\/div>\n\n\n\n<figure class=\"wp-block-embed is-type-video is-provider-youtube wp-block-embed-youtube wp-embed-aspect-16-9 wp-has-aspect-ratio\"><div class=\"wp-block-embed__wrapper\">\n<iframe loading=\"lazy\" title=\"Mala psiholo\u0161ka rubrika- Izazovi Anderson-Fabryjeve bolesti\" width=\"500\" height=\"281\" src=\"https:\/\/www.youtube.com\/embed\/7dTBVL6CF9g?feature=oembed\" frameborder=\"0\" allow=\"accelerometer; autoplay; clipboard-write; encrypted-media; gyroscope; picture-in-picture; web-share\" referrerpolicy=\"strict-origin-when-cross-origin\" allowfullscreen><\/iframe>\n<\/div><\/figure>\n\n\n\n<div style=\"height:100px\" aria-hidden=\"true\" class=\"wp-block-spacer\"><\/div>\n\n\n\n<p><strong>This content was produced with the financial support of the Ministry of Labour, Pension System, Family and Social Policy.<\/strong>.<\/p>\n\n\n<div class=\"wp-block-image\">\n<figure class=\"alignleft size-medium is-resized\"><img loading=\"lazy\" decoding=\"async\" width=\"300\" height=\"200\" src=\"https:\/\/rijetke-bolesti.com\/wp-content\/uploads\/2021\/02\/MRMSOSP_logo_v-1-300x200.jpg\" alt=\"\" class=\"wp-image-1222\" style=\"width:404px;height:auto\" srcset=\"https:\/\/rijetke-bolesti.com\/wp-content\/uploads\/2021\/02\/MRMSOSP_logo_v-1-300x200.jpg 300w, https:\/\/rijetke-bolesti.com\/wp-content\/uploads\/2021\/02\/MRMSOSP_logo_v-1.jpg 366w\" sizes=\"auto, (max-width: 300px) 100vw, 300px\" \/><\/figure>\n<\/div>\n\n\n<div style=\"height:30px\" aria-hidden=\"true\" class=\"wp-block-spacer\"><\/div>\n\n\n\n<div class=\"wp-block-file\"><a id=\"wp-block-file--media-8fe2fa55-6a3d-44a7-8aec-447cb7214e3c\" href=\"https:\/\/rijetke-bolesti.com\/wp-content\/uploads\/2021\/02\/Psiholosko-savjetovanje.pdf\"><mark style=\"background-color:rgba(0, 0, 0, 0)\" class=\"has-inline-color has-vivid-cyan-blue-color\"><strong>Psychological Counseling<\/strong><\/mark><\/a><\/div>\n\n\n\n<div class=\"wp-block-group\"><div class=\"wp-block-group__inner-container is-layout-flow wp-block-group-is-layout-flow\">\n<div class=\"wp-block-file\"><a id=\"wp-block-file--media-5024a400-7acc-43f3-8b2d-03e8216fd857\" href=\"https:\/\/rijetke-bolesti.com\/wp-content\/uploads\/2021\/02\/psihologija-boli.pdf\"><mark style=\"background-color:rgba(0, 0, 0, 0)\" class=\"has-inline-color has-vivid-cyan-blue-color\"><strong>The Psychology of Pain<\/strong><\/mark><\/a><\/div>\n\n\n\n<div class=\"wp-block-file\"><a id=\"wp-block-file--media-8bc90d8d-1405-4be9-8365-fab3a878269e\" href=\"https:\/\/rijetke-bolesti.com\/wp-content\/uploads\/2021\/02\/Drustveni-odnosi-u-doba-korone.pdf\"><mark style=\"background-color:rgba(0, 0, 0, 0)\" class=\"has-inline-color has-vivid-cyan-blue-color\"><strong>Social Relationships in the Time of COVID<\/strong><\/mark><\/a><\/div>\n\n\n\n<div class=\"wp-block-file\"><a id=\"wp-block-file--media-b4f4fe3d-187e-482c-a81b-f9c7f704ae30\" href=\"https:\/\/rijetke-bolesti.com\/wp-content\/uploads\/2021\/02\/Mindfulness-tehnika-za-postizanje-mirnog.pdf\"><mark style=\"background-color:rgba(0, 0, 0, 0)\" class=\"has-inline-color has-vivid-cyan-blue-color\"><strong>Mindfulness Techniques for Achieving a Calm Mind and a Relaxed, Aware Body<\/strong><\/mark><\/a><\/div>\n<\/div><\/div>","protected":false},"excerpt":{"rendered":"<p>Dugotrajne bolesti iscrpljuju psiholo\u0161ke kapacitete oboljelih, utje\u010du na njihove bli\u017ee \u010dlanove obitelji i okolinu te nerijetko sa sobom donose psihi\u010dke tegobe poput osje\u0107aja ljutnje, tuge te anksiozno-depresivnih simptoma.Psiholo\u0161ka podr\u0161ka poma\u017ee oboljelima da lak\u0161e prona\u0111u na\u010dine kako se nositi s razli\u010ditim psiholo\u0161kim stanjima, situacijama i reakcijama&#8230;<\/p>","protected":false},"author":2,"featured_media":0,"parent":651,"menu_order":0,"comment_status":"closed","ping_status":"closed","template":"","meta":{"content-type":"","footnotes":""},"class_list":["post-656","page","type-page","status-publish","hentry"],"yoast_head":"<!-- This site is optimized with the Yoast SEO plugin v26.0 - https:\/\/yoast.com\/wordpress\/plugins\/seo\/ -->\n<title>Psiholo\u0161ka podr\u0161ka - Hrvatski savez za rijetke bolesti<\/title>\n<meta name=\"robots\" content=\"index, follow, max-snippet:-1, max-image-preview:large, max-video-preview:-1\" \/>\n<link rel=\"canonical\" href=\"https:\/\/rijetke-bolesti.com\/en\/usluge\/psiholoski-kutak\/\" \/>\n<meta property=\"og:locale\" content=\"en_GB\" \/>\n<meta property=\"og:type\" content=\"article\" \/>\n<meta property=\"og:title\" content=\"Psiholo\u0161ka podr\u0161ka - Hrvatski savez za rijetke bolesti\" \/>\n<meta property=\"og:description\" content=\"Dugotrajne bolesti iscrpljuju psiholo\u0161ke kapacitete oboljelih, utje\u010du na njihove bli\u017ee \u010dlanove obitelji i okolinu te nerijetko sa sobom donose psihi\u010dke tegobe poput osje\u0107aja ljutnje, tuge te anksiozno-depresivnih simptoma.Psiholo\u0161ka podr\u0161ka poma\u017ee oboljelima da lak\u0161e prona\u0111u na\u010dine kako se nositi s razli\u010ditim psiholo\u0161kim stanjima, situacijama i reakcijama...\" \/>\n<meta property=\"og:url\" content=\"https:\/\/rijetke-bolesti.com\/en\/usluge\/psiholoski-kutak\/\" \/>\n<meta property=\"og:site_name\" content=\"Hrvatski savez za rijetke bolesti\" \/>\n<meta property=\"article:modified_time\" content=\"2025-07-01T09:14:25+00:00\" \/>\n<meta property=\"og:image\" content=\"https:\/\/rijetke-bolesti.com\/wp-content\/uploads\/2021\/02\/marco-bianchetti-vzFTmxTl0DQ-unsplash-1024x683.jpg\" \/>\n<meta name=\"twitter:card\" content=\"summary_large_image\" \/>\n<meta name=\"twitter:label1\" content=\"Estimated reading time\" \/>\n\t<meta name=\"twitter:data1\" content=\"2 minutes\" \/>\n<script type=\"application\/ld+json\" class=\"yoast-schema-graph\">{\"@context\":\"https:\/\/schema.org\",\"@graph\":[{\"@type\":\"WebPage\",\"@id\":\"https:\/\/rijetke-bolesti.com\/usluge\/psiholoski-kutak\/\",\"url\":\"https:\/\/rijetke-bolesti.com\/usluge\/psiholoski-kutak\/\",\"name\":\"Psiholo\u0161ka podr\u0161ka - Hrvatski savez za rijetke bolesti\",\"isPartOf\":{\"@id\":\"https:\/\/rijetke-bolesti.com\/#website\"},\"primaryImageOfPage\":{\"@id\":\"https:\/\/rijetke-bolesti.com\/usluge\/psiholoski-kutak\/#primaryimage\"},\"image\":{\"@id\":\"https:\/\/rijetke-bolesti.com\/usluge\/psiholoski-kutak\/#primaryimage\"},\"thumbnailUrl\":\"https:\/\/rijetke-bolesti.com\/wp-content\/uploads\/2021\/02\/marco-bianchetti-vzFTmxTl0DQ-unsplash-1024x683.jpg\",\"datePublished\":\"2020-12-17T17:55:16+00:00\",\"dateModified\":\"2025-07-01T09:14:25+00:00\",\"breadcrumb\":{\"@id\":\"https:\/\/rijetke-bolesti.com\/usluge\/psiholoski-kutak\/#breadcrumb\"},\"inLanguage\":\"en-GB\",\"potentialAction\":[{\"@type\":\"ReadAction\",\"target\":[\"https:\/\/rijetke-bolesti.com\/usluge\/psiholoski-kutak\/\"]}]},{\"@type\":\"ImageObject\",\"inLanguage\":\"en-GB\",\"@id\":\"https:\/\/rijetke-bolesti.com\/usluge\/psiholoski-kutak\/#primaryimage\",\"url\":\"https:\/\/rijetke-bolesti.com\/wp-content\/uploads\/2021\/02\/marco-bianchetti-vzFTmxTl0DQ-unsplash-1024x683.jpg\",\"contentUrl\":\"https:\/\/rijetke-bolesti.com\/wp-content\/uploads\/2021\/02\/marco-bianchetti-vzFTmxTl0DQ-unsplash-1024x683.jpg\"},{\"@type\":\"BreadcrumbList\",\"@id\":\"https:\/\/rijetke-bolesti.com\/usluge\/psiholoski-kutak\/#breadcrumb\",\"itemListElement\":[{\"@type\":\"ListItem\",\"position\":1,\"name\":\"Home\",\"item\":\"https:\/\/rijetke-bolesti.com\/\"},{\"@type\":\"ListItem\",\"position\":2,\"name\":\"Usluge\",\"item\":\"https:\/\/rijetke-bolesti.com\/usluge\/\"},{\"@type\":\"ListItem\",\"position\":3,\"name\":\"Psiholo\u0161ka podr\u0161ka\"}]},{\"@type\":\"WebSite\",\"@id\":\"https:\/\/rijetke-bolesti.com\/#website\",\"url\":\"https:\/\/rijetke-bolesti.com\/\",\"name\":\"Hrvatski savez za rijetke bolesti\",\"description\":\"Za\u0161tita i unapre\u0111enje kvalitete \u017eivota osoba oboljelih\u00a0 od rijetkih bolesti\",\"potentialAction\":[{\"@type\":\"SearchAction\",\"target\":{\"@type\":\"EntryPoint\",\"urlTemplate\":\"https:\/\/rijetke-bolesti.com\/?s={search_term_string}\"},\"query-input\":{\"@type\":\"PropertyValueSpecification\",\"valueRequired\":true,\"valueName\":\"search_term_string\"}}],\"inLanguage\":\"en-GB\"}]}<\/script>\n<!-- \/ Yoast SEO plugin. -->","yoast_head_json":{"title":"Psiholo\u0161ka podr\u0161ka - Hrvatski savez za rijetke bolesti","robots":{"index":"index","follow":"follow","max-snippet":"max-snippet:-1","max-image-preview":"max-image-preview:large","max-video-preview":"max-video-preview:-1"},"canonical":"https:\/\/rijetke-bolesti.com\/en\/usluge\/psiholoski-kutak\/","og_locale":"en_GB","og_type":"article","og_title":"Psiholo\u0161ka podr\u0161ka - Hrvatski savez za rijetke bolesti","og_description":"Dugotrajne bolesti iscrpljuju psiholo\u0161ke kapacitete oboljelih, utje\u010du na njihove bli\u017ee \u010dlanove obitelji i okolinu te nerijetko sa sobom donose psihi\u010dke tegobe poput osje\u0107aja ljutnje, tuge te anksiozno-depresivnih simptoma.Psiholo\u0161ka podr\u0161ka poma\u017ee oboljelima da lak\u0161e prona\u0111u na\u010dine kako se nositi s razli\u010ditim psiholo\u0161kim stanjima, situacijama i reakcijama...","og_url":"https:\/\/rijetke-bolesti.com\/en\/usluge\/psiholoski-kutak\/","og_site_name":"Hrvatski savez za rijetke bolesti","article_modified_time":"2025-07-01T09:14:25+00:00","og_image":[{"url":"https:\/\/rijetke-bolesti.com\/wp-content\/uploads\/2021\/02\/marco-bianchetti-vzFTmxTl0DQ-unsplash-1024x683.jpg","type":"","width":"","height":""}],"twitter_card":"summary_large_image","twitter_misc":{"Estimated reading time":"2 minutes"},"schema":{"@context":"https:\/\/schema.org","@graph":[{"@type":"WebPage","@id":"https:\/\/rijetke-bolesti.com\/usluge\/psiholoski-kutak\/","url":"https:\/\/rijetke-bolesti.com\/usluge\/psiholoski-kutak\/","name":"Psiholo\u0161ka podr\u0161ka - Hrvatski savez za rijetke bolesti","isPartOf":{"@id":"https:\/\/rijetke-bolesti.com\/#website"},"primaryImageOfPage":{"@id":"https:\/\/rijetke-bolesti.com\/usluge\/psiholoski-kutak\/#primaryimage"},"image":{"@id":"https:\/\/rijetke-bolesti.com\/usluge\/psiholoski-kutak\/#primaryimage"},"thumbnailUrl":"https:\/\/rijetke-bolesti.com\/wp-content\/uploads\/2021\/02\/marco-bianchetti-vzFTmxTl0DQ-unsplash-1024x683.jpg","datePublished":"2020-12-17T17:55:16+00:00","dateModified":"2025-07-01T09:14:25+00:00","breadcrumb":{"@id":"https:\/\/rijetke-bolesti.com\/usluge\/psiholoski-kutak\/#breadcrumb"},"inLanguage":"en-GB","potentialAction":[{"@type":"ReadAction","target":["https:\/\/rijetke-bolesti.com\/usluge\/psiholoski-kutak\/"]}]},{"@type":"ImageObject","inLanguage":"en-GB","@id":"https:\/\/rijetke-bolesti.com\/usluge\/psiholoski-kutak\/#primaryimage","url":"https:\/\/rijetke-bolesti.com\/wp-content\/uploads\/2021\/02\/marco-bianchetti-vzFTmxTl0DQ-unsplash-1024x683.jpg","contentUrl":"https:\/\/rijetke-bolesti.com\/wp-content\/uploads\/2021\/02\/marco-bianchetti-vzFTmxTl0DQ-unsplash-1024x683.jpg"},{"@type":"BreadcrumbList","@id":"https:\/\/rijetke-bolesti.com\/usluge\/psiholoski-kutak\/#breadcrumb","itemListElement":[{"@type":"ListItem","position":1,"name":"Home","item":"https:\/\/rijetke-bolesti.com\/"},{"@type":"ListItem","position":2,"name":"Usluge","item":"https:\/\/rijetke-bolesti.com\/usluge\/"},{"@type":"ListItem","position":3,"name":"Psiholo\u0161ka podr\u0161ka"}]},{"@type":"WebSite","@id":"https:\/\/rijetke-bolesti.com\/#website","url":"https:\/\/rijetke-bolesti.com\/","name":"Hrvatski savez za rijetke bolesti","description":"Za\u0161tita i unapre\u0111enje kvalitete \u017eivota osoba oboljelih\u00a0 od rijetkih bolesti","potentialAction":[{"@type":"SearchAction","target":{"@type":"EntryPoint","urlTemplate":"https:\/\/rijetke-bolesti.com\/?s={search_term_string}"},"query-input":{"@type":"PropertyValueSpecification","valueRequired":true,"valueName":"search_term_string"}}],"inLanguage":"en-GB"}]}},"_links":{"self":[{"href":"https:\/\/rijetke-bolesti.com\/en\/wp-json\/wp\/v2\/pages\/656","targetHints":{"allow":["GET"]}}],"collection":[{"href":"https:\/\/rijetke-bolesti.com\/en\/wp-json\/wp\/v2\/pages"}],"about":[{"href":"https:\/\/rijetke-bolesti.com\/en\/wp-json\/wp\/v2\/types\/page"}],"author":[{"embeddable":true,"href":"https:\/\/rijetke-bolesti.com\/en\/wp-json\/wp\/v2\/users\/2"}],"replies":[{"embeddable":true,"href":"https:\/\/rijetke-bolesti.com\/en\/wp-json\/wp\/v2\/comments?post=656"}],"version-history":[{"count":74,"href":"https:\/\/rijetke-bolesti.com\/en\/wp-json\/wp\/v2\/pages\/656\/revisions"}],"predecessor-version":[{"id":5479,"href":"https:\/\/rijetke-bolesti.com\/en\/wp-json\/wp\/v2\/pages\/656\/revisions\/5479"}],"up":[{"embeddable":true,"href":"https:\/\/rijetke-bolesti.com\/en\/wp-json\/wp\/v2\/pages\/651"}],"wp:attachment":[{"href":"https:\/\/rijetke-bolesti.com\/en\/wp-json\/wp\/v2\/media?parent=656"}],"curies":[{"name":"wp","href":"https:\/\/api.w.org\/{rel}","templated":true}]}}