{"id":654,"date":"2020-12-17T19:54:31","date_gmt":"2020-12-17T17:54:31","guid":{"rendered":"https:\/\/rijetke-bolesti.com\/?page_id=654"},"modified":"2025-04-09T11:48:14","modified_gmt":"2025-04-09T09:48:14","slug":"odnosi-s-javnoscu","status":"publish","type":"page","link":"https:\/\/rijetke-bolesti.com\/en\/nas-tim\/odnosi-s-javnoscu\/","title":{"rendered":"Public Relations"},"content":{"rendered":"<p><strong>Sara Bajlo mag.oec<\/strong>, President<\/p>\n<p>rijetke.bolesti@gmail.com<\/p>\n<figure><img loading=\"lazy\" decoding=\"async\" src=\"https:\/\/rijetke-bolesti.com\/wp-content\/uploads\/2021\/02\/logo_HSZRB.jpg\" sizes=\"auto, (max-width: 1772px) 100vw, 1772px\" srcset=\"https:\/\/rijetke-bolesti.com\/wp-content\/uploads\/2021\/02\/logo_HSZRB.jpg 1772w, https:\/\/rijetke-bolesti.com\/wp-content\/uploads\/2021\/02\/logo_HSZRB-300x150.jpg 300w, https:\/\/rijetke-bolesti.com\/wp-content\/uploads\/2021\/02\/logo_HSZRB-1024x513.jpg 1024w, https:\/\/rijetke-bolesti.com\/wp-content\/uploads\/2021\/02\/logo_HSZRB-768x384.jpg 768w, https:\/\/rijetke-bolesti.com\/wp-content\/uploads\/2021\/02\/logo_HSZRB-1536x769.jpg 1536w\" alt=\"\" width=\"1772\" height=\"887\" \/><\/figure>\n<h3>\u00a0<\/h3>\n<h3>Alliance in Media<\/h3>\n\n\n<div class=\"wp-block-file\"><a href=\"https:\/\/rijetke-bolesti.com\/wp-content\/uploads\/2021\/03\/Mediji-MDRB-2021.-4.pdf\"><strong>Me\u0111unarodni dan rijetkih bolesti 2021<\/strong><\/a><\/div>\n\n\n\n<div class=\"wp-block-file\"><a href=\"https:\/\/rijetke-bolesti.com\/wp-content\/uploads\/2021\/03\/Medijske-objave-2020.pdf\"><strong>Zajedno za rijetke 2020<\/strong><\/a><\/div>\n\n\n\n<div class=\"wp-block-file\"><a href=\"https:\/\/rijetke-bolesti.com\/wp-content\/uploads\/2021\/03\/Medijske-objave-MDRB-2019.pdf\"><strong>Me\u0111unarodni dan rijetkih bolesti 2019<\/strong><\/a><\/div>\n\n\n\n<div class=\"wp-block-group\"><div class=\"wp-block-group__inner-container is-layout-flow wp-block-group-is-layout-flow\">\n<div class=\"wp-block-file\"><a href=\"https:\/\/rijetke-bolesti.com\/wp-content\/uploads\/2021\/03\/Medijske-objave-MDRB-2018.pdf\"><strong>Me\u0111unarodni dan rijetkih bolesti 2018<\/strong><\/a><\/div>\n<\/div><\/div>\n\n\n\n<div class=\"wp-block-buttons is-layout-flex wp-block-buttons-is-layout-flex\"><\/div>\n\n\n\n<p><\/p>","protected":false},"excerpt":{"rendered":"<p>Sara Bajlo mag.oec, Predsjednica saveza rijetke.bolesti@gmail.com \u00a0 Mediji o savezu Me\u0111unarodni dan rijetkih bolesti 2021 Zajedno za rijetke 2020 Me\u0111unarodni dan rijetkih bolesti 2019 Me\u0111unarodni dan rijetkih bolesti 2018<\/p>","protected":false},"author":2,"featured_media":0,"parent":674,"menu_order":0,"comment_status":"closed","ping_status":"closed","template":"","meta":{"content-type":"","footnotes":""},"class_list":["post-654","page","type-page","status-publish","hentry"],"yoast_head":"<!-- This site is optimized with the Yoast SEO plugin v26.0 - https:\/\/yoast.com\/wordpress\/plugins\/seo\/ -->\n<title>Odnosi s javno\u0161\u0107u - Hrvatski savez za rijetke bolesti<\/title>\n<meta name=\"robots\" content=\"index, follow, max-snippet:-1, max-image-preview:large, max-video-preview:-1\" \/>\n<link rel=\"canonical\" href=\"https:\/\/rijetke-bolesti.com\/en\/nas-tim\/odnosi-s-javnoscu\/\" \/>\n<meta property=\"og:locale\" content=\"en_GB\" \/>\n<meta property=\"og:type\" content=\"article\" \/>\n<meta property=\"og:title\" content=\"Odnosi s javno\u0161\u0107u - Hrvatski savez za rijetke bolesti\" \/>\n<meta property=\"og:description\" content=\"Sara Bajlo mag.oec, Predsjednica saveza rijetke.bolesti@gmail.com \u00a0 Mediji o savezu Me\u0111unarodni dan rijetkih bolesti 2021 Zajedno za rijetke 2020 Me\u0111unarodni dan rijetkih bolesti 2019 Me\u0111unarodni dan rijetkih bolesti 2018\" \/>\n<meta property=\"og:url\" content=\"https:\/\/rijetke-bolesti.com\/en\/nas-tim\/odnosi-s-javnoscu\/\" \/>\n<meta property=\"og:site_name\" content=\"Hrvatski savez za rijetke bolesti\" \/>\n<meta property=\"article:modified_time\" content=\"2025-04-09T09:48:14+00:00\" \/>\n<meta property=\"og:image\" content=\"https:\/\/rijetke-bolesti.com\/wp-content\/uploads\/2021\/02\/logo_HSZRB.jpg\" \/>\n<meta name=\"twitter:card\" content=\"summary_large_image\" \/>\n<meta name=\"twitter:label1\" content=\"Estimated reading time\" \/>\n\t<meta name=\"twitter:data1\" content=\"1 minute\" \/>\n<script type=\"application\/ld+json\" class=\"yoast-schema-graph\">{\"@context\":\"https:\/\/schema.org\",\"@graph\":[{\"@type\":\"WebPage\",\"@id\":\"https:\/\/rijetke-bolesti.com\/nas-tim\/odnosi-s-javnoscu\/\",\"url\":\"https:\/\/rijetke-bolesti.com\/nas-tim\/odnosi-s-javnoscu\/\",\"name\":\"Odnosi s javno\u0161\u0107u - Hrvatski savez za rijetke bolesti\",\"isPartOf\":{\"@id\":\"https:\/\/rijetke-bolesti.com\/#website\"},\"primaryImageOfPage\":{\"@id\":\"https:\/\/rijetke-bolesti.com\/nas-tim\/odnosi-s-javnoscu\/#primaryimage\"},\"image\":{\"@id\":\"https:\/\/rijetke-bolesti.com\/nas-tim\/odnosi-s-javnoscu\/#primaryimage\"},\"thumbnailUrl\":\"https:\/\/rijetke-bolesti.com\/wp-content\/uploads\/2021\/02\/logo_HSZRB.jpg\",\"datePublished\":\"2020-12-17T17:54:31+00:00\",\"dateModified\":\"2025-04-09T09:48:14+00:00\",\"breadcrumb\":{\"@id\":\"https:\/\/rijetke-bolesti.com\/nas-tim\/odnosi-s-javnoscu\/#breadcrumb\"},\"inLanguage\":\"en-GB\",\"potentialAction\":[{\"@type\":\"ReadAction\",\"target\":[\"https:\/\/rijetke-bolesti.com\/nas-tim\/odnosi-s-javnoscu\/\"]}]},{\"@type\":\"ImageObject\",\"inLanguage\":\"en-GB\",\"@id\":\"https:\/\/rijetke-bolesti.com\/nas-tim\/odnosi-s-javnoscu\/#primaryimage\",\"url\":\"https:\/\/rijetke-bolesti.com\/wp-content\/uploads\/2021\/02\/logo_HSZRB.jpg\",\"contentUrl\":\"https:\/\/rijetke-bolesti.com\/wp-content\/uploads\/2021\/02\/logo_HSZRB.jpg\"},{\"@type\":\"BreadcrumbList\",\"@id\":\"https:\/\/rijetke-bolesti.com\/nas-tim\/odnosi-s-javnoscu\/#breadcrumb\",\"itemListElement\":[{\"@type\":\"ListItem\",\"position\":1,\"name\":\"Home\",\"item\":\"https:\/\/rijetke-bolesti.com\/\"},{\"@type\":\"ListItem\",\"position\":2,\"name\":\"O nama\",\"item\":\"https:\/\/rijetke-bolesti.com\/nas-tim\/\"},{\"@type\":\"ListItem\",\"position\":3,\"name\":\"Odnosi s javno\u0161\u0107u\"}]},{\"@type\":\"WebSite\",\"@id\":\"https:\/\/rijetke-bolesti.com\/#website\",\"url\":\"https:\/\/rijetke-bolesti.com\/\",\"name\":\"Hrvatski savez za rijetke bolesti\",\"description\":\"Za\u0161tita i unapre\u0111enje kvalitete \u017eivota osoba oboljelih\u00a0 od rijetkih bolesti\",\"potentialAction\":[{\"@type\":\"SearchAction\",\"target\":{\"@type\":\"EntryPoint\",\"urlTemplate\":\"https:\/\/rijetke-bolesti.com\/?s={search_term_string}\"},\"query-input\":{\"@type\":\"PropertyValueSpecification\",\"valueRequired\":true,\"valueName\":\"search_term_string\"}}],\"inLanguage\":\"en-GB\"}]}<\/script>\n<!-- \/ Yoast SEO plugin. -->","yoast_head_json":{"title":"Odnosi s javno\u0161\u0107u - Hrvatski savez za rijetke bolesti","robots":{"index":"index","follow":"follow","max-snippet":"max-snippet:-1","max-image-preview":"max-image-preview:large","max-video-preview":"max-video-preview:-1"},"canonical":"https:\/\/rijetke-bolesti.com\/en\/nas-tim\/odnosi-s-javnoscu\/","og_locale":"en_GB","og_type":"article","og_title":"Odnosi s javno\u0161\u0107u - Hrvatski savez za rijetke bolesti","og_description":"Sara Bajlo mag.oec, Predsjednica saveza rijetke.bolesti@gmail.com \u00a0 Mediji o savezu Me\u0111unarodni dan rijetkih bolesti 2021 Zajedno za rijetke 2020 Me\u0111unarodni dan rijetkih bolesti 2019 Me\u0111unarodni dan rijetkih bolesti 2018","og_url":"https:\/\/rijetke-bolesti.com\/en\/nas-tim\/odnosi-s-javnoscu\/","og_site_name":"Hrvatski savez za rijetke bolesti","article_modified_time":"2025-04-09T09:48:14+00:00","og_image":[{"url":"https:\/\/rijetke-bolesti.com\/wp-content\/uploads\/2021\/02\/logo_HSZRB.jpg","type":"","width":"","height":""}],"twitter_card":"summary_large_image","twitter_misc":{"Estimated reading time":"1 minute"},"schema":{"@context":"https:\/\/schema.org","@graph":[{"@type":"WebPage","@id":"https:\/\/rijetke-bolesti.com\/nas-tim\/odnosi-s-javnoscu\/","url":"https:\/\/rijetke-bolesti.com\/nas-tim\/odnosi-s-javnoscu\/","name":"Odnosi s javno\u0161\u0107u - Hrvatski savez za rijetke bolesti","isPartOf":{"@id":"https:\/\/rijetke-bolesti.com\/#website"},"primaryImageOfPage":{"@id":"https:\/\/rijetke-bolesti.com\/nas-tim\/odnosi-s-javnoscu\/#primaryimage"},"image":{"@id":"https:\/\/rijetke-bolesti.com\/nas-tim\/odnosi-s-javnoscu\/#primaryimage"},"thumbnailUrl":"https:\/\/rijetke-bolesti.com\/wp-content\/uploads\/2021\/02\/logo_HSZRB.jpg","datePublished":"2020-12-17T17:54:31+00:00","dateModified":"2025-04-09T09:48:14+00:00","breadcrumb":{"@id":"https:\/\/rijetke-bolesti.com\/nas-tim\/odnosi-s-javnoscu\/#breadcrumb"},"inLanguage":"en-GB","potentialAction":[{"@type":"ReadAction","target":["https:\/\/rijetke-bolesti.com\/nas-tim\/odnosi-s-javnoscu\/"]}]},{"@type":"ImageObject","inLanguage":"en-GB","@id":"https:\/\/rijetke-bolesti.com\/nas-tim\/odnosi-s-javnoscu\/#primaryimage","url":"https:\/\/rijetke-bolesti.com\/wp-content\/uploads\/2021\/02\/logo_HSZRB.jpg","contentUrl":"https:\/\/rijetke-bolesti.com\/wp-content\/uploads\/2021\/02\/logo_HSZRB.jpg"},{"@type":"BreadcrumbList","@id":"https:\/\/rijetke-bolesti.com\/nas-tim\/odnosi-s-javnoscu\/#breadcrumb","itemListElement":[{"@type":"ListItem","position":1,"name":"Home","item":"https:\/\/rijetke-bolesti.com\/"},{"@type":"ListItem","position":2,"name":"O nama","item":"https:\/\/rijetke-bolesti.com\/nas-tim\/"},{"@type":"ListItem","position":3,"name":"Odnosi s javno\u0161\u0107u"}]},{"@type":"WebSite","@id":"https:\/\/rijetke-bolesti.com\/#website","url":"https:\/\/rijetke-bolesti.com\/","name":"Hrvatski savez za rijetke bolesti","description":"Za\u0161tita i unapre\u0111enje kvalitete \u017eivota osoba oboljelih\u00a0 od rijetkih bolesti","potentialAction":[{"@type":"SearchAction","target":{"@type":"EntryPoint","urlTemplate":"https:\/\/rijetke-bolesti.com\/?s={search_term_string}"},"query-input":{"@type":"PropertyValueSpecification","valueRequired":true,"valueName":"search_term_string"}}],"inLanguage":"en-GB"}]}},"_links":{"self":[{"href":"https:\/\/rijetke-bolesti.com\/en\/wp-json\/wp\/v2\/pages\/654","targetHints":{"allow":["GET"]}}],"collection":[{"href":"https:\/\/rijetke-bolesti.com\/en\/wp-json\/wp\/v2\/pages"}],"about":[{"href":"https:\/\/rijetke-bolesti.com\/en\/wp-json\/wp\/v2\/types\/page"}],"author":[{"embeddable":true,"href":"https:\/\/rijetke-bolesti.com\/en\/wp-json\/wp\/v2\/users\/2"}],"replies":[{"embeddable":true,"href":"https:\/\/rijetke-bolesti.com\/en\/wp-json\/wp\/v2\/comments?post=654"}],"version-history":[{"count":15,"href":"https:\/\/rijetke-bolesti.com\/en\/wp-json\/wp\/v2\/pages\/654\/revisions"}],"predecessor-version":[{"id":4760,"href":"https:\/\/rijetke-bolesti.com\/en\/wp-json\/wp\/v2\/pages\/654\/revisions\/4760"}],"up":[{"embeddable":true,"href":"https:\/\/rijetke-bolesti.com\/en\/wp-json\/wp\/v2\/pages\/674"}],"wp:attachment":[{"href":"https:\/\/rijetke-bolesti.com\/en\/wp-json\/wp\/v2\/media?parent=654"}],"curies":[{"name":"wp","href":"https:\/\/api.w.org\/{rel}","templated":true}]}}