{"id":5954,"date":"2026-02-10T12:53:22","date_gmt":"2026-02-10T10:53:22","guid":{"rendered":"https:\/\/rijetke-bolesti.com\/?page_id=5954"},"modified":"2026-02-10T13:37:40","modified_gmt":"2026-02-10T11:37:40","slug":"tranzicija-skrbi-modeli-podrske-i-javne-mjere-u-podrucju-rijetkih-bolesti","status":"publish","type":"page","link":"https:\/\/rijetke-bolesti.com\/en\/projekti\/tranzicija-skrbi-modeli-podrske-i-javne-mjere-u-podrucju-rijetkih-bolesti\/","title":{"rendered":"Seamless Transition: Support Models and Policies for RD"},"content":{"rendered":"<p>Project \u201cSeamless Transition: <em>Support Models and Policies for Rare Diseases<\/em>\u201d is focused on improving the transition process of young people with rare diseases from paediatric to adult healthcare.<\/p>\n\n\n\n<p><br>The aim of the project is to gain a better understanding of the needs of young people and their families during this sensitive period, and to develop concrete solutions and recommendations for strengthening systemic support. As part of the project, we are conducting comprehensive research into the current situation, including data collection and analysis, as well as consultations with experts.<\/p>\n\n\n\n<p><br>A particular emphasis is placed on the development and implementation of a mentoring programme that will provide young people and their families with support through counselling, peer support, and access to reliable information.<\/p>\n\n\n\n<p><br>The project also includes the development of educational and informational materials, the organisation of stakeholder meetings, workshops, and public policy dialogues, with the aim of shaping concrete recommendations for improving the healthcare system.<br>Through visibility activities, media campaigns, and public events, we seek to ensure that the voices of people living with rare diseases are clearly heard and that their needs are recognised and addressed at a systemic level.<\/p>\n\n\n\n<p><br>The project is implemented as part of the AstraZeneca Young Health Programme Impact Fellowship.<\/p>\n\n\n\n<div style=\"height:50px\" aria-hidden=\"true\" class=\"wp-block-spacer\"><\/div>\n\n\n\n<figure class=\"wp-block-image size-large\"><img decoding=\"async\" src=\"https:\/\/rijetke-bolesti.com\/wp-content\/uploads\/2026\/02\/TRANZICIJA-vizual-1024x1024.png\" alt=\"\" class=\"wp-image-5952\"\/><\/figure>","protected":false},"excerpt":{"rendered":"<p>Projekt \u201cSeamless Transition: Support Models and Policies for Rare Diseases\u201d, usmjeren na unapre\u0111enje procesa tranzicije mladih osoba s rijetkim bolestima iz pedijatrijske u adultnu zdravstvenu skrb (skrb za odrasle). Cilj projekta je bolje razumjeti potrebe mladih i njihovih obitelji tijekom ovog osjetljivog razdoblja te razviti&#8230;<\/p>","protected":false},"author":3,"featured_media":5952,"parent":1590,"menu_order":0,"comment_status":"closed","ping_status":"closed","template":"","meta":{"content-type":"","footnotes":""},"class_list":["post-5954","page","type-page","status-publish","has-post-thumbnail","hentry"],"yoast_head":"<!-- This site is optimized with the Yoast SEO plugin v26.0 - https:\/\/yoast.com\/wordpress\/plugins\/seo\/ -->\n<title>Tranzicija skrbi - Hrvatski savez za rijetke bolesti<\/title>\n<meta name=\"robots\" content=\"index, follow, max-snippet:-1, max-image-preview:large, max-video-preview:-1\" \/>\n<link rel=\"canonical\" href=\"https:\/\/rijetke-bolesti.com\/en\/projekti\/tranzicija-skrbi-modeli-podrske-i-javne-mjere-u-podrucju-rijetkih-bolesti\/\" \/>\n<meta property=\"og:locale\" content=\"en_GB\" \/>\n<meta property=\"og:type\" content=\"article\" \/>\n<meta property=\"og:title\" content=\"Tranzicija skrbi - Hrvatski savez za rijetke bolesti\" \/>\n<meta property=\"og:description\" content=\"Projekt \u201cSeamless Transition: Support Models and Policies for Rare Diseases\u201d, usmjeren na unapre\u0111enje procesa tranzicije mladih osoba s rijetkim bolestima iz pedijatrijske u adultnu zdravstvenu skrb (skrb za odrasle). Cilj projekta je bolje razumjeti potrebe mladih i njihovih obitelji tijekom ovog osjetljivog razdoblja te razviti...\" \/>\n<meta property=\"og:url\" content=\"https:\/\/rijetke-bolesti.com\/en\/projekti\/tranzicija-skrbi-modeli-podrske-i-javne-mjere-u-podrucju-rijetkih-bolesti\/\" \/>\n<meta property=\"og:site_name\" content=\"Hrvatski savez za rijetke bolesti\" \/>\n<meta property=\"article:modified_time\" content=\"2026-02-10T11:37:40+00:00\" \/>\n<meta property=\"og:image\" content=\"https:\/\/rijetke-bolesti.com\/wp-content\/uploads\/2026\/02\/TRANZICIJA-vizual-e1770723386869.png\" \/>\n\t<meta property=\"og:image:width\" content=\"1997\" \/>\n\t<meta property=\"og:image:height\" content=\"1560\" \/>\n\t<meta property=\"og:image:type\" content=\"image\/png\" \/>\n<meta name=\"twitter:card\" content=\"summary_large_image\" \/>\n<meta name=\"twitter:label1\" content=\"Estimated reading time\" \/>\n\t<meta name=\"twitter:data1\" content=\"2 minutes\" \/>\n<script type=\"application\/ld+json\" class=\"yoast-schema-graph\">{\"@context\":\"https:\/\/schema.org\",\"@graph\":[{\"@type\":\"WebPage\",\"@id\":\"https:\/\/rijetke-bolesti.com\/projekti\/tranzicija-skrbi-modeli-podrske-i-javne-mjere-u-podrucju-rijetkih-bolesti\/\",\"url\":\"https:\/\/rijetke-bolesti.com\/projekti\/tranzicija-skrbi-modeli-podrske-i-javne-mjere-u-podrucju-rijetkih-bolesti\/\",\"name\":\"Tranzicija skrbi - Hrvatski savez za rijetke bolesti\",\"isPartOf\":{\"@id\":\"https:\/\/rijetke-bolesti.com\/#website\"},\"primaryImageOfPage\":{\"@id\":\"https:\/\/rijetke-bolesti.com\/projekti\/tranzicija-skrbi-modeli-podrske-i-javne-mjere-u-podrucju-rijetkih-bolesti\/#primaryimage\"},\"image\":{\"@id\":\"https:\/\/rijetke-bolesti.com\/projekti\/tranzicija-skrbi-modeli-podrske-i-javne-mjere-u-podrucju-rijetkih-bolesti\/#primaryimage\"},\"thumbnailUrl\":\"https:\/\/rijetke-bolesti.com\/wp-content\/uploads\/2026\/02\/TRANZICIJA-vizual-e1770723386869.png\",\"datePublished\":\"2026-02-10T10:53:22+00:00\",\"dateModified\":\"2026-02-10T11:37:40+00:00\",\"breadcrumb\":{\"@id\":\"https:\/\/rijetke-bolesti.com\/projekti\/tranzicija-skrbi-modeli-podrske-i-javne-mjere-u-podrucju-rijetkih-bolesti\/#breadcrumb\"},\"inLanguage\":\"en-GB\",\"potentialAction\":[{\"@type\":\"ReadAction\",\"target\":[\"https:\/\/rijetke-bolesti.com\/projekti\/tranzicija-skrbi-modeli-podrske-i-javne-mjere-u-podrucju-rijetkih-bolesti\/\"]}]},{\"@type\":\"ImageObject\",\"inLanguage\":\"en-GB\",\"@id\":\"https:\/\/rijetke-bolesti.com\/projekti\/tranzicija-skrbi-modeli-podrske-i-javne-mjere-u-podrucju-rijetkih-bolesti\/#primaryimage\",\"url\":\"https:\/\/rijetke-bolesti.com\/wp-content\/uploads\/2026\/02\/TRANZICIJA-vizual-e1770723386869.png\",\"contentUrl\":\"https:\/\/rijetke-bolesti.com\/wp-content\/uploads\/2026\/02\/TRANZICIJA-vizual-e1770723386869.png\",\"width\":1997,\"height\":1560},{\"@type\":\"BreadcrumbList\",\"@id\":\"https:\/\/rijetke-bolesti.com\/projekti\/tranzicija-skrbi-modeli-podrske-i-javne-mjere-u-podrucju-rijetkih-bolesti\/#breadcrumb\",\"itemListElement\":[{\"@type\":\"ListItem\",\"position\":1,\"name\":\"Home\",\"item\":\"https:\/\/rijetke-bolesti.com\/\"},{\"@type\":\"ListItem\",\"position\":2,\"name\":\"Projekti\",\"item\":\"https:\/\/rijetke-bolesti.com\/projekti\/\"},{\"@type\":\"ListItem\",\"position\":3,\"name\":\"Tranzicija skrbi\"}]},{\"@type\":\"WebSite\",\"@id\":\"https:\/\/rijetke-bolesti.com\/#website\",\"url\":\"https:\/\/rijetke-bolesti.com\/\",\"name\":\"Hrvatski savez za rijetke bolesti\",\"description\":\"Za\u0161tita i unapre\u0111enje kvalitete \u017eivota osoba oboljelih\u00a0 od rijetkih bolesti\",\"potentialAction\":[{\"@type\":\"SearchAction\",\"target\":{\"@type\":\"EntryPoint\",\"urlTemplate\":\"https:\/\/rijetke-bolesti.com\/?s={search_term_string}\"},\"query-input\":{\"@type\":\"PropertyValueSpecification\",\"valueRequired\":true,\"valueName\":\"search_term_string\"}}],\"inLanguage\":\"en-GB\"}]}<\/script>\n<!-- \/ Yoast SEO plugin. -->","yoast_head_json":{"title":"Tranzicija skrbi - Hrvatski savez za rijetke bolesti","robots":{"index":"index","follow":"follow","max-snippet":"max-snippet:-1","max-image-preview":"max-image-preview:large","max-video-preview":"max-video-preview:-1"},"canonical":"https:\/\/rijetke-bolesti.com\/en\/projekti\/tranzicija-skrbi-modeli-podrske-i-javne-mjere-u-podrucju-rijetkih-bolesti\/","og_locale":"en_GB","og_type":"article","og_title":"Tranzicija skrbi - Hrvatski savez za rijetke bolesti","og_description":"Projekt \u201cSeamless Transition: Support Models and Policies for Rare Diseases\u201d, usmjeren na unapre\u0111enje procesa tranzicije mladih osoba s rijetkim bolestima iz pedijatrijske u adultnu zdravstvenu skrb (skrb za odrasle). Cilj projekta je bolje razumjeti potrebe mladih i njihovih obitelji tijekom ovog osjetljivog razdoblja te razviti...","og_url":"https:\/\/rijetke-bolesti.com\/en\/projekti\/tranzicija-skrbi-modeli-podrske-i-javne-mjere-u-podrucju-rijetkih-bolesti\/","og_site_name":"Hrvatski savez za rijetke bolesti","article_modified_time":"2026-02-10T11:37:40+00:00","og_image":[{"width":1997,"height":1560,"url":"https:\/\/rijetke-bolesti.com\/wp-content\/uploads\/2026\/02\/TRANZICIJA-vizual-e1770723386869.png","type":"image\/png"}],"twitter_card":"summary_large_image","twitter_misc":{"Estimated reading time":"2 minutes"},"schema":{"@context":"https:\/\/schema.org","@graph":[{"@type":"WebPage","@id":"https:\/\/rijetke-bolesti.com\/projekti\/tranzicija-skrbi-modeli-podrske-i-javne-mjere-u-podrucju-rijetkih-bolesti\/","url":"https:\/\/rijetke-bolesti.com\/projekti\/tranzicija-skrbi-modeli-podrske-i-javne-mjere-u-podrucju-rijetkih-bolesti\/","name":"Tranzicija skrbi - Hrvatski savez za rijetke bolesti","isPartOf":{"@id":"https:\/\/rijetke-bolesti.com\/#website"},"primaryImageOfPage":{"@id":"https:\/\/rijetke-bolesti.com\/projekti\/tranzicija-skrbi-modeli-podrske-i-javne-mjere-u-podrucju-rijetkih-bolesti\/#primaryimage"},"image":{"@id":"https:\/\/rijetke-bolesti.com\/projekti\/tranzicija-skrbi-modeli-podrske-i-javne-mjere-u-podrucju-rijetkih-bolesti\/#primaryimage"},"thumbnailUrl":"https:\/\/rijetke-bolesti.com\/wp-content\/uploads\/2026\/02\/TRANZICIJA-vizual-e1770723386869.png","datePublished":"2026-02-10T10:53:22+00:00","dateModified":"2026-02-10T11:37:40+00:00","breadcrumb":{"@id":"https:\/\/rijetke-bolesti.com\/projekti\/tranzicija-skrbi-modeli-podrske-i-javne-mjere-u-podrucju-rijetkih-bolesti\/#breadcrumb"},"inLanguage":"en-GB","potentialAction":[{"@type":"ReadAction","target":["https:\/\/rijetke-bolesti.com\/projekti\/tranzicija-skrbi-modeli-podrske-i-javne-mjere-u-podrucju-rijetkih-bolesti\/"]}]},{"@type":"ImageObject","inLanguage":"en-GB","@id":"https:\/\/rijetke-bolesti.com\/projekti\/tranzicija-skrbi-modeli-podrske-i-javne-mjere-u-podrucju-rijetkih-bolesti\/#primaryimage","url":"https:\/\/rijetke-bolesti.com\/wp-content\/uploads\/2026\/02\/TRANZICIJA-vizual-e1770723386869.png","contentUrl":"https:\/\/rijetke-bolesti.com\/wp-content\/uploads\/2026\/02\/TRANZICIJA-vizual-e1770723386869.png","width":1997,"height":1560},{"@type":"BreadcrumbList","@id":"https:\/\/rijetke-bolesti.com\/projekti\/tranzicija-skrbi-modeli-podrske-i-javne-mjere-u-podrucju-rijetkih-bolesti\/#breadcrumb","itemListElement":[{"@type":"ListItem","position":1,"name":"Home","item":"https:\/\/rijetke-bolesti.com\/"},{"@type":"ListItem","position":2,"name":"Projekti","item":"https:\/\/rijetke-bolesti.com\/projekti\/"},{"@type":"ListItem","position":3,"name":"Tranzicija skrbi"}]},{"@type":"WebSite","@id":"https:\/\/rijetke-bolesti.com\/#website","url":"https:\/\/rijetke-bolesti.com\/","name":"Hrvatski savez za rijetke bolesti","description":"Za\u0161tita i unapre\u0111enje kvalitete \u017eivota osoba oboljelih\u00a0 od rijetkih bolesti","potentialAction":[{"@type":"SearchAction","target":{"@type":"EntryPoint","urlTemplate":"https:\/\/rijetke-bolesti.com\/?s={search_term_string}"},"query-input":{"@type":"PropertyValueSpecification","valueRequired":true,"valueName":"search_term_string"}}],"inLanguage":"en-GB"}]}},"_links":{"self":[{"href":"https:\/\/rijetke-bolesti.com\/en\/wp-json\/wp\/v2\/pages\/5954","targetHints":{"allow":["GET"]}}],"collection":[{"href":"https:\/\/rijetke-bolesti.com\/en\/wp-json\/wp\/v2\/pages"}],"about":[{"href":"https:\/\/rijetke-bolesti.com\/en\/wp-json\/wp\/v2\/types\/page"}],"author":[{"embeddable":true,"href":"https:\/\/rijetke-bolesti.com\/en\/wp-json\/wp\/v2\/users\/3"}],"replies":[{"embeddable":true,"href":"https:\/\/rijetke-bolesti.com\/en\/wp-json\/wp\/v2\/comments?post=5954"}],"version-history":[{"count":2,"href":"https:\/\/rijetke-bolesti.com\/en\/wp-json\/wp\/v2\/pages\/5954\/revisions"}],"predecessor-version":[{"id":5957,"href":"https:\/\/rijetke-bolesti.com\/en\/wp-json\/wp\/v2\/pages\/5954\/revisions\/5957"}],"up":[{"embeddable":true,"href":"https:\/\/rijetke-bolesti.com\/en\/wp-json\/wp\/v2\/pages\/1590"}],"wp:featuredmedia":[{"embeddable":true,"href":"https:\/\/rijetke-bolesti.com\/en\/wp-json\/wp\/v2\/media\/5952"}],"wp:attachment":[{"href":"https:\/\/rijetke-bolesti.com\/en\/wp-json\/wp\/v2\/media?parent=5954"}],"curies":[{"name":"wp","href":"https:\/\/api.w.org\/{rel}","templated":true}]}}