{"id":5879,"date":"2025-11-27T12:37:38","date_gmt":"2025-11-27T10:37:38","guid":{"rendered":"https:\/\/rijetke-bolesti.com\/?page_id=5879"},"modified":"2026-02-01T22:31:48","modified_gmt":"2026-02-01T20:31:48","slug":"udruge-clanice","status":"publish","type":"page","link":"https:\/\/rijetke-bolesti.com\/en\/nas-tim\/udruge-clanice\/","title":{"rendered":"Member Associations"},"content":{"rendered":"<p>Hrvatski savez za rijetke bolesti okuplja 38 udruga \u010dlanica. Popis s kontaktima pogledajte na linku.<\/p>\n\n\n\n<div class=\"wp-block-file\"><a id=\"wp-block-file--media-c96e3c26-f391-4747-b776-a5b7a1b329f9\" href=\"https:\/\/rijetke-bolesti.com\/wp-content\/uploads\/2025\/12\/POPIS-UDRUGA-CLANICA-2025.docx\" target=\"_blank\" rel=\"noreferrer noopener\">POPIS UDRUGA \u010cLANICA 2025.<\/a><a href=\"https:\/\/rijetke-bolesti.com\/wp-content\/uploads\/2025\/12\/POPIS-UDRUGA-CLANICA-2025.docx\" class=\"wp-block-file__button wp-element-button\" download aria-describedby=\"wp-block-file--media-c96e3c26-f391-4747-b776-a5b7a1b329f9\">Download<\/a><\/div>","protected":false},"excerpt":{"rendered":"<p>Hrvatski savez za rijetke bolesti okuplja 38 udruga \u010dlanica. Popis s kontaktima pogledajte na linku. POPIS UDRUGA \u010cLANICA 2025.Download<\/p>","protected":false},"author":3,"featured_media":0,"parent":674,"menu_order":0,"comment_status":"closed","ping_status":"closed","template":"","meta":{"content-type":"","footnotes":""},"class_list":["post-5879","page","type-page","status-publish","hentry"],"yoast_head":"<!-- This site is optimized with the Yoast SEO plugin v26.0 - https:\/\/yoast.com\/wordpress\/plugins\/seo\/ -->\n<title>Udruge \u010dlanice - Hrvatski savez za rijetke bolesti<\/title>\n<meta name=\"robots\" content=\"index, follow, max-snippet:-1, max-image-preview:large, max-video-preview:-1\" \/>\n<link rel=\"canonical\" href=\"https:\/\/rijetke-bolesti.com\/en\/nas-tim\/udruge-clanice\/\" \/>\n<meta property=\"og:locale\" content=\"en_GB\" \/>\n<meta property=\"og:type\" content=\"article\" \/>\n<meta property=\"og:title\" content=\"Udruge \u010dlanice - Hrvatski savez za rijetke bolesti\" \/>\n<meta property=\"og:description\" content=\"Hrvatski savez za rijetke bolesti okuplja 38 udruga \u010dlanica. Popis s kontaktima pogledajte na linku. POPIS UDRUGA \u010cLANICA 2025.Download\" \/>\n<meta property=\"og:url\" content=\"https:\/\/rijetke-bolesti.com\/en\/nas-tim\/udruge-clanice\/\" \/>\n<meta property=\"og:site_name\" content=\"Hrvatski savez za rijetke bolesti\" \/>\n<meta property=\"article:modified_time\" content=\"2026-02-01T20:31:48+00:00\" \/>\n<meta name=\"twitter:card\" content=\"summary_large_image\" \/>\n<meta name=\"twitter:label1\" content=\"Estimated reading time\" \/>\n\t<meta name=\"twitter:data1\" content=\"1 minute\" \/>\n<script type=\"application\/ld+json\" class=\"yoast-schema-graph\">{\"@context\":\"https:\/\/schema.org\",\"@graph\":[{\"@type\":\"WebPage\",\"@id\":\"https:\/\/rijetke-bolesti.com\/nas-tim\/udruge-clanice\/\",\"url\":\"https:\/\/rijetke-bolesti.com\/nas-tim\/udruge-clanice\/\",\"name\":\"Udruge \u010dlanice - Hrvatski savez za rijetke bolesti\",\"isPartOf\":{\"@id\":\"https:\/\/rijetke-bolesti.com\/#website\"},\"datePublished\":\"2025-11-27T10:37:38+00:00\",\"dateModified\":\"2026-02-01T20:31:48+00:00\",\"breadcrumb\":{\"@id\":\"https:\/\/rijetke-bolesti.com\/nas-tim\/udruge-clanice\/#breadcrumb\"},\"inLanguage\":\"en-GB\",\"potentialAction\":[{\"@type\":\"ReadAction\",\"target\":[\"https:\/\/rijetke-bolesti.com\/nas-tim\/udruge-clanice\/\"]}]},{\"@type\":\"BreadcrumbList\",\"@id\":\"https:\/\/rijetke-bolesti.com\/nas-tim\/udruge-clanice\/#breadcrumb\",\"itemListElement\":[{\"@type\":\"ListItem\",\"position\":1,\"name\":\"Home\",\"item\":\"https:\/\/rijetke-bolesti.com\/\"},{\"@type\":\"ListItem\",\"position\":2,\"name\":\"O nama\",\"item\":\"https:\/\/rijetke-bolesti.com\/nas-tim\/\"},{\"@type\":\"ListItem\",\"position\":3,\"name\":\"Udruge \u010dlanice\"}]},{\"@type\":\"WebSite\",\"@id\":\"https:\/\/rijetke-bolesti.com\/#website\",\"url\":\"https:\/\/rijetke-bolesti.com\/\",\"name\":\"Hrvatski savez za rijetke bolesti\",\"description\":\"Za\u0161tita i unapre\u0111enje kvalitete \u017eivota osoba oboljelih\u00a0 od rijetkih bolesti\",\"potentialAction\":[{\"@type\":\"SearchAction\",\"target\":{\"@type\":\"EntryPoint\",\"urlTemplate\":\"https:\/\/rijetke-bolesti.com\/?s={search_term_string}\"},\"query-input\":{\"@type\":\"PropertyValueSpecification\",\"valueRequired\":true,\"valueName\":\"search_term_string\"}}],\"inLanguage\":\"en-GB\"}]}<\/script>\n<!-- \/ Yoast SEO plugin. -->","yoast_head_json":{"title":"Udruge \u010dlanice - Hrvatski savez za rijetke bolesti","robots":{"index":"index","follow":"follow","max-snippet":"max-snippet:-1","max-image-preview":"max-image-preview:large","max-video-preview":"max-video-preview:-1"},"canonical":"https:\/\/rijetke-bolesti.com\/en\/nas-tim\/udruge-clanice\/","og_locale":"en_GB","og_type":"article","og_title":"Udruge \u010dlanice - Hrvatski savez za rijetke bolesti","og_description":"Hrvatski savez za rijetke bolesti okuplja 38 udruga \u010dlanica. Popis s kontaktima pogledajte na linku. POPIS UDRUGA \u010cLANICA 2025.Download","og_url":"https:\/\/rijetke-bolesti.com\/en\/nas-tim\/udruge-clanice\/","og_site_name":"Hrvatski savez za rijetke bolesti","article_modified_time":"2026-02-01T20:31:48+00:00","twitter_card":"summary_large_image","twitter_misc":{"Estimated reading time":"1 minute"},"schema":{"@context":"https:\/\/schema.org","@graph":[{"@type":"WebPage","@id":"https:\/\/rijetke-bolesti.com\/nas-tim\/udruge-clanice\/","url":"https:\/\/rijetke-bolesti.com\/nas-tim\/udruge-clanice\/","name":"Udruge \u010dlanice - Hrvatski savez za rijetke bolesti","isPartOf":{"@id":"https:\/\/rijetke-bolesti.com\/#website"},"datePublished":"2025-11-27T10:37:38+00:00","dateModified":"2026-02-01T20:31:48+00:00","breadcrumb":{"@id":"https:\/\/rijetke-bolesti.com\/nas-tim\/udruge-clanice\/#breadcrumb"},"inLanguage":"en-GB","potentialAction":[{"@type":"ReadAction","target":["https:\/\/rijetke-bolesti.com\/nas-tim\/udruge-clanice\/"]}]},{"@type":"BreadcrumbList","@id":"https:\/\/rijetke-bolesti.com\/nas-tim\/udruge-clanice\/#breadcrumb","itemListElement":[{"@type":"ListItem","position":1,"name":"Home","item":"https:\/\/rijetke-bolesti.com\/"},{"@type":"ListItem","position":2,"name":"O nama","item":"https:\/\/rijetke-bolesti.com\/nas-tim\/"},{"@type":"ListItem","position":3,"name":"Udruge \u010dlanice"}]},{"@type":"WebSite","@id":"https:\/\/rijetke-bolesti.com\/#website","url":"https:\/\/rijetke-bolesti.com\/","name":"Hrvatski savez za rijetke bolesti","description":"Za\u0161tita i unapre\u0111enje kvalitete \u017eivota osoba oboljelih\u00a0 od rijetkih bolesti","potentialAction":[{"@type":"SearchAction","target":{"@type":"EntryPoint","urlTemplate":"https:\/\/rijetke-bolesti.com\/?s={search_term_string}"},"query-input":{"@type":"PropertyValueSpecification","valueRequired":true,"valueName":"search_term_string"}}],"inLanguage":"en-GB"}]}},"_links":{"self":[{"href":"https:\/\/rijetke-bolesti.com\/en\/wp-json\/wp\/v2\/pages\/5879","targetHints":{"allow":["GET"]}}],"collection":[{"href":"https:\/\/rijetke-bolesti.com\/en\/wp-json\/wp\/v2\/pages"}],"about":[{"href":"https:\/\/rijetke-bolesti.com\/en\/wp-json\/wp\/v2\/types\/page"}],"author":[{"embeddable":true,"href":"https:\/\/rijetke-bolesti.com\/en\/wp-json\/wp\/v2\/users\/3"}],"replies":[{"embeddable":true,"href":"https:\/\/rijetke-bolesti.com\/en\/wp-json\/wp\/v2\/comments?post=5879"}],"version-history":[{"count":7,"href":"https:\/\/rijetke-bolesti.com\/en\/wp-json\/wp\/v2\/pages\/5879\/revisions"}],"predecessor-version":[{"id":5949,"href":"https:\/\/rijetke-bolesti.com\/en\/wp-json\/wp\/v2\/pages\/5879\/revisions\/5949"}],"up":[{"embeddable":true,"href":"https:\/\/rijetke-bolesti.com\/en\/wp-json\/wp\/v2\/pages\/674"}],"wp:attachment":[{"href":"https:\/\/rijetke-bolesti.com\/en\/wp-json\/wp\/v2\/media?parent=5879"}],"curies":[{"name":"wp","href":"https:\/\/api.w.org\/{rel}","templated":true}]}}