{"id":5579,"date":"2025-07-25T10:49:39","date_gmt":"2025-07-25T08:49:39","guid":{"rendered":"https:\/\/rijetke-bolesti.com\/?page_id=5579"},"modified":"2025-10-28T13:46:28","modified_gmt":"2025-10-28T11:46:28","slug":"strukovno-obrazovanje-za-inkluziju","status":"publish","type":"page","link":"https:\/\/rijetke-bolesti.com\/en\/projekti\/strukovno-obrazovanje-za-inkluziju\/","title":{"rendered":"VET for inclusion"},"content":{"rendered":"<h3 class=\"wp-block-heading\">VOCATIONAL EDUCATION TRAINING FOR INCLUSION: The  Inclusion Of Rare Disease Associations In Vocational Education And VET Students In Working With People With Rare Diseases<\/h3>\n\n\n\n<p><strong>Coordinator:<\/strong> Fundacion Isabel Gemio (Spain)<\/p>\n\n\n\n<p><strong>Partners:<\/strong><\/p>\n\n\n\n<ul class=\"wp-block-list\">\n<li>Federaci\u00f3n Espa\u00f1ola de Enfermedades Neuromusculares (Spain)<\/li>\n\n\n\n<li>Rare Diseases Croatia<\/li>\n\n\n\n<li>University Evora (Portugal)<\/li>\n\n\n\n<li>C.A.R.D. \u2013 Cyprus Alliance for Rare Disordes (Cyprus)<\/li>\n\n\n\n<li>Fundacion Plaza de los oficios (Spain)<\/li>\n<\/ul>\n\n\n\n<p><strong>Project purpose: <\/strong>The purpose of the project is to build a more inclusive vocational education system that provides students with specific knowledge and practical experience in working with rare diseases (including vocational education centers, organizations in the field of social care and healthcare), as well as to conduct research that contributes to improving the lives of thousands of young people across Europe.<\/p>\n\n\n\n<p><strong>Project duration:<\/strong> 1.9.2024 \u2013 30.9.2026.<\/p>\n\n\n\n<hr class=\"wp-block-separator has-alpha-channel-opacity\"\/>\n\n\n\n<div style=\"height:30px\" aria-hidden=\"true\" class=\"wp-block-spacer\"><\/div>\n\n\n\n<figure class=\"wp-block-image size-large\"><img loading=\"lazy\" decoding=\"async\" width=\"1024\" height=\"1024\" src=\"https:\/\/rijetke-bolesti.com\/wp-content\/uploads\/2019\/03\/VET-FOR-INCLUSION-E-1024x1024.png\" alt=\"\" class=\"wp-image-5591\" srcset=\"https:\/\/rijetke-bolesti.com\/wp-content\/uploads\/2019\/03\/VET-FOR-INCLUSION-E-1024x1024.png 1024w, https:\/\/rijetke-bolesti.com\/wp-content\/uploads\/2019\/03\/VET-FOR-INCLUSION-E-300x300.png 300w, https:\/\/rijetke-bolesti.com\/wp-content\/uploads\/2019\/03\/VET-FOR-INCLUSION-E-150x150.png 150w, https:\/\/rijetke-bolesti.com\/wp-content\/uploads\/2019\/03\/VET-FOR-INCLUSION-E-768x768.png 768w, https:\/\/rijetke-bolesti.com\/wp-content\/uploads\/2019\/03\/VET-FOR-INCLUSION-E-12x12.png 12w, https:\/\/rijetke-bolesti.com\/wp-content\/uploads\/2019\/03\/VET-FOR-INCLUSION-E-660x660.png 660w, https:\/\/rijetke-bolesti.com\/wp-content\/uploads\/2019\/03\/VET-FOR-INCLUSION-E.png 1080w\" sizes=\"auto, (max-width: 1024px) 100vw, 1024px\" \/><\/figure>\n\n\n\n<p class=\"has-text-align-left\">The kick-off meeting of Erasmus+ VET for Inclusion has been held with the following objectives:<\/p>\n\n\n\n<ul class=\"wp-block-list\">\n<li>Promote changes in the structure, working methods, training of technicians and daily practices to encourage RD associations to offer greater direct services to their users, enhancing  digitalization,  green  practices,  inclusion  and  the  full development of their users<\/li>\n\n\n\n<li>Enhance  the  work  experience  and  practical  knowledge  of  students  from  the medical and social families of vocational training so that they are able to care for people with RD and access this labour market.<\/li>\n\n\n\n<li>Promote real changes in VET centres to turn them into real agents for inclusion, both  through  the  work  of  their  trainees  and  by  encouraging  students  with disabilities to access adapted internships, and by promoting green and digital \ninternships in their centres.<\/li>\n\n\n\n<li>Implement a system of internships in collaboration with VET schools to offer their users  adapted  services  implemented  by  technicians  with  specific  expertise, involving VET and RD schools across Europe.<\/li>\n<\/ul>\n\n\n\n<div style=\"height:30px\" aria-hidden=\"true\" class=\"wp-block-spacer\"><\/div>\n\n\n\n<p>Coordinated by the Isabel Gemio Foundation and co-funded by the European Union, this new initiative is a partnership with the Federaci\u00f3n Espa\u00f1ola de Enfermedades Neuromusculares  (Spain),  Fundaci\u00f3n  Escuela  de  los  Oficios  (Spain),  Universidade  de \u00c9vora (Portugal), Cyprus Alliance For Rare Diseases (Cyprus) and Rare Diseases Croatia (Croatia) as partners.<\/p>\n\n\n\n<p>This  partnership  will  focus  its  efforts  to  work  together  on  the  development  of  the \nfollowing outputs that make up the project<\/p>\n\n\n\n<ul class=\"wp-block-list\">\n<li>Methodological guide for the adaptation of social and health entities to host internships for vocational training students<\/li>\n\n\n\n<li>Resurse za osposobljavanje zdravstvenih djelatnika i udruga za rijetke bolesti kao u\u010ditelja\/instruktora<\/li>\n\n\n\n<li>Virtual training course for trainees<\/li>\n\n\n\n<li>Guide for the creation of inclusive internships in vocational training<\/li>\n\n\n\n<li>Rare diseases technician card<\/li>\n\n\n\n<li>Network of rare diseases associations and vocational training centres<\/li>\n\n\n\n<li>VET for inclusion web platform<\/li>\n<\/ul>\n\n\n\n<hr class=\"wp-block-separator has-alpha-channel-opacity\"\/>\n\n\n\n<div style=\"height:30px\" aria-hidden=\"true\" class=\"wp-block-spacer\"><\/div>\n\n\n\n<figure class=\"wp-block-image size-large\"><img loading=\"lazy\" decoding=\"async\" width=\"1024\" height=\"550\" src=\"https:\/\/rijetke-bolesti.com\/wp-content\/uploads\/2019\/03\/VET-for-inclusion-1024x550.jpeg\" alt=\"\" class=\"wp-image-5799\" srcset=\"https:\/\/rijetke-bolesti.com\/wp-content\/uploads\/2019\/03\/VET-for-inclusion-1024x550.jpeg 1024w, https:\/\/rijetke-bolesti.com\/wp-content\/uploads\/2019\/03\/VET-for-inclusion-300x161.jpeg 300w, https:\/\/rijetke-bolesti.com\/wp-content\/uploads\/2019\/03\/VET-for-inclusion-768x412.jpeg 768w, https:\/\/rijetke-bolesti.com\/wp-content\/uploads\/2019\/03\/VET-for-inclusion-1536x825.jpeg 1536w, https:\/\/rijetke-bolesti.com\/wp-content\/uploads\/2019\/03\/VET-for-inclusion-18x10.jpeg 18w, https:\/\/rijetke-bolesti.com\/wp-content\/uploads\/2019\/03\/VET-for-inclusion.jpeg 1600w\" sizes=\"auto, (max-width: 1024px) 100vw, 1024px\" \/><\/figure>\n\n\n<div class=\"wp-block-image\">\n<figure class=\"aligncenter size-full is-resized\"><img loading=\"lazy\" decoding=\"async\" width=\"536\" height=\"45\" src=\"https:\/\/rijetke-bolesti.com\/wp-content\/uploads\/2019\/03\/Picture1.jpg\" alt=\"\" class=\"wp-image-5800\" style=\"width:840px;height:auto\" srcset=\"https:\/\/rijetke-bolesti.com\/wp-content\/uploads\/2019\/03\/Picture1.jpg 536w, https:\/\/rijetke-bolesti.com\/wp-content\/uploads\/2019\/03\/Picture1-300x25.jpg 300w, https:\/\/rijetke-bolesti.com\/wp-content\/uploads\/2019\/03\/Picture1-18x2.jpg 18w\" sizes=\"auto, (max-width: 536px) 100vw, 536px\" \/><\/figure>\n<\/div>\n\n\n<p>On October 22, the Erasmus+ project partnership La FP por la inclusi\u00f3n (Vocational Training for Inclusion), co-funded by the European Union, held a new meeting in which partners presented their different ideas on how to structure the project's first deliverable, the Methodological Guide, as well as different ideas for organizing the second deliverable, the resources for technicians and healthcare associations. In addition, a dialogue was initiated on how to structure outcome 5, the virtual course for training students on work placements.<\/p>\n\n\n\n<p>In this way, the project involves various stakeholders: social and health organizations, vocational training students and technicians, and health personnel from rare disease associations.<\/p>\n\n\n\n<p>In upcoming meetings, the partnership, made up of the Isabel Gemio Foundation, the ASEM Federation, the Cyprus Alliance of Rare Disorders, Rare Diseases Croatia, the University of \u00c9vora, and the Escuela de Oficios Foundation, will continue working on the development of the intellectual outputs.<\/p>\n\n\n\n<hr class=\"wp-block-separator has-alpha-channel-opacity\"\/>\n\n\n\n<div style=\"height:50px\" aria-hidden=\"true\" class=\"wp-block-spacer\"><\/div>\n\n\n\n<p>The project \u201cVocational Education for Inclusion\u201d is co-funded by the Erasmus+ programme of the European Union.\nThe content of this website is the sole responsibility of the Croatian Alliance for Rare Diseases, and the European Commission and the Spanish Service for the Internationalization of Education (SEPIE) are not responsible for any use that may be made of the information contained herein.<\/p>\n\n\n<div class=\"wp-block-image\">\n<figure class=\"aligncenter size-full\"><img loading=\"lazy\" decoding=\"async\" width=\"664\" height=\"139\" src=\"https:\/\/rijetke-bolesti.com\/wp-content\/uploads\/2025\/07\/image.png\" alt=\"\" class=\"wp-image-5593\" srcset=\"https:\/\/rijetke-bolesti.com\/wp-content\/uploads\/2025\/07\/image.png 664w, https:\/\/rijetke-bolesti.com\/wp-content\/uploads\/2025\/07\/image-300x63.png 300w, https:\/\/rijetke-bolesti.com\/wp-content\/uploads\/2025\/07\/image-18x4.png 18w, https:\/\/rijetke-bolesti.com\/wp-content\/uploads\/2025\/07\/image-660x139.png 660w\" sizes=\"auto, (max-width: 664px) 100vw, 664px\" \/><\/figure>\n<\/div>","protected":false},"excerpt":{"rendered":"<p>STRUKOVNO OBRAZOVANJE ZA INKLUZIJU: Uklju\u010divanje udruga za rijetke bolesti u strukovno obrazovanje i VET studenata u rad sa oboljelima od rijetkih bolesti Koordinator: Fundacion Isabel Gemio (\u0160panjolska) Partneri: Federaci\u00f3n Espa\u00f1ola de Enfermedades Neuromusculares (\u0160panjolska) Hrvatski savez za rijetke bolesti Sveu\u010dili\u0161te Evora (Portugal) C.A.R.D. \u2013 Cyprus&#8230;<\/p>","protected":false},"author":3,"featured_media":5585,"parent":1590,"menu_order":0,"comment_status":"closed","ping_status":"closed","template":"","meta":{"content-type":"","footnotes":""},"class_list":["post-5579","page","type-page","status-publish","has-post-thumbnail","hentry"],"yoast_head":"<!-- This site is optimized with the Yoast SEO plugin v26.0 - https:\/\/yoast.com\/wordpress\/plugins\/seo\/ -->\n<title>Strukovno obrazovanje za inkluziju - Hrvatski savez za rijetke bolesti<\/title>\n<meta name=\"robots\" content=\"index, follow, max-snippet:-1, max-image-preview:large, max-video-preview:-1\" \/>\n<link rel=\"canonical\" href=\"https:\/\/rijetke-bolesti.com\/en\/projekti\/strukovno-obrazovanje-za-inkluziju\/\" \/>\n<meta property=\"og:locale\" content=\"en_GB\" \/>\n<meta property=\"og:type\" content=\"article\" \/>\n<meta property=\"og:title\" content=\"Strukovno obrazovanje za inkluziju - Hrvatski savez za rijetke bolesti\" \/>\n<meta property=\"og:description\" content=\"STRUKOVNO OBRAZOVANJE ZA INKLUZIJU: Uklju\u010divanje udruga za rijetke bolesti u strukovno obrazovanje i VET studenata u rad sa oboljelima od rijetkih bolesti Koordinator: Fundacion Isabel Gemio (\u0160panjolska) Partneri: Federaci\u00f3n Espa\u00f1ola de Enfermedades Neuromusculares (\u0160panjolska) Hrvatski savez za rijetke bolesti Sveu\u010dili\u0161te Evora (Portugal) C.A.R.D. \u2013 Cyprus...\" \/>\n<meta property=\"og:url\" content=\"https:\/\/rijetke-bolesti.com\/en\/projekti\/strukovno-obrazovanje-za-inkluziju\/\" \/>\n<meta property=\"og:site_name\" content=\"Hrvatski savez za rijetke bolesti\" \/>\n<meta property=\"article:modified_time\" content=\"2025-10-28T11:46:28+00:00\" \/>\n<meta property=\"og:image\" content=\"https:\/\/rijetke-bolesti.com\/wp-content\/uploads\/2019\/03\/4-1-scaled.png\" \/>\n\t<meta property=\"og:image:width\" content=\"2560\" \/>\n\t<meta property=\"og:image:height\" content=\"1975\" \/>\n\t<meta property=\"og:image:type\" content=\"image\/png\" \/>\n<meta name=\"twitter:card\" content=\"summary_large_image\" \/>\n<meta name=\"twitter:label1\" content=\"Estimated reading time\" \/>\n\t<meta name=\"twitter:data1\" content=\"4 minutes\" \/>\n<script type=\"application\/ld+json\" class=\"yoast-schema-graph\">{\"@context\":\"https:\/\/schema.org\",\"@graph\":[{\"@type\":\"WebPage\",\"@id\":\"https:\/\/rijetke-bolesti.com\/projekti\/strukovno-obrazovanje-za-inkluziju\/\",\"url\":\"https:\/\/rijetke-bolesti.com\/projekti\/strukovno-obrazovanje-za-inkluziju\/\",\"name\":\"Strukovno obrazovanje za inkluziju - Hrvatski savez za rijetke bolesti\",\"isPartOf\":{\"@id\":\"https:\/\/rijetke-bolesti.com\/#website\"},\"primaryImageOfPage\":{\"@id\":\"https:\/\/rijetke-bolesti.com\/projekti\/strukovno-obrazovanje-za-inkluziju\/#primaryimage\"},\"image\":{\"@id\":\"https:\/\/rijetke-bolesti.com\/projekti\/strukovno-obrazovanje-za-inkluziju\/#primaryimage\"},\"thumbnailUrl\":\"https:\/\/rijetke-bolesti.com\/wp-content\/uploads\/2019\/03\/4-1-scaled.png\",\"datePublished\":\"2025-07-25T08:49:39+00:00\",\"dateModified\":\"2025-10-28T11:46:28+00:00\",\"breadcrumb\":{\"@id\":\"https:\/\/rijetke-bolesti.com\/projekti\/strukovno-obrazovanje-za-inkluziju\/#breadcrumb\"},\"inLanguage\":\"en-GB\",\"potentialAction\":[{\"@type\":\"ReadAction\",\"target\":[\"https:\/\/rijetke-bolesti.com\/projekti\/strukovno-obrazovanje-za-inkluziju\/\"]}]},{\"@type\":\"ImageObject\",\"inLanguage\":\"en-GB\",\"@id\":\"https:\/\/rijetke-bolesti.com\/projekti\/strukovno-obrazovanje-za-inkluziju\/#primaryimage\",\"url\":\"https:\/\/rijetke-bolesti.com\/wp-content\/uploads\/2019\/03\/4-1-scaled.png\",\"contentUrl\":\"https:\/\/rijetke-bolesti.com\/wp-content\/uploads\/2019\/03\/4-1-scaled.png\",\"width\":2560,\"height\":1975},{\"@type\":\"BreadcrumbList\",\"@id\":\"https:\/\/rijetke-bolesti.com\/projekti\/strukovno-obrazovanje-za-inkluziju\/#breadcrumb\",\"itemListElement\":[{\"@type\":\"ListItem\",\"position\":1,\"name\":\"Home\",\"item\":\"https:\/\/rijetke-bolesti.com\/\"},{\"@type\":\"ListItem\",\"position\":2,\"name\":\"Projekti\",\"item\":\"https:\/\/rijetke-bolesti.com\/projekti\/\"},{\"@type\":\"ListItem\",\"position\":3,\"name\":\"Strukovno obrazovanje za inkluziju\"}]},{\"@type\":\"WebSite\",\"@id\":\"https:\/\/rijetke-bolesti.com\/#website\",\"url\":\"https:\/\/rijetke-bolesti.com\/\",\"name\":\"Hrvatski savez za rijetke bolesti\",\"description\":\"Za\u0161tita i unapre\u0111enje kvalitete \u017eivota osoba oboljelih\u00a0 od rijetkih bolesti\",\"potentialAction\":[{\"@type\":\"SearchAction\",\"target\":{\"@type\":\"EntryPoint\",\"urlTemplate\":\"https:\/\/rijetke-bolesti.com\/?s={search_term_string}\"},\"query-input\":{\"@type\":\"PropertyValueSpecification\",\"valueRequired\":true,\"valueName\":\"search_term_string\"}}],\"inLanguage\":\"en-GB\"}]}<\/script>\n<!-- \/ Yoast SEO plugin. -->","yoast_head_json":{"title":"Strukovno obrazovanje za inkluziju - Hrvatski savez za rijetke bolesti","robots":{"index":"index","follow":"follow","max-snippet":"max-snippet:-1","max-image-preview":"max-image-preview:large","max-video-preview":"max-video-preview:-1"},"canonical":"https:\/\/rijetke-bolesti.com\/en\/projekti\/strukovno-obrazovanje-za-inkluziju\/","og_locale":"en_GB","og_type":"article","og_title":"Strukovno obrazovanje za inkluziju - Hrvatski savez za rijetke bolesti","og_description":"STRUKOVNO OBRAZOVANJE ZA INKLUZIJU: Uklju\u010divanje udruga za rijetke bolesti u strukovno obrazovanje i VET studenata u rad sa oboljelima od rijetkih bolesti Koordinator: Fundacion Isabel Gemio (\u0160panjolska) Partneri: Federaci\u00f3n Espa\u00f1ola de Enfermedades Neuromusculares (\u0160panjolska) Hrvatski savez za rijetke bolesti Sveu\u010dili\u0161te Evora (Portugal) C.A.R.D. \u2013 Cyprus...","og_url":"https:\/\/rijetke-bolesti.com\/en\/projekti\/strukovno-obrazovanje-za-inkluziju\/","og_site_name":"Hrvatski savez za rijetke bolesti","article_modified_time":"2025-10-28T11:46:28+00:00","og_image":[{"width":2560,"height":1975,"url":"https:\/\/rijetke-bolesti.com\/wp-content\/uploads\/2019\/03\/4-1-scaled.png","type":"image\/png"}],"twitter_card":"summary_large_image","twitter_misc":{"Estimated reading time":"4 minutes"},"schema":{"@context":"https:\/\/schema.org","@graph":[{"@type":"WebPage","@id":"https:\/\/rijetke-bolesti.com\/projekti\/strukovno-obrazovanje-za-inkluziju\/","url":"https:\/\/rijetke-bolesti.com\/projekti\/strukovno-obrazovanje-za-inkluziju\/","name":"Strukovno obrazovanje za inkluziju - Hrvatski savez za rijetke bolesti","isPartOf":{"@id":"https:\/\/rijetke-bolesti.com\/#website"},"primaryImageOfPage":{"@id":"https:\/\/rijetke-bolesti.com\/projekti\/strukovno-obrazovanje-za-inkluziju\/#primaryimage"},"image":{"@id":"https:\/\/rijetke-bolesti.com\/projekti\/strukovno-obrazovanje-za-inkluziju\/#primaryimage"},"thumbnailUrl":"https:\/\/rijetke-bolesti.com\/wp-content\/uploads\/2019\/03\/4-1-scaled.png","datePublished":"2025-07-25T08:49:39+00:00","dateModified":"2025-10-28T11:46:28+00:00","breadcrumb":{"@id":"https:\/\/rijetke-bolesti.com\/projekti\/strukovno-obrazovanje-za-inkluziju\/#breadcrumb"},"inLanguage":"en-GB","potentialAction":[{"@type":"ReadAction","target":["https:\/\/rijetke-bolesti.com\/projekti\/strukovno-obrazovanje-za-inkluziju\/"]}]},{"@type":"ImageObject","inLanguage":"en-GB","@id":"https:\/\/rijetke-bolesti.com\/projekti\/strukovno-obrazovanje-za-inkluziju\/#primaryimage","url":"https:\/\/rijetke-bolesti.com\/wp-content\/uploads\/2019\/03\/4-1-scaled.png","contentUrl":"https:\/\/rijetke-bolesti.com\/wp-content\/uploads\/2019\/03\/4-1-scaled.png","width":2560,"height":1975},{"@type":"BreadcrumbList","@id":"https:\/\/rijetke-bolesti.com\/projekti\/strukovno-obrazovanje-za-inkluziju\/#breadcrumb","itemListElement":[{"@type":"ListItem","position":1,"name":"Home","item":"https:\/\/rijetke-bolesti.com\/"},{"@type":"ListItem","position":2,"name":"Projekti","item":"https:\/\/rijetke-bolesti.com\/projekti\/"},{"@type":"ListItem","position":3,"name":"Strukovno obrazovanje za inkluziju"}]},{"@type":"WebSite","@id":"https:\/\/rijetke-bolesti.com\/#website","url":"https:\/\/rijetke-bolesti.com\/","name":"Hrvatski savez za rijetke bolesti","description":"Za\u0161tita i unapre\u0111enje kvalitete \u017eivota osoba oboljelih\u00a0 od rijetkih bolesti","potentialAction":[{"@type":"SearchAction","target":{"@type":"EntryPoint","urlTemplate":"https:\/\/rijetke-bolesti.com\/?s={search_term_string}"},"query-input":{"@type":"PropertyValueSpecification","valueRequired":true,"valueName":"search_term_string"}}],"inLanguage":"en-GB"}]}},"_links":{"self":[{"href":"https:\/\/rijetke-bolesti.com\/en\/wp-json\/wp\/v2\/pages\/5579","targetHints":{"allow":["GET"]}}],"collection":[{"href":"https:\/\/rijetke-bolesti.com\/en\/wp-json\/wp\/v2\/pages"}],"about":[{"href":"https:\/\/rijetke-bolesti.com\/en\/wp-json\/wp\/v2\/types\/page"}],"author":[{"embeddable":true,"href":"https:\/\/rijetke-bolesti.com\/en\/wp-json\/wp\/v2\/users\/3"}],"replies":[{"embeddable":true,"href":"https:\/\/rijetke-bolesti.com\/en\/wp-json\/wp\/v2\/comments?post=5579"}],"version-history":[{"count":39,"href":"https:\/\/rijetke-bolesti.com\/en\/wp-json\/wp\/v2\/pages\/5579\/revisions"}],"predecessor-version":[{"id":5828,"href":"https:\/\/rijetke-bolesti.com\/en\/wp-json\/wp\/v2\/pages\/5579\/revisions\/5828"}],"up":[{"embeddable":true,"href":"https:\/\/rijetke-bolesti.com\/en\/wp-json\/wp\/v2\/pages\/1590"}],"wp:featuredmedia":[{"embeddable":true,"href":"https:\/\/rijetke-bolesti.com\/en\/wp-json\/wp\/v2\/media\/5585"}],"wp:attachment":[{"href":"https:\/\/rijetke-bolesti.com\/en\/wp-json\/wp\/v2\/media?parent=5579"}],"curies":[{"name":"wp","href":"https:\/\/api.w.org\/{rel}","templated":true}]}}