{"id":5281,"date":"2025-06-03T12:40:24","date_gmt":"2025-06-03T10:40:24","guid":{"rendered":"https:\/\/rijetke-bolesti.com\/?page_id=5281"},"modified":"2025-06-23T09:30:21","modified_gmt":"2025-06-23T07:30:21","slug":"child-protection-policy","status":"publish","type":"page","link":"https:\/\/rijetke-bolesti.com\/en\/child-protection-policy\/","title":{"rendered":"Child Protection Policy"},"content":{"rendered":"<figure class=\"wp-block-image size-large\"><img loading=\"lazy\" decoding=\"async\" width=\"1024\" height=\"791\" src=\"https:\/\/rijetke-bolesti.com\/wp-content\/uploads\/2019\/03\/CPP-1024x791.jpg\" alt=\"\" class=\"wp-image-5428\" srcset=\"https:\/\/rijetke-bolesti.com\/wp-content\/uploads\/2019\/03\/CPP-1024x791.jpg 1024w, https:\/\/rijetke-bolesti.com\/wp-content\/uploads\/2019\/03\/CPP-300x232.jpg 300w, https:\/\/rijetke-bolesti.com\/wp-content\/uploads\/2019\/03\/CPP-768x593.jpg 768w, https:\/\/rijetke-bolesti.com\/wp-content\/uploads\/2019\/03\/CPP-1536x1187.jpg 1536w, https:\/\/rijetke-bolesti.com\/wp-content\/uploads\/2019\/03\/CPP-16x12.jpg 16w, https:\/\/rijetke-bolesti.com\/wp-content\/uploads\/2019\/03\/CPP.jpg 1650w\" sizes=\"auto, (max-width: 1024px) 100vw, 1024px\" \/><\/figure>\n\n\n\n<div class=\"wp-block-file\"><a id=\"wp-block-file--media-ce6f30e3-7f5b-49e8-b726-9dd3dfb2086c\" href=\"https:\/\/rijetke-bolesti.com\/wp-content\/uploads\/2019\/03\/MJERE-ZA-ZASTITU-DJECE-HSRB.pdf\">MJERE ZA ZA\u0160TITU DJECE &#8211; HSRB<\/a><a href=\"https:\/\/rijetke-bolesti.com\/wp-content\/uploads\/2019\/03\/MJERE-ZA-ZASTITU-DJECE-HSRB.pdf\" class=\"wp-block-file__button wp-element-button\" download aria-describedby=\"wp-block-file--media-ce6f30e3-7f5b-49e8-b726-9dd3dfb2086c\">Download<\/a><\/div>\n\n\n\n<div class=\"wp-block-file\"><a id=\"wp-block-file--media-4a2f1695-436d-4cf3-85fe-1c9857725e6e\" href=\"https:\/\/rijetke-bolesti.com\/wp-content\/uploads\/2019\/03\/CHILD-PROTECTION-POLICY-HSRB.pdf\" target=\"_blank\" rel=\"noreferrer noopener\">CHILD PROTECTION POLICY &#8211; HSRB<\/a><a href=\"https:\/\/rijetke-bolesti.com\/wp-content\/uploads\/2019\/03\/CHILD-PROTECTION-POLICY-HSRB.pdf\" class=\"wp-block-file__button wp-element-button\" download aria-describedby=\"wp-block-file--media-4a2f1695-436d-4cf3-85fe-1c9857725e6e\">Download<\/a><\/div>","protected":false},"excerpt":{"rendered":"<p>MJERE ZA ZA\u0160TITU DJECE &#8211; HSRBDownload CHILD PROTECTION POLICY &#8211; HSRBDownload<\/p>","protected":false},"author":3,"featured_media":0,"parent":0,"menu_order":0,"comment_status":"closed","ping_status":"closed","template":"","meta":{"content-type":"","footnotes":""},"class_list":["post-5281","page","type-page","status-publish","hentry"],"yoast_head":"<!-- This site is optimized with the Yoast SEO plugin v26.0 - https:\/\/yoast.com\/wordpress\/plugins\/seo\/ -->\n<title>Mjere za za\u0161titu djece - Hrvatski savez za rijetke bolesti<\/title>\n<meta name=\"robots\" content=\"index, follow, max-snippet:-1, max-image-preview:large, max-video-preview:-1\" \/>\n<link rel=\"canonical\" href=\"https:\/\/rijetke-bolesti.com\/en\/child-protection-policy\/\" \/>\n<meta property=\"og:locale\" content=\"en_GB\" \/>\n<meta property=\"og:type\" content=\"article\" \/>\n<meta property=\"og:title\" content=\"Mjere za za\u0161titu djece - Hrvatski savez za rijetke bolesti\" \/>\n<meta property=\"og:description\" content=\"MJERE ZA ZA\u0160TITU DJECE &#8211; HSRBDownload CHILD PROTECTION POLICY &#8211; HSRBDownload\" \/>\n<meta property=\"og:url\" content=\"https:\/\/rijetke-bolesti.com\/en\/child-protection-policy\/\" \/>\n<meta property=\"og:site_name\" content=\"Hrvatski savez za rijetke bolesti\" \/>\n<meta property=\"article:modified_time\" content=\"2025-06-23T07:30:21+00:00\" \/>\n<meta property=\"og:image\" content=\"https:\/\/rijetke-bolesti.com\/wp-content\/uploads\/2019\/03\/CPP-1024x791.jpg\" \/>\n<meta name=\"twitter:card\" content=\"summary_large_image\" \/>\n<meta name=\"twitter:label1\" content=\"Estimated reading time\" \/>\n\t<meta name=\"twitter:data1\" content=\"1 minute\" \/>\n<script type=\"application\/ld+json\" class=\"yoast-schema-graph\">{\"@context\":\"https:\/\/schema.org\",\"@graph\":[{\"@type\":\"WebPage\",\"@id\":\"https:\/\/rijetke-bolesti.com\/child-protection-policy\/\",\"url\":\"https:\/\/rijetke-bolesti.com\/child-protection-policy\/\",\"name\":\"Mjere za za\u0161titu djece - Hrvatski savez za rijetke bolesti\",\"isPartOf\":{\"@id\":\"https:\/\/rijetke-bolesti.com\/#website\"},\"primaryImageOfPage\":{\"@id\":\"https:\/\/rijetke-bolesti.com\/child-protection-policy\/#primaryimage\"},\"image\":{\"@id\":\"https:\/\/rijetke-bolesti.com\/child-protection-policy\/#primaryimage\"},\"thumbnailUrl\":\"https:\/\/rijetke-bolesti.com\/wp-content\/uploads\/2019\/03\/CPP-1024x791.jpg\",\"datePublished\":\"2025-06-03T10:40:24+00:00\",\"dateModified\":\"2025-06-23T07:30:21+00:00\",\"breadcrumb\":{\"@id\":\"https:\/\/rijetke-bolesti.com\/child-protection-policy\/#breadcrumb\"},\"inLanguage\":\"en-GB\",\"potentialAction\":[{\"@type\":\"ReadAction\",\"target\":[\"https:\/\/rijetke-bolesti.com\/child-protection-policy\/\"]}]},{\"@type\":\"ImageObject\",\"inLanguage\":\"en-GB\",\"@id\":\"https:\/\/rijetke-bolesti.com\/child-protection-policy\/#primaryimage\",\"url\":\"https:\/\/rijetke-bolesti.com\/wp-content\/uploads\/2019\/03\/CPP-1024x791.jpg\",\"contentUrl\":\"https:\/\/rijetke-bolesti.com\/wp-content\/uploads\/2019\/03\/CPP-1024x791.jpg\"},{\"@type\":\"BreadcrumbList\",\"@id\":\"https:\/\/rijetke-bolesti.com\/child-protection-policy\/#breadcrumb\",\"itemListElement\":[{\"@type\":\"ListItem\",\"position\":1,\"name\":\"Home\",\"item\":\"https:\/\/rijetke-bolesti.com\/\"},{\"@type\":\"ListItem\",\"position\":2,\"name\":\"Mjere za za\u0161titu djece\"}]},{\"@type\":\"WebSite\",\"@id\":\"https:\/\/rijetke-bolesti.com\/#website\",\"url\":\"https:\/\/rijetke-bolesti.com\/\",\"name\":\"Hrvatski savez za rijetke bolesti\",\"description\":\"Za\u0161tita i unapre\u0111enje kvalitete \u017eivota osoba oboljelih\u00a0 od rijetkih bolesti\",\"potentialAction\":[{\"@type\":\"SearchAction\",\"target\":{\"@type\":\"EntryPoint\",\"urlTemplate\":\"https:\/\/rijetke-bolesti.com\/?s={search_term_string}\"},\"query-input\":{\"@type\":\"PropertyValueSpecification\",\"valueRequired\":true,\"valueName\":\"search_term_string\"}}],\"inLanguage\":\"en-GB\"}]}<\/script>\n<!-- \/ Yoast SEO plugin. -->","yoast_head_json":{"title":"Mjere za za\u0161titu djece - Hrvatski savez za rijetke bolesti","robots":{"index":"index","follow":"follow","max-snippet":"max-snippet:-1","max-image-preview":"max-image-preview:large","max-video-preview":"max-video-preview:-1"},"canonical":"https:\/\/rijetke-bolesti.com\/en\/child-protection-policy\/","og_locale":"en_GB","og_type":"article","og_title":"Mjere za za\u0161titu djece - Hrvatski savez za rijetke bolesti","og_description":"MJERE ZA ZA\u0160TITU DJECE &#8211; HSRBDownload CHILD PROTECTION POLICY &#8211; HSRBDownload","og_url":"https:\/\/rijetke-bolesti.com\/en\/child-protection-policy\/","og_site_name":"Hrvatski savez za rijetke bolesti","article_modified_time":"2025-06-23T07:30:21+00:00","og_image":[{"url":"https:\/\/rijetke-bolesti.com\/wp-content\/uploads\/2019\/03\/CPP-1024x791.jpg","type":"","width":"","height":""}],"twitter_card":"summary_large_image","twitter_misc":{"Estimated reading time":"1 minute"},"schema":{"@context":"https:\/\/schema.org","@graph":[{"@type":"WebPage","@id":"https:\/\/rijetke-bolesti.com\/child-protection-policy\/","url":"https:\/\/rijetke-bolesti.com\/child-protection-policy\/","name":"Mjere za za\u0161titu djece - Hrvatski savez za rijetke bolesti","isPartOf":{"@id":"https:\/\/rijetke-bolesti.com\/#website"},"primaryImageOfPage":{"@id":"https:\/\/rijetke-bolesti.com\/child-protection-policy\/#primaryimage"},"image":{"@id":"https:\/\/rijetke-bolesti.com\/child-protection-policy\/#primaryimage"},"thumbnailUrl":"https:\/\/rijetke-bolesti.com\/wp-content\/uploads\/2019\/03\/CPP-1024x791.jpg","datePublished":"2025-06-03T10:40:24+00:00","dateModified":"2025-06-23T07:30:21+00:00","breadcrumb":{"@id":"https:\/\/rijetke-bolesti.com\/child-protection-policy\/#breadcrumb"},"inLanguage":"en-GB","potentialAction":[{"@type":"ReadAction","target":["https:\/\/rijetke-bolesti.com\/child-protection-policy\/"]}]},{"@type":"ImageObject","inLanguage":"en-GB","@id":"https:\/\/rijetke-bolesti.com\/child-protection-policy\/#primaryimage","url":"https:\/\/rijetke-bolesti.com\/wp-content\/uploads\/2019\/03\/CPP-1024x791.jpg","contentUrl":"https:\/\/rijetke-bolesti.com\/wp-content\/uploads\/2019\/03\/CPP-1024x791.jpg"},{"@type":"BreadcrumbList","@id":"https:\/\/rijetke-bolesti.com\/child-protection-policy\/#breadcrumb","itemListElement":[{"@type":"ListItem","position":1,"name":"Home","item":"https:\/\/rijetke-bolesti.com\/"},{"@type":"ListItem","position":2,"name":"Mjere za za\u0161titu djece"}]},{"@type":"WebSite","@id":"https:\/\/rijetke-bolesti.com\/#website","url":"https:\/\/rijetke-bolesti.com\/","name":"Hrvatski savez za rijetke bolesti","description":"Za\u0161tita i unapre\u0111enje kvalitete \u017eivota osoba oboljelih\u00a0 od rijetkih bolesti","potentialAction":[{"@type":"SearchAction","target":{"@type":"EntryPoint","urlTemplate":"https:\/\/rijetke-bolesti.com\/?s={search_term_string}"},"query-input":{"@type":"PropertyValueSpecification","valueRequired":true,"valueName":"search_term_string"}}],"inLanguage":"en-GB"}]}},"_links":{"self":[{"href":"https:\/\/rijetke-bolesti.com\/en\/wp-json\/wp\/v2\/pages\/5281","targetHints":{"allow":["GET"]}}],"collection":[{"href":"https:\/\/rijetke-bolesti.com\/en\/wp-json\/wp\/v2\/pages"}],"about":[{"href":"https:\/\/rijetke-bolesti.com\/en\/wp-json\/wp\/v2\/types\/page"}],"author":[{"embeddable":true,"href":"https:\/\/rijetke-bolesti.com\/en\/wp-json\/wp\/v2\/users\/3"}],"replies":[{"embeddable":true,"href":"https:\/\/rijetke-bolesti.com\/en\/wp-json\/wp\/v2\/comments?post=5281"}],"version-history":[{"count":19,"href":"https:\/\/rijetke-bolesti.com\/en\/wp-json\/wp\/v2\/pages\/5281\/revisions"}],"predecessor-version":[{"id":5468,"href":"https:\/\/rijetke-bolesti.com\/en\/wp-json\/wp\/v2\/pages\/5281\/revisions\/5468"}],"wp:attachment":[{"href":"https:\/\/rijetke-bolesti.com\/en\/wp-json\/wp\/v2\/media?parent=5281"}],"curies":[{"name":"wp","href":"https:\/\/api.w.org\/{rel}","templated":true}]}}