{"id":4835,"date":"2025-04-15T13:35:49","date_gmt":"2025-04-15T11:35:49","guid":{"rendered":"https:\/\/rijetke-bolesti.com\/?page_id=4835"},"modified":"2025-04-25T13:14:30","modified_gmt":"2025-04-25T11:14:30","slug":"hbor-2","status":"publish","type":"page","link":"https:\/\/rijetke-bolesti.com\/en\/projekti\/hbor-2\/","title":{"rendered":"HBOR"},"content":{"rendered":"<h1 class=\"wp-block-heading\">Croatian Bank for Reconstruction and Development<\/h1>\n\n\n\n<h3 class=\"wp-block-heading\">Safe Network \u2013 Support for Youth Mental Health<\/h3>\n\n\n\n<p><\/p>\n\n\n\n<figure class=\"wp-block-image size-full\"><img loading=\"lazy\" decoding=\"async\" width=\"470\" height=\"141\" src=\"https:\/\/rijetke-bolesti.com\/wp-content\/uploads\/2019\/03\/HBOR.jpg\" alt=\"\" class=\"wp-image-4837\" srcset=\"https:\/\/rijetke-bolesti.com\/wp-content\/uploads\/2019\/03\/HBOR.jpg 470w, https:\/\/rijetke-bolesti.com\/wp-content\/uploads\/2019\/03\/HBOR-300x90.jpg 300w, https:\/\/rijetke-bolesti.com\/wp-content\/uploads\/2019\/03\/HBOR-18x5.jpg 18w\" sizes=\"auto, (max-width: 470px) 100vw, 470px\" \/><\/figure>\n\n\n\n<p><\/p>\n\n\n\n<p>The project \u201cSafe Network: Support for Youth Mental Health\u201d is funded through a donation by the Croatian Bank for Reconstruction and Development.\nThe views and opinions expressed are those of the authors and do not necessarily reflect the official views or positions of the Croatian Bank for Reconstruction and Development. The Bank cannot be held responsible for any use of the information contained herein.<\/p>\n\n\n\n<p><strong>Project partner: <\/strong>Faculty of Education and Rehabilitation Sciences<\/p>\n\n\n\n<p><strong>Project duration: <\/strong>31.1.2025 \u2013 31.1.2026.<\/p>\n\n\n\n<p><strong>Approved amount: <\/strong>6.000,00 \u20ac<\/p>\n\n\n\n<p><strong>Project Description: <\/strong><\/p>\n\n\n\n<p>The project focuses on strengthening the mental health of young people living with rare diseases, as well as other young individuals from vulnerable social groups, aged 18\u201330. As part of the project, two cycles of workshops for youth are planned \u2014 each involving 8 participants. Following the first cycle and its evaluation, the second will be improved based on the evaluation results. The workshops will be led by the Alliance\u2019s psychologist, supported by at least two trained volunteers who are students of helping professions.<br>In addition to young people from vulnerable groups, the project will include educational sessions on working with youth and supporting their mental health, targeting future professionals \u2014 students of the Faculty of Education and Rehabilitation Sciences (at least 50 students) \u2014 as well as parents of young people living with rare diseases (at least 30 parents). The project also includes the development of digital professional materials focused on maintaining mental health, self-help guidelines, and recognizing mental health challenges.<\/p>","protected":false},"excerpt":{"rendered":"<p>Hrvatska banka za obnovu i razvitak Sigurna mre\u017ea &#8211; podr\u0161ka mentalnom zdravlju mladih Projekt \u201cSigurna mre\u017ea: podr\u0161ka mentalnom zdravlju mladih\u201d financiran je donacijom Hrvatske banke za obnovu i razvitak. Izneseni stavovi i mi\u0161ljenja su stavovi i mi\u0161ljenja autora i ne moraju se podudarati sa stavovima&#8230;<\/p>","protected":false},"author":3,"featured_media":0,"parent":1590,"menu_order":0,"comment_status":"closed","ping_status":"closed","template":"","meta":{"content-type":"","footnotes":""},"class_list":["post-4835","page","type-page","status-publish","hentry"],"yoast_head":"<!-- This site is optimized with the Yoast SEO plugin v26.0 - https:\/\/yoast.com\/wordpress\/plugins\/seo\/ -->\n<title>HBOR - Hrvatski savez za rijetke bolesti<\/title>\n<meta name=\"robots\" content=\"index, follow, max-snippet:-1, max-image-preview:large, max-video-preview:-1\" \/>\n<link rel=\"canonical\" href=\"https:\/\/rijetke-bolesti.com\/en\/projekti\/hbor-2\/\" \/>\n<meta property=\"og:locale\" content=\"en_GB\" \/>\n<meta property=\"og:type\" content=\"article\" \/>\n<meta property=\"og:title\" content=\"HBOR - Hrvatski savez za rijetke bolesti\" \/>\n<meta property=\"og:description\" content=\"Hrvatska banka za obnovu i razvitak Sigurna mre\u017ea &#8211; podr\u0161ka mentalnom zdravlju mladih Projekt \u201cSigurna mre\u017ea: podr\u0161ka mentalnom zdravlju mladih\u201d financiran je donacijom Hrvatske banke za obnovu i razvitak. Izneseni stavovi i mi\u0161ljenja su stavovi i mi\u0161ljenja autora i ne moraju se podudarati sa stavovima...\" \/>\n<meta property=\"og:url\" content=\"https:\/\/rijetke-bolesti.com\/en\/projekti\/hbor-2\/\" \/>\n<meta property=\"og:site_name\" content=\"Hrvatski savez za rijetke bolesti\" \/>\n<meta property=\"article:modified_time\" content=\"2025-04-25T11:14:30+00:00\" \/>\n<meta property=\"og:image\" content=\"https:\/\/rijetke-bolesti.com\/wp-content\/uploads\/2019\/03\/HBOR.jpg\" \/>\n<meta name=\"twitter:card\" content=\"summary_large_image\" \/>\n<meta name=\"twitter:label1\" content=\"Estimated reading time\" \/>\n\t<meta name=\"twitter:data1\" content=\"2 minutes\" \/>\n<script type=\"application\/ld+json\" class=\"yoast-schema-graph\">{\"@context\":\"https:\/\/schema.org\",\"@graph\":[{\"@type\":\"WebPage\",\"@id\":\"https:\/\/rijetke-bolesti.com\/projekti\/hbor-2\/\",\"url\":\"https:\/\/rijetke-bolesti.com\/projekti\/hbor-2\/\",\"name\":\"HBOR - Hrvatski savez za rijetke bolesti\",\"isPartOf\":{\"@id\":\"https:\/\/rijetke-bolesti.com\/#website\"},\"primaryImageOfPage\":{\"@id\":\"https:\/\/rijetke-bolesti.com\/projekti\/hbor-2\/#primaryimage\"},\"image\":{\"@id\":\"https:\/\/rijetke-bolesti.com\/projekti\/hbor-2\/#primaryimage\"},\"thumbnailUrl\":\"https:\/\/rijetke-bolesti.com\/wp-content\/uploads\/2019\/03\/HBOR.jpg\",\"datePublished\":\"2025-04-15T11:35:49+00:00\",\"dateModified\":\"2025-04-25T11:14:30+00:00\",\"breadcrumb\":{\"@id\":\"https:\/\/rijetke-bolesti.com\/projekti\/hbor-2\/#breadcrumb\"},\"inLanguage\":\"en-GB\",\"potentialAction\":[{\"@type\":\"ReadAction\",\"target\":[\"https:\/\/rijetke-bolesti.com\/projekti\/hbor-2\/\"]}]},{\"@type\":\"ImageObject\",\"inLanguage\":\"en-GB\",\"@id\":\"https:\/\/rijetke-bolesti.com\/projekti\/hbor-2\/#primaryimage\",\"url\":\"https:\/\/rijetke-bolesti.com\/wp-content\/uploads\/2019\/03\/HBOR.jpg\",\"contentUrl\":\"https:\/\/rijetke-bolesti.com\/wp-content\/uploads\/2019\/03\/HBOR.jpg\"},{\"@type\":\"BreadcrumbList\",\"@id\":\"https:\/\/rijetke-bolesti.com\/projekti\/hbor-2\/#breadcrumb\",\"itemListElement\":[{\"@type\":\"ListItem\",\"position\":1,\"name\":\"Home\",\"item\":\"https:\/\/rijetke-bolesti.com\/\"},{\"@type\":\"ListItem\",\"position\":2,\"name\":\"Projekti\",\"item\":\"https:\/\/rijetke-bolesti.com\/projekti\/\"},{\"@type\":\"ListItem\",\"position\":3,\"name\":\"HBOR\"}]},{\"@type\":\"WebSite\",\"@id\":\"https:\/\/rijetke-bolesti.com\/#website\",\"url\":\"https:\/\/rijetke-bolesti.com\/\",\"name\":\"Hrvatski savez za rijetke bolesti\",\"description\":\"Za\u0161tita i unapre\u0111enje kvalitete \u017eivota osoba oboljelih\u00a0 od rijetkih bolesti\",\"potentialAction\":[{\"@type\":\"SearchAction\",\"target\":{\"@type\":\"EntryPoint\",\"urlTemplate\":\"https:\/\/rijetke-bolesti.com\/?s={search_term_string}\"},\"query-input\":{\"@type\":\"PropertyValueSpecification\",\"valueRequired\":true,\"valueName\":\"search_term_string\"}}],\"inLanguage\":\"en-GB\"}]}<\/script>\n<!-- \/ Yoast SEO plugin. -->","yoast_head_json":{"title":"HBOR - Hrvatski savez za rijetke bolesti","robots":{"index":"index","follow":"follow","max-snippet":"max-snippet:-1","max-image-preview":"max-image-preview:large","max-video-preview":"max-video-preview:-1"},"canonical":"https:\/\/rijetke-bolesti.com\/en\/projekti\/hbor-2\/","og_locale":"en_GB","og_type":"article","og_title":"HBOR - Hrvatski savez za rijetke bolesti","og_description":"Hrvatska banka za obnovu i razvitak Sigurna mre\u017ea &#8211; podr\u0161ka mentalnom zdravlju mladih Projekt \u201cSigurna mre\u017ea: podr\u0161ka mentalnom zdravlju mladih\u201d financiran je donacijom Hrvatske banke za obnovu i razvitak. Izneseni stavovi i mi\u0161ljenja su stavovi i mi\u0161ljenja autora i ne moraju se podudarati sa stavovima...","og_url":"https:\/\/rijetke-bolesti.com\/en\/projekti\/hbor-2\/","og_site_name":"Hrvatski savez za rijetke bolesti","article_modified_time":"2025-04-25T11:14:30+00:00","og_image":[{"url":"https:\/\/rijetke-bolesti.com\/wp-content\/uploads\/2019\/03\/HBOR.jpg","type":"","width":"","height":""}],"twitter_card":"summary_large_image","twitter_misc":{"Estimated reading time":"2 minutes"},"schema":{"@context":"https:\/\/schema.org","@graph":[{"@type":"WebPage","@id":"https:\/\/rijetke-bolesti.com\/projekti\/hbor-2\/","url":"https:\/\/rijetke-bolesti.com\/projekti\/hbor-2\/","name":"HBOR - Hrvatski savez za rijetke bolesti","isPartOf":{"@id":"https:\/\/rijetke-bolesti.com\/#website"},"primaryImageOfPage":{"@id":"https:\/\/rijetke-bolesti.com\/projekti\/hbor-2\/#primaryimage"},"image":{"@id":"https:\/\/rijetke-bolesti.com\/projekti\/hbor-2\/#primaryimage"},"thumbnailUrl":"https:\/\/rijetke-bolesti.com\/wp-content\/uploads\/2019\/03\/HBOR.jpg","datePublished":"2025-04-15T11:35:49+00:00","dateModified":"2025-04-25T11:14:30+00:00","breadcrumb":{"@id":"https:\/\/rijetke-bolesti.com\/projekti\/hbor-2\/#breadcrumb"},"inLanguage":"en-GB","potentialAction":[{"@type":"ReadAction","target":["https:\/\/rijetke-bolesti.com\/projekti\/hbor-2\/"]}]},{"@type":"ImageObject","inLanguage":"en-GB","@id":"https:\/\/rijetke-bolesti.com\/projekti\/hbor-2\/#primaryimage","url":"https:\/\/rijetke-bolesti.com\/wp-content\/uploads\/2019\/03\/HBOR.jpg","contentUrl":"https:\/\/rijetke-bolesti.com\/wp-content\/uploads\/2019\/03\/HBOR.jpg"},{"@type":"BreadcrumbList","@id":"https:\/\/rijetke-bolesti.com\/projekti\/hbor-2\/#breadcrumb","itemListElement":[{"@type":"ListItem","position":1,"name":"Home","item":"https:\/\/rijetke-bolesti.com\/"},{"@type":"ListItem","position":2,"name":"Projekti","item":"https:\/\/rijetke-bolesti.com\/projekti\/"},{"@type":"ListItem","position":3,"name":"HBOR"}]},{"@type":"WebSite","@id":"https:\/\/rijetke-bolesti.com\/#website","url":"https:\/\/rijetke-bolesti.com\/","name":"Hrvatski savez za rijetke bolesti","description":"Za\u0161tita i unapre\u0111enje kvalitete \u017eivota osoba oboljelih\u00a0 od rijetkih bolesti","potentialAction":[{"@type":"SearchAction","target":{"@type":"EntryPoint","urlTemplate":"https:\/\/rijetke-bolesti.com\/?s={search_term_string}"},"query-input":{"@type":"PropertyValueSpecification","valueRequired":true,"valueName":"search_term_string"}}],"inLanguage":"en-GB"}]}},"_links":{"self":[{"href":"https:\/\/rijetke-bolesti.com\/en\/wp-json\/wp\/v2\/pages\/4835","targetHints":{"allow":["GET"]}}],"collection":[{"href":"https:\/\/rijetke-bolesti.com\/en\/wp-json\/wp\/v2\/pages"}],"about":[{"href":"https:\/\/rijetke-bolesti.com\/en\/wp-json\/wp\/v2\/types\/page"}],"author":[{"embeddable":true,"href":"https:\/\/rijetke-bolesti.com\/en\/wp-json\/wp\/v2\/users\/3"}],"replies":[{"embeddable":true,"href":"https:\/\/rijetke-bolesti.com\/en\/wp-json\/wp\/v2\/comments?post=4835"}],"version-history":[{"count":14,"href":"https:\/\/rijetke-bolesti.com\/en\/wp-json\/wp\/v2\/pages\/4835\/revisions"}],"predecessor-version":[{"id":5100,"href":"https:\/\/rijetke-bolesti.com\/en\/wp-json\/wp\/v2\/pages\/4835\/revisions\/5100"}],"up":[{"embeddable":true,"href":"https:\/\/rijetke-bolesti.com\/en\/wp-json\/wp\/v2\/pages\/1590"}],"wp:attachment":[{"href":"https:\/\/rijetke-bolesti.com\/en\/wp-json\/wp\/v2\/media?parent=4835"}],"curies":[{"name":"wp","href":"https:\/\/api.w.org\/{rel}","templated":true}]}}