{"id":3133,"date":"2023-01-10T14:14:05","date_gmt":"2023-01-10T12:14:05","guid":{"rendered":"https:\/\/rijetke-bolesti.com\/?page_id=3133"},"modified":"2025-06-03T11:54:52","modified_gmt":"2025-06-03T09:54:52","slug":"ministarstvo-zdravstva","status":"publish","type":"page","link":"https:\/\/rijetke-bolesti.com\/en\/projekti\/ministarstvo-zdravstva\/","title":{"rendered":"Ministry Of Health"},"content":{"rendered":"<h3 class=\"wp-block-heading\"><strong>Rare Disease Counseling Center \u2013 An Interdisciplinary Approach to Quality Support<\/strong><\/h3>\n\n\n\n<p><strong>Project Partners:<\/strong> Zavod za socijalni rad \u2013 Zagreb i Zvod za socijalni rad \u2013 podru\u010dni ured Koprivnica<\/p>\n\n\n\n<p><strong>Razdoblje provedbe:<\/strong> 2.11.2022. \u2013 1.11.2025.<\/p>\n\n\n\n<p><strong>Approved amount:<\/strong> 13.272,18 \u20ac godi\u0161nje &nbsp;&nbsp;&nbsp;&nbsp;&nbsp;&nbsp;&nbsp;&nbsp;&nbsp;&nbsp;&nbsp;&nbsp;&nbsp;&nbsp;&nbsp;&nbsp;&nbsp;&nbsp;&nbsp;&nbsp;&nbsp;&nbsp;&nbsp;&nbsp;<\/p>\n\n\n\n<p><strong>Op\u0107i cilj<\/strong> <strong>programa<\/strong> je za\u0161tita zdravlja, prava, savjetovanje i pru\u017eanje psihosocijalne podr\u0161ke djeci i odraslim osobama s rijetkim bolestima.<\/p>\n\n\n\n<p><strong>Specifi\u010dni ciljevi:<\/strong><\/p>\n\n\n\n<p>1. Pove\u0107ati opseg i kvalitetu usluga za oboljele od rijetkih bolesti i \u010dlanove njihovih obitelji kroz interdisciplinarni pristup i sveobuhvatnu skrb za oboljele od rijetkih bolesti na podru\u010dju Grada Zagreba;<\/p>\n\n\n\n<p>2. Podr\u0161ka i savjetovanje u ostvarivanju prava iz razli\u010ditih sustava skrbi;<\/p>\n\n\n\n<p>3. Pru\u017eanje psiholo\u0161ke podr\u0161ke i osna\u017eivanja oboljelih od rijetkih bolesti i njihovih obitelji (psiholo\u0161ko savjetovanje);<\/p>\n\n\n\n<p>4. Dostupnost radnoterapijskih usluga i vje\u017ebi za oboljele od rijetkih bolesti i \u010dlanove njihovih obitelji (radnoterapijsko savjetovanje);<\/p>\n\n\n\n<p>5. Edukacija, informiranost i senzibiliziranost javnosti za rijetke bolesti.<\/p>\n\n\n\n<p>Aktivnosti:<br><strong>Psihosocijalna podr\u0161ka &#8211; Savjetovanje i informiranje o ostvarivanju prava iz podru\u010dja socijalne skrbi i medicinskog aspekta<\/strong> (Telefonski\/u\u017eivo i kroz prakti\u010dnu pomo\u0107 u pripremi dokumentacije i zagovaranje; uz podr\u0161ku volontera za specifi\u010dnosti odre\u0111enih rijetkih bolesti);<\/p>\n\n\n\n<p><strong>Psihosocijalna podr\u0161ka &#8211; Psiholo\u0161ko savjetovanje i podr\u0161ka<\/strong> (Kroz telefonsko individualno savjetovanje i grupne online aktivnosti za osna\u017eivanje);<\/p>\n\n\n\n<p><strong>Radnoterapijske savjetovanje <\/strong>(savjetovanje o primjeni razli\u010ditih vje\u017ebi i postupaka ovisno o specifi\u010dnosti dijagnoze) \u2013 tijekom 1. i 2. godine provedbe projekta;<\/p>\n\n\n\n<p><strong>Edukativne aktivnosti <\/strong>(Edukacije, radionice, edukativni video-materijali,&nbsp; javne kampanje za podizanje javne svijesti o rijetkim bolestima);<\/p>\n\n\n\n<p><strong>Konferencije i simpoziji o rijetkim bolestima s me\u0111unarodnim sudjelovanjem<\/strong> (Konferencija, stru\u010dna izlaganja i predavanja);<\/p>\n\n\n\n<p><strong>PM (Project management \u2013 upravljanje projektom) i PV (promocija i vidljivost projekta) <\/strong>&#8211; Medijske objave i nastupi, objave na dru\u0161tvenim mre\u017eama i slu\u017ebenim web stranicama, sastanci, izvje\u0161taji.<\/p>\n\n\n\n<div style=\"height:30px\" aria-hidden=\"true\" class=\"wp-block-spacer\"><\/div>\n\n\n\n<p><\/p>\n\n\n<div class=\"wp-block-image\">\n<figure class=\"aligncenter size-full\"><img loading=\"lazy\" decoding=\"async\" width=\"608\" height=\"237\" src=\"https:\/\/rijetke-bolesti.com\/wp-content\/uploads\/2025\/03\/minzd-1-1.jpg\" alt=\"\" class=\"wp-image-4540\" srcset=\"https:\/\/rijetke-bolesti.com\/wp-content\/uploads\/2025\/03\/minzd-1-1.jpg 608w, https:\/\/rijetke-bolesti.com\/wp-content\/uploads\/2025\/03\/minzd-1-1-300x117.jpg 300w, https:\/\/rijetke-bolesti.com\/wp-content\/uploads\/2025\/03\/minzd-1-1-18x7.jpg 18w\" sizes=\"auto, (max-width: 608px) 100vw, 608px\" \/><\/figure>\n<\/div>","protected":false},"excerpt":{"rendered":"<p>Savjetovali\u0161te za rijetke bolesti &#8211; interdisciplinarni pristup za kvalitetnu podr\u0161ku Partneri na projektu: Zavod za socijalni rad \u2013 Zagreb i Zvod za socijalni rad \u2013 podru\u010dni ured Koprivnica Razdoblje provedbe: 2.11.2022. \u2013 1.11.2025. Odobreni iznos: 13.272,18 \u20ac godi\u0161nje &nbsp;&nbsp;&nbsp;&nbsp;&nbsp;&nbsp;&nbsp;&nbsp;&nbsp;&nbsp;&nbsp;&nbsp;&nbsp;&nbsp;&nbsp;&nbsp;&nbsp;&nbsp;&nbsp;&nbsp;&nbsp;&nbsp;&nbsp;&nbsp; Op\u0107i cilj programa je za\u0161tita zdravlja,&#8230;<\/p>","protected":false},"author":4,"featured_media":0,"parent":1590,"menu_order":0,"comment_status":"closed","ping_status":"closed","template":"","meta":{"content-type":"","footnotes":""},"class_list":["post-3133","page","type-page","status-publish","hentry"],"yoast_head":"<!-- This site is optimized with the Yoast SEO plugin v26.0 - https:\/\/yoast.com\/wordpress\/plugins\/seo\/ -->\n<title>Ministarstvo zdravstva - Hrvatski savez za rijetke bolesti<\/title>\n<meta name=\"robots\" content=\"index, follow, max-snippet:-1, max-image-preview:large, max-video-preview:-1\" \/>\n<link rel=\"canonical\" href=\"https:\/\/rijetke-bolesti.com\/en\/projekti\/ministarstvo-zdravstva\/\" \/>\n<meta property=\"og:locale\" content=\"en_GB\" \/>\n<meta property=\"og:type\" content=\"article\" \/>\n<meta property=\"og:title\" content=\"Ministarstvo zdravstva - Hrvatski savez za rijetke bolesti\" \/>\n<meta property=\"og:description\" content=\"Savjetovali\u0161te za rijetke bolesti &#8211; interdisciplinarni pristup za kvalitetnu podr\u0161ku Partneri na projektu: Zavod za socijalni rad \u2013 Zagreb i Zvod za socijalni rad \u2013 podru\u010dni ured Koprivnica Razdoblje provedbe: 2.11.2022. \u2013 1.11.2025. Odobreni iznos: 13.272,18 \u20ac godi\u0161nje &nbsp;&nbsp;&nbsp;&nbsp;&nbsp;&nbsp;&nbsp;&nbsp;&nbsp;&nbsp;&nbsp;&nbsp;&nbsp;&nbsp;&nbsp;&nbsp;&nbsp;&nbsp;&nbsp;&nbsp;&nbsp;&nbsp;&nbsp;&nbsp; Op\u0107i cilj programa je za\u0161tita zdravlja,...\" \/>\n<meta property=\"og:url\" content=\"https:\/\/rijetke-bolesti.com\/en\/projekti\/ministarstvo-zdravstva\/\" \/>\n<meta property=\"og:site_name\" content=\"Hrvatski savez za rijetke bolesti\" \/>\n<meta property=\"article:modified_time\" content=\"2025-06-03T09:54:52+00:00\" \/>\n<meta property=\"og:image\" content=\"https:\/\/rijetke-bolesti.com\/wp-content\/uploads\/2025\/03\/minzd-1-1.jpg\" \/>\n<meta name=\"twitter:card\" content=\"summary_large_image\" \/>\n<meta name=\"twitter:label1\" content=\"Estimated reading time\" \/>\n\t<meta name=\"twitter:data1\" content=\"2 minutes\" \/>\n<script type=\"application\/ld+json\" class=\"yoast-schema-graph\">{\"@context\":\"https:\/\/schema.org\",\"@graph\":[{\"@type\":\"WebPage\",\"@id\":\"https:\/\/rijetke-bolesti.com\/projekti\/ministarstvo-zdravstva\/\",\"url\":\"https:\/\/rijetke-bolesti.com\/projekti\/ministarstvo-zdravstva\/\",\"name\":\"Ministarstvo zdravstva - Hrvatski savez za rijetke bolesti\",\"isPartOf\":{\"@id\":\"https:\/\/rijetke-bolesti.com\/#website\"},\"primaryImageOfPage\":{\"@id\":\"https:\/\/rijetke-bolesti.com\/projekti\/ministarstvo-zdravstva\/#primaryimage\"},\"image\":{\"@id\":\"https:\/\/rijetke-bolesti.com\/projekti\/ministarstvo-zdravstva\/#primaryimage\"},\"thumbnailUrl\":\"https:\/\/rijetke-bolesti.com\/wp-content\/uploads\/2025\/03\/minzd-1-1.jpg\",\"datePublished\":\"2023-01-10T12:14:05+00:00\",\"dateModified\":\"2025-06-03T09:54:52+00:00\",\"breadcrumb\":{\"@id\":\"https:\/\/rijetke-bolesti.com\/projekti\/ministarstvo-zdravstva\/#breadcrumb\"},\"inLanguage\":\"en-GB\",\"potentialAction\":[{\"@type\":\"ReadAction\",\"target\":[\"https:\/\/rijetke-bolesti.com\/projekti\/ministarstvo-zdravstva\/\"]}]},{\"@type\":\"ImageObject\",\"inLanguage\":\"en-GB\",\"@id\":\"https:\/\/rijetke-bolesti.com\/projekti\/ministarstvo-zdravstva\/#primaryimage\",\"url\":\"https:\/\/rijetke-bolesti.com\/wp-content\/uploads\/2025\/03\/minzd-1-1.jpg\",\"contentUrl\":\"https:\/\/rijetke-bolesti.com\/wp-content\/uploads\/2025\/03\/minzd-1-1.jpg\"},{\"@type\":\"BreadcrumbList\",\"@id\":\"https:\/\/rijetke-bolesti.com\/projekti\/ministarstvo-zdravstva\/#breadcrumb\",\"itemListElement\":[{\"@type\":\"ListItem\",\"position\":1,\"name\":\"Home\",\"item\":\"https:\/\/rijetke-bolesti.com\/\"},{\"@type\":\"ListItem\",\"position\":2,\"name\":\"Projekti\",\"item\":\"https:\/\/rijetke-bolesti.com\/projekti\/\"},{\"@type\":\"ListItem\",\"position\":3,\"name\":\"Ministarstvo zdravstva\"}]},{\"@type\":\"WebSite\",\"@id\":\"https:\/\/rijetke-bolesti.com\/#website\",\"url\":\"https:\/\/rijetke-bolesti.com\/\",\"name\":\"Hrvatski savez za rijetke bolesti\",\"description\":\"Za\u0161tita i unapre\u0111enje kvalitete \u017eivota osoba oboljelih\u00a0 od rijetkih bolesti\",\"potentialAction\":[{\"@type\":\"SearchAction\",\"target\":{\"@type\":\"EntryPoint\",\"urlTemplate\":\"https:\/\/rijetke-bolesti.com\/?s={search_term_string}\"},\"query-input\":{\"@type\":\"PropertyValueSpecification\",\"valueRequired\":true,\"valueName\":\"search_term_string\"}}],\"inLanguage\":\"en-GB\"}]}<\/script>\n<!-- \/ Yoast SEO plugin. -->","yoast_head_json":{"title":"Ministarstvo zdravstva - Hrvatski savez za rijetke bolesti","robots":{"index":"index","follow":"follow","max-snippet":"max-snippet:-1","max-image-preview":"max-image-preview:large","max-video-preview":"max-video-preview:-1"},"canonical":"https:\/\/rijetke-bolesti.com\/en\/projekti\/ministarstvo-zdravstva\/","og_locale":"en_GB","og_type":"article","og_title":"Ministarstvo zdravstva - Hrvatski savez za rijetke bolesti","og_description":"Savjetovali\u0161te za rijetke bolesti &#8211; interdisciplinarni pristup za kvalitetnu podr\u0161ku Partneri na projektu: Zavod za socijalni rad \u2013 Zagreb i Zvod za socijalni rad \u2013 podru\u010dni ured Koprivnica Razdoblje provedbe: 2.11.2022. \u2013 1.11.2025. Odobreni iznos: 13.272,18 \u20ac godi\u0161nje &nbsp;&nbsp;&nbsp;&nbsp;&nbsp;&nbsp;&nbsp;&nbsp;&nbsp;&nbsp;&nbsp;&nbsp;&nbsp;&nbsp;&nbsp;&nbsp;&nbsp;&nbsp;&nbsp;&nbsp;&nbsp;&nbsp;&nbsp;&nbsp; Op\u0107i cilj programa je za\u0161tita zdravlja,...","og_url":"https:\/\/rijetke-bolesti.com\/en\/projekti\/ministarstvo-zdravstva\/","og_site_name":"Hrvatski savez za rijetke bolesti","article_modified_time":"2025-06-03T09:54:52+00:00","og_image":[{"url":"https:\/\/rijetke-bolesti.com\/wp-content\/uploads\/2025\/03\/minzd-1-1.jpg","type":"","width":"","height":""}],"twitter_card":"summary_large_image","twitter_misc":{"Estimated reading time":"2 minutes"},"schema":{"@context":"https:\/\/schema.org","@graph":[{"@type":"WebPage","@id":"https:\/\/rijetke-bolesti.com\/projekti\/ministarstvo-zdravstva\/","url":"https:\/\/rijetke-bolesti.com\/projekti\/ministarstvo-zdravstva\/","name":"Ministarstvo zdravstva - Hrvatski savez za rijetke bolesti","isPartOf":{"@id":"https:\/\/rijetke-bolesti.com\/#website"},"primaryImageOfPage":{"@id":"https:\/\/rijetke-bolesti.com\/projekti\/ministarstvo-zdravstva\/#primaryimage"},"image":{"@id":"https:\/\/rijetke-bolesti.com\/projekti\/ministarstvo-zdravstva\/#primaryimage"},"thumbnailUrl":"https:\/\/rijetke-bolesti.com\/wp-content\/uploads\/2025\/03\/minzd-1-1.jpg","datePublished":"2023-01-10T12:14:05+00:00","dateModified":"2025-06-03T09:54:52+00:00","breadcrumb":{"@id":"https:\/\/rijetke-bolesti.com\/projekti\/ministarstvo-zdravstva\/#breadcrumb"},"inLanguage":"en-GB","potentialAction":[{"@type":"ReadAction","target":["https:\/\/rijetke-bolesti.com\/projekti\/ministarstvo-zdravstva\/"]}]},{"@type":"ImageObject","inLanguage":"en-GB","@id":"https:\/\/rijetke-bolesti.com\/projekti\/ministarstvo-zdravstva\/#primaryimage","url":"https:\/\/rijetke-bolesti.com\/wp-content\/uploads\/2025\/03\/minzd-1-1.jpg","contentUrl":"https:\/\/rijetke-bolesti.com\/wp-content\/uploads\/2025\/03\/minzd-1-1.jpg"},{"@type":"BreadcrumbList","@id":"https:\/\/rijetke-bolesti.com\/projekti\/ministarstvo-zdravstva\/#breadcrumb","itemListElement":[{"@type":"ListItem","position":1,"name":"Home","item":"https:\/\/rijetke-bolesti.com\/"},{"@type":"ListItem","position":2,"name":"Projekti","item":"https:\/\/rijetke-bolesti.com\/projekti\/"},{"@type":"ListItem","position":3,"name":"Ministarstvo zdravstva"}]},{"@type":"WebSite","@id":"https:\/\/rijetke-bolesti.com\/#website","url":"https:\/\/rijetke-bolesti.com\/","name":"Hrvatski savez za rijetke bolesti","description":"Za\u0161tita i unapre\u0111enje kvalitete \u017eivota osoba oboljelih\u00a0 od rijetkih bolesti","potentialAction":[{"@type":"SearchAction","target":{"@type":"EntryPoint","urlTemplate":"https:\/\/rijetke-bolesti.com\/?s={search_term_string}"},"query-input":{"@type":"PropertyValueSpecification","valueRequired":true,"valueName":"search_term_string"}}],"inLanguage":"en-GB"}]}},"_links":{"self":[{"href":"https:\/\/rijetke-bolesti.com\/en\/wp-json\/wp\/v2\/pages\/3133","targetHints":{"allow":["GET"]}}],"collection":[{"href":"https:\/\/rijetke-bolesti.com\/en\/wp-json\/wp\/v2\/pages"}],"about":[{"href":"https:\/\/rijetke-bolesti.com\/en\/wp-json\/wp\/v2\/types\/page"}],"author":[{"embeddable":true,"href":"https:\/\/rijetke-bolesti.com\/en\/wp-json\/wp\/v2\/users\/4"}],"replies":[{"embeddable":true,"href":"https:\/\/rijetke-bolesti.com\/en\/wp-json\/wp\/v2\/comments?post=3133"}],"version-history":[{"count":13,"href":"https:\/\/rijetke-bolesti.com\/en\/wp-json\/wp\/v2\/pages\/3133\/revisions"}],"predecessor-version":[{"id":5277,"href":"https:\/\/rijetke-bolesti.com\/en\/wp-json\/wp\/v2\/pages\/3133\/revisions\/5277"}],"up":[{"embeddable":true,"href":"https:\/\/rijetke-bolesti.com\/en\/wp-json\/wp\/v2\/pages\/1590"}],"wp:attachment":[{"href":"https:\/\/rijetke-bolesti.com\/en\/wp-json\/wp\/v2\/media?parent=3133"}],"curies":[{"name":"wp","href":"https:\/\/api.w.org\/{rel}","templated":true}]}}