{"id":2527,"date":"2022-04-01T12:34:58","date_gmt":"2022-04-01T10:34:58","guid":{"rendered":"https:\/\/rijetke-bolesti.com\/?page_id=2527"},"modified":"2022-04-01T12:34:58","modified_gmt":"2022-04-01T10:34:58","slug":"nasljedni-angioedem","status":"publish","type":"page","link":"https:\/\/rijetke-bolesti.com\/en\/rijetke-bolesti\/biblioteka\/nasljedni-angioedem\/","title":{"rendered":"NASLJEDNI ANGIOEDEM"},"content":{"rendered":"<div data-wp-interactive=\"core\/file\" class=\"wp-block-file\"><object data-wp-bind--hidden=\"!state.hasPdfPreview\" hidden class=\"wp-block-file__embed\" data=\"https:\/\/rijetke-bolesti.com\/wp-content\/uploads\/2022\/04\/50-NASLJEDNI-ANGIOEDEM.pdf\" type=\"application\/pdf\" style=\"width:100%;height:600px\" aria-label=\"Embed of Embed of 50-NASLJEDNI-ANGIOEDEM..\"><\/object><a href=\"https:\/\/rijetke-bolesti.com\/wp-content\/uploads\/2022\/04\/50-NASLJEDNI-ANGIOEDEM.pdf\">50-NASLJEDNI-ANGIOEDEM<\/a><a href=\"https:\/\/rijetke-bolesti.com\/wp-content\/uploads\/2022\/04\/50-NASLJEDNI-ANGIOEDEM.pdf\" class=\"wp-block-file__button\" download>Download<\/a><\/div>","protected":false},"excerpt":{"rendered":"<p>50-NASLJEDNI-ANGIOEDEMDownload<\/p>","protected":false},"author":2,"featured_media":0,"parent":666,"menu_order":0,"comment_status":"closed","ping_status":"closed","template":"","meta":{"content-type":"","footnotes":""},"class_list":["post-2527","page","type-page","status-publish","hentry"],"yoast_head":"<!-- This site is optimized with the Yoast SEO plugin v26.0 - https:\/\/yoast.com\/wordpress\/plugins\/seo\/ -->\n<title>NASLJEDNI ANGIOEDEM - Hrvatski savez za rijetke bolesti<\/title>\n<meta name=\"robots\" content=\"index, follow, max-snippet:-1, max-image-preview:large, max-video-preview:-1\" \/>\n<link rel=\"canonical\" href=\"https:\/\/rijetke-bolesti.com\/en\/rijetke-bolesti\/biblioteka\/nasljedni-angioedem\/\" \/>\n<meta property=\"og:locale\" content=\"en_GB\" \/>\n<meta property=\"og:type\" content=\"article\" \/>\n<meta property=\"og:title\" content=\"NASLJEDNI ANGIOEDEM - Hrvatski savez za rijetke bolesti\" \/>\n<meta property=\"og:description\" content=\"50-NASLJEDNI-ANGIOEDEMDownload\" \/>\n<meta property=\"og:url\" content=\"https:\/\/rijetke-bolesti.com\/en\/rijetke-bolesti\/biblioteka\/nasljedni-angioedem\/\" \/>\n<meta property=\"og:site_name\" content=\"Hrvatski savez za rijetke bolesti\" \/>\n<meta name=\"twitter:card\" content=\"summary_large_image\" \/>\n<meta name=\"twitter:label1\" content=\"Estimated reading time\" \/>\n\t<meta name=\"twitter:data1\" content=\"1 minute\" \/>\n<script type=\"application\/ld+json\" class=\"yoast-schema-graph\">{\"@context\":\"https:\/\/schema.org\",\"@graph\":[{\"@type\":\"WebPage\",\"@id\":\"https:\/\/rijetke-bolesti.com\/rijetke-bolesti\/biblioteka\/nasljedni-angioedem\/\",\"url\":\"https:\/\/rijetke-bolesti.com\/rijetke-bolesti\/biblioteka\/nasljedni-angioedem\/\",\"name\":\"NASLJEDNI ANGIOEDEM - Hrvatski savez za rijetke bolesti\",\"isPartOf\":{\"@id\":\"https:\/\/rijetke-bolesti.com\/#website\"},\"datePublished\":\"2022-04-01T10:34:58+00:00\",\"breadcrumb\":{\"@id\":\"https:\/\/rijetke-bolesti.com\/rijetke-bolesti\/biblioteka\/nasljedni-angioedem\/#breadcrumb\"},\"inLanguage\":\"en-GB\",\"potentialAction\":[{\"@type\":\"ReadAction\",\"target\":[\"https:\/\/rijetke-bolesti.com\/rijetke-bolesti\/biblioteka\/nasljedni-angioedem\/\"]}]},{\"@type\":\"BreadcrumbList\",\"@id\":\"https:\/\/rijetke-bolesti.com\/rijetke-bolesti\/biblioteka\/nasljedni-angioedem\/#breadcrumb\",\"itemListElement\":[{\"@type\":\"ListItem\",\"position\":1,\"name\":\"Home\",\"item\":\"https:\/\/rijetke-bolesti.com\/\"},{\"@type\":\"ListItem\",\"position\":2,\"name\":\"Rijetke bolesti\",\"item\":\"https:\/\/rijetke-bolesti.com\/rijetke-bolesti\/\"},{\"@type\":\"ListItem\",\"position\":3,\"name\":\"Rijetka biblioteka\",\"item\":\"https:\/\/rijetke-bolesti.com\/rijetke-bolesti\/biblioteka\/\"},{\"@type\":\"ListItem\",\"position\":4,\"name\":\"NASLJEDNI ANGIOEDEM\"}]},{\"@type\":\"WebSite\",\"@id\":\"https:\/\/rijetke-bolesti.com\/#website\",\"url\":\"https:\/\/rijetke-bolesti.com\/\",\"name\":\"Hrvatski savez za rijetke bolesti\",\"description\":\"Za\u0161tita i unapre\u0111enje kvalitete \u017eivota osoba oboljelih\u00a0 od rijetkih bolesti\",\"potentialAction\":[{\"@type\":\"SearchAction\",\"target\":{\"@type\":\"EntryPoint\",\"urlTemplate\":\"https:\/\/rijetke-bolesti.com\/?s={search_term_string}\"},\"query-input\":{\"@type\":\"PropertyValueSpecification\",\"valueRequired\":true,\"valueName\":\"search_term_string\"}}],\"inLanguage\":\"en-GB\"}]}<\/script>\n<!-- \/ Yoast SEO plugin. -->","yoast_head_json":{"title":"NASLJEDNI ANGIOEDEM - Hrvatski savez za rijetke bolesti","robots":{"index":"index","follow":"follow","max-snippet":"max-snippet:-1","max-image-preview":"max-image-preview:large","max-video-preview":"max-video-preview:-1"},"canonical":"https:\/\/rijetke-bolesti.com\/en\/rijetke-bolesti\/biblioteka\/nasljedni-angioedem\/","og_locale":"en_GB","og_type":"article","og_title":"NASLJEDNI ANGIOEDEM - Hrvatski savez za rijetke bolesti","og_description":"50-NASLJEDNI-ANGIOEDEMDownload","og_url":"https:\/\/rijetke-bolesti.com\/en\/rijetke-bolesti\/biblioteka\/nasljedni-angioedem\/","og_site_name":"Hrvatski savez za rijetke bolesti","twitter_card":"summary_large_image","twitter_misc":{"Estimated reading time":"1 minute"},"schema":{"@context":"https:\/\/schema.org","@graph":[{"@type":"WebPage","@id":"https:\/\/rijetke-bolesti.com\/rijetke-bolesti\/biblioteka\/nasljedni-angioedem\/","url":"https:\/\/rijetke-bolesti.com\/rijetke-bolesti\/biblioteka\/nasljedni-angioedem\/","name":"NASLJEDNI ANGIOEDEM - Hrvatski savez za rijetke bolesti","isPartOf":{"@id":"https:\/\/rijetke-bolesti.com\/#website"},"datePublished":"2022-04-01T10:34:58+00:00","breadcrumb":{"@id":"https:\/\/rijetke-bolesti.com\/rijetke-bolesti\/biblioteka\/nasljedni-angioedem\/#breadcrumb"},"inLanguage":"en-GB","potentialAction":[{"@type":"ReadAction","target":["https:\/\/rijetke-bolesti.com\/rijetke-bolesti\/biblioteka\/nasljedni-angioedem\/"]}]},{"@type":"BreadcrumbList","@id":"https:\/\/rijetke-bolesti.com\/rijetke-bolesti\/biblioteka\/nasljedni-angioedem\/#breadcrumb","itemListElement":[{"@type":"ListItem","position":1,"name":"Home","item":"https:\/\/rijetke-bolesti.com\/"},{"@type":"ListItem","position":2,"name":"Rijetke bolesti","item":"https:\/\/rijetke-bolesti.com\/rijetke-bolesti\/"},{"@type":"ListItem","position":3,"name":"Rijetka biblioteka","item":"https:\/\/rijetke-bolesti.com\/rijetke-bolesti\/biblioteka\/"},{"@type":"ListItem","position":4,"name":"NASLJEDNI ANGIOEDEM"}]},{"@type":"WebSite","@id":"https:\/\/rijetke-bolesti.com\/#website","url":"https:\/\/rijetke-bolesti.com\/","name":"Hrvatski savez za rijetke bolesti","description":"Za\u0161tita i unapre\u0111enje kvalitete \u017eivota osoba oboljelih\u00a0 od rijetkih bolesti","potentialAction":[{"@type":"SearchAction","target":{"@type":"EntryPoint","urlTemplate":"https:\/\/rijetke-bolesti.com\/?s={search_term_string}"},"query-input":{"@type":"PropertyValueSpecification","valueRequired":true,"valueName":"search_term_string"}}],"inLanguage":"en-GB"}]}},"_links":{"self":[{"href":"https:\/\/rijetke-bolesti.com\/en\/wp-json\/wp\/v2\/pages\/2527","targetHints":{"allow":["GET"]}}],"collection":[{"href":"https:\/\/rijetke-bolesti.com\/en\/wp-json\/wp\/v2\/pages"}],"about":[{"href":"https:\/\/rijetke-bolesti.com\/en\/wp-json\/wp\/v2\/types\/page"}],"author":[{"embeddable":true,"href":"https:\/\/rijetke-bolesti.com\/en\/wp-json\/wp\/v2\/users\/2"}],"replies":[{"embeddable":true,"href":"https:\/\/rijetke-bolesti.com\/en\/wp-json\/wp\/v2\/comments?post=2527"}],"version-history":[{"count":1,"href":"https:\/\/rijetke-bolesti.com\/en\/wp-json\/wp\/v2\/pages\/2527\/revisions"}],"predecessor-version":[{"id":2529,"href":"https:\/\/rijetke-bolesti.com\/en\/wp-json\/wp\/v2\/pages\/2527\/revisions\/2529"}],"up":[{"embeddable":true,"href":"https:\/\/rijetke-bolesti.com\/en\/wp-json\/wp\/v2\/pages\/666"}],"wp:attachment":[{"href":"https:\/\/rijetke-bolesti.com\/en\/wp-json\/wp\/v2\/media?parent=2527"}],"curies":[{"name":"wp","href":"https:\/\/api.w.org\/{rel}","templated":true}]}}