{"id":1996,"date":"2021-09-24T12:37:07","date_gmt":"2021-09-24T10:37:07","guid":{"rendered":"https:\/\/rijetke-bolesti.com\/?page_id=1996"},"modified":"2021-09-24T12:37:07","modified_gmt":"2021-09-24T10:37:07","slug":"prader-willijev-sindrom-pws","status":"publish","type":"page","link":"https:\/\/rijetke-bolesti.com\/en\/rijetke-bolesti\/biblioteka\/prader-willijev-sindrom-pws\/","title":{"rendered":"Prader-Willijev sindrom (PWS)"},"content":{"rendered":"<p>Prader-Willijev sindrom (PWS) genetsko je stanje koje utje\u010de na mnoge dijelove tijela. Dojen\u010dad s PWS-om pati od te\u0161ke hipotonije (nizak tonus mi\u0161i\u0107a), pote\u0161ko\u0107a s hranjenjem i usporenog rasta. U kasnijoj dojena\u010dkoj dobi ili ranom djetinjstvu oboljela djeca obi\u010dno po\u010dinju pretjerano jesti i postaju gojazna.<\/p>\n\n\n\n<div class=\"wp-block-file\"><a href=\"https:\/\/rijetke-bolesti.com\/wp-content\/uploads\/2021\/09\/dijagnoze_29.pdf\"><br>Prader-Willijev sindrom (PWS)<\/a><a href=\"https:\/\/rijetke-bolesti.com\/wp-content\/uploads\/2021\/09\/dijagnoze_29.pdf\" class=\"wp-block-file__button\" download>Download<\/a><\/div>","protected":false},"excerpt":{"rendered":"<p>Prader-Willijev sindrom (PWS) genetsko je stanje koje utje\u010de na mnoge dijelove tijela. Dojen\u010dad s PWS-om pati od te\u0161ke hipotonije (nizak tonus mi\u0161i\u0107a), pote\u0161ko\u0107a s hranjenjem i usporenog rasta. U kasnijoj dojena\u010dkoj dobi ili ranom djetinjstvu oboljela djeca obi\u010dno po\u010dinju pretjerano jesti i postaju gojazna. Prader-Willijev&#8230;<\/p>","protected":false},"author":2,"featured_media":0,"parent":666,"menu_order":0,"comment_status":"closed","ping_status":"closed","template":"","meta":{"content-type":"","footnotes":""},"class_list":["post-1996","page","type-page","status-publish","hentry"],"yoast_head":"<!-- This site is optimized with the Yoast SEO plugin v26.0 - https:\/\/yoast.com\/wordpress\/plugins\/seo\/ -->\n<title>Prader-Willijev sindrom (PWS) - Hrvatski savez za rijetke bolesti<\/title>\n<meta name=\"robots\" content=\"index, follow, max-snippet:-1, max-image-preview:large, max-video-preview:-1\" \/>\n<link rel=\"canonical\" href=\"https:\/\/rijetke-bolesti.com\/en\/rijetke-bolesti\/biblioteka\/prader-willijev-sindrom-pws\/\" \/>\n<meta property=\"og:locale\" content=\"en_GB\" \/>\n<meta property=\"og:type\" content=\"article\" \/>\n<meta property=\"og:title\" content=\"Prader-Willijev sindrom (PWS) - Hrvatski savez za rijetke bolesti\" \/>\n<meta property=\"og:description\" content=\"Prader-Willijev sindrom (PWS) genetsko je stanje koje utje\u010de na mnoge dijelove tijela. Dojen\u010dad s PWS-om pati od te\u0161ke hipotonije (nizak tonus mi\u0161i\u0107a), pote\u0161ko\u0107a s hranjenjem i usporenog rasta. U kasnijoj dojena\u010dkoj dobi ili ranom djetinjstvu oboljela djeca obi\u010dno po\u010dinju pretjerano jesti i postaju gojazna. Prader-Willijev...\" \/>\n<meta property=\"og:url\" content=\"https:\/\/rijetke-bolesti.com\/en\/rijetke-bolesti\/biblioteka\/prader-willijev-sindrom-pws\/\" \/>\n<meta property=\"og:site_name\" content=\"Hrvatski savez za rijetke bolesti\" \/>\n<meta name=\"twitter:card\" content=\"summary_large_image\" \/>\n<script type=\"application\/ld+json\" class=\"yoast-schema-graph\">{\"@context\":\"https:\/\/schema.org\",\"@graph\":[{\"@type\":\"WebPage\",\"@id\":\"https:\/\/rijetke-bolesti.com\/rijetke-bolesti\/biblioteka\/prader-willijev-sindrom-pws\/\",\"url\":\"https:\/\/rijetke-bolesti.com\/rijetke-bolesti\/biblioteka\/prader-willijev-sindrom-pws\/\",\"name\":\"Prader-Willijev sindrom (PWS) - Hrvatski savez za rijetke bolesti\",\"isPartOf\":{\"@id\":\"https:\/\/rijetke-bolesti.com\/#website\"},\"datePublished\":\"2021-09-24T10:37:07+00:00\",\"breadcrumb\":{\"@id\":\"https:\/\/rijetke-bolesti.com\/rijetke-bolesti\/biblioteka\/prader-willijev-sindrom-pws\/#breadcrumb\"},\"inLanguage\":\"en-GB\",\"potentialAction\":[{\"@type\":\"ReadAction\",\"target\":[\"https:\/\/rijetke-bolesti.com\/rijetke-bolesti\/biblioteka\/prader-willijev-sindrom-pws\/\"]}]},{\"@type\":\"BreadcrumbList\",\"@id\":\"https:\/\/rijetke-bolesti.com\/rijetke-bolesti\/biblioteka\/prader-willijev-sindrom-pws\/#breadcrumb\",\"itemListElement\":[{\"@type\":\"ListItem\",\"position\":1,\"name\":\"Home\",\"item\":\"https:\/\/rijetke-bolesti.com\/\"},{\"@type\":\"ListItem\",\"position\":2,\"name\":\"Rijetke bolesti\",\"item\":\"https:\/\/rijetke-bolesti.com\/rijetke-bolesti\/\"},{\"@type\":\"ListItem\",\"position\":3,\"name\":\"Rijetka biblioteka\",\"item\":\"https:\/\/rijetke-bolesti.com\/rijetke-bolesti\/biblioteka\/\"},{\"@type\":\"ListItem\",\"position\":4,\"name\":\"Prader-Willijev sindrom (PWS)\"}]},{\"@type\":\"WebSite\",\"@id\":\"https:\/\/rijetke-bolesti.com\/#website\",\"url\":\"https:\/\/rijetke-bolesti.com\/\",\"name\":\"Hrvatski savez za rijetke bolesti\",\"description\":\"Za\u0161tita i unapre\u0111enje kvalitete \u017eivota osoba oboljelih\u00a0 od rijetkih bolesti\",\"potentialAction\":[{\"@type\":\"SearchAction\",\"target\":{\"@type\":\"EntryPoint\",\"urlTemplate\":\"https:\/\/rijetke-bolesti.com\/?s={search_term_string}\"},\"query-input\":{\"@type\":\"PropertyValueSpecification\",\"valueRequired\":true,\"valueName\":\"search_term_string\"}}],\"inLanguage\":\"en-GB\"}]}<\/script>\n<!-- \/ Yoast SEO plugin. -->","yoast_head_json":{"title":"Prader-Willijev sindrom (PWS) - Hrvatski savez za rijetke bolesti","robots":{"index":"index","follow":"follow","max-snippet":"max-snippet:-1","max-image-preview":"max-image-preview:large","max-video-preview":"max-video-preview:-1"},"canonical":"https:\/\/rijetke-bolesti.com\/en\/rijetke-bolesti\/biblioteka\/prader-willijev-sindrom-pws\/","og_locale":"en_GB","og_type":"article","og_title":"Prader-Willijev sindrom (PWS) - Hrvatski savez za rijetke bolesti","og_description":"Prader-Willijev sindrom (PWS) genetsko je stanje koje utje\u010de na mnoge dijelove tijela. Dojen\u010dad s PWS-om pati od te\u0161ke hipotonije (nizak tonus mi\u0161i\u0107a), pote\u0161ko\u0107a s hranjenjem i usporenog rasta. U kasnijoj dojena\u010dkoj dobi ili ranom djetinjstvu oboljela djeca obi\u010dno po\u010dinju pretjerano jesti i postaju gojazna. Prader-Willijev...","og_url":"https:\/\/rijetke-bolesti.com\/en\/rijetke-bolesti\/biblioteka\/prader-willijev-sindrom-pws\/","og_site_name":"Hrvatski savez za rijetke bolesti","twitter_card":"summary_large_image","schema":{"@context":"https:\/\/schema.org","@graph":[{"@type":"WebPage","@id":"https:\/\/rijetke-bolesti.com\/rijetke-bolesti\/biblioteka\/prader-willijev-sindrom-pws\/","url":"https:\/\/rijetke-bolesti.com\/rijetke-bolesti\/biblioteka\/prader-willijev-sindrom-pws\/","name":"Prader-Willijev sindrom (PWS) - Hrvatski savez za rijetke bolesti","isPartOf":{"@id":"https:\/\/rijetke-bolesti.com\/#website"},"datePublished":"2021-09-24T10:37:07+00:00","breadcrumb":{"@id":"https:\/\/rijetke-bolesti.com\/rijetke-bolesti\/biblioteka\/prader-willijev-sindrom-pws\/#breadcrumb"},"inLanguage":"en-GB","potentialAction":[{"@type":"ReadAction","target":["https:\/\/rijetke-bolesti.com\/rijetke-bolesti\/biblioteka\/prader-willijev-sindrom-pws\/"]}]},{"@type":"BreadcrumbList","@id":"https:\/\/rijetke-bolesti.com\/rijetke-bolesti\/biblioteka\/prader-willijev-sindrom-pws\/#breadcrumb","itemListElement":[{"@type":"ListItem","position":1,"name":"Home","item":"https:\/\/rijetke-bolesti.com\/"},{"@type":"ListItem","position":2,"name":"Rijetke bolesti","item":"https:\/\/rijetke-bolesti.com\/rijetke-bolesti\/"},{"@type":"ListItem","position":3,"name":"Rijetka biblioteka","item":"https:\/\/rijetke-bolesti.com\/rijetke-bolesti\/biblioteka\/"},{"@type":"ListItem","position":4,"name":"Prader-Willijev sindrom (PWS)"}]},{"@type":"WebSite","@id":"https:\/\/rijetke-bolesti.com\/#website","url":"https:\/\/rijetke-bolesti.com\/","name":"Hrvatski savez za rijetke bolesti","description":"Za\u0161tita i unapre\u0111enje kvalitete \u017eivota osoba oboljelih\u00a0 od rijetkih bolesti","potentialAction":[{"@type":"SearchAction","target":{"@type":"EntryPoint","urlTemplate":"https:\/\/rijetke-bolesti.com\/?s={search_term_string}"},"query-input":{"@type":"PropertyValueSpecification","valueRequired":true,"valueName":"search_term_string"}}],"inLanguage":"en-GB"}]}},"_links":{"self":[{"href":"https:\/\/rijetke-bolesti.com\/en\/wp-json\/wp\/v2\/pages\/1996","targetHints":{"allow":["GET"]}}],"collection":[{"href":"https:\/\/rijetke-bolesti.com\/en\/wp-json\/wp\/v2\/pages"}],"about":[{"href":"https:\/\/rijetke-bolesti.com\/en\/wp-json\/wp\/v2\/types\/page"}],"author":[{"embeddable":true,"href":"https:\/\/rijetke-bolesti.com\/en\/wp-json\/wp\/v2\/users\/2"}],"replies":[{"embeddable":true,"href":"https:\/\/rijetke-bolesti.com\/en\/wp-json\/wp\/v2\/comments?post=1996"}],"version-history":[{"count":1,"href":"https:\/\/rijetke-bolesti.com\/en\/wp-json\/wp\/v2\/pages\/1996\/revisions"}],"predecessor-version":[{"id":1998,"href":"https:\/\/rijetke-bolesti.com\/en\/wp-json\/wp\/v2\/pages\/1996\/revisions\/1998"}],"up":[{"embeddable":true,"href":"https:\/\/rijetke-bolesti.com\/en\/wp-json\/wp\/v2\/pages\/666"}],"wp:attachment":[{"href":"https:\/\/rijetke-bolesti.com\/en\/wp-json\/wp\/v2\/media?parent=1996"}],"curies":[{"name":"wp","href":"https:\/\/api.w.org\/{rel}","templated":true}]}}