{"id":1597,"date":"2021-05-06T15:26:57","date_gmt":"2021-05-06T13:26:57","guid":{"rendered":"https:\/\/rijetke-bolesti.com\/?page_id=1597"},"modified":"2025-04-14T13:19:05","modified_gmt":"2025-04-14T11:19:05","slug":"esf","status":"publish","type":"page","link":"https:\/\/rijetke-bolesti.com\/en\/projekti\/esf\/","title":{"rendered":"ESF"},"content":{"rendered":"<h1>European Social Fond<\/h1>\n<h2><span class=\"TextRun SCXW28357340 BCX0\" lang=\"HR-HR\" xml:lang=\"HR-HR\" data-contrast=\"auto\"><span class=\"NormalTextRun SCXW28357340 BCX0\">Project: Development of Croatian Resource Center for Rare Diseases<\/span><\/span><\/h2>\n\n\n<figure class=\"wp-block-image size-large\"><img loading=\"lazy\" decoding=\"async\" width=\"1024\" height=\"264\" src=\"https:\/\/rijetke-bolesti.com\/wp-content\/uploads\/2021\/05\/ESF-Lenta-za-vidljivost-1024x264.png\" alt=\"\" class=\"wp-image-1642\" srcset=\"https:\/\/rijetke-bolesti.com\/wp-content\/uploads\/2021\/05\/ESF-Lenta-za-vidljivost-1024x264.png 1024w, https:\/\/rijetke-bolesti.com\/wp-content\/uploads\/2021\/05\/ESF-Lenta-za-vidljivost-300x77.png 300w, https:\/\/rijetke-bolesti.com\/wp-content\/uploads\/2021\/05\/ESF-Lenta-za-vidljivost-768x198.png 768w, https:\/\/rijetke-bolesti.com\/wp-content\/uploads\/2021\/05\/ESF-Lenta-za-vidljivost-1536x396.png 1536w, https:\/\/rijetke-bolesti.com\/wp-content\/uploads\/2021\/05\/ESF-Lenta-za-vidljivost-2048x528.png 2048w\" sizes=\"auto, (max-width: 1024px) 100vw, 1024px\" \/><\/figure>\n\n\n<ul>\n<li data-leveltext=\"o\" data-font=\"Courier New\" data-listid=\"8\" aria-setsize=\"-1\" data-aria-posinset=\"1\" data-aria-level=\"1\"><span data-contrast=\"auto\">European Social Fund, Operational Program Efficient Human Resources - Project Reference: UP.02.2.2.06.0139<\/span><span data-ccp-props=\"{&quot;134233279&quot;:true,&quot;201341983&quot;:0,&quot;335559739&quot;:160,&quot;335559740&quot;:276}\">\u00a0<\/span><\/li>\n<li data-leveltext=\"o\" data-font=\"Courier New\" data-listid=\"9\" aria-setsize=\"-1\" data-aria-posinset=\"2\" data-aria-level=\"1\"><span data-contrast=\"auto\">Project Title:<\/span><i><span data-contrast=\"auto\">\u201cDevelopment of the Croatian Resource Center for Rare Diseases\u201d<\/span><\/i><span data-contrast=\"auto\">\u202f<\/span><span data-ccp-props=\"{&quot;134233279&quot;:true,&quot;201341983&quot;:0,&quot;335551550&quot;:6,&quot;335551620&quot;:6,&quot;335559739&quot;:160,&quot;335559740&quot;:276}\">\u00a0<\/span><\/li>\n<\/ul>\n<ul>\n<li data-leveltext=\"o\" data-font=\"Courier New\" data-listid=\"9\" aria-setsize=\"-1\" data-aria-posinset=\"1\" data-aria-level=\"1\"><span data-contrast=\"auto\">Implementation Period: July 1, 2020 \u2013 June 30, 2022<\/span><span data-ccp-props=\"{&quot;134233279&quot;:true,&quot;201341983&quot;:0,&quot;335551550&quot;:6,&quot;335551620&quot;:6,&quot;335559739&quot;:160,&quot;335559740&quot;:276}\">\u00a0<\/span><\/li>\n<li data-leveltext=\"o\" data-font=\"Courier New\" data-listid=\"9\" aria-setsize=\"-1\" data-aria-posinset=\"2\" data-aria-level=\"1\"><span data-contrast=\"auto\">Total Project Value: HRK 1,306,323.82<\/span><span data-ccp-props=\"{&quot;134233279&quot;:true,&quot;201341983&quot;:0,&quot;335551550&quot;:6,&quot;335551620&quot;:6,&quot;335559739&quot;:160,&quot;335559740&quot;:276}\">\u00a0<\/span><\/li>\n<li data-leveltext=\"o\" data-font=\"Courier New\" data-listid=\"9\" aria-setsize=\"-1\" data-aria-posinset=\"3\" data-aria-level=\"1\"><span data-contrast=\"auto\">Project Objectives:<\/span><span data-ccp-props=\"{&quot;134233279&quot;:true,&quot;201341983&quot;:0,&quot;335551550&quot;:6,&quot;335551620&quot;:6,&quot;335559739&quot;:160,&quot;335559740&quot;:276}\">\u00a0<\/span><\/li>\n<\/ul>\n<ol>\n<li data-leveltext=\"%1)\" data-font=\"Calibri, Calibri_MSFontService, sans-serif\" data-listid=\"3\" aria-setsize=\"-1\" data-aria-posinset=\"1\" data-aria-level=\"1\"><span data-contrast=\"auto\">Improve networking and strengthen the capacities of professionals in the fields of social care and education who work with children affected by rare diseases<\/span><span data-ccp-props=\"{&quot;134233279&quot;:true,&quot;201341983&quot;:0,&quot;335551550&quot;:6,&quot;335551620&quot;:6,&quot;335559739&quot;:160,&quot;335559740&quot;:276}\">\u00a0<\/span><\/li>\n<li data-leveltext=\"%1)\" data-font=\"Calibri, Calibri_MSFontService, sans-serif\" data-listid=\"3\" aria-setsize=\"-1\" data-aria-posinset=\"1\" data-aria-level=\"1\"><span data-contrast=\"auto\">Enhance the social inclusion of children living with rare diseases and empower their parents to provide developmental and educational support<\/span><span data-ccp-props=\"{&quot;134233279&quot;:true,&quot;201341983&quot;:0,&quot;335551550&quot;:6,&quot;335551620&quot;:6,&quot;335559739&quot;:160,&quot;335559740&quot;:276}\">\u00a0<\/span><\/li>\n<li data-leveltext=\"%1)\" data-font=\"Calibri, Calibri_MSFontService, sans-serif\" data-listid=\"3\" aria-setsize=\"-1\" data-aria-posinset=\"1\" data-aria-level=\"1\"><span data-contrast=\"auto\">Raise public awareness about the challenges of living with rare diseases, promote acceptance of diversity, and foster a culture of tolerance<\/span><span data-ccp-props=\"{&quot;134233279&quot;:true,&quot;201341983&quot;:0,&quot;335551550&quot;:6,&quot;335551620&quot;:6,&quot;335559739&quot;:160,&quot;335559740&quot;:276}\">\u00a0<\/span><\/li>\n<\/ol>\n\n\n<figure class=\"wp-block-image size-large is-resized\"><img loading=\"lazy\" decoding=\"async\" width=\"1024\" height=\"891\" src=\"https:\/\/rijetke-bolesti.com\/wp-content\/uploads\/2021\/07\/hsrb-1024x891.png\" alt=\"\" class=\"wp-image-1792\" style=\"width:379px;height:329px\" srcset=\"https:\/\/rijetke-bolesti.com\/wp-content\/uploads\/2021\/07\/hsrb-1024x891.png 1024w, https:\/\/rijetke-bolesti.com\/wp-content\/uploads\/2021\/07\/hsrb-300x261.png 300w, https:\/\/rijetke-bolesti.com\/wp-content\/uploads\/2021\/07\/hsrb-768x668.png 768w, https:\/\/rijetke-bolesti.com\/wp-content\/uploads\/2021\/07\/hsrb.png 1030w\" sizes=\"auto, (max-width: 1024px) 100vw, 1024px\" \/><\/figure>\n\n\n\n<blockquote class=\"wp-embedded-content\" data-secret=\"Ybwde5nxTO\"><a href=\"https:\/\/rijetke-bolesti.com\/en\/eu-fondovi\/\">EU Funds<\/a><\/blockquote><iframe loading=\"lazy\" class=\"wp-embedded-content\" sandbox=\"allow-scripts\" security=\"restricted\" style=\"position: absolute; visibility: hidden;\" title=\"&#8220;EU fondovi&#8221; &#8212; Hrvatski savez za rijetke bolesti\" src=\"https:\/\/rijetke-bolesti.com\/eu-fondovi\/embed\/#?secret=a8AAutp82j#?secret=Ybwde5nxTO\" data-secret=\"Ybwde5nxTO\" width=\"500\" height=\"282\" frameborder=\"0\" marginwidth=\"0\" marginheight=\"0\" scrolling=\"no\"><\/iframe>","protected":false},"excerpt":{"rendered":"<p>Europski Socijalni Fond &#8211; ESF Projekt: Razvoj hrvatskog resursnog centra za rijetke bolesti Europski socijalni fond, Operativni program U\u010dinkoviti ljudski potencijali\u202f\u2013\u202fUP.02.2.2.06.0139\u202f\u00a0 Naziv projekta:\u202f\u201eRazvoj hrvatskog resursnog centra za rijetke bolesti\u201c\u202f\u00a0 Trajanje provedbe: 1.7.2020. do 30.6.2022.\u202f\u00a0 Ukupna vrijednost projekta:\u202f1.306.323,82 HRK\u202f\u00a0 Ciljevi projekta:\u00a0 Pobolj\u0161ati umre\u017eavanje i oja\u010dati kapacitete&#8230;<\/p>","protected":false},"author":2,"featured_media":0,"parent":1590,"menu_order":0,"comment_status":"closed","ping_status":"closed","template":"","meta":{"content-type":"","footnotes":""},"class_list":["post-1597","page","type-page","status-publish","hentry"],"yoast_head":"<!-- This site is optimized with the Yoast SEO plugin v26.0 - https:\/\/yoast.com\/wordpress\/plugins\/seo\/ -->\n<title>ESF - Hrvatski savez za rijetke bolesti<\/title>\n<meta name=\"robots\" content=\"index, follow, max-snippet:-1, max-image-preview:large, max-video-preview:-1\" \/>\n<link rel=\"canonical\" href=\"https:\/\/rijetke-bolesti.com\/en\/projekti\/esf\/\" \/>\n<meta property=\"og:locale\" content=\"en_GB\" \/>\n<meta property=\"og:type\" content=\"article\" \/>\n<meta property=\"og:title\" content=\"ESF - Hrvatski savez za rijetke bolesti\" \/>\n<meta property=\"og:description\" content=\"Europski Socijalni Fond &#8211; ESF Projekt: Razvoj hrvatskog resursnog centra za rijetke bolesti Europski socijalni fond, Operativni program U\u010dinkoviti ljudski potencijali\u202f\u2013\u202fUP.02.2.2.06.0139\u202f\u00a0 Naziv projekta:\u202f\u201eRazvoj hrvatskog resursnog centra za rijetke bolesti\u201c\u202f\u00a0 Trajanje provedbe: 1.7.2020. do 30.6.2022.\u202f\u00a0 Ukupna vrijednost projekta:\u202f1.306.323,82 HRK\u202f\u00a0 Ciljevi projekta:\u00a0 Pobolj\u0161ati umre\u017eavanje i oja\u010dati kapacitete...\" \/>\n<meta property=\"og:url\" content=\"https:\/\/rijetke-bolesti.com\/en\/projekti\/esf\/\" \/>\n<meta property=\"og:site_name\" content=\"Hrvatski savez za rijetke bolesti\" \/>\n<meta property=\"article:modified_time\" content=\"2025-04-14T11:19:05+00:00\" \/>\n<meta property=\"og:image\" content=\"https:\/\/rijetke-bolesti.com\/wp-content\/uploads\/2021\/05\/ESF-Lenta-za-vidljivost-1024x264.png\" \/>\n<meta name=\"twitter:card\" content=\"summary_large_image\" \/>\n<meta name=\"twitter:label1\" content=\"Estimated reading time\" \/>\n\t<meta name=\"twitter:data1\" content=\"1 minute\" \/>\n<script type=\"application\/ld+json\" class=\"yoast-schema-graph\">{\"@context\":\"https:\/\/schema.org\",\"@graph\":[{\"@type\":\"WebPage\",\"@id\":\"https:\/\/rijetke-bolesti.com\/projekti\/esf\/\",\"url\":\"https:\/\/rijetke-bolesti.com\/projekti\/esf\/\",\"name\":\"ESF - Hrvatski savez za rijetke bolesti\",\"isPartOf\":{\"@id\":\"https:\/\/rijetke-bolesti.com\/#website\"},\"primaryImageOfPage\":{\"@id\":\"https:\/\/rijetke-bolesti.com\/projekti\/esf\/#primaryimage\"},\"image\":{\"@id\":\"https:\/\/rijetke-bolesti.com\/projekti\/esf\/#primaryimage\"},\"thumbnailUrl\":\"https:\/\/rijetke-bolesti.com\/wp-content\/uploads\/2021\/05\/ESF-Lenta-za-vidljivost-1024x264.png\",\"datePublished\":\"2021-05-06T13:26:57+00:00\",\"dateModified\":\"2025-04-14T11:19:05+00:00\",\"breadcrumb\":{\"@id\":\"https:\/\/rijetke-bolesti.com\/projekti\/esf\/#breadcrumb\"},\"inLanguage\":\"en-GB\",\"potentialAction\":[{\"@type\":\"ReadAction\",\"target\":[\"https:\/\/rijetke-bolesti.com\/projekti\/esf\/\"]}]},{\"@type\":\"ImageObject\",\"inLanguage\":\"en-GB\",\"@id\":\"https:\/\/rijetke-bolesti.com\/projekti\/esf\/#primaryimage\",\"url\":\"https:\/\/rijetke-bolesti.com\/wp-content\/uploads\/2021\/05\/ESF-Lenta-za-vidljivost-1024x264.png\",\"contentUrl\":\"https:\/\/rijetke-bolesti.com\/wp-content\/uploads\/2021\/05\/ESF-Lenta-za-vidljivost-1024x264.png\"},{\"@type\":\"BreadcrumbList\",\"@id\":\"https:\/\/rijetke-bolesti.com\/projekti\/esf\/#breadcrumb\",\"itemListElement\":[{\"@type\":\"ListItem\",\"position\":1,\"name\":\"Home\",\"item\":\"https:\/\/rijetke-bolesti.com\/\"},{\"@type\":\"ListItem\",\"position\":2,\"name\":\"Projekti\",\"item\":\"https:\/\/rijetke-bolesti.com\/projekti\/\"},{\"@type\":\"ListItem\",\"position\":3,\"name\":\"ESF\"}]},{\"@type\":\"WebSite\",\"@id\":\"https:\/\/rijetke-bolesti.com\/#website\",\"url\":\"https:\/\/rijetke-bolesti.com\/\",\"name\":\"Hrvatski savez za rijetke bolesti\",\"description\":\"Za\u0161tita i unapre\u0111enje kvalitete \u017eivota osoba oboljelih\u00a0 od rijetkih bolesti\",\"potentialAction\":[{\"@type\":\"SearchAction\",\"target\":{\"@type\":\"EntryPoint\",\"urlTemplate\":\"https:\/\/rijetke-bolesti.com\/?s={search_term_string}\"},\"query-input\":{\"@type\":\"PropertyValueSpecification\",\"valueRequired\":true,\"valueName\":\"search_term_string\"}}],\"inLanguage\":\"en-GB\"}]}<\/script>\n<!-- \/ Yoast SEO plugin. -->","yoast_head_json":{"title":"ESF - Hrvatski savez za rijetke bolesti","robots":{"index":"index","follow":"follow","max-snippet":"max-snippet:-1","max-image-preview":"max-image-preview:large","max-video-preview":"max-video-preview:-1"},"canonical":"https:\/\/rijetke-bolesti.com\/en\/projekti\/esf\/","og_locale":"en_GB","og_type":"article","og_title":"ESF - Hrvatski savez za rijetke bolesti","og_description":"Europski Socijalni Fond &#8211; ESF Projekt: Razvoj hrvatskog resursnog centra za rijetke bolesti Europski socijalni fond, Operativni program U\u010dinkoviti ljudski potencijali\u202f\u2013\u202fUP.02.2.2.06.0139\u202f\u00a0 Naziv projekta:\u202f\u201eRazvoj hrvatskog resursnog centra za rijetke bolesti\u201c\u202f\u00a0 Trajanje provedbe: 1.7.2020. do 30.6.2022.\u202f\u00a0 Ukupna vrijednost projekta:\u202f1.306.323,82 HRK\u202f\u00a0 Ciljevi projekta:\u00a0 Pobolj\u0161ati umre\u017eavanje i oja\u010dati kapacitete...","og_url":"https:\/\/rijetke-bolesti.com\/en\/projekti\/esf\/","og_site_name":"Hrvatski savez za rijetke bolesti","article_modified_time":"2025-04-14T11:19:05+00:00","og_image":[{"url":"https:\/\/rijetke-bolesti.com\/wp-content\/uploads\/2021\/05\/ESF-Lenta-za-vidljivost-1024x264.png","type":"","width":"","height":""}],"twitter_card":"summary_large_image","twitter_misc":{"Estimated reading time":"1 minute"},"schema":{"@context":"https:\/\/schema.org","@graph":[{"@type":"WebPage","@id":"https:\/\/rijetke-bolesti.com\/projekti\/esf\/","url":"https:\/\/rijetke-bolesti.com\/projekti\/esf\/","name":"ESF - Hrvatski savez za rijetke bolesti","isPartOf":{"@id":"https:\/\/rijetke-bolesti.com\/#website"},"primaryImageOfPage":{"@id":"https:\/\/rijetke-bolesti.com\/projekti\/esf\/#primaryimage"},"image":{"@id":"https:\/\/rijetke-bolesti.com\/projekti\/esf\/#primaryimage"},"thumbnailUrl":"https:\/\/rijetke-bolesti.com\/wp-content\/uploads\/2021\/05\/ESF-Lenta-za-vidljivost-1024x264.png","datePublished":"2021-05-06T13:26:57+00:00","dateModified":"2025-04-14T11:19:05+00:00","breadcrumb":{"@id":"https:\/\/rijetke-bolesti.com\/projekti\/esf\/#breadcrumb"},"inLanguage":"en-GB","potentialAction":[{"@type":"ReadAction","target":["https:\/\/rijetke-bolesti.com\/projekti\/esf\/"]}]},{"@type":"ImageObject","inLanguage":"en-GB","@id":"https:\/\/rijetke-bolesti.com\/projekti\/esf\/#primaryimage","url":"https:\/\/rijetke-bolesti.com\/wp-content\/uploads\/2021\/05\/ESF-Lenta-za-vidljivost-1024x264.png","contentUrl":"https:\/\/rijetke-bolesti.com\/wp-content\/uploads\/2021\/05\/ESF-Lenta-za-vidljivost-1024x264.png"},{"@type":"BreadcrumbList","@id":"https:\/\/rijetke-bolesti.com\/projekti\/esf\/#breadcrumb","itemListElement":[{"@type":"ListItem","position":1,"name":"Home","item":"https:\/\/rijetke-bolesti.com\/"},{"@type":"ListItem","position":2,"name":"Projekti","item":"https:\/\/rijetke-bolesti.com\/projekti\/"},{"@type":"ListItem","position":3,"name":"ESF"}]},{"@type":"WebSite","@id":"https:\/\/rijetke-bolesti.com\/#website","url":"https:\/\/rijetke-bolesti.com\/","name":"Hrvatski savez za rijetke bolesti","description":"Za\u0161tita i unapre\u0111enje kvalitete \u017eivota osoba oboljelih\u00a0 od rijetkih bolesti","potentialAction":[{"@type":"SearchAction","target":{"@type":"EntryPoint","urlTemplate":"https:\/\/rijetke-bolesti.com\/?s={search_term_string}"},"query-input":{"@type":"PropertyValueSpecification","valueRequired":true,"valueName":"search_term_string"}}],"inLanguage":"en-GB"}]}},"_links":{"self":[{"href":"https:\/\/rijetke-bolesti.com\/en\/wp-json\/wp\/v2\/pages\/1597","targetHints":{"allow":["GET"]}}],"collection":[{"href":"https:\/\/rijetke-bolesti.com\/en\/wp-json\/wp\/v2\/pages"}],"about":[{"href":"https:\/\/rijetke-bolesti.com\/en\/wp-json\/wp\/v2\/types\/page"}],"author":[{"embeddable":true,"href":"https:\/\/rijetke-bolesti.com\/en\/wp-json\/wp\/v2\/users\/2"}],"replies":[{"embeddable":true,"href":"https:\/\/rijetke-bolesti.com\/en\/wp-json\/wp\/v2\/comments?post=1597"}],"version-history":[{"count":11,"href":"https:\/\/rijetke-bolesti.com\/en\/wp-json\/wp\/v2\/pages\/1597\/revisions"}],"predecessor-version":[{"id":4814,"href":"https:\/\/rijetke-bolesti.com\/en\/wp-json\/wp\/v2\/pages\/1597\/revisions\/4814"}],"up":[{"embeddable":true,"href":"https:\/\/rijetke-bolesti.com\/en\/wp-json\/wp\/v2\/pages\/1590"}],"wp:attachment":[{"href":"https:\/\/rijetke-bolesti.com\/en\/wp-json\/wp\/v2\/media?parent=1597"}],"curies":[{"name":"wp","href":"https:\/\/api.w.org\/{rel}","templated":true}]}}