{"id":1594,"date":"2021-05-06T15:26:23","date_gmt":"2021-05-06T13:26:23","guid":{"rendered":"https:\/\/rijetke-bolesti.com\/?page_id=1594"},"modified":"2025-04-15T13:08:25","modified_gmt":"2025-04-15T11:08:25","slug":"nacionalna-zaklada","status":"publish","type":"page","link":"https:\/\/rijetke-bolesti.com\/en\/projekti\/nacionalna-zaklada\/","title":{"rendered":"National Foundation for Civil Society Development"},"content":{"rendered":"<h1><span class=\"TextRun SCXW45938666 BCX0\" lang=\"HR-HR\" xml:lang=\"HR-HR\" data-contrast=\"auto\"><span class=\"NormalTextRun SCXW45938666 BCX0\">Institutional Support<\/span><span class=\"NormalTextRun SCXW45938666 BCX0\"> for New Beneficiaries<\/span><\/span><\/h1>\n\n\n<figure class=\"wp-block-image size-large is-resized\"><img loading=\"lazy\" decoding=\"async\" width=\"1024\" height=\"1024\" src=\"https:\/\/rijetke-bolesti.com\/wp-content\/uploads\/2019\/03\/velika-1024x1024.jpg\" alt=\"\" class=\"wp-image-1484\" style=\"width:362px;height:362px\" srcset=\"https:\/\/rijetke-bolesti.com\/wp-content\/uploads\/2019\/03\/velika-1024x1024.jpg 1024w, https:\/\/rijetke-bolesti.com\/wp-content\/uploads\/2019\/03\/velika-300x300.jpg 300w, https:\/\/rijetke-bolesti.com\/wp-content\/uploads\/2019\/03\/velika-150x150.jpg 150w, https:\/\/rijetke-bolesti.com\/wp-content\/uploads\/2019\/03\/velika-768x768.jpg 768w, https:\/\/rijetke-bolesti.com\/wp-content\/uploads\/2019\/03\/velika-660x660.jpg 660w, https:\/\/rijetke-bolesti.com\/wp-content\/uploads\/2019\/03\/velika.jpg 1200w\" sizes=\"auto, (max-width: 1024px) 100vw, 1024px\" \/><\/figure>\n\n\n<ul>\n<li data-leveltext=\"o\" data-font=\"Courier New\" data-listid=\"11\" aria-setsize=\"-1\" data-aria-posinset=\"1\" data-aria-level=\"1\"><span data-contrast=\"auto\">Funded by: National Foundation for Civil Society Development <\/span><span data-ccp-props=\"{&quot;134233279&quot;:true,&quot;201341983&quot;:0,&quot;335551550&quot;:6,&quot;335551620&quot;:6,&quot;335559739&quot;:160,&quot;335559740&quot;:276}\">\u00a0<\/span><\/li>\n<li data-leveltext=\"o\" data-font=\"Courier New\" data-listid=\"11\" aria-setsize=\"-1\" data-aria-posinset=\"2\" data-aria-level=\"1\"><span data-contrast=\"auto\">Duration: January 1, 2021 \u2013 December 31, 2023<\/span><span data-ccp-props=\"{&quot;134233279&quot;:true,&quot;201341983&quot;:0,&quot;335551550&quot;:6,&quot;335551620&quot;:6,&quot;335559739&quot;:160,&quot;335559740&quot;:276}\">\u00a0<\/span><\/li>\n<li data-leveltext=\"o\" data-font=\"Courier New\" data-listid=\"11\" aria-setsize=\"-1\" data-aria-posinset=\"2\" data-aria-level=\"1\"><span data-contrast=\"auto\">Value: HRK 601,500 HRK<\/span><span data-ccp-props=\"{&quot;134233279&quot;:true,&quot;201341983&quot;:0,&quot;335551550&quot;:6,&quot;335551620&quot;:6,&quot;335559739&quot;:160,&quot;335559740&quot;:276}\">\u00a0<\/span><\/li>\n<li data-leveltext=\"o\" data-font=\"Courier New\" data-listid=\"11\" aria-setsize=\"-1\" data-aria-posinset=\"2\" data-aria-level=\"1\"><span data-contrast=\"auto\">The primary purpose of this Institutional Support is to strengthen the organizational development <\/span><span data-ccp-props=\"{&quot;134233279&quot;:true,&quot;201341983&quot;:0,&quot;335551550&quot;:6,&quot;335551620&quot;:6,&quot;335559739&quot;:160,&quot;335559740&quot;:276}\">of the Alliance.<\/span><\/li>\n<\/ul>\n<ul>\n<li data-leveltext=\"o\" data-font=\"Courier New\" data-listid=\"11\" aria-setsize=\"-1\" data-aria-posinset=\"3\" data-aria-level=\"1\"><span data-contrast=\"auto\">Note: In 2020, the Croatian Alliance for Rare Diseases applied for the Institutional Support for New Beneficiaries call. The application was approved, and preparations were completed for the project\u2019s implementation, which\u2014according to the agreement\u2014officially runs from January 1, 2021, to December 31, 2023.<\/span><span data-ccp-props=\"{&quot;134233279&quot;:true,&quot;201341983&quot;:0,&quot;335551550&quot;:6,&quot;335551620&quot;:6,&quot;335559739&quot;:160,&quot;335559740&quot;:276}\">\u00a0<\/span><\/li>\n<li data-leveltext=\"o\" data-font=\"Courier New\" data-listid=\"11\" aria-setsize=\"-1\" data-aria-posinset=\"4\" data-aria-level=\"1\"><span data-contrast=\"auto\">Through this support, funding has been allocated for co-financing employee salaries (administrator and public relations associate), the maintenance of the Rare Disease Database software, the acquisition of essential computer equipment, and the implementation of a training and professional development program, as defined by the funder.<\/span><span data-ccp-props=\"{&quot;134233279&quot;:true,&quot;201341983&quot;:0,&quot;335551550&quot;:6,&quot;335551620&quot;:6,&quot;335559739&quot;:160,&quot;335559740&quot;:276}\">\u00a0<\/span><\/li>\n<\/ul>","protected":false},"excerpt":{"rendered":"<p>Institucionalna podr\u0161ka za nove korisnike Financira: Nacionalna zaklada za razvoj civilnog dru\u0161tva \u00a0 Trajanje: 1. sije\u010danj 2021. \u2013 31. prosinca 2023.\u00a0 Vrijednost: 601.500 HRK\u00a0 Svrha institucionalne podr\u0161ke \u2013 organizacijski razvoj Hrvatskog saveza za rijetke bolesti Napomena: tijekom 2020. godine Hrvatski savez za rijetke bolesti prijavio&#8230;<\/p>","protected":false},"author":2,"featured_media":0,"parent":1590,"menu_order":0,"comment_status":"closed","ping_status":"closed","template":"","meta":{"content-type":"","footnotes":""},"class_list":["post-1594","page","type-page","status-publish","hentry"],"yoast_head":"<!-- This site is optimized with the Yoast SEO plugin v26.0 - https:\/\/yoast.com\/wordpress\/plugins\/seo\/ -->\n<title>Nacionalna zaklada - Hrvatski savez za rijetke bolesti<\/title>\n<meta name=\"robots\" content=\"index, follow, max-snippet:-1, max-image-preview:large, max-video-preview:-1\" \/>\n<link rel=\"canonical\" href=\"https:\/\/rijetke-bolesti.com\/en\/projekti\/nacionalna-zaklada\/\" \/>\n<meta property=\"og:locale\" content=\"en_GB\" \/>\n<meta property=\"og:type\" content=\"article\" \/>\n<meta property=\"og:title\" content=\"Nacionalna zaklada - Hrvatski savez za rijetke bolesti\" \/>\n<meta property=\"og:description\" content=\"Institucionalna podr\u0161ka za nove korisnike Financira: Nacionalna zaklada za razvoj civilnog dru\u0161tva \u00a0 Trajanje: 1. sije\u010danj 2021. \u2013 31. prosinca 2023.\u00a0 Vrijednost: 601.500 HRK\u00a0 Svrha institucionalne podr\u0161ke \u2013 organizacijski razvoj Hrvatskog saveza za rijetke bolesti Napomena: tijekom 2020. godine Hrvatski savez za rijetke bolesti prijavio...\" \/>\n<meta property=\"og:url\" content=\"https:\/\/rijetke-bolesti.com\/en\/projekti\/nacionalna-zaklada\/\" \/>\n<meta property=\"og:site_name\" content=\"Hrvatski savez za rijetke bolesti\" \/>\n<meta property=\"article:modified_time\" content=\"2025-04-15T11:08:25+00:00\" \/>\n<meta property=\"og:image\" content=\"https:\/\/rijetke-bolesti.com\/wp-content\/uploads\/2019\/03\/velika-1024x1024.jpg\" \/>\n<meta name=\"twitter:card\" content=\"summary_large_image\" \/>\n<meta name=\"twitter:label1\" content=\"Estimated reading time\" \/>\n\t<meta name=\"twitter:data1\" content=\"1 minute\" \/>\n<script type=\"application\/ld+json\" class=\"yoast-schema-graph\">{\"@context\":\"https:\/\/schema.org\",\"@graph\":[{\"@type\":\"WebPage\",\"@id\":\"https:\/\/rijetke-bolesti.com\/projekti\/nacionalna-zaklada\/\",\"url\":\"https:\/\/rijetke-bolesti.com\/projekti\/nacionalna-zaklada\/\",\"name\":\"Nacionalna zaklada - Hrvatski savez za rijetke bolesti\",\"isPartOf\":{\"@id\":\"https:\/\/rijetke-bolesti.com\/#website\"},\"primaryImageOfPage\":{\"@id\":\"https:\/\/rijetke-bolesti.com\/projekti\/nacionalna-zaklada\/#primaryimage\"},\"image\":{\"@id\":\"https:\/\/rijetke-bolesti.com\/projekti\/nacionalna-zaklada\/#primaryimage\"},\"thumbnailUrl\":\"https:\/\/rijetke-bolesti.com\/wp-content\/uploads\/2019\/03\/velika-1024x1024.jpg\",\"datePublished\":\"2021-05-06T13:26:23+00:00\",\"dateModified\":\"2025-04-15T11:08:25+00:00\",\"breadcrumb\":{\"@id\":\"https:\/\/rijetke-bolesti.com\/projekti\/nacionalna-zaklada\/#breadcrumb\"},\"inLanguage\":\"en-GB\",\"potentialAction\":[{\"@type\":\"ReadAction\",\"target\":[\"https:\/\/rijetke-bolesti.com\/projekti\/nacionalna-zaklada\/\"]}]},{\"@type\":\"ImageObject\",\"inLanguage\":\"en-GB\",\"@id\":\"https:\/\/rijetke-bolesti.com\/projekti\/nacionalna-zaklada\/#primaryimage\",\"url\":\"https:\/\/rijetke-bolesti.com\/wp-content\/uploads\/2019\/03\/velika-1024x1024.jpg\",\"contentUrl\":\"https:\/\/rijetke-bolesti.com\/wp-content\/uploads\/2019\/03\/velika-1024x1024.jpg\"},{\"@type\":\"BreadcrumbList\",\"@id\":\"https:\/\/rijetke-bolesti.com\/projekti\/nacionalna-zaklada\/#breadcrumb\",\"itemListElement\":[{\"@type\":\"ListItem\",\"position\":1,\"name\":\"Home\",\"item\":\"https:\/\/rijetke-bolesti.com\/\"},{\"@type\":\"ListItem\",\"position\":2,\"name\":\"Projekti\",\"item\":\"https:\/\/rijetke-bolesti.com\/projekti\/\"},{\"@type\":\"ListItem\",\"position\":3,\"name\":\"Nacionalna zaklada\"}]},{\"@type\":\"WebSite\",\"@id\":\"https:\/\/rijetke-bolesti.com\/#website\",\"url\":\"https:\/\/rijetke-bolesti.com\/\",\"name\":\"Hrvatski savez za rijetke bolesti\",\"description\":\"Za\u0161tita i unapre\u0111enje kvalitete \u017eivota osoba oboljelih\u00a0 od rijetkih bolesti\",\"potentialAction\":[{\"@type\":\"SearchAction\",\"target\":{\"@type\":\"EntryPoint\",\"urlTemplate\":\"https:\/\/rijetke-bolesti.com\/?s={search_term_string}\"},\"query-input\":{\"@type\":\"PropertyValueSpecification\",\"valueRequired\":true,\"valueName\":\"search_term_string\"}}],\"inLanguage\":\"en-GB\"}]}<\/script>\n<!-- \/ Yoast SEO plugin. -->","yoast_head_json":{"title":"Nacionalna zaklada - Hrvatski savez za rijetke bolesti","robots":{"index":"index","follow":"follow","max-snippet":"max-snippet:-1","max-image-preview":"max-image-preview:large","max-video-preview":"max-video-preview:-1"},"canonical":"https:\/\/rijetke-bolesti.com\/en\/projekti\/nacionalna-zaklada\/","og_locale":"en_GB","og_type":"article","og_title":"Nacionalna zaklada - Hrvatski savez za rijetke bolesti","og_description":"Institucionalna podr\u0161ka za nove korisnike Financira: Nacionalna zaklada za razvoj civilnog dru\u0161tva \u00a0 Trajanje: 1. sije\u010danj 2021. \u2013 31. prosinca 2023.\u00a0 Vrijednost: 601.500 HRK\u00a0 Svrha institucionalne podr\u0161ke \u2013 organizacijski razvoj Hrvatskog saveza za rijetke bolesti Napomena: tijekom 2020. godine Hrvatski savez za rijetke bolesti prijavio...","og_url":"https:\/\/rijetke-bolesti.com\/en\/projekti\/nacionalna-zaklada\/","og_site_name":"Hrvatski savez za rijetke bolesti","article_modified_time":"2025-04-15T11:08:25+00:00","og_image":[{"url":"https:\/\/rijetke-bolesti.com\/wp-content\/uploads\/2019\/03\/velika-1024x1024.jpg","type":"","width":"","height":""}],"twitter_card":"summary_large_image","twitter_misc":{"Estimated reading time":"1 minute"},"schema":{"@context":"https:\/\/schema.org","@graph":[{"@type":"WebPage","@id":"https:\/\/rijetke-bolesti.com\/projekti\/nacionalna-zaklada\/","url":"https:\/\/rijetke-bolesti.com\/projekti\/nacionalna-zaklada\/","name":"Nacionalna zaklada - Hrvatski savez za rijetke bolesti","isPartOf":{"@id":"https:\/\/rijetke-bolesti.com\/#website"},"primaryImageOfPage":{"@id":"https:\/\/rijetke-bolesti.com\/projekti\/nacionalna-zaklada\/#primaryimage"},"image":{"@id":"https:\/\/rijetke-bolesti.com\/projekti\/nacionalna-zaklada\/#primaryimage"},"thumbnailUrl":"https:\/\/rijetke-bolesti.com\/wp-content\/uploads\/2019\/03\/velika-1024x1024.jpg","datePublished":"2021-05-06T13:26:23+00:00","dateModified":"2025-04-15T11:08:25+00:00","breadcrumb":{"@id":"https:\/\/rijetke-bolesti.com\/projekti\/nacionalna-zaklada\/#breadcrumb"},"inLanguage":"en-GB","potentialAction":[{"@type":"ReadAction","target":["https:\/\/rijetke-bolesti.com\/projekti\/nacionalna-zaklada\/"]}]},{"@type":"ImageObject","inLanguage":"en-GB","@id":"https:\/\/rijetke-bolesti.com\/projekti\/nacionalna-zaklada\/#primaryimage","url":"https:\/\/rijetke-bolesti.com\/wp-content\/uploads\/2019\/03\/velika-1024x1024.jpg","contentUrl":"https:\/\/rijetke-bolesti.com\/wp-content\/uploads\/2019\/03\/velika-1024x1024.jpg"},{"@type":"BreadcrumbList","@id":"https:\/\/rijetke-bolesti.com\/projekti\/nacionalna-zaklada\/#breadcrumb","itemListElement":[{"@type":"ListItem","position":1,"name":"Home","item":"https:\/\/rijetke-bolesti.com\/"},{"@type":"ListItem","position":2,"name":"Projekti","item":"https:\/\/rijetke-bolesti.com\/projekti\/"},{"@type":"ListItem","position":3,"name":"Nacionalna zaklada"}]},{"@type":"WebSite","@id":"https:\/\/rijetke-bolesti.com\/#website","url":"https:\/\/rijetke-bolesti.com\/","name":"Hrvatski savez za rijetke bolesti","description":"Za\u0161tita i unapre\u0111enje kvalitete \u017eivota osoba oboljelih\u00a0 od rijetkih bolesti","potentialAction":[{"@type":"SearchAction","target":{"@type":"EntryPoint","urlTemplate":"https:\/\/rijetke-bolesti.com\/?s={search_term_string}"},"query-input":{"@type":"PropertyValueSpecification","valueRequired":true,"valueName":"search_term_string"}}],"inLanguage":"en-GB"}]}},"_links":{"self":[{"href":"https:\/\/rijetke-bolesti.com\/en\/wp-json\/wp\/v2\/pages\/1594","targetHints":{"allow":["GET"]}}],"collection":[{"href":"https:\/\/rijetke-bolesti.com\/en\/wp-json\/wp\/v2\/pages"}],"about":[{"href":"https:\/\/rijetke-bolesti.com\/en\/wp-json\/wp\/v2\/types\/page"}],"author":[{"embeddable":true,"href":"https:\/\/rijetke-bolesti.com\/en\/wp-json\/wp\/v2\/users\/2"}],"replies":[{"embeddable":true,"href":"https:\/\/rijetke-bolesti.com\/en\/wp-json\/wp\/v2\/comments?post=1594"}],"version-history":[{"count":13,"href":"https:\/\/rijetke-bolesti.com\/en\/wp-json\/wp\/v2\/pages\/1594\/revisions"}],"predecessor-version":[{"id":4834,"href":"https:\/\/rijetke-bolesti.com\/en\/wp-json\/wp\/v2\/pages\/1594\/revisions\/4834"}],"up":[{"embeddable":true,"href":"https:\/\/rijetke-bolesti.com\/en\/wp-json\/wp\/v2\/pages\/1590"}],"wp:attachment":[{"href":"https:\/\/rijetke-bolesti.com\/en\/wp-json\/wp\/v2\/media?parent=1594"}],"curies":[{"name":"wp","href":"https:\/\/api.w.org\/{rel}","templated":true}]}}