{"id":1399,"date":"2021-03-26T10:57:33","date_gmt":"2021-03-26T08:57:33","guid":{"rendered":"https:\/\/rijetke-bolesti.com\/?page_id=1399"},"modified":"2021-03-26T16:39:47","modified_gmt":"2021-03-26T14:39:47","slug":"bulozna-epidermoliza","status":"publish","type":"page","link":"https:\/\/rijetke-bolesti.com\/en\/rijetke-bolesti\/biblioteka\/bulozna-epidermoliza\/","title":{"rendered":"Bulozna epidermoliza"},"content":{"rendered":"<p>Bulozna epidermoliza (EB) genetski je poreme\u0107aj ko\u017ee koji se klini\u010dki karakterizira stvaranjem mjehura uslijed mehani\u010dke traume. Postoje \u010detiri glavne vrste s identificiranim dodatnim podtipovima. Postoji spektar ozbiljnosti ove bolesti, a unutar svake vrste postoji bla\u017ei i te\u017ei oblik. EB varira od manje neugodnosti koja zahtijeva izmjenu nekih aktivnosti, do potpunog onesposobljavanja i, u nekim slu\u010dajevima, smrtnog ishoda. Trenje uzrokuje stvaranje mjehura. Mjehuri se mogu stvoriti bilo gdje na<br>povr\u0161ini ko\u017ee, unutar usne \u0161upljine, a u te\u017eim oblicima mogu zahvatiti i vanjsku povr\u0161inu oka, kao i respiratorni, gastrointestinalni i genitourinarni trakt. U nekim oblicima bolesti nastaju o\u017eiljci i mi\u0161i\u0107no- ko\u0161tane deformacije koje su onesposobljavaju\u0107e. Trenutno ne postoji lijek za EB. Potporna njega uklju\u010duje svakodnevnu njegu rana, previjanje i upravljanje bolovima po potrebi.<\/p>\n\n\n\n<p>Bulozna epidermoliza podijeljena je u \u010detiri podrazreda, a svaki podrazred ima podtipove:<br>&#8211; <em>Bulozna epidermoliza simpleks (EBS)<\/em><\/p>\n\n\n\n<p>&#8211; <em>Spojna bulozna epidermoliza (JEB)<\/em><\/p>\n\n\n\n<p>&#8211;<em>Distrofi\u010dna bulozna epidermoliza (DEB)<\/em>:<\/p>\n\n\n\n<ul class=\"wp-block-list\"><li>Dominantni distrofi\u010dni EB (DDEB)<\/li><\/ul>\n\n\n\n<ul class=\"wp-block-list\"><li>Recesivni distrofi\u010dni EB (RDEB)<\/li><\/ul>\n\n\n\n<p>&#8211;<em>Kindlerov sindrom<\/em> vrlo je rijedak i zahva\u0107a sve slojeve ko\u017ee s iznimnom krhko\u0161\u0107u.<\/p>\n\n\n\n<div class=\"wp-block-file\"><a href=\"https:\/\/rijetke-bolesti.com\/wp-content\/uploads\/2021\/03\/dijagnoze_12.pdf\">Bulozna epidermoliza (EB)<\/a><a href=\"https:\/\/rijetke-bolesti.com\/wp-content\/uploads\/2021\/03\/dijagnoze_12.pdf\" class=\"wp-block-file__button\" download>Download<\/a><\/div>","protected":false},"excerpt":{"rendered":"<p>Bulozna epidermoliza (EB) genetski je poreme\u0107aj ko\u017ee koji se klini\u010dki karakterizira stvaranjem mjehura uslijed mehani\u010dke traume. Postoje \u010detiri glavne vrste s identificiranim dodatnim podtipovima. Postoji spektar ozbiljnosti ove bolesti, a unutar svake vrste postoji bla\u017ei i te\u017ei oblik. EB varira od manje neugodnosti koja zahtijeva&#8230;<\/p>","protected":false},"author":2,"featured_media":0,"parent":666,"menu_order":0,"comment_status":"closed","ping_status":"closed","template":"","meta":{"content-type":"","footnotes":""},"class_list":["post-1399","page","type-page","status-publish","hentry"],"yoast_head":"<!-- This site is optimized with the Yoast SEO plugin v26.0 - https:\/\/yoast.com\/wordpress\/plugins\/seo\/ -->\n<title>Bulozna epidermoliza - Hrvatski savez za rijetke bolesti<\/title>\n<meta name=\"robots\" content=\"index, follow, max-snippet:-1, max-image-preview:large, max-video-preview:-1\" \/>\n<link rel=\"canonical\" href=\"https:\/\/rijetke-bolesti.com\/en\/rijetke-bolesti\/biblioteka\/bulozna-epidermoliza\/\" \/>\n<meta property=\"og:locale\" content=\"en_GB\" \/>\n<meta property=\"og:type\" content=\"article\" \/>\n<meta property=\"og:title\" content=\"Bulozna epidermoliza - Hrvatski savez za rijetke bolesti\" \/>\n<meta property=\"og:description\" content=\"Bulozna epidermoliza (EB) genetski je poreme\u0107aj ko\u017ee koji se klini\u010dki karakterizira stvaranjem mjehura uslijed mehani\u010dke traume. Postoje \u010detiri glavne vrste s identificiranim dodatnim podtipovima. Postoji spektar ozbiljnosti ove bolesti, a unutar svake vrste postoji bla\u017ei i te\u017ei oblik. EB varira od manje neugodnosti koja zahtijeva...\" \/>\n<meta property=\"og:url\" content=\"https:\/\/rijetke-bolesti.com\/en\/rijetke-bolesti\/biblioteka\/bulozna-epidermoliza\/\" \/>\n<meta property=\"og:site_name\" content=\"Hrvatski savez za rijetke bolesti\" \/>\n<meta property=\"article:modified_time\" content=\"2021-03-26T14:39:47+00:00\" \/>\n<meta name=\"twitter:card\" content=\"summary_large_image\" \/>\n<meta name=\"twitter:label1\" content=\"Estimated reading time\" \/>\n\t<meta name=\"twitter:data1\" content=\"1 minute\" \/>\n<script type=\"application\/ld+json\" class=\"yoast-schema-graph\">{\"@context\":\"https:\/\/schema.org\",\"@graph\":[{\"@type\":\"WebPage\",\"@id\":\"https:\/\/rijetke-bolesti.com\/rijetke-bolesti\/biblioteka\/bulozna-epidermoliza\/\",\"url\":\"https:\/\/rijetke-bolesti.com\/rijetke-bolesti\/biblioteka\/bulozna-epidermoliza\/\",\"name\":\"Bulozna epidermoliza - Hrvatski savez za rijetke bolesti\",\"isPartOf\":{\"@id\":\"https:\/\/rijetke-bolesti.com\/#website\"},\"datePublished\":\"2021-03-26T08:57:33+00:00\",\"dateModified\":\"2021-03-26T14:39:47+00:00\",\"breadcrumb\":{\"@id\":\"https:\/\/rijetke-bolesti.com\/rijetke-bolesti\/biblioteka\/bulozna-epidermoliza\/#breadcrumb\"},\"inLanguage\":\"en-GB\",\"potentialAction\":[{\"@type\":\"ReadAction\",\"target\":[\"https:\/\/rijetke-bolesti.com\/rijetke-bolesti\/biblioteka\/bulozna-epidermoliza\/\"]}]},{\"@type\":\"BreadcrumbList\",\"@id\":\"https:\/\/rijetke-bolesti.com\/rijetke-bolesti\/biblioteka\/bulozna-epidermoliza\/#breadcrumb\",\"itemListElement\":[{\"@type\":\"ListItem\",\"position\":1,\"name\":\"Home\",\"item\":\"https:\/\/rijetke-bolesti.com\/\"},{\"@type\":\"ListItem\",\"position\":2,\"name\":\"Rijetke bolesti\",\"item\":\"https:\/\/rijetke-bolesti.com\/rijetke-bolesti\/\"},{\"@type\":\"ListItem\",\"position\":3,\"name\":\"Rijetka biblioteka\",\"item\":\"https:\/\/rijetke-bolesti.com\/rijetke-bolesti\/biblioteka\/\"},{\"@type\":\"ListItem\",\"position\":4,\"name\":\"Bulozna epidermoliza\"}]},{\"@type\":\"WebSite\",\"@id\":\"https:\/\/rijetke-bolesti.com\/#website\",\"url\":\"https:\/\/rijetke-bolesti.com\/\",\"name\":\"Hrvatski savez za rijetke bolesti\",\"description\":\"Za\u0161tita i unapre\u0111enje kvalitete \u017eivota osoba oboljelih\u00a0 od rijetkih bolesti\",\"potentialAction\":[{\"@type\":\"SearchAction\",\"target\":{\"@type\":\"EntryPoint\",\"urlTemplate\":\"https:\/\/rijetke-bolesti.com\/?s={search_term_string}\"},\"query-input\":{\"@type\":\"PropertyValueSpecification\",\"valueRequired\":true,\"valueName\":\"search_term_string\"}}],\"inLanguage\":\"en-GB\"}]}<\/script>\n<!-- \/ Yoast SEO plugin. -->","yoast_head_json":{"title":"Bulozna epidermoliza - Hrvatski savez za rijetke bolesti","robots":{"index":"index","follow":"follow","max-snippet":"max-snippet:-1","max-image-preview":"max-image-preview:large","max-video-preview":"max-video-preview:-1"},"canonical":"https:\/\/rijetke-bolesti.com\/en\/rijetke-bolesti\/biblioteka\/bulozna-epidermoliza\/","og_locale":"en_GB","og_type":"article","og_title":"Bulozna epidermoliza - Hrvatski savez za rijetke bolesti","og_description":"Bulozna epidermoliza (EB) genetski je poreme\u0107aj ko\u017ee koji se klini\u010dki karakterizira stvaranjem mjehura uslijed mehani\u010dke traume. Postoje \u010detiri glavne vrste s identificiranim dodatnim podtipovima. Postoji spektar ozbiljnosti ove bolesti, a unutar svake vrste postoji bla\u017ei i te\u017ei oblik. EB varira od manje neugodnosti koja zahtijeva...","og_url":"https:\/\/rijetke-bolesti.com\/en\/rijetke-bolesti\/biblioteka\/bulozna-epidermoliza\/","og_site_name":"Hrvatski savez za rijetke bolesti","article_modified_time":"2021-03-26T14:39:47+00:00","twitter_card":"summary_large_image","twitter_misc":{"Estimated reading time":"1 minute"},"schema":{"@context":"https:\/\/schema.org","@graph":[{"@type":"WebPage","@id":"https:\/\/rijetke-bolesti.com\/rijetke-bolesti\/biblioteka\/bulozna-epidermoliza\/","url":"https:\/\/rijetke-bolesti.com\/rijetke-bolesti\/biblioteka\/bulozna-epidermoliza\/","name":"Bulozna epidermoliza - Hrvatski savez za rijetke bolesti","isPartOf":{"@id":"https:\/\/rijetke-bolesti.com\/#website"},"datePublished":"2021-03-26T08:57:33+00:00","dateModified":"2021-03-26T14:39:47+00:00","breadcrumb":{"@id":"https:\/\/rijetke-bolesti.com\/rijetke-bolesti\/biblioteka\/bulozna-epidermoliza\/#breadcrumb"},"inLanguage":"en-GB","potentialAction":[{"@type":"ReadAction","target":["https:\/\/rijetke-bolesti.com\/rijetke-bolesti\/biblioteka\/bulozna-epidermoliza\/"]}]},{"@type":"BreadcrumbList","@id":"https:\/\/rijetke-bolesti.com\/rijetke-bolesti\/biblioteka\/bulozna-epidermoliza\/#breadcrumb","itemListElement":[{"@type":"ListItem","position":1,"name":"Home","item":"https:\/\/rijetke-bolesti.com\/"},{"@type":"ListItem","position":2,"name":"Rijetke bolesti","item":"https:\/\/rijetke-bolesti.com\/rijetke-bolesti\/"},{"@type":"ListItem","position":3,"name":"Rijetka biblioteka","item":"https:\/\/rijetke-bolesti.com\/rijetke-bolesti\/biblioteka\/"},{"@type":"ListItem","position":4,"name":"Bulozna epidermoliza"}]},{"@type":"WebSite","@id":"https:\/\/rijetke-bolesti.com\/#website","url":"https:\/\/rijetke-bolesti.com\/","name":"Hrvatski savez za rijetke bolesti","description":"Za\u0161tita i unapre\u0111enje kvalitete \u017eivota osoba oboljelih\u00a0 od rijetkih bolesti","potentialAction":[{"@type":"SearchAction","target":{"@type":"EntryPoint","urlTemplate":"https:\/\/rijetke-bolesti.com\/?s={search_term_string}"},"query-input":{"@type":"PropertyValueSpecification","valueRequired":true,"valueName":"search_term_string"}}],"inLanguage":"en-GB"}]}},"_links":{"self":[{"href":"https:\/\/rijetke-bolesti.com\/en\/wp-json\/wp\/v2\/pages\/1399","targetHints":{"allow":["GET"]}}],"collection":[{"href":"https:\/\/rijetke-bolesti.com\/en\/wp-json\/wp\/v2\/pages"}],"about":[{"href":"https:\/\/rijetke-bolesti.com\/en\/wp-json\/wp\/v2\/types\/page"}],"author":[{"embeddable":true,"href":"https:\/\/rijetke-bolesti.com\/en\/wp-json\/wp\/v2\/users\/2"}],"replies":[{"embeddable":true,"href":"https:\/\/rijetke-bolesti.com\/en\/wp-json\/wp\/v2\/comments?post=1399"}],"version-history":[{"count":2,"href":"https:\/\/rijetke-bolesti.com\/en\/wp-json\/wp\/v2\/pages\/1399\/revisions"}],"predecessor-version":[{"id":1458,"href":"https:\/\/rijetke-bolesti.com\/en\/wp-json\/wp\/v2\/pages\/1399\/revisions\/1458"}],"up":[{"embeddable":true,"href":"https:\/\/rijetke-bolesti.com\/en\/wp-json\/wp\/v2\/pages\/666"}],"wp:attachment":[{"href":"https:\/\/rijetke-bolesti.com\/en\/wp-json\/wp\/v2\/media?parent=1399"}],"curies":[{"name":"wp","href":"https:\/\/api.w.org\/{rel}","templated":true}]}}