{"id":1396,"date":"2021-03-26T10:56:47","date_gmt":"2021-03-26T08:56:47","guid":{"rendered":"https:\/\/rijetke-bolesti.com\/?page_id=1396"},"modified":"2021-03-26T16:09:50","modified_gmt":"2021-03-26T14:09:50","slug":"alpersova-bolest","status":"publish","type":"page","link":"https:\/\/rijetke-bolesti.com\/en\/rijetke-bolesti\/biblioteka\/alpersova-bolest\/","title":{"rendered":"Alpersova bolest"},"content":{"rendered":"<p>Alpersova bolest je progresivni, neurorazvojni sindrom iscrpljivanja mitohondrijskog DNK, koji karakteriziraju tri istodobna klini\u010dka simptoma: psihomotorna regresija (demencija), napadaji i bolesti jetre. To je autosomno recesivna bolest uzrokovana mutacijom gena za mitohondrijsku DNK polimerazu POLG.<\/p>\n\n\n\n<p>Ve\u0107ina osoba s Alpersovom bole\u0161\u0107u ne pokazuje simptome pri ro\u0111enju i razvija se normalno tjednima ili godinama prije pojave simptoma. <\/p>\n\n\n\n<p>Prvi simptomi poreme\u0107aja obi\u010dno<br>su nespecifi\u010dni i mogu uklju\u010divati hipoglikemiju uslijed osnovne bolesti jetre, neuspjeh u napredovanju, encefalopatiju povezanu s infekcijom, spasti\u010dnost, mioklonus (nehoti\u010dno trzanje mi\u0161i\u0107a ili skupine mi\u0161i\u0107a), napadaje ili zatajenje jetre. U analizi likvora vidljiva je pove\u0107ana razina proteina.<\/p>\n\n\n\n<p><\/p>\n\n\n\n<div class=\"wp-block-file\"><a href=\"https:\/\/rijetke-bolesti.com\/wp-content\/uploads\/2021\/03\/dijagnoze_11.pdf\">Alpersova bolest<\/a><a href=\"https:\/\/rijetke-bolesti.com\/wp-content\/uploads\/2021\/03\/dijagnoze_11.pdf\" class=\"wp-block-file__button\" download>Download<\/a><\/div>","protected":false},"excerpt":{"rendered":"<p>Alpersova bolest je progresivni, neurorazvojni sindrom iscrpljivanja mitohondrijskog DNK, koji karakteriziraju tri istodobna klini\u010dka simptoma: psihomotorna regresija (demencija), napadaji i bolesti jetre. To je autosomno recesivna bolest uzrokovana mutacijom gena za mitohondrijsku DNK polimerazu POLG. Ve\u0107ina osoba s Alpersovom bole\u0161\u0107u ne pokazuje simptome pri ro\u0111enju&#8230;<\/p>","protected":false},"author":2,"featured_media":0,"parent":666,"menu_order":0,"comment_status":"closed","ping_status":"closed","template":"","meta":{"content-type":"","footnotes":""},"class_list":["post-1396","page","type-page","status-publish","hentry"],"yoast_head":"<!-- This site is optimized with the Yoast SEO plugin v26.0 - https:\/\/yoast.com\/wordpress\/plugins\/seo\/ -->\n<title>Alpersova bolest - Hrvatski savez za rijetke bolesti<\/title>\n<meta name=\"robots\" content=\"index, follow, max-snippet:-1, max-image-preview:large, max-video-preview:-1\" \/>\n<link rel=\"canonical\" href=\"https:\/\/rijetke-bolesti.com\/en\/rijetke-bolesti\/biblioteka\/alpersova-bolest\/\" \/>\n<meta property=\"og:locale\" content=\"en_GB\" \/>\n<meta property=\"og:type\" content=\"article\" \/>\n<meta property=\"og:title\" content=\"Alpersova bolest - Hrvatski savez za rijetke bolesti\" \/>\n<meta property=\"og:description\" content=\"Alpersova bolest je progresivni, neurorazvojni sindrom iscrpljivanja mitohondrijskog DNK, koji karakteriziraju tri istodobna klini\u010dka simptoma: psihomotorna regresija (demencija), napadaji i bolesti jetre. To je autosomno recesivna bolest uzrokovana mutacijom gena za mitohondrijsku DNK polimerazu POLG. Ve\u0107ina osoba s Alpersovom bole\u0161\u0107u ne pokazuje simptome pri ro\u0111enju...\" \/>\n<meta property=\"og:url\" content=\"https:\/\/rijetke-bolesti.com\/en\/rijetke-bolesti\/biblioteka\/alpersova-bolest\/\" \/>\n<meta property=\"og:site_name\" content=\"Hrvatski savez za rijetke bolesti\" \/>\n<meta property=\"article:modified_time\" content=\"2021-03-26T14:09:50+00:00\" \/>\n<meta name=\"twitter:card\" content=\"summary_large_image\" \/>\n<meta name=\"twitter:label1\" content=\"Estimated reading time\" \/>\n\t<meta name=\"twitter:data1\" content=\"1 minute\" \/>\n<script type=\"application\/ld+json\" class=\"yoast-schema-graph\">{\"@context\":\"https:\/\/schema.org\",\"@graph\":[{\"@type\":\"WebPage\",\"@id\":\"https:\/\/rijetke-bolesti.com\/rijetke-bolesti\/biblioteka\/alpersova-bolest\/\",\"url\":\"https:\/\/rijetke-bolesti.com\/rijetke-bolesti\/biblioteka\/alpersova-bolest\/\",\"name\":\"Alpersova bolest - Hrvatski savez za rijetke bolesti\",\"isPartOf\":{\"@id\":\"https:\/\/rijetke-bolesti.com\/#website\"},\"datePublished\":\"2021-03-26T08:56:47+00:00\",\"dateModified\":\"2021-03-26T14:09:50+00:00\",\"breadcrumb\":{\"@id\":\"https:\/\/rijetke-bolesti.com\/rijetke-bolesti\/biblioteka\/alpersova-bolest\/#breadcrumb\"},\"inLanguage\":\"en-GB\",\"potentialAction\":[{\"@type\":\"ReadAction\",\"target\":[\"https:\/\/rijetke-bolesti.com\/rijetke-bolesti\/biblioteka\/alpersova-bolest\/\"]}]},{\"@type\":\"BreadcrumbList\",\"@id\":\"https:\/\/rijetke-bolesti.com\/rijetke-bolesti\/biblioteka\/alpersova-bolest\/#breadcrumb\",\"itemListElement\":[{\"@type\":\"ListItem\",\"position\":1,\"name\":\"Home\",\"item\":\"https:\/\/rijetke-bolesti.com\/\"},{\"@type\":\"ListItem\",\"position\":2,\"name\":\"Rijetke bolesti\",\"item\":\"https:\/\/rijetke-bolesti.com\/rijetke-bolesti\/\"},{\"@type\":\"ListItem\",\"position\":3,\"name\":\"Rijetka biblioteka\",\"item\":\"https:\/\/rijetke-bolesti.com\/rijetke-bolesti\/biblioteka\/\"},{\"@type\":\"ListItem\",\"position\":4,\"name\":\"Alpersova bolest\"}]},{\"@type\":\"WebSite\",\"@id\":\"https:\/\/rijetke-bolesti.com\/#website\",\"url\":\"https:\/\/rijetke-bolesti.com\/\",\"name\":\"Hrvatski savez za rijetke bolesti\",\"description\":\"Za\u0161tita i unapre\u0111enje kvalitete \u017eivota osoba oboljelih\u00a0 od rijetkih bolesti\",\"potentialAction\":[{\"@type\":\"SearchAction\",\"target\":{\"@type\":\"EntryPoint\",\"urlTemplate\":\"https:\/\/rijetke-bolesti.com\/?s={search_term_string}\"},\"query-input\":{\"@type\":\"PropertyValueSpecification\",\"valueRequired\":true,\"valueName\":\"search_term_string\"}}],\"inLanguage\":\"en-GB\"}]}<\/script>\n<!-- \/ Yoast SEO plugin. -->","yoast_head_json":{"title":"Alpersova bolest - Hrvatski savez za rijetke bolesti","robots":{"index":"index","follow":"follow","max-snippet":"max-snippet:-1","max-image-preview":"max-image-preview:large","max-video-preview":"max-video-preview:-1"},"canonical":"https:\/\/rijetke-bolesti.com\/en\/rijetke-bolesti\/biblioteka\/alpersova-bolest\/","og_locale":"en_GB","og_type":"article","og_title":"Alpersova bolest - Hrvatski savez za rijetke bolesti","og_description":"Alpersova bolest je progresivni, neurorazvojni sindrom iscrpljivanja mitohondrijskog DNK, koji karakteriziraju tri istodobna klini\u010dka simptoma: psihomotorna regresija (demencija), napadaji i bolesti jetre. To je autosomno recesivna bolest uzrokovana mutacijom gena za mitohondrijsku DNK polimerazu POLG. Ve\u0107ina osoba s Alpersovom bole\u0161\u0107u ne pokazuje simptome pri ro\u0111enju...","og_url":"https:\/\/rijetke-bolesti.com\/en\/rijetke-bolesti\/biblioteka\/alpersova-bolest\/","og_site_name":"Hrvatski savez za rijetke bolesti","article_modified_time":"2021-03-26T14:09:50+00:00","twitter_card":"summary_large_image","twitter_misc":{"Estimated reading time":"1 minute"},"schema":{"@context":"https:\/\/schema.org","@graph":[{"@type":"WebPage","@id":"https:\/\/rijetke-bolesti.com\/rijetke-bolesti\/biblioteka\/alpersova-bolest\/","url":"https:\/\/rijetke-bolesti.com\/rijetke-bolesti\/biblioteka\/alpersova-bolest\/","name":"Alpersova bolest - Hrvatski savez za rijetke bolesti","isPartOf":{"@id":"https:\/\/rijetke-bolesti.com\/#website"},"datePublished":"2021-03-26T08:56:47+00:00","dateModified":"2021-03-26T14:09:50+00:00","breadcrumb":{"@id":"https:\/\/rijetke-bolesti.com\/rijetke-bolesti\/biblioteka\/alpersova-bolest\/#breadcrumb"},"inLanguage":"en-GB","potentialAction":[{"@type":"ReadAction","target":["https:\/\/rijetke-bolesti.com\/rijetke-bolesti\/biblioteka\/alpersova-bolest\/"]}]},{"@type":"BreadcrumbList","@id":"https:\/\/rijetke-bolesti.com\/rijetke-bolesti\/biblioteka\/alpersova-bolest\/#breadcrumb","itemListElement":[{"@type":"ListItem","position":1,"name":"Home","item":"https:\/\/rijetke-bolesti.com\/"},{"@type":"ListItem","position":2,"name":"Rijetke bolesti","item":"https:\/\/rijetke-bolesti.com\/rijetke-bolesti\/"},{"@type":"ListItem","position":3,"name":"Rijetka biblioteka","item":"https:\/\/rijetke-bolesti.com\/rijetke-bolesti\/biblioteka\/"},{"@type":"ListItem","position":4,"name":"Alpersova bolest"}]},{"@type":"WebSite","@id":"https:\/\/rijetke-bolesti.com\/#website","url":"https:\/\/rijetke-bolesti.com\/","name":"Hrvatski savez za rijetke bolesti","description":"Za\u0161tita i unapre\u0111enje kvalitete \u017eivota osoba oboljelih\u00a0 od rijetkih bolesti","potentialAction":[{"@type":"SearchAction","target":{"@type":"EntryPoint","urlTemplate":"https:\/\/rijetke-bolesti.com\/?s={search_term_string}"},"query-input":{"@type":"PropertyValueSpecification","valueRequired":true,"valueName":"search_term_string"}}],"inLanguage":"en-GB"}]}},"_links":{"self":[{"href":"https:\/\/rijetke-bolesti.com\/en\/wp-json\/wp\/v2\/pages\/1396","targetHints":{"allow":["GET"]}}],"collection":[{"href":"https:\/\/rijetke-bolesti.com\/en\/wp-json\/wp\/v2\/pages"}],"about":[{"href":"https:\/\/rijetke-bolesti.com\/en\/wp-json\/wp\/v2\/types\/page"}],"author":[{"embeddable":true,"href":"https:\/\/rijetke-bolesti.com\/en\/wp-json\/wp\/v2\/users\/2"}],"replies":[{"embeddable":true,"href":"https:\/\/rijetke-bolesti.com\/en\/wp-json\/wp\/v2\/comments?post=1396"}],"version-history":[{"count":2,"href":"https:\/\/rijetke-bolesti.com\/en\/wp-json\/wp\/v2\/pages\/1396\/revisions"}],"predecessor-version":[{"id":1444,"href":"https:\/\/rijetke-bolesti.com\/en\/wp-json\/wp\/v2\/pages\/1396\/revisions\/1444"}],"up":[{"embeddable":true,"href":"https:\/\/rijetke-bolesti.com\/en\/wp-json\/wp\/v2\/pages\/666"}],"wp:attachment":[{"href":"https:\/\/rijetke-bolesti.com\/en\/wp-json\/wp\/v2\/media?parent=1396"}],"curies":[{"name":"wp","href":"https:\/\/api.w.org\/{rel}","templated":true}]}}