{"id":1393,"date":"2021-03-26T10:56:01","date_gmt":"2021-03-26T08:56:01","guid":{"rendered":"https:\/\/rijetke-bolesti.com\/?page_id=1393"},"modified":"2021-03-26T16:20:26","modified_gmt":"2021-03-26T14:20:26","slug":"aicardi-sindrom","status":"publish","type":"page","link":"https:\/\/rijetke-bolesti.com\/en\/rijetke-bolesti\/biblioteka\/aicardi-sindrom\/","title":{"rendered":"Aicardi sindrom"},"content":{"rendered":"<p>Aicardijev sindrom rijedak je neurolo\u0161ki poreme\u0107aj. Ozbiljnost sindroma i povezani znakovi i simptomi razlikuju se od osobe do osobe. Tri glavne zna\u010dajke Aicardijevog sindroma su:<br>&#8211; <em>Potpuni ili djelomi\u010dni nedostatak \u017eiv\u010danog tkiva<\/em> koje omogu\u0107uje komunikaciju desne i lijeve strane mozga (corpus callosum).<br>&#8211; <em>Napadaji koji po\u010dinju u djetinjstvu<\/em> (dje\u010dji spazam) i koji mogu postati te\u0161ki za kontroliranje (refraktorna epilepsija).<br>&#8211; <em>Mane ili rupe na svjetlosno osjetljivom tkivu na stra\u017enjem dijelu oka <\/em>(mre\u017enica) poznate kao korioretinalne lakune.<\/p>\n\n\n\n<p>Uzrok Aicardijevog sindroma trenutno nije poznat. Budu\u0107i da sindrom poga\u0111a gotovo isklju\u010divo \u017eenske osobe, vjeruje se da je uzrokovan promjenom (mutacijom) gena koji se nalazi na X-kromosomu i<br>naslje\u0111uje se na dominantan X-vezan na\u010din.<\/p>\n\n\n\n<div class=\"wp-block-file\"><a href=\"https:\/\/rijetke-bolesti.com\/wp-content\/uploads\/2021\/03\/dijagnoze_10.pdf\">Aicardijev sindrom<\/a><a href=\"https:\/\/rijetke-bolesti.com\/wp-content\/uploads\/2021\/03\/dijagnoze_10.pdf\" class=\"wp-block-file__button\" download>Download<\/a><\/div>","protected":false},"excerpt":{"rendered":"<p>Aicardijev sindrom rijedak je neurolo\u0161ki poreme\u0107aj. Ozbiljnost sindroma i povezani znakovi i simptomi razlikuju se od osobe do osobe. Tri glavne zna\u010dajke Aicardijevog sindroma su:&#8211; Potpuni ili djelomi\u010dni nedostatak \u017eiv\u010danog tkiva koje omogu\u0107uje komunikaciju desne i lijeve strane mozga (corpus callosum).&#8211; Napadaji koji po\u010dinju u&#8230;<\/p>","protected":false},"author":2,"featured_media":0,"parent":666,"menu_order":0,"comment_status":"closed","ping_status":"closed","template":"","meta":{"content-type":"","footnotes":""},"class_list":["post-1393","page","type-page","status-publish","hentry"],"yoast_head":"<!-- This site is optimized with the Yoast SEO plugin v26.0 - https:\/\/yoast.com\/wordpress\/plugins\/seo\/ -->\n<title>Aicardi sindrom - Hrvatski savez za rijetke bolesti<\/title>\n<meta name=\"robots\" content=\"index, follow, max-snippet:-1, max-image-preview:large, max-video-preview:-1\" \/>\n<link rel=\"canonical\" href=\"https:\/\/rijetke-bolesti.com\/en\/rijetke-bolesti\/biblioteka\/aicardi-sindrom\/\" \/>\n<meta property=\"og:locale\" content=\"en_GB\" \/>\n<meta property=\"og:type\" content=\"article\" \/>\n<meta property=\"og:title\" content=\"Aicardi sindrom - Hrvatski savez za rijetke bolesti\" \/>\n<meta property=\"og:description\" content=\"Aicardijev sindrom rijedak je neurolo\u0161ki poreme\u0107aj. Ozbiljnost sindroma i povezani znakovi i simptomi razlikuju se od osobe do osobe. Tri glavne zna\u010dajke Aicardijevog sindroma su:&#8211; Potpuni ili djelomi\u010dni nedostatak \u017eiv\u010danog tkiva koje omogu\u0107uje komunikaciju desne i lijeve strane mozga (corpus callosum).&#8211; Napadaji koji po\u010dinju u...\" \/>\n<meta property=\"og:url\" content=\"https:\/\/rijetke-bolesti.com\/en\/rijetke-bolesti\/biblioteka\/aicardi-sindrom\/\" \/>\n<meta property=\"og:site_name\" content=\"Hrvatski savez za rijetke bolesti\" \/>\n<meta property=\"article:modified_time\" content=\"2021-03-26T14:20:26+00:00\" \/>\n<meta name=\"twitter:card\" content=\"summary_large_image\" \/>\n<meta name=\"twitter:label1\" content=\"Estimated reading time\" \/>\n\t<meta name=\"twitter:data1\" content=\"1 minute\" \/>\n<script type=\"application\/ld+json\" class=\"yoast-schema-graph\">{\"@context\":\"https:\/\/schema.org\",\"@graph\":[{\"@type\":\"WebPage\",\"@id\":\"https:\/\/rijetke-bolesti.com\/rijetke-bolesti\/biblioteka\/aicardi-sindrom\/\",\"url\":\"https:\/\/rijetke-bolesti.com\/rijetke-bolesti\/biblioteka\/aicardi-sindrom\/\",\"name\":\"Aicardi sindrom - Hrvatski savez za rijetke bolesti\",\"isPartOf\":{\"@id\":\"https:\/\/rijetke-bolesti.com\/#website\"},\"datePublished\":\"2021-03-26T08:56:01+00:00\",\"dateModified\":\"2021-03-26T14:20:26+00:00\",\"breadcrumb\":{\"@id\":\"https:\/\/rijetke-bolesti.com\/rijetke-bolesti\/biblioteka\/aicardi-sindrom\/#breadcrumb\"},\"inLanguage\":\"en-GB\",\"potentialAction\":[{\"@type\":\"ReadAction\",\"target\":[\"https:\/\/rijetke-bolesti.com\/rijetke-bolesti\/biblioteka\/aicardi-sindrom\/\"]}]},{\"@type\":\"BreadcrumbList\",\"@id\":\"https:\/\/rijetke-bolesti.com\/rijetke-bolesti\/biblioteka\/aicardi-sindrom\/#breadcrumb\",\"itemListElement\":[{\"@type\":\"ListItem\",\"position\":1,\"name\":\"Home\",\"item\":\"https:\/\/rijetke-bolesti.com\/\"},{\"@type\":\"ListItem\",\"position\":2,\"name\":\"Rijetke bolesti\",\"item\":\"https:\/\/rijetke-bolesti.com\/rijetke-bolesti\/\"},{\"@type\":\"ListItem\",\"position\":3,\"name\":\"Rijetka biblioteka\",\"item\":\"https:\/\/rijetke-bolesti.com\/rijetke-bolesti\/biblioteka\/\"},{\"@type\":\"ListItem\",\"position\":4,\"name\":\"Aicardi sindrom\"}]},{\"@type\":\"WebSite\",\"@id\":\"https:\/\/rijetke-bolesti.com\/#website\",\"url\":\"https:\/\/rijetke-bolesti.com\/\",\"name\":\"Hrvatski savez za rijetke bolesti\",\"description\":\"Za\u0161tita i unapre\u0111enje kvalitete \u017eivota osoba oboljelih\u00a0 od rijetkih bolesti\",\"potentialAction\":[{\"@type\":\"SearchAction\",\"target\":{\"@type\":\"EntryPoint\",\"urlTemplate\":\"https:\/\/rijetke-bolesti.com\/?s={search_term_string}\"},\"query-input\":{\"@type\":\"PropertyValueSpecification\",\"valueRequired\":true,\"valueName\":\"search_term_string\"}}],\"inLanguage\":\"en-GB\"}]}<\/script>\n<!-- \/ Yoast SEO plugin. -->","yoast_head_json":{"title":"Aicardi sindrom - Hrvatski savez za rijetke bolesti","robots":{"index":"index","follow":"follow","max-snippet":"max-snippet:-1","max-image-preview":"max-image-preview:large","max-video-preview":"max-video-preview:-1"},"canonical":"https:\/\/rijetke-bolesti.com\/en\/rijetke-bolesti\/biblioteka\/aicardi-sindrom\/","og_locale":"en_GB","og_type":"article","og_title":"Aicardi sindrom - Hrvatski savez za rijetke bolesti","og_description":"Aicardijev sindrom rijedak je neurolo\u0161ki poreme\u0107aj. Ozbiljnost sindroma i povezani znakovi i simptomi razlikuju se od osobe do osobe. Tri glavne zna\u010dajke Aicardijevog sindroma su:&#8211; Potpuni ili djelomi\u010dni nedostatak \u017eiv\u010danog tkiva koje omogu\u0107uje komunikaciju desne i lijeve strane mozga (corpus callosum).&#8211; Napadaji koji po\u010dinju u...","og_url":"https:\/\/rijetke-bolesti.com\/en\/rijetke-bolesti\/biblioteka\/aicardi-sindrom\/","og_site_name":"Hrvatski savez za rijetke bolesti","article_modified_time":"2021-03-26T14:20:26+00:00","twitter_card":"summary_large_image","twitter_misc":{"Estimated reading time":"1 minute"},"schema":{"@context":"https:\/\/schema.org","@graph":[{"@type":"WebPage","@id":"https:\/\/rijetke-bolesti.com\/rijetke-bolesti\/biblioteka\/aicardi-sindrom\/","url":"https:\/\/rijetke-bolesti.com\/rijetke-bolesti\/biblioteka\/aicardi-sindrom\/","name":"Aicardi sindrom - Hrvatski savez za rijetke bolesti","isPartOf":{"@id":"https:\/\/rijetke-bolesti.com\/#website"},"datePublished":"2021-03-26T08:56:01+00:00","dateModified":"2021-03-26T14:20:26+00:00","breadcrumb":{"@id":"https:\/\/rijetke-bolesti.com\/rijetke-bolesti\/biblioteka\/aicardi-sindrom\/#breadcrumb"},"inLanguage":"en-GB","potentialAction":[{"@type":"ReadAction","target":["https:\/\/rijetke-bolesti.com\/rijetke-bolesti\/biblioteka\/aicardi-sindrom\/"]}]},{"@type":"BreadcrumbList","@id":"https:\/\/rijetke-bolesti.com\/rijetke-bolesti\/biblioteka\/aicardi-sindrom\/#breadcrumb","itemListElement":[{"@type":"ListItem","position":1,"name":"Home","item":"https:\/\/rijetke-bolesti.com\/"},{"@type":"ListItem","position":2,"name":"Rijetke bolesti","item":"https:\/\/rijetke-bolesti.com\/rijetke-bolesti\/"},{"@type":"ListItem","position":3,"name":"Rijetka biblioteka","item":"https:\/\/rijetke-bolesti.com\/rijetke-bolesti\/biblioteka\/"},{"@type":"ListItem","position":4,"name":"Aicardi sindrom"}]},{"@type":"WebSite","@id":"https:\/\/rijetke-bolesti.com\/#website","url":"https:\/\/rijetke-bolesti.com\/","name":"Hrvatski savez za rijetke bolesti","description":"Za\u0161tita i unapre\u0111enje kvalitete \u017eivota osoba oboljelih\u00a0 od rijetkih bolesti","potentialAction":[{"@type":"SearchAction","target":{"@type":"EntryPoint","urlTemplate":"https:\/\/rijetke-bolesti.com\/?s={search_term_string}"},"query-input":{"@type":"PropertyValueSpecification","valueRequired":true,"valueName":"search_term_string"}}],"inLanguage":"en-GB"}]}},"_links":{"self":[{"href":"https:\/\/rijetke-bolesti.com\/en\/wp-json\/wp\/v2\/pages\/1393","targetHints":{"allow":["GET"]}}],"collection":[{"href":"https:\/\/rijetke-bolesti.com\/en\/wp-json\/wp\/v2\/pages"}],"about":[{"href":"https:\/\/rijetke-bolesti.com\/en\/wp-json\/wp\/v2\/types\/page"}],"author":[{"embeddable":true,"href":"https:\/\/rijetke-bolesti.com\/en\/wp-json\/wp\/v2\/users\/2"}],"replies":[{"embeddable":true,"href":"https:\/\/rijetke-bolesti.com\/en\/wp-json\/wp\/v2\/comments?post=1393"}],"version-history":[{"count":2,"href":"https:\/\/rijetke-bolesti.com\/en\/wp-json\/wp\/v2\/pages\/1393\/revisions"}],"predecessor-version":[{"id":1448,"href":"https:\/\/rijetke-bolesti.com\/en\/wp-json\/wp\/v2\/pages\/1393\/revisions\/1448"}],"up":[{"embeddable":true,"href":"https:\/\/rijetke-bolesti.com\/en\/wp-json\/wp\/v2\/pages\/666"}],"wp:attachment":[{"href":"https:\/\/rijetke-bolesti.com\/en\/wp-json\/wp\/v2\/media?parent=1393"}],"curies":[{"name":"wp","href":"https:\/\/api.w.org\/{rel}","templated":true}]}}