{"id":1387,"date":"2021-03-26T10:53:28","date_gmt":"2021-03-26T08:53:28","guid":{"rendered":"https:\/\/rijetke-bolesti.com\/?page_id=1387"},"modified":"2021-03-26T15:37:24","modified_gmt":"2021-03-26T13:37:24","slug":"fabryjeva-bolest","status":"publish","type":"page","link":"https:\/\/rijetke-bolesti.com\/en\/rijetke-bolesti\/biblioteka\/fabryjeva-bolest\/","title":{"rendered":"Fabryjeva bolest"},"content":{"rendered":"<p><\/p>\n\n\n\n<p class=\"has-text-align-left\">Fabryjeva bolest nasljedni je poreme\u0107aj koji je posljedica nakupljanja odre\u0111ene vrste masti, koja se naziva globotriaosilceramid,u tjelesnim stanicama. Javlja se u djetinjstvu i to nakupljanje mo\u017eeuzrokovati znakove i simptome koji utje\u010du na mnoge dijelovetijela. <\/p>\n\n\n\n<p class=\"has-text-align-left\">Karakteristi\u010dne zna\u010dajke Fabryjeve bolesti uklju\u010duju epizode boli, posebno u rukama i nogama (akroparestezije), nakupine malih, tamnocrvenih mrlja na ko\u017ei zvanih angiokeratomi, smanjenu sposobnost znojenja (hipohidrozu), zamu\u0107enost ili prugice u prednjem dijelu oka (neprozirnost ro\u017enice ili cornea verticillata), probleme s gastrointestinalnim sustavom, zujanje u u\u0161ima (tinitus) i gubitak sluha. <\/p>\n\n\n\n<p>Fabryjevu bolest uzrokuju mutacije GLA gena. Ovaj gen daje upute za stvaranje enzima koji se naziva<br>alfa-galaktozidaza A.<\/p>\n\n\n\n<p>Mutacije GLA gena koje rezultiraju odsutno\u0161\u0107u aktivnosti alfa-galaktozidaze A dovode do klasi\u010dnog,<br>te\u0161kog oblika Fabryjeve bolesti. Mutacije koje smanjuju, ali ne eliminiraju aktivnost enzima, obi\u010dno<br>uzrokuju bla\u017ee oblike Fabryjeve bolesti koji se javljaju kasnije u \u017eivotu i koji obi\u010dno zahva\u0107aju samo srce<br>ili bubrege.<br>Ova se bolest naslje\u0111uje u X-vezanom uzorku.<\/p>\n\n\n\n<p><\/p>\n\n\n\n<div class=\"wp-block-file\"><a href=\"https:\/\/rijetke-bolesti.com\/wp-content\/uploads\/2021\/03\/dijagnoze_8.pdf\">Fabryjeva bolest<\/a><a href=\"https:\/\/rijetke-bolesti.com\/wp-content\/uploads\/2021\/03\/dijagnoze_8.pdf\" class=\"wp-block-file__button\" download>Download<\/a><\/div>\n\n\n\n<p><\/p>","protected":false},"excerpt":{"rendered":"<p>Fabryjeva bolest nasljedni je poreme\u0107aj koji je posljedica nakupljanja odre\u0111ene vrste masti, koja se naziva globotriaosilceramid,u tjelesnim stanicama. Javlja se u djetinjstvu i to nakupljanje mo\u017eeuzrokovati znakove i simptome koji utje\u010du na mnoge dijelovetijela. Karakteristi\u010dne zna\u010dajke Fabryjeve bolesti uklju\u010duju epizode boli, posebno u rukama i&#8230;<\/p>","protected":false},"author":2,"featured_media":0,"parent":666,"menu_order":0,"comment_status":"closed","ping_status":"closed","template":"","meta":{"content-type":"","footnotes":""},"class_list":["post-1387","page","type-page","status-publish","hentry"],"yoast_head":"<!-- This site is optimized with the Yoast SEO plugin v26.0 - https:\/\/yoast.com\/wordpress\/plugins\/seo\/ -->\n<title>Fabryjeva bolest - Hrvatski savez za rijetke bolesti<\/title>\n<meta name=\"robots\" content=\"index, follow, max-snippet:-1, max-image-preview:large, max-video-preview:-1\" \/>\n<link rel=\"canonical\" href=\"https:\/\/rijetke-bolesti.com\/en\/rijetke-bolesti\/biblioteka\/fabryjeva-bolest\/\" \/>\n<meta property=\"og:locale\" content=\"en_GB\" \/>\n<meta property=\"og:type\" content=\"article\" \/>\n<meta property=\"og:title\" content=\"Fabryjeva bolest - Hrvatski savez za rijetke bolesti\" \/>\n<meta property=\"og:description\" content=\"Fabryjeva bolest nasljedni je poreme\u0107aj koji je posljedica nakupljanja odre\u0111ene vrste masti, koja se naziva globotriaosilceramid,u tjelesnim stanicama. Javlja se u djetinjstvu i to nakupljanje mo\u017eeuzrokovati znakove i simptome koji utje\u010du na mnoge dijelovetijela. Karakteristi\u010dne zna\u010dajke Fabryjeve bolesti uklju\u010duju epizode boli, posebno u rukama i...\" \/>\n<meta property=\"og:url\" content=\"https:\/\/rijetke-bolesti.com\/en\/rijetke-bolesti\/biblioteka\/fabryjeva-bolest\/\" \/>\n<meta property=\"og:site_name\" content=\"Hrvatski savez za rijetke bolesti\" \/>\n<meta property=\"article:modified_time\" content=\"2021-03-26T13:37:24+00:00\" \/>\n<meta name=\"twitter:card\" content=\"summary_large_image\" \/>\n<meta name=\"twitter:label1\" content=\"Estimated reading time\" \/>\n\t<meta name=\"twitter:data1\" content=\"1 minute\" \/>\n<script type=\"application\/ld+json\" class=\"yoast-schema-graph\">{\"@context\":\"https:\/\/schema.org\",\"@graph\":[{\"@type\":\"WebPage\",\"@id\":\"https:\/\/rijetke-bolesti.com\/rijetke-bolesti\/biblioteka\/fabryjeva-bolest\/\",\"url\":\"https:\/\/rijetke-bolesti.com\/rijetke-bolesti\/biblioteka\/fabryjeva-bolest\/\",\"name\":\"Fabryjeva bolest - Hrvatski savez za rijetke bolesti\",\"isPartOf\":{\"@id\":\"https:\/\/rijetke-bolesti.com\/#website\"},\"datePublished\":\"2021-03-26T08:53:28+00:00\",\"dateModified\":\"2021-03-26T13:37:24+00:00\",\"breadcrumb\":{\"@id\":\"https:\/\/rijetke-bolesti.com\/rijetke-bolesti\/biblioteka\/fabryjeva-bolest\/#breadcrumb\"},\"inLanguage\":\"en-GB\",\"potentialAction\":[{\"@type\":\"ReadAction\",\"target\":[\"https:\/\/rijetke-bolesti.com\/rijetke-bolesti\/biblioteka\/fabryjeva-bolest\/\"]}]},{\"@type\":\"BreadcrumbList\",\"@id\":\"https:\/\/rijetke-bolesti.com\/rijetke-bolesti\/biblioteka\/fabryjeva-bolest\/#breadcrumb\",\"itemListElement\":[{\"@type\":\"ListItem\",\"position\":1,\"name\":\"Home\",\"item\":\"https:\/\/rijetke-bolesti.com\/\"},{\"@type\":\"ListItem\",\"position\":2,\"name\":\"Rijetke bolesti\",\"item\":\"https:\/\/rijetke-bolesti.com\/rijetke-bolesti\/\"},{\"@type\":\"ListItem\",\"position\":3,\"name\":\"Rijetka biblioteka\",\"item\":\"https:\/\/rijetke-bolesti.com\/rijetke-bolesti\/biblioteka\/\"},{\"@type\":\"ListItem\",\"position\":4,\"name\":\"Fabryjeva bolest\"}]},{\"@type\":\"WebSite\",\"@id\":\"https:\/\/rijetke-bolesti.com\/#website\",\"url\":\"https:\/\/rijetke-bolesti.com\/\",\"name\":\"Hrvatski savez za rijetke bolesti\",\"description\":\"Za\u0161tita i unapre\u0111enje kvalitete \u017eivota osoba oboljelih\u00a0 od rijetkih bolesti\",\"potentialAction\":[{\"@type\":\"SearchAction\",\"target\":{\"@type\":\"EntryPoint\",\"urlTemplate\":\"https:\/\/rijetke-bolesti.com\/?s={search_term_string}\"},\"query-input\":{\"@type\":\"PropertyValueSpecification\",\"valueRequired\":true,\"valueName\":\"search_term_string\"}}],\"inLanguage\":\"en-GB\"}]}<\/script>\n<!-- \/ Yoast SEO plugin. -->","yoast_head_json":{"title":"Fabryjeva bolest - Hrvatski savez za rijetke bolesti","robots":{"index":"index","follow":"follow","max-snippet":"max-snippet:-1","max-image-preview":"max-image-preview:large","max-video-preview":"max-video-preview:-1"},"canonical":"https:\/\/rijetke-bolesti.com\/en\/rijetke-bolesti\/biblioteka\/fabryjeva-bolest\/","og_locale":"en_GB","og_type":"article","og_title":"Fabryjeva bolest - Hrvatski savez za rijetke bolesti","og_description":"Fabryjeva bolest nasljedni je poreme\u0107aj koji je posljedica nakupljanja odre\u0111ene vrste masti, koja se naziva globotriaosilceramid,u tjelesnim stanicama. Javlja se u djetinjstvu i to nakupljanje mo\u017eeuzrokovati znakove i simptome koji utje\u010du na mnoge dijelovetijela. Karakteristi\u010dne zna\u010dajke Fabryjeve bolesti uklju\u010duju epizode boli, posebno u rukama i...","og_url":"https:\/\/rijetke-bolesti.com\/en\/rijetke-bolesti\/biblioteka\/fabryjeva-bolest\/","og_site_name":"Hrvatski savez za rijetke bolesti","article_modified_time":"2021-03-26T13:37:24+00:00","twitter_card":"summary_large_image","twitter_misc":{"Estimated reading time":"1 minute"},"schema":{"@context":"https:\/\/schema.org","@graph":[{"@type":"WebPage","@id":"https:\/\/rijetke-bolesti.com\/rijetke-bolesti\/biblioteka\/fabryjeva-bolest\/","url":"https:\/\/rijetke-bolesti.com\/rijetke-bolesti\/biblioteka\/fabryjeva-bolest\/","name":"Fabryjeva bolest - Hrvatski savez za rijetke bolesti","isPartOf":{"@id":"https:\/\/rijetke-bolesti.com\/#website"},"datePublished":"2021-03-26T08:53:28+00:00","dateModified":"2021-03-26T13:37:24+00:00","breadcrumb":{"@id":"https:\/\/rijetke-bolesti.com\/rijetke-bolesti\/biblioteka\/fabryjeva-bolest\/#breadcrumb"},"inLanguage":"en-GB","potentialAction":[{"@type":"ReadAction","target":["https:\/\/rijetke-bolesti.com\/rijetke-bolesti\/biblioteka\/fabryjeva-bolest\/"]}]},{"@type":"BreadcrumbList","@id":"https:\/\/rijetke-bolesti.com\/rijetke-bolesti\/biblioteka\/fabryjeva-bolest\/#breadcrumb","itemListElement":[{"@type":"ListItem","position":1,"name":"Home","item":"https:\/\/rijetke-bolesti.com\/"},{"@type":"ListItem","position":2,"name":"Rijetke bolesti","item":"https:\/\/rijetke-bolesti.com\/rijetke-bolesti\/"},{"@type":"ListItem","position":3,"name":"Rijetka biblioteka","item":"https:\/\/rijetke-bolesti.com\/rijetke-bolesti\/biblioteka\/"},{"@type":"ListItem","position":4,"name":"Fabryjeva bolest"}]},{"@type":"WebSite","@id":"https:\/\/rijetke-bolesti.com\/#website","url":"https:\/\/rijetke-bolesti.com\/","name":"Hrvatski savez za rijetke bolesti","description":"Za\u0161tita i unapre\u0111enje kvalitete \u017eivota osoba oboljelih\u00a0 od rijetkih bolesti","potentialAction":[{"@type":"SearchAction","target":{"@type":"EntryPoint","urlTemplate":"https:\/\/rijetke-bolesti.com\/?s={search_term_string}"},"query-input":{"@type":"PropertyValueSpecification","valueRequired":true,"valueName":"search_term_string"}}],"inLanguage":"en-GB"}]}},"_links":{"self":[{"href":"https:\/\/rijetke-bolesti.com\/en\/wp-json\/wp\/v2\/pages\/1387","targetHints":{"allow":["GET"]}}],"collection":[{"href":"https:\/\/rijetke-bolesti.com\/en\/wp-json\/wp\/v2\/pages"}],"about":[{"href":"https:\/\/rijetke-bolesti.com\/en\/wp-json\/wp\/v2\/types\/page"}],"author":[{"embeddable":true,"href":"https:\/\/rijetke-bolesti.com\/en\/wp-json\/wp\/v2\/users\/2"}],"replies":[{"embeddable":true,"href":"https:\/\/rijetke-bolesti.com\/en\/wp-json\/wp\/v2\/comments?post=1387"}],"version-history":[{"count":6,"href":"https:\/\/rijetke-bolesti.com\/en\/wp-json\/wp\/v2\/pages\/1387\/revisions"}],"predecessor-version":[{"id":1434,"href":"https:\/\/rijetke-bolesti.com\/en\/wp-json\/wp\/v2\/pages\/1387\/revisions\/1434"}],"up":[{"embeddable":true,"href":"https:\/\/rijetke-bolesti.com\/en\/wp-json\/wp\/v2\/pages\/666"}],"wp:attachment":[{"href":"https:\/\/rijetke-bolesti.com\/en\/wp-json\/wp\/v2\/media?parent=1387"}],"curies":[{"name":"wp","href":"https:\/\/api.w.org\/{rel}","templated":true}]}}